{"id":22828,"date":"2020-03-21T15:01:47","date_gmt":"2020-03-21T15:01:47","guid":{"rendered":"https:\/\/www.istegroup.com\/?post_type=product&#038;p=22828"},"modified":"2024-01-03T14:39:33","modified_gmt":"2024-01-03T14:39:33","slug":"des-savants-des-dates-des-livres","status":"publish","type":"product","link":"https:\/\/www.istegroup.com\/en\/produit\/des-savants-des-dates-des-livres\/","title":{"rendered":"Des savants, des dates, des livres"},"content":{"rendered":"<p>L\u2019histoire des sciences est trop souvent transmise et enseign\u00e9e d\u2019une mani\u00e8re qui ne rend pas justice \u00e0 la contribution de tous les acteurs de la science.<\/p>\n<p>Pour pallier ce probl\u00e8me, <em>Des savants, des dates, des livres<\/em> pr\u00e9sente une nouvelle approche. Apr\u00e8s avoir expos\u00e9 une typologie des livres de science et introduit une courbe de datation, il d\u00e9veloppe une m\u00e9thode qui permet d\u2019\u00e9tudier de mani\u00e8re scientifique l\u2019histoire des sciences. Les concepts d\u2019\u00e9v\u00e9nement scientifique et de s\u00e9quence \u00e9pist\u00e9mologique sont d\u00e9crits et illustr\u00e9s par de nombreux exemples tir\u00e9s de la culture scientifique g\u00e9n\u00e9rale. L\u2019aboutissement de la m\u00e9thode se trouve dans la mise au point d\u2019un questionnaire, \u00e9bauche d\u2019un \u00e9ventuel catalogue des \u00e9v\u00e9nements scientifiques qui peut servir \u00e0 analyser statistiquement l\u2019histoire des sciences.<\/p>\n<p><em>Des savants, des dates, des livres<\/em> s\u2019adresse \u00e0 toute personne ayant une connaissance minimale de la science et qui souhaite approfondir son savoir.<\/p>\n","protected":false},"excerpt":{"rendered":"<p>L\u2019histoire des sciences est trop souvent transmise et enseign\u00e9e d\u2019une mani\u00e8re qui ne rend pas justice \u00e0 la contribution de tous les acteurs de la science. Pour pallier ce probl\u00e8me, Des savants, des dates, des livres pr\u00e9sente une nouvelle approche. Apr\u00e8s avoir expos\u00e9 une typologie des livres de science et introduit une courbe de datation, [&hellip;]<\/p>\n","protected":false},"featured_media":22837,"template":"","meta":{"_acf_changed":false,"_links_to":"","_links_to_target":""},"product_brand":[],"product_cat":[666],"product_tag":[],"class_list":{"0":"post-22828","1":"product","2":"type-product","3":"status-publish","4":"has-post-thumbnail","6":"product_cat-histoire-des-sciences-et-des-techniques-166249028","8":"first","9":"instock","10":"shipping-taxable","11":"purchasable","12":"product-type-variable"},"acf":[],"yoast_head":"<!-- This site is optimized with the Yoast SEO plugin v27.2 - https:\/\/yoast.com\/product\/yoast-seo-wordpress\/ -->\n<title>Des savants, des dates, des livres - ISTE Group<\/title>\n<meta name=\"description\" content=\"Apr\u00e8s avoir expos\u00e9 une typologie des livres de science et introduit une courbe de datation, cet ouvrage d\u00e9veloppe une m\u00e9thode qui permet d\u2019\u00e9tudier de mani\u00e8re scientifique l\u2019histoire des sciences.\" \/>\n<meta name=\"robots\" content=\"index, follow, max-snippet:-1, max-image-preview:large, max-video-preview:-1\" \/>\n<link rel=\"canonical\" href=\"https:\/\/www.istegroup.com\/en\/produit\/des-savants-des-dates-des-livres\/\" \/>\n<meta property=\"og:locale\" content=\"en_US\" \/>\n<meta property=\"og:type\" content=\"article\" \/>\n<meta property=\"og:title\" content=\"Des savants, des dates, des livres - ISTE Group\" \/>\n<meta property=\"og:description\" content=\"Apr\u00e8s avoir expos\u00e9 une typologie des livres de science et introduit une courbe de datation, cet ouvrage d\u00e9veloppe une m\u00e9thode qui permet d\u2019\u00e9tudier de mani\u00e8re scientifique l\u2019histoire des sciences.\" \/>\n<meta property=\"og:url\" content=\"https:\/\/www.istegroup.com\/en\/produit\/des-savants-des-dates-des-livres\/\" \/>\n<meta property=\"og:site_name\" content=\"ISTE Group\" \/>\n<meta property=\"article:modified_time\" content=\"2024-01-03T14:39:33+00:00\" \/>\n<meta property=\"og:image\" content=\"https:\/\/www.istegroup.com\/wp-content\/uploads\/2019\/09\/Des-savants-des-dates-des-livres_Fin\u00e8s.jpg\" \/>\n\t<meta property=\"og:image:width\" content=\"300\" \/>\n\t<meta property=\"og:image:height\" content=\"450\" \/>\n\t<meta property=\"og:image:type\" content=\"image\/jpeg\" \/>\n<meta name=\"twitter:card\" content=\"summary_large_image\" \/>\n<meta name=\"twitter:label1\" content=\"Est. reading time\" \/>\n\t<meta name=\"twitter:data1\" content=\"1 minute\" \/>\n<script type=\"application\/ld+json\" class=\"yoast-schema-graph\">{\"@context\":\"https:\/\/schema.org\",\"@graph\":[{\"@type\":\"WebPage\",\"@id\":\"https:\/\/www.istegroup.com\/en\/produit\/des-savants-des-dates-des-livres\/\",\"url\":\"https:\/\/www.istegroup.com\/en\/produit\/des-savants-des-dates-des-livres\/\",\"name\":\"Des savants, des dates, des livres - ISTE Group\",\"isPartOf\":{\"@id\":\"https:\/\/www.istegroup.com\/#website\"},\"primaryImageOfPage\":{\"@id\":\"https:\/\/www.istegroup.com\/en\/produit\/des-savants-des-dates-des-livres\/#primaryimage\"},\"image\":{\"@id\":\"https:\/\/www.istegroup.com\/en\/produit\/des-savants-des-dates-des-livres\/#primaryimage\"},\"thumbnailUrl\":\"https:\/\/www.istegroup.com\/wp-content\/uploads\/2019\/09\/Des-savants-des-dates-des-livres_Fin\u00e8s.jpg\",\"datePublished\":\"2020-03-21T15:01:47+00:00\",\"dateModified\":\"2024-01-03T14:39:33+00:00\",\"description\":\"Apr\u00e8s avoir expos\u00e9 une typologie des livres de science et introduit une courbe de datation, cet ouvrage d\u00e9veloppe une m\u00e9thode qui permet d\u2019\u00e9tudier de mani\u00e8re scientifique l\u2019histoire des sciences.\",\"breadcrumb\":{\"@id\":\"https:\/\/www.istegroup.com\/en\/produit\/des-savants-des-dates-des-livres\/#breadcrumb\"},\"inLanguage\":\"en-US\",\"potentialAction\":[{\"@type\":\"ReadAction\",\"target\":[\"https:\/\/www.istegroup.com\/en\/produit\/des-savants-des-dates-des-livres\/\"]}]},{\"@type\":\"ImageObject\",\"inLanguage\":\"en-US\",\"@id\":\"https:\/\/www.istegroup.com\/en\/produit\/des-savants-des-dates-des-livres\/#primaryimage\",\"url\":\"https:\/\/www.istegroup.com\/wp-content\/uploads\/2019\/09\/Des-savants-des-dates-des-livres_Fin\u00e8s.jpg\",\"contentUrl\":\"https:\/\/www.istegroup.com\/wp-content\/uploads\/2019\/09\/Des-savants-des-dates-des-livres_Fin\u00e8s.jpg\",\"width\":300,\"height\":450,\"caption\":\"Une approche scientifique en histoire des sciences\"},{\"@type\":\"BreadcrumbList\",\"@id\":\"https:\/\/www.istegroup.com\/en\/produit\/des-savants-des-dates-des-livres\/#breadcrumb\",\"itemListElement\":[{\"@type\":\"ListItem\",\"position\":1,\"name\":\"Home\",\"item\":\"https:\/\/www.istegroup.com\/\"},{\"@type\":\"ListItem\",\"position\":2,\"name\":\"Shop\",\"item\":\"https:\/\/www.istegroup.com\/fr\/nouveautes\/\"},{\"@type\":\"ListItem\",\"position\":3,\"name\":\"Des savants, des dates, des livres\"}]},{\"@type\":\"WebSite\",\"@id\":\"https:\/\/www.istegroup.com\/#website\",\"url\":\"https:\/\/www.istegroup.com\/\",\"name\":\"ISTE Group\",\"description\":\"Publishing Knowledge\",\"potentialAction\":[{\"@type\":\"SearchAction\",\"target\":{\"@type\":\"EntryPoint\",\"urlTemplate\":\"https:\/\/www.istegroup.com\/?s={search_term_string}\"},\"query-input\":{\"@type\":\"PropertyValueSpecification\",\"valueRequired\":true,\"valueName\":\"search_term_string\"}}],\"inLanguage\":\"en-US\"}]}<\/script>\n<!-- \/ Yoast SEO plugin. -->","yoast_head_json":{"title":"Des savants, des dates, des livres - ISTE Group","description":"Apr\u00e8s avoir expos\u00e9 une typologie des livres de science et introduit une courbe de datation, cet ouvrage d\u00e9veloppe une m\u00e9thode qui permet d\u2019\u00e9tudier de mani\u00e8re scientifique l\u2019histoire des sciences.","robots":{"index":"index","follow":"follow","max-snippet":"max-snippet:-1","max-image-preview":"max-image-preview:large","max-video-preview":"max-video-preview:-1"},"canonical":"https:\/\/www.istegroup.com\/en\/produit\/des-savants-des-dates-des-livres\/","og_locale":"en_US","og_type":"article","og_title":"Des savants, des dates, des livres - ISTE Group","og_description":"Apr\u00e8s avoir expos\u00e9 une typologie des livres de science et introduit une courbe de datation, cet ouvrage d\u00e9veloppe une m\u00e9thode qui permet d\u2019\u00e9tudier de mani\u00e8re scientifique l\u2019histoire des sciences.","og_url":"https:\/\/www.istegroup.com\/en\/produit\/des-savants-des-dates-des-livres\/","og_site_name":"ISTE Group","article_modified_time":"2024-01-03T14:39:33+00:00","og_image":[{"width":300,"height":450,"url":"https:\/\/www.istegroup.com\/wp-content\/uploads\/2019\/09\/Des-savants-des-dates-des-livres_Fin\u00e8s.jpg","type":"image\/jpeg"}],"twitter_card":"summary_large_image","twitter_misc":{"Est. reading time":"1 minute"},"schema":{"@context":"https:\/\/schema.org","@graph":[{"@type":"WebPage","@id":"https:\/\/www.istegroup.com\/en\/produit\/des-savants-des-dates-des-livres\/","url":"https:\/\/www.istegroup.com\/en\/produit\/des-savants-des-dates-des-livres\/","name":"Des savants, des dates, des livres - ISTE Group","isPartOf":{"@id":"https:\/\/www.istegroup.com\/#website"},"primaryImageOfPage":{"@id":"https:\/\/www.istegroup.com\/en\/produit\/des-savants-des-dates-des-livres\/#primaryimage"},"image":{"@id":"https:\/\/www.istegroup.com\/en\/produit\/des-savants-des-dates-des-livres\/#primaryimage"},"thumbnailUrl":"https:\/\/www.istegroup.com\/wp-content\/uploads\/2019\/09\/Des-savants-des-dates-des-livres_Fin\u00e8s.jpg","datePublished":"2020-03-21T15:01:47+00:00","dateModified":"2024-01-03T14:39:33+00:00","description":"Apr\u00e8s avoir expos\u00e9 une typologie des livres de science et introduit une courbe de datation, cet ouvrage d\u00e9veloppe une m\u00e9thode qui permet d\u2019\u00e9tudier de mani\u00e8re scientifique l\u2019histoire des sciences.","breadcrumb":{"@id":"https:\/\/www.istegroup.com\/en\/produit\/des-savants-des-dates-des-livres\/#breadcrumb"},"inLanguage":"en-US","potentialAction":[{"@type":"ReadAction","target":["https:\/\/www.istegroup.com\/en\/produit\/des-savants-des-dates-des-livres\/"]}]},{"@type":"ImageObject","inLanguage":"en-US","@id":"https:\/\/www.istegroup.com\/en\/produit\/des-savants-des-dates-des-livres\/#primaryimage","url":"https:\/\/www.istegroup.com\/wp-content\/uploads\/2019\/09\/Des-savants-des-dates-des-livres_Fin\u00e8s.jpg","contentUrl":"https:\/\/www.istegroup.com\/wp-content\/uploads\/2019\/09\/Des-savants-des-dates-des-livres_Fin\u00e8s.jpg","width":300,"height":450,"caption":"Une approche scientifique en histoire des sciences"},{"@type":"BreadcrumbList","@id":"https:\/\/www.istegroup.com\/en\/produit\/des-savants-des-dates-des-livres\/#breadcrumb","itemListElement":[{"@type":"ListItem","position":1,"name":"Home","item":"https:\/\/www.istegroup.com\/"},{"@type":"ListItem","position":2,"name":"Shop","item":"https:\/\/www.istegroup.com\/fr\/nouveautes\/"},{"@type":"ListItem","position":3,"name":"Des savants, des dates, des livres"}]},{"@type":"WebSite","@id":"https:\/\/www.istegroup.com\/#website","url":"https:\/\/www.istegroup.com\/","name":"ISTE Group","description":"Publishing Knowledge","potentialAction":[{"@type":"SearchAction","target":{"@type":"EntryPoint","urlTemplate":"https:\/\/www.istegroup.com\/?s={search_term_string}"},"query-input":{"@type":"PropertyValueSpecification","valueRequired":true,"valueName":"search_term_string"}}],"inLanguage":"en-US"}]}},"_links":{"self":[{"href":"https:\/\/www.istegroup.com\/en\/wp-json\/wp\/v2\/product\/22828","targetHints":{"allow":["GET"]}}],"collection":[{"href":"https:\/\/www.istegroup.com\/en\/wp-json\/wp\/v2\/product"}],"about":[{"href":"https:\/\/www.istegroup.com\/en\/wp-json\/wp\/v2\/types\/product"}],"wp:featuredmedia":[{"embeddable":true,"href":"https:\/\/www.istegroup.com\/en\/wp-json\/wp\/v2\/media\/22837"}],"wp:attachment":[{"href":"https:\/\/www.istegroup.com\/en\/wp-json\/wp\/v2\/media?parent=22828"}],"wp:term":[{"taxonomy":"product_brand","embeddable":true,"href":"https:\/\/www.istegroup.com\/en\/wp-json\/wp\/v2\/product_brand?post=22828"},{"taxonomy":"product_cat","embeddable":true,"href":"https:\/\/www.istegroup.com\/en\/wp-json\/wp\/v2\/product_cat?post=22828"},{"taxonomy":"product_tag","embeddable":true,"href":"https:\/\/www.istegroup.com\/en\/wp-json\/wp\/v2\/product_tag?post=22828"}],"curies":[{"name":"wp","href":"https:\/\/api.w.org\/{rel}","templated":true}]}}