{"id":22789,"date":"2020-01-11T07:29:54","date_gmt":"2020-01-11T07:29:54","guid":{"rendered":"https:\/\/www.istegroup.com\/?post_type=product&#038;p=22789"},"modified":"2024-01-03T13:43:23","modified_gmt":"2024-01-03T13:43:23","slug":"limage-au-dela-de-lecran","status":"publish","type":"product","link":"https:\/\/www.istegroup.com\/en\/produit\/limage-au-dela-de-lecran\/","title":{"rendered":"L\u2019image au-del\u00e0 de l\u2019\u00e9cran"},"content":{"rendered":"<p>Le vid\u00e9omapping est une forme audiovisuelle \u00e9mergente du champ des images num\u00e9riques et des industries cr\u00e9atives. Il consiste \u00e0 projeter des images sur des surfaces diverses selon des correspondances g\u00e9om\u00e9triques. Il est synonyme de <em>spatial augmented reality<\/em>, de <em>projection mapping<\/em> et de <em>spatial correspondance<\/em>.<\/p>\n<p><em>L\u2019image au-del\u00e0 de l\u2019\u00e9cran<\/em> pose les bases d\u2019un domaine d\u2019\u00e9tude qui croise l\u2019audiovisuel, les sciences humaines, la cr\u00e9ation et les technologies num\u00e9riques. Il r\u00e9unit \u00e0 la fois des contributions de chercheurs et des t\u00e9moignages de cr\u00e9ateurs, de techniciens et d\u2019organisateurs qui forment aujourd\u2019hui la communaut\u00e9 plurielle du vid\u00e9omapping. La mus\u00e9ographie, le spectacle vivant, le patrimoine, l\u2019urbanisme, le marketing, l\u2019industrie, l\u2019\u00e9v\u00e9nementiel ou encore le champ m\u00e9dical ne sont pour l\u2019heure que quelques exemples d\u2019application de ce m\u00e9dia.<\/p>\n","protected":false},"excerpt":{"rendered":"<p>Le vid\u00e9omapping est une forme audiovisuelle \u00e9mergente du champ des images num\u00e9riques et des industries cr\u00e9atives. Il consiste \u00e0 projeter des images sur des surfaces diverses selon des correspondances g\u00e9om\u00e9triques. Il est synonyme de spatial augmented reality, de projection mapping et de spatial correspondance. L\u2019image au-del\u00e0 de l\u2019\u00e9cran pose les bases d\u2019un domaine d\u2019\u00e9tude qui [&hellip;]<\/p>\n","protected":false},"featured_media":22798,"template":"","meta":{"_acf_changed":false,"_links_to":"","_links_to_target":""},"product_brand":[],"product_cat":[684],"product_tag":[],"class_list":{"0":"post-22789","1":"product","2":"type-product","3":"status-publish","4":"has-post-thumbnail","6":"product_cat-sciences-socit-et-nouvelles-technologies-188422468","8":"first","9":"instock","10":"shipping-taxable","11":"purchasable","12":"product-type-variable"},"acf":[],"yoast_head":"<!-- This site is optimized with the Yoast SEO plugin v27.2 - https:\/\/yoast.com\/product\/yoast-seo-wordpress\/ -->\n<title>L\u2019image au-del\u00e0 de l\u2019\u00e9cran - ISTE Group<\/title>\n<meta name=\"description\" content=\"L\u2019image au-del\u00e0 de l\u2019\u00e9cran pose les bases d\u2019un domaine d\u2019\u00e9tude qui croise l\u2019audiovisuel, les sciences humaines, la cr\u00e9ation et les technologies num\u00e9riques.\" \/>\n<meta name=\"robots\" content=\"index, follow, max-snippet:-1, max-image-preview:large, max-video-preview:-1\" \/>\n<link rel=\"canonical\" href=\"https:\/\/www.istegroup.com\/fr\/produit\/limage-au-dela-de-lecran\/\" \/>\n<meta property=\"og:locale\" content=\"en_US\" \/>\n<meta property=\"og:type\" content=\"article\" \/>\n<meta property=\"og:title\" content=\"L\u2019image au-del\u00e0 de l\u2019\u00e9cran - ISTE Group\" \/>\n<meta property=\"og:description\" content=\"L\u2019image au-del\u00e0 de l\u2019\u00e9cran pose les bases d\u2019un domaine d\u2019\u00e9tude qui croise l\u2019audiovisuel, les sciences humaines, la cr\u00e9ation et les technologies num\u00e9riques.\" \/>\n<meta property=\"og:url\" content=\"https:\/\/www.istegroup.com\/fr\/produit\/limage-au-dela-de-lecran\/\" \/>\n<meta property=\"og:site_name\" content=\"ISTE Group\" \/>\n<meta property=\"article:modified_time\" content=\"2024-01-03T13:43:23+00:00\" \/>\n<meta property=\"og:image\" content=\"https:\/\/www.istegroup.com\/wp-content\/uploads\/2019\/09\/Limage-au-del\u00e0-de-l\u00e9cran_Schmitt-scaled.jpg\" \/>\n\t<meta property=\"og:image:width\" content=\"1712\" \/>\n\t<meta property=\"og:image:height\" content=\"2560\" \/>\n\t<meta property=\"og:image:type\" content=\"image\/jpeg\" \/>\n<meta name=\"twitter:card\" content=\"summary_large_image\" \/>\n<meta name=\"twitter:label1\" content=\"Est. reading time\" \/>\n\t<meta name=\"twitter:data1\" content=\"1 minute\" \/>\n<script type=\"application\/ld+json\" class=\"yoast-schema-graph\">{\"@context\":\"https:\/\/schema.org\",\"@graph\":[{\"@type\":\"WebPage\",\"@id\":\"https:\/\/www.istegroup.com\/fr\/produit\/limage-au-dela-de-lecran\/\",\"url\":\"https:\/\/www.istegroup.com\/fr\/produit\/limage-au-dela-de-lecran\/\",\"name\":\"L\u2019image au-del\u00e0 de l\u2019\u00e9cran - ISTE Group\",\"isPartOf\":{\"@id\":\"https:\/\/www.istegroup.com\/#website\"},\"primaryImageOfPage\":{\"@id\":\"https:\/\/www.istegroup.com\/fr\/produit\/limage-au-dela-de-lecran\/#primaryimage\"},\"image\":{\"@id\":\"https:\/\/www.istegroup.com\/fr\/produit\/limage-au-dela-de-lecran\/#primaryimage\"},\"thumbnailUrl\":\"https:\/\/www.istegroup.com\/wp-content\/uploads\/2019\/09\/Limage-au-del\u00e0-de-l\u00e9cran_Schmitt-scaled.jpg\",\"datePublished\":\"2020-01-11T07:29:54+00:00\",\"dateModified\":\"2024-01-03T13:43:23+00:00\",\"description\":\"L\u2019image au-del\u00e0 de l\u2019\u00e9cran pose les bases d\u2019un domaine d\u2019\u00e9tude qui croise l\u2019audiovisuel, les sciences humaines, la cr\u00e9ation et les technologies num\u00e9riques.\",\"breadcrumb\":{\"@id\":\"https:\/\/www.istegroup.com\/fr\/produit\/limage-au-dela-de-lecran\/#breadcrumb\"},\"inLanguage\":\"en-US\",\"potentialAction\":[{\"@type\":\"ReadAction\",\"target\":[\"https:\/\/www.istegroup.com\/fr\/produit\/limage-au-dela-de-lecran\/\"]}]},{\"@type\":\"ImageObject\",\"inLanguage\":\"en-US\",\"@id\":\"https:\/\/www.istegroup.com\/fr\/produit\/limage-au-dela-de-lecran\/#primaryimage\",\"url\":\"https:\/\/www.istegroup.com\/wp-content\/uploads\/2019\/09\/Limage-au-del\u00e0-de-l\u00e9cran_Schmitt-scaled.jpg\",\"contentUrl\":\"https:\/\/www.istegroup.com\/wp-content\/uploads\/2019\/09\/Limage-au-del\u00e0-de-l\u00e9cran_Schmitt-scaled.jpg\",\"width\":1712,\"height\":2560,\"caption\":\"le vid\u00e9omapping\"},{\"@type\":\"BreadcrumbList\",\"@id\":\"https:\/\/www.istegroup.com\/fr\/produit\/limage-au-dela-de-lecran\/#breadcrumb\",\"itemListElement\":[{\"@type\":\"ListItem\",\"position\":1,\"name\":\"Home\",\"item\":\"https:\/\/www.istegroup.com\/\"},{\"@type\":\"ListItem\",\"position\":2,\"name\":\"Shop\",\"item\":\"https:\/\/www.istegroup.com\/fr\/nouveautes\/\"},{\"@type\":\"ListItem\",\"position\":3,\"name\":\"L\u2019image au-del\u00e0 de l\u2019\u00e9cran\"}]},{\"@type\":\"WebSite\",\"@id\":\"https:\/\/www.istegroup.com\/#website\",\"url\":\"https:\/\/www.istegroup.com\/\",\"name\":\"ISTE Group\",\"description\":\"Publishing Knowledge\",\"potentialAction\":[{\"@type\":\"SearchAction\",\"target\":{\"@type\":\"EntryPoint\",\"urlTemplate\":\"https:\/\/www.istegroup.com\/?s={search_term_string}\"},\"query-input\":{\"@type\":\"PropertyValueSpecification\",\"valueRequired\":true,\"valueName\":\"search_term_string\"}}],\"inLanguage\":\"en-US\"}]}<\/script>\n<!-- \/ Yoast SEO plugin. -->","yoast_head_json":{"title":"L\u2019image au-del\u00e0 de l\u2019\u00e9cran - ISTE Group","description":"L\u2019image au-del\u00e0 de l\u2019\u00e9cran pose les bases d\u2019un domaine d\u2019\u00e9tude qui croise l\u2019audiovisuel, les sciences humaines, la cr\u00e9ation et les technologies num\u00e9riques.","robots":{"index":"index","follow":"follow","max-snippet":"max-snippet:-1","max-image-preview":"max-image-preview:large","max-video-preview":"max-video-preview:-1"},"canonical":"https:\/\/www.istegroup.com\/fr\/produit\/limage-au-dela-de-lecran\/","og_locale":"en_US","og_type":"article","og_title":"L\u2019image au-del\u00e0 de l\u2019\u00e9cran - ISTE Group","og_description":"L\u2019image au-del\u00e0 de l\u2019\u00e9cran pose les bases d\u2019un domaine d\u2019\u00e9tude qui croise l\u2019audiovisuel, les sciences humaines, la cr\u00e9ation et les technologies num\u00e9riques.","og_url":"https:\/\/www.istegroup.com\/fr\/produit\/limage-au-dela-de-lecran\/","og_site_name":"ISTE Group","article_modified_time":"2024-01-03T13:43:23+00:00","og_image":[{"width":1712,"height":2560,"url":"https:\/\/www.istegroup.com\/wp-content\/uploads\/2019\/09\/Limage-au-del\u00e0-de-l\u00e9cran_Schmitt-scaled.jpg","type":"image\/jpeg"}],"twitter_card":"summary_large_image","twitter_misc":{"Est. reading time":"1 minute"},"schema":{"@context":"https:\/\/schema.org","@graph":[{"@type":"WebPage","@id":"https:\/\/www.istegroup.com\/fr\/produit\/limage-au-dela-de-lecran\/","url":"https:\/\/www.istegroup.com\/fr\/produit\/limage-au-dela-de-lecran\/","name":"L\u2019image au-del\u00e0 de l\u2019\u00e9cran - ISTE Group","isPartOf":{"@id":"https:\/\/www.istegroup.com\/#website"},"primaryImageOfPage":{"@id":"https:\/\/www.istegroup.com\/fr\/produit\/limage-au-dela-de-lecran\/#primaryimage"},"image":{"@id":"https:\/\/www.istegroup.com\/fr\/produit\/limage-au-dela-de-lecran\/#primaryimage"},"thumbnailUrl":"https:\/\/www.istegroup.com\/wp-content\/uploads\/2019\/09\/Limage-au-del\u00e0-de-l\u00e9cran_Schmitt-scaled.jpg","datePublished":"2020-01-11T07:29:54+00:00","dateModified":"2024-01-03T13:43:23+00:00","description":"L\u2019image au-del\u00e0 de l\u2019\u00e9cran pose les bases d\u2019un domaine d\u2019\u00e9tude qui croise l\u2019audiovisuel, les sciences humaines, la cr\u00e9ation et les technologies num\u00e9riques.","breadcrumb":{"@id":"https:\/\/www.istegroup.com\/fr\/produit\/limage-au-dela-de-lecran\/#breadcrumb"},"inLanguage":"en-US","potentialAction":[{"@type":"ReadAction","target":["https:\/\/www.istegroup.com\/fr\/produit\/limage-au-dela-de-lecran\/"]}]},{"@type":"ImageObject","inLanguage":"en-US","@id":"https:\/\/www.istegroup.com\/fr\/produit\/limage-au-dela-de-lecran\/#primaryimage","url":"https:\/\/www.istegroup.com\/wp-content\/uploads\/2019\/09\/Limage-au-del\u00e0-de-l\u00e9cran_Schmitt-scaled.jpg","contentUrl":"https:\/\/www.istegroup.com\/wp-content\/uploads\/2019\/09\/Limage-au-del\u00e0-de-l\u00e9cran_Schmitt-scaled.jpg","width":1712,"height":2560,"caption":"le vid\u00e9omapping"},{"@type":"BreadcrumbList","@id":"https:\/\/www.istegroup.com\/fr\/produit\/limage-au-dela-de-lecran\/#breadcrumb","itemListElement":[{"@type":"ListItem","position":1,"name":"Home","item":"https:\/\/www.istegroup.com\/"},{"@type":"ListItem","position":2,"name":"Shop","item":"https:\/\/www.istegroup.com\/fr\/nouveautes\/"},{"@type":"ListItem","position":3,"name":"L\u2019image au-del\u00e0 de l\u2019\u00e9cran"}]},{"@type":"WebSite","@id":"https:\/\/www.istegroup.com\/#website","url":"https:\/\/www.istegroup.com\/","name":"ISTE Group","description":"Publishing Knowledge","potentialAction":[{"@type":"SearchAction","target":{"@type":"EntryPoint","urlTemplate":"https:\/\/www.istegroup.com\/?s={search_term_string}"},"query-input":{"@type":"PropertyValueSpecification","valueRequired":true,"valueName":"search_term_string"}}],"inLanguage":"en-US"}]}},"_links":{"self":[{"href":"https:\/\/www.istegroup.com\/en\/wp-json\/wp\/v2\/product\/22789","targetHints":{"allow":["GET"]}}],"collection":[{"href":"https:\/\/www.istegroup.com\/en\/wp-json\/wp\/v2\/product"}],"about":[{"href":"https:\/\/www.istegroup.com\/en\/wp-json\/wp\/v2\/types\/product"}],"wp:featuredmedia":[{"embeddable":true,"href":"https:\/\/www.istegroup.com\/en\/wp-json\/wp\/v2\/media\/22798"}],"wp:attachment":[{"href":"https:\/\/www.istegroup.com\/en\/wp-json\/wp\/v2\/media?parent=22789"}],"wp:term":[{"taxonomy":"product_brand","embeddable":true,"href":"https:\/\/www.istegroup.com\/en\/wp-json\/wp\/v2\/product_brand?post=22789"},{"taxonomy":"product_cat","embeddable":true,"href":"https:\/\/www.istegroup.com\/en\/wp-json\/wp\/v2\/product_cat?post=22789"},{"taxonomy":"product_tag","embeddable":true,"href":"https:\/\/www.istegroup.com\/en\/wp-json\/wp\/v2\/product_tag?post=22789"}],"curies":[{"name":"wp","href":"https:\/\/api.w.org\/{rel}","templated":true}]}}