{"id":22759,"date":"2020-01-11T10:04:35","date_gmt":"2020-01-11T10:04:35","guid":{"rendered":"https:\/\/www.istegroup.com\/?post_type=product&#038;p=22759"},"modified":"2024-01-03T13:43:23","modified_gmt":"2024-01-03T13:43:23","slug":"limperfection-des-donnees-geographiques-1","status":"publish","type":"product","link":"https:\/\/www.istegroup.com\/en\/produit\/limperfection-des-donnees-geographiques-1\/","title":{"rendered":"L\u2019imperfection des donn\u00e9es g\u00e9ographiques 1"},"content":{"rendered":"<p>La g\u00e9omatique est un domaine des sciences qui, depuis une trentaine d\u2019ann\u00e9es, s\u2019est intimement intriqu\u00e9 dans notre vie de tous les jours (applications de navigation sur t\u00e9l\u00e9phone, donn\u00e9es g\u00e9olocalis\u00e9es, etc.) au point que l\u2019on oublie souvent les d\u00e9fis qu\u2019elle sous-tend. Au cours des d\u00e9cennies \u00e0 venir, les volumes g\u00e9n\u00e9r\u00e9s de donn\u00e9es g\u00e9or\u00e9f\u00e9renc\u00e9es devraient conna\u00eetre une croissance importante.<\/p>\n<p>Cet ouvrage porte sur la notion d\u2019imperfection des donn\u00e9es g\u00e9ographiques, un th\u00e8me important de la g\u00e9omatique. Il est en effet essentiel de pouvoir d\u00e9finir et repr\u00e9senter l\u2019imperfection que peuvent conna\u00eetre les donn\u00e9es g\u00e9ographiques. En faire abstraction peut entra\u00eener de nombreux risques, par exemple, utiliser une carte contenant des erreurs peut conduire des personnes qui ignorent ces imperfections \u00e0 se perdre.<\/p>\n<p><em>L\u2019imperfection des donn\u00e9es g\u00e9ographiques 1<\/em> explore \u00e0 la fois les aspects th\u00e9oriques pour une meilleure compr\u00e9hension des ph\u00e9nom\u00e8nes et des repr\u00e9sentations, et les aspects pratiques\/pragmatiques en pr\u00e9sentant des exemples et applications concr\u00e8tes des outils.<\/p>\n","protected":false},"excerpt":{"rendered":"<p>La g\u00e9omatique est un domaine des sciences qui, depuis une trentaine d\u2019ann\u00e9es, s\u2019est intimement intriqu\u00e9 dans notre vie de tous les jours (applications de navigation sur t\u00e9l\u00e9phone, donn\u00e9es g\u00e9olocalis\u00e9es, etc.) au point que l\u2019on oublie souvent les d\u00e9fis qu\u2019elle sous-tend. Au cours des d\u00e9cennies \u00e0 venir, les volumes g\u00e9n\u00e9r\u00e9s de donn\u00e9es g\u00e9or\u00e9f\u00e9renc\u00e9es devraient conna\u00eetre une [&hellip;]<\/p>\n","protected":false},"featured_media":22775,"template":"","meta":{"_acf_changed":false,"_links_to":"","_links_to_target":""},"product_brand":[],"product_cat":[707],"product_tag":[],"class_list":{"0":"post-22759","1":"product","2":"type-product","3":"status-publish","4":"has-post-thumbnail","6":"product_cat-systmes-dinformation-web-et-socit-12506570","8":"first","9":"instock","10":"shipping-taxable","11":"purchasable","12":"product-type-variable"},"acf":[],"yoast_head":"<!-- This site is optimized with the Yoast SEO plugin v27.2 - https:\/\/yoast.com\/product\/yoast-seo-wordpress\/ -->\n<title>L\u2019imperfection des donn\u00e9es g\u00e9ographiques 1 - ISTE Group<\/title>\n<meta name=\"description\" content=\"Cet ouvrage porte sur la notion d\u2019imperfection des donn\u00e9es g\u00e9ographiques, un th\u00e8me important de la g\u00e9omatique. Il est en effet essentiel de pouvoir d\u00e9finir et repr\u00e9senter l\u2019imperfection que peuvent conna\u00eetre les donn\u00e9es g\u00e9ographiques.\" \/>\n<meta name=\"robots\" content=\"index, follow, max-snippet:-1, max-image-preview:large, max-video-preview:-1\" \/>\n<link rel=\"canonical\" href=\"https:\/\/www.istegroup.com\/fr\/produit\/limperfection-des-donnees-geographiques-1\/\" \/>\n<meta property=\"og:locale\" content=\"en_US\" \/>\n<meta property=\"og:type\" content=\"article\" \/>\n<meta property=\"og:title\" content=\"L\u2019imperfection des donn\u00e9es g\u00e9ographiques 1 - ISTE Group\" \/>\n<meta property=\"og:description\" content=\"Cet ouvrage porte sur la notion d\u2019imperfection des donn\u00e9es g\u00e9ographiques, un th\u00e8me important de la g\u00e9omatique. Il est en effet essentiel de pouvoir d\u00e9finir et repr\u00e9senter l\u2019imperfection que peuvent conna\u00eetre les donn\u00e9es g\u00e9ographiques.\" \/>\n<meta property=\"og:url\" content=\"https:\/\/www.istegroup.com\/fr\/produit\/limperfection-des-donnees-geographiques-1\/\" \/>\n<meta property=\"og:site_name\" content=\"ISTE Group\" \/>\n<meta property=\"article:modified_time\" content=\"2024-01-03T13:43:23+00:00\" \/>\n<meta property=\"og:image\" content=\"https:\/\/www.istegroup.com\/wp-content\/uploads\/2019\/09\/Limperfection-des-donn\u00e9es-g\u00e9ographiques_Batton-Hubert-scaled.jpg\" \/>\n\t<meta property=\"og:image:width\" content=\"1709\" \/>\n\t<meta property=\"og:image:height\" content=\"2560\" \/>\n\t<meta property=\"og:image:type\" content=\"image\/jpeg\" \/>\n<meta name=\"twitter:card\" content=\"summary_large_image\" \/>\n<meta name=\"twitter:label1\" content=\"Est. reading time\" \/>\n\t<meta name=\"twitter:data1\" content=\"1 minute\" \/>\n<script type=\"application\/ld+json\" class=\"yoast-schema-graph\">{\"@context\":\"https:\/\/schema.org\",\"@graph\":[{\"@type\":\"WebPage\",\"@id\":\"https:\/\/www.istegroup.com\/fr\/produit\/limperfection-des-donnees-geographiques-1\/\",\"url\":\"https:\/\/www.istegroup.com\/fr\/produit\/limperfection-des-donnees-geographiques-1\/\",\"name\":\"L\u2019imperfection des donn\u00e9es g\u00e9ographiques 1 - ISTE Group\",\"isPartOf\":{\"@id\":\"https:\/\/www.istegroup.com\/#website\"},\"primaryImageOfPage\":{\"@id\":\"https:\/\/www.istegroup.com\/fr\/produit\/limperfection-des-donnees-geographiques-1\/#primaryimage\"},\"image\":{\"@id\":\"https:\/\/www.istegroup.com\/fr\/produit\/limperfection-des-donnees-geographiques-1\/#primaryimage\"},\"thumbnailUrl\":\"https:\/\/www.istegroup.com\/wp-content\/uploads\/2019\/09\/Limperfection-des-donn\u00e9es-g\u00e9ographiques_Batton-Hubert-scaled.jpg\",\"datePublished\":\"2020-01-11T10:04:35+00:00\",\"dateModified\":\"2024-01-03T13:43:23+00:00\",\"description\":\"Cet ouvrage porte sur la notion d\u2019imperfection des donn\u00e9es g\u00e9ographiques, un th\u00e8me important de la g\u00e9omatique. Il est en effet essentiel de pouvoir d\u00e9finir et repr\u00e9senter l\u2019imperfection que peuvent conna\u00eetre les donn\u00e9es g\u00e9ographiques.\",\"breadcrumb\":{\"@id\":\"https:\/\/www.istegroup.com\/fr\/produit\/limperfection-des-donnees-geographiques-1\/#breadcrumb\"},\"inLanguage\":\"en-US\",\"potentialAction\":[{\"@type\":\"ReadAction\",\"target\":[\"https:\/\/www.istegroup.com\/fr\/produit\/limperfection-des-donnees-geographiques-1\/\"]}]},{\"@type\":\"ImageObject\",\"inLanguage\":\"en-US\",\"@id\":\"https:\/\/www.istegroup.com\/fr\/produit\/limperfection-des-donnees-geographiques-1\/#primaryimage\",\"url\":\"https:\/\/www.istegroup.com\/wp-content\/uploads\/2019\/09\/Limperfection-des-donn\u00e9es-g\u00e9ographiques_Batton-Hubert-scaled.jpg\",\"contentUrl\":\"https:\/\/www.istegroup.com\/wp-content\/uploads\/2019\/09\/Limperfection-des-donn\u00e9es-g\u00e9ographiques_Batton-Hubert-scaled.jpg\",\"width\":1709,\"height\":2560,\"caption\":\"Bases th\u00e9oriques\"},{\"@type\":\"BreadcrumbList\",\"@id\":\"https:\/\/www.istegroup.com\/fr\/produit\/limperfection-des-donnees-geographiques-1\/#breadcrumb\",\"itemListElement\":[{\"@type\":\"ListItem\",\"position\":1,\"name\":\"Home\",\"item\":\"https:\/\/www.istegroup.com\/\"},{\"@type\":\"ListItem\",\"position\":2,\"name\":\"Shop\",\"item\":\"https:\/\/www.istegroup.com\/fr\/nouveautes\/\"},{\"@type\":\"ListItem\",\"position\":3,\"name\":\"L\u2019imperfection des donn\u00e9es g\u00e9ographiques 1\"}]},{\"@type\":\"WebSite\",\"@id\":\"https:\/\/www.istegroup.com\/#website\",\"url\":\"https:\/\/www.istegroup.com\/\",\"name\":\"ISTE Group\",\"description\":\"Publishing Knowledge\",\"potentialAction\":[{\"@type\":\"SearchAction\",\"target\":{\"@type\":\"EntryPoint\",\"urlTemplate\":\"https:\/\/www.istegroup.com\/?s={search_term_string}\"},\"query-input\":{\"@type\":\"PropertyValueSpecification\",\"valueRequired\":true,\"valueName\":\"search_term_string\"}}],\"inLanguage\":\"en-US\"}]}<\/script>\n<!-- \/ Yoast SEO plugin. -->","yoast_head_json":{"title":"L\u2019imperfection des donn\u00e9es g\u00e9ographiques 1 - ISTE Group","description":"Cet ouvrage porte sur la notion d\u2019imperfection des donn\u00e9es g\u00e9ographiques, un th\u00e8me important de la g\u00e9omatique. Il est en effet essentiel de pouvoir d\u00e9finir et repr\u00e9senter l\u2019imperfection que peuvent conna\u00eetre les donn\u00e9es g\u00e9ographiques.","robots":{"index":"index","follow":"follow","max-snippet":"max-snippet:-1","max-image-preview":"max-image-preview:large","max-video-preview":"max-video-preview:-1"},"canonical":"https:\/\/www.istegroup.com\/fr\/produit\/limperfection-des-donnees-geographiques-1\/","og_locale":"en_US","og_type":"article","og_title":"L\u2019imperfection des donn\u00e9es g\u00e9ographiques 1 - ISTE Group","og_description":"Cet ouvrage porte sur la notion d\u2019imperfection des donn\u00e9es g\u00e9ographiques, un th\u00e8me important de la g\u00e9omatique. Il est en effet essentiel de pouvoir d\u00e9finir et repr\u00e9senter l\u2019imperfection que peuvent conna\u00eetre les donn\u00e9es g\u00e9ographiques.","og_url":"https:\/\/www.istegroup.com\/fr\/produit\/limperfection-des-donnees-geographiques-1\/","og_site_name":"ISTE Group","article_modified_time":"2024-01-03T13:43:23+00:00","og_image":[{"width":1709,"height":2560,"url":"https:\/\/www.istegroup.com\/wp-content\/uploads\/2019\/09\/Limperfection-des-donn\u00e9es-g\u00e9ographiques_Batton-Hubert-scaled.jpg","type":"image\/jpeg"}],"twitter_card":"summary_large_image","twitter_misc":{"Est. reading time":"1 minute"},"schema":{"@context":"https:\/\/schema.org","@graph":[{"@type":"WebPage","@id":"https:\/\/www.istegroup.com\/fr\/produit\/limperfection-des-donnees-geographiques-1\/","url":"https:\/\/www.istegroup.com\/fr\/produit\/limperfection-des-donnees-geographiques-1\/","name":"L\u2019imperfection des donn\u00e9es g\u00e9ographiques 1 - ISTE Group","isPartOf":{"@id":"https:\/\/www.istegroup.com\/#website"},"primaryImageOfPage":{"@id":"https:\/\/www.istegroup.com\/fr\/produit\/limperfection-des-donnees-geographiques-1\/#primaryimage"},"image":{"@id":"https:\/\/www.istegroup.com\/fr\/produit\/limperfection-des-donnees-geographiques-1\/#primaryimage"},"thumbnailUrl":"https:\/\/www.istegroup.com\/wp-content\/uploads\/2019\/09\/Limperfection-des-donn\u00e9es-g\u00e9ographiques_Batton-Hubert-scaled.jpg","datePublished":"2020-01-11T10:04:35+00:00","dateModified":"2024-01-03T13:43:23+00:00","description":"Cet ouvrage porte sur la notion d\u2019imperfection des donn\u00e9es g\u00e9ographiques, un th\u00e8me important de la g\u00e9omatique. Il est en effet essentiel de pouvoir d\u00e9finir et repr\u00e9senter l\u2019imperfection que peuvent conna\u00eetre les donn\u00e9es g\u00e9ographiques.","breadcrumb":{"@id":"https:\/\/www.istegroup.com\/fr\/produit\/limperfection-des-donnees-geographiques-1\/#breadcrumb"},"inLanguage":"en-US","potentialAction":[{"@type":"ReadAction","target":["https:\/\/www.istegroup.com\/fr\/produit\/limperfection-des-donnees-geographiques-1\/"]}]},{"@type":"ImageObject","inLanguage":"en-US","@id":"https:\/\/www.istegroup.com\/fr\/produit\/limperfection-des-donnees-geographiques-1\/#primaryimage","url":"https:\/\/www.istegroup.com\/wp-content\/uploads\/2019\/09\/Limperfection-des-donn\u00e9es-g\u00e9ographiques_Batton-Hubert-scaled.jpg","contentUrl":"https:\/\/www.istegroup.com\/wp-content\/uploads\/2019\/09\/Limperfection-des-donn\u00e9es-g\u00e9ographiques_Batton-Hubert-scaled.jpg","width":1709,"height":2560,"caption":"Bases th\u00e9oriques"},{"@type":"BreadcrumbList","@id":"https:\/\/www.istegroup.com\/fr\/produit\/limperfection-des-donnees-geographiques-1\/#breadcrumb","itemListElement":[{"@type":"ListItem","position":1,"name":"Home","item":"https:\/\/www.istegroup.com\/"},{"@type":"ListItem","position":2,"name":"Shop","item":"https:\/\/www.istegroup.com\/fr\/nouveautes\/"},{"@type":"ListItem","position":3,"name":"L\u2019imperfection des donn\u00e9es g\u00e9ographiques 1"}]},{"@type":"WebSite","@id":"https:\/\/www.istegroup.com\/#website","url":"https:\/\/www.istegroup.com\/","name":"ISTE Group","description":"Publishing Knowledge","potentialAction":[{"@type":"SearchAction","target":{"@type":"EntryPoint","urlTemplate":"https:\/\/www.istegroup.com\/?s={search_term_string}"},"query-input":{"@type":"PropertyValueSpecification","valueRequired":true,"valueName":"search_term_string"}}],"inLanguage":"en-US"}]}},"_links":{"self":[{"href":"https:\/\/www.istegroup.com\/en\/wp-json\/wp\/v2\/product\/22759","targetHints":{"allow":["GET"]}}],"collection":[{"href":"https:\/\/www.istegroup.com\/en\/wp-json\/wp\/v2\/product"}],"about":[{"href":"https:\/\/www.istegroup.com\/en\/wp-json\/wp\/v2\/types\/product"}],"wp:featuredmedia":[{"embeddable":true,"href":"https:\/\/www.istegroup.com\/en\/wp-json\/wp\/v2\/media\/22775"}],"wp:attachment":[{"href":"https:\/\/www.istegroup.com\/en\/wp-json\/wp\/v2\/media?parent=22759"}],"wp:term":[{"taxonomy":"product_brand","embeddable":true,"href":"https:\/\/www.istegroup.com\/en\/wp-json\/wp\/v2\/product_brand?post=22759"},{"taxonomy":"product_cat","embeddable":true,"href":"https:\/\/www.istegroup.com\/en\/wp-json\/wp\/v2\/product_cat?post=22759"},{"taxonomy":"product_tag","embeddable":true,"href":"https:\/\/www.istegroup.com\/en\/wp-json\/wp\/v2\/product_tag?post=22759"}],"curies":[{"name":"wp","href":"https:\/\/api.w.org\/{rel}","templated":true}]}}