{"id":22726,"date":"2020-01-11T09:24:46","date_gmt":"2020-01-11T09:24:46","guid":{"rendered":"https:\/\/www.istegroup.com\/?post_type=product&#038;p=22726"},"modified":"2024-01-03T13:43:23","modified_gmt":"2024-01-03T13:43:23","slug":"le-mecanisme-de-construction-du-monde-2","status":"publish","type":"product","link":"https:\/\/www.istegroup.com\/en\/produit\/le-mecanisme-de-construction-du-monde-2\/","title":{"rendered":"Le m\u00e9canisme de construction du monde"},"content":{"rendered":"<p>L\u2019interdisciplinarit\u00e9 sciences biologiques-sciences humaines est ici mise au service d&#8217;un objectif audacieux : d\u00e9crypter, \u00e0 l\u2019aide d\u2019une cha\u00eene logique, les facteurs explicatifs des trajectoires humaines et des d\u00e9s\u00e9quilibres entre les soci\u00e9t\u00e9s et les nations. Pour ce faire, l&#8217;ouvrage s\u2019appuie sur une analyse in\u00e9dite de la dynamique des <em>sapiens<\/em>, croisant les apports de l\u2019anthropologie, l\u2019arch\u00e9ologie, la biologie, la climatologie, l\u2019\u00e9conomie, la g\u00e9ographie, l\u2019histoire et la sociologie.<\/p>\n<p><em>Le m\u00e9canisme de construction du monde<\/em> analyse les racines des dysharmonies soci\u00e9tales auxquelles l\u2019Homme est confront\u00e9 et pr\u00e9sente des voies de r\u00e9alisation d\u2019un projet humain clairvoyant qui soit en phase avec l\u2019int\u00e9r\u00eat g\u00e9n\u00e9ral de l\u2019humanit\u00e9.<\/p>\n","protected":false},"excerpt":{"rendered":"<p>L\u2019interdisciplinarit\u00e9 sciences biologiques-sciences humaines est ici mise au service d&#8217;un objectif audacieux : d\u00e9crypter, \u00e0 l\u2019aide d\u2019une cha\u00eene logique, les facteurs explicatifs des trajectoires humaines et des d\u00e9s\u00e9quilibres entre les soci\u00e9t\u00e9s et les nations. Pour ce faire, l&#8217;ouvrage s\u2019appuie sur une analyse in\u00e9dite de la dynamique des sapiens, croisant les apports de l\u2019anthropologie, l\u2019arch\u00e9ologie, la [&hellip;]<\/p>\n","protected":false},"featured_media":22734,"template":"","meta":{"_acf_changed":false,"_links_to":"","_links_to_target":""},"product_brand":[],"product_cat":[684],"product_tag":[],"class_list":{"0":"post-22726","1":"product","2":"type-product","3":"status-publish","4":"has-post-thumbnail","6":"product_cat-sciences-socit-et-nouvelles-technologies-188422468","8":"first","9":"instock","10":"shipping-taxable","11":"purchasable","12":"product-type-variable"},"acf":[],"yoast_head":"<!-- This site is optimized with the Yoast SEO plugin v27.2 - https:\/\/yoast.com\/product\/yoast-seo-wordpress\/ -->\n<title>Le m\u00e9canisme de construction du monde - ISTE Group<\/title>\n<meta name=\"description\" content=\"Le m\u00e9canisme de construction du monde analyse les racines des dysharmonies soci\u00e9tales auxquelles l\u2019Homme est confront\u00e9 et pr\u00e9sente des voies de r\u00e9alisation d\u2019un projet humain clairvoyant qui soit en phase avec l\u2019int\u00e9r\u00eat g\u00e9n\u00e9ral de l\u2019humanit\u00e9.\" \/>\n<meta name=\"robots\" content=\"index, follow, max-snippet:-1, max-image-preview:large, max-video-preview:-1\" \/>\n<link rel=\"canonical\" href=\"https:\/\/www.istegroup.com\/fr\/produit\/le-mecanisme-de-construction-du-monde-2\/\" \/>\n<meta property=\"og:locale\" content=\"en_US\" \/>\n<meta property=\"og:type\" content=\"article\" \/>\n<meta property=\"og:title\" content=\"Le m\u00e9canisme de construction du monde - ISTE Group\" \/>\n<meta property=\"og:description\" content=\"Le m\u00e9canisme de construction du monde analyse les racines des dysharmonies soci\u00e9tales auxquelles l\u2019Homme est confront\u00e9 et pr\u00e9sente des voies de r\u00e9alisation d\u2019un projet humain clairvoyant qui soit en phase avec l\u2019int\u00e9r\u00eat g\u00e9n\u00e9ral de l\u2019humanit\u00e9.\" \/>\n<meta property=\"og:url\" content=\"https:\/\/www.istegroup.com\/fr\/produit\/le-mecanisme-de-construction-du-monde-2\/\" \/>\n<meta property=\"og:site_name\" content=\"ISTE Group\" \/>\n<meta property=\"article:modified_time\" content=\"2024-01-03T13:43:23+00:00\" \/>\n<meta property=\"og:image\" content=\"https:\/\/www.istegroup.com\/wp-content\/uploads\/2019\/09\/Le-m\u00e9canisme-de-construction-du-monde_Barnouin-scaled.jpg\" \/>\n\t<meta property=\"og:image:width\" content=\"1712\" \/>\n\t<meta property=\"og:image:height\" content=\"2560\" \/>\n\t<meta property=\"og:image:type\" content=\"image\/jpeg\" \/>\n<meta name=\"twitter:card\" content=\"summary_large_image\" \/>\n<meta name=\"twitter:label1\" content=\"Est. reading time\" \/>\n\t<meta name=\"twitter:data1\" content=\"1 minute\" \/>\n<script type=\"application\/ld+json\" class=\"yoast-schema-graph\">{\"@context\":\"https:\/\/schema.org\",\"@graph\":[{\"@type\":\"WebPage\",\"@id\":\"https:\/\/www.istegroup.com\/fr\/produit\/le-mecanisme-de-construction-du-monde-2\/\",\"url\":\"https:\/\/www.istegroup.com\/fr\/produit\/le-mecanisme-de-construction-du-monde-2\/\",\"name\":\"Le m\u00e9canisme de construction du monde - ISTE Group\",\"isPartOf\":{\"@id\":\"https:\/\/www.istegroup.com\/#website\"},\"primaryImageOfPage\":{\"@id\":\"https:\/\/www.istegroup.com\/fr\/produit\/le-mecanisme-de-construction-du-monde-2\/#primaryimage\"},\"image\":{\"@id\":\"https:\/\/www.istegroup.com\/fr\/produit\/le-mecanisme-de-construction-du-monde-2\/#primaryimage\"},\"thumbnailUrl\":\"https:\/\/www.istegroup.com\/wp-content\/uploads\/2019\/09\/Le-m\u00e9canisme-de-construction-du-monde_Barnouin-scaled.jpg\",\"datePublished\":\"2020-01-11T09:24:46+00:00\",\"dateModified\":\"2024-01-03T13:43:23+00:00\",\"description\":\"Le m\u00e9canisme de construction du monde analyse les racines des dysharmonies soci\u00e9tales auxquelles l\u2019Homme est confront\u00e9 et pr\u00e9sente des voies de r\u00e9alisation d\u2019un projet humain clairvoyant qui soit en phase avec l\u2019int\u00e9r\u00eat g\u00e9n\u00e9ral de l\u2019humanit\u00e9.\",\"breadcrumb\":{\"@id\":\"https:\/\/www.istegroup.com\/fr\/produit\/le-mecanisme-de-construction-du-monde-2\/#breadcrumb\"},\"inLanguage\":\"en-US\",\"potentialAction\":[{\"@type\":\"ReadAction\",\"target\":[\"https:\/\/www.istegroup.com\/fr\/produit\/le-mecanisme-de-construction-du-monde-2\/\"]}]},{\"@type\":\"ImageObject\",\"inLanguage\":\"en-US\",\"@id\":\"https:\/\/www.istegroup.com\/fr\/produit\/le-mecanisme-de-construction-du-monde-2\/#primaryimage\",\"url\":\"https:\/\/www.istegroup.com\/wp-content\/uploads\/2019\/09\/Le-m\u00e9canisme-de-construction-du-monde_Barnouin-scaled.jpg\",\"contentUrl\":\"https:\/\/www.istegroup.com\/wp-content\/uploads\/2019\/09\/Le-m\u00e9canisme-de-construction-du-monde_Barnouin-scaled.jpg\",\"width\":1712,\"height\":2560,\"caption\":\"trajectoires, d\u00e9s\u00e9quilibres et avenir des soci\u00e9t\u00e9s\"},{\"@type\":\"BreadcrumbList\",\"@id\":\"https:\/\/www.istegroup.com\/fr\/produit\/le-mecanisme-de-construction-du-monde-2\/#breadcrumb\",\"itemListElement\":[{\"@type\":\"ListItem\",\"position\":1,\"name\":\"Home\",\"item\":\"https:\/\/www.istegroup.com\/\"},{\"@type\":\"ListItem\",\"position\":2,\"name\":\"Shop\",\"item\":\"https:\/\/www.istegroup.com\/fr\/nouveautes\/\"},{\"@type\":\"ListItem\",\"position\":3,\"name\":\"Le m\u00e9canisme de construction du monde\"}]},{\"@type\":\"WebSite\",\"@id\":\"https:\/\/www.istegroup.com\/#website\",\"url\":\"https:\/\/www.istegroup.com\/\",\"name\":\"ISTE Group\",\"description\":\"Publishing Knowledge\",\"potentialAction\":[{\"@type\":\"SearchAction\",\"target\":{\"@type\":\"EntryPoint\",\"urlTemplate\":\"https:\/\/www.istegroup.com\/?s={search_term_string}\"},\"query-input\":{\"@type\":\"PropertyValueSpecification\",\"valueRequired\":true,\"valueName\":\"search_term_string\"}}],\"inLanguage\":\"en-US\"}]}<\/script>\n<!-- \/ Yoast SEO plugin. -->","yoast_head_json":{"title":"Le m\u00e9canisme de construction du monde - ISTE Group","description":"Le m\u00e9canisme de construction du monde analyse les racines des dysharmonies soci\u00e9tales auxquelles l\u2019Homme est confront\u00e9 et pr\u00e9sente des voies de r\u00e9alisation d\u2019un projet humain clairvoyant qui soit en phase avec l\u2019int\u00e9r\u00eat g\u00e9n\u00e9ral de l\u2019humanit\u00e9.","robots":{"index":"index","follow":"follow","max-snippet":"max-snippet:-1","max-image-preview":"max-image-preview:large","max-video-preview":"max-video-preview:-1"},"canonical":"https:\/\/www.istegroup.com\/fr\/produit\/le-mecanisme-de-construction-du-monde-2\/","og_locale":"en_US","og_type":"article","og_title":"Le m\u00e9canisme de construction du monde - ISTE Group","og_description":"Le m\u00e9canisme de construction du monde analyse les racines des dysharmonies soci\u00e9tales auxquelles l\u2019Homme est confront\u00e9 et pr\u00e9sente des voies de r\u00e9alisation d\u2019un projet humain clairvoyant qui soit en phase avec l\u2019int\u00e9r\u00eat g\u00e9n\u00e9ral de l\u2019humanit\u00e9.","og_url":"https:\/\/www.istegroup.com\/fr\/produit\/le-mecanisme-de-construction-du-monde-2\/","og_site_name":"ISTE Group","article_modified_time":"2024-01-03T13:43:23+00:00","og_image":[{"width":1712,"height":2560,"url":"https:\/\/www.istegroup.com\/wp-content\/uploads\/2019\/09\/Le-m\u00e9canisme-de-construction-du-monde_Barnouin-scaled.jpg","type":"image\/jpeg"}],"twitter_card":"summary_large_image","twitter_misc":{"Est. reading time":"1 minute"},"schema":{"@context":"https:\/\/schema.org","@graph":[{"@type":"WebPage","@id":"https:\/\/www.istegroup.com\/fr\/produit\/le-mecanisme-de-construction-du-monde-2\/","url":"https:\/\/www.istegroup.com\/fr\/produit\/le-mecanisme-de-construction-du-monde-2\/","name":"Le m\u00e9canisme de construction du monde - ISTE Group","isPartOf":{"@id":"https:\/\/www.istegroup.com\/#website"},"primaryImageOfPage":{"@id":"https:\/\/www.istegroup.com\/fr\/produit\/le-mecanisme-de-construction-du-monde-2\/#primaryimage"},"image":{"@id":"https:\/\/www.istegroup.com\/fr\/produit\/le-mecanisme-de-construction-du-monde-2\/#primaryimage"},"thumbnailUrl":"https:\/\/www.istegroup.com\/wp-content\/uploads\/2019\/09\/Le-m\u00e9canisme-de-construction-du-monde_Barnouin-scaled.jpg","datePublished":"2020-01-11T09:24:46+00:00","dateModified":"2024-01-03T13:43:23+00:00","description":"Le m\u00e9canisme de construction du monde analyse les racines des dysharmonies soci\u00e9tales auxquelles l\u2019Homme est confront\u00e9 et pr\u00e9sente des voies de r\u00e9alisation d\u2019un projet humain clairvoyant qui soit en phase avec l\u2019int\u00e9r\u00eat g\u00e9n\u00e9ral de l\u2019humanit\u00e9.","breadcrumb":{"@id":"https:\/\/www.istegroup.com\/fr\/produit\/le-mecanisme-de-construction-du-monde-2\/#breadcrumb"},"inLanguage":"en-US","potentialAction":[{"@type":"ReadAction","target":["https:\/\/www.istegroup.com\/fr\/produit\/le-mecanisme-de-construction-du-monde-2\/"]}]},{"@type":"ImageObject","inLanguage":"en-US","@id":"https:\/\/www.istegroup.com\/fr\/produit\/le-mecanisme-de-construction-du-monde-2\/#primaryimage","url":"https:\/\/www.istegroup.com\/wp-content\/uploads\/2019\/09\/Le-m\u00e9canisme-de-construction-du-monde_Barnouin-scaled.jpg","contentUrl":"https:\/\/www.istegroup.com\/wp-content\/uploads\/2019\/09\/Le-m\u00e9canisme-de-construction-du-monde_Barnouin-scaled.jpg","width":1712,"height":2560,"caption":"trajectoires, d\u00e9s\u00e9quilibres et avenir des soci\u00e9t\u00e9s"},{"@type":"BreadcrumbList","@id":"https:\/\/www.istegroup.com\/fr\/produit\/le-mecanisme-de-construction-du-monde-2\/#breadcrumb","itemListElement":[{"@type":"ListItem","position":1,"name":"Home","item":"https:\/\/www.istegroup.com\/"},{"@type":"ListItem","position":2,"name":"Shop","item":"https:\/\/www.istegroup.com\/fr\/nouveautes\/"},{"@type":"ListItem","position":3,"name":"Le m\u00e9canisme de construction du monde"}]},{"@type":"WebSite","@id":"https:\/\/www.istegroup.com\/#website","url":"https:\/\/www.istegroup.com\/","name":"ISTE Group","description":"Publishing Knowledge","potentialAction":[{"@type":"SearchAction","target":{"@type":"EntryPoint","urlTemplate":"https:\/\/www.istegroup.com\/?s={search_term_string}"},"query-input":{"@type":"PropertyValueSpecification","valueRequired":true,"valueName":"search_term_string"}}],"inLanguage":"en-US"}]}},"_links":{"self":[{"href":"https:\/\/www.istegroup.com\/en\/wp-json\/wp\/v2\/product\/22726","targetHints":{"allow":["GET"]}}],"collection":[{"href":"https:\/\/www.istegroup.com\/en\/wp-json\/wp\/v2\/product"}],"about":[{"href":"https:\/\/www.istegroup.com\/en\/wp-json\/wp\/v2\/types\/product"}],"wp:featuredmedia":[{"embeddable":true,"href":"https:\/\/www.istegroup.com\/en\/wp-json\/wp\/v2\/media\/22734"}],"wp:attachment":[{"href":"https:\/\/www.istegroup.com\/en\/wp-json\/wp\/v2\/media?parent=22726"}],"wp:term":[{"taxonomy":"product_brand","embeddable":true,"href":"https:\/\/www.istegroup.com\/en\/wp-json\/wp\/v2\/product_brand?post=22726"},{"taxonomy":"product_cat","embeddable":true,"href":"https:\/\/www.istegroup.com\/en\/wp-json\/wp\/v2\/product_cat?post=22726"},{"taxonomy":"product_tag","embeddable":true,"href":"https:\/\/www.istegroup.com\/en\/wp-json\/wp\/v2\/product_tag?post=22726"}],"curies":[{"name":"wp","href":"https:\/\/api.w.org\/{rel}","templated":true}]}}