{"id":227,"date":"2017-07-28T11:14:25","date_gmt":"2017-07-28T09:14:25","guid":{"rendered":"https:\/\/iste.yhello.co\/product\/electronique-numerique-3\/"},"modified":"2024-01-03T13:39:00","modified_gmt":"2024-01-03T13:39:00","slug":"electronique-numerique-3","status":"publish","type":"product","link":"https:\/\/www.istegroup.com\/en\/produit\/electronique-numerique-3\/","title":{"rendered":"Electronique num\u00e9rique 3"},"content":{"rendered":"<p>Cet ouvrage couvre les principaux aspects de l\u2019\u00e9lectronique num\u00e9rique relatifs \u00e0 l\u2019analyse et \u00e0 la conception des circuits.<\/p>\n<p>Apr\u00e8s l\u2019\u00e9tude des circuits logiques combinatoires et des circuits logiques s\u00e9quentiels et arithm\u00e9tiques propos\u00e9e dans les pr\u00e9c\u00e9dents volumes, ce troisi\u00e8me et dernier ouvrage aborde les diff\u00e9rentes approches d\u2019analyse et de conception qui permettent d\u2019assurer un fonctionnement fiable des machines avec un nombre fini d\u2019\u00e9tats. Ces machines, bas\u00e9es sur un diagramme d\u2019\u00e9tats ou une description algorithmique et fonctionnant de mani\u00e8re synchrone ou asynchrone, se distinguent par des comportements d\u00e9termin\u00e9s par un nombre limit\u00e9 et d\u00e9fini d\u2019\u00e9tats. Con\u00e7ues selon le mod\u00e8le de Mealy ou de Moore, elles pr\u00e9sentent des sorties qui d\u00e9pendent ou non des entr\u00e9es. Elles n&#8217;autorisent qu\u2019une seule transition \u00e0 la fois et peuvent \u00eatre divis\u00e9es en deux composantes, un circuit logique combinatoire et un circuit logique s\u00e9quentiel.<\/p>\n<p>Chaque chapitre est compl\u00e9t\u00e9 par des exemples d\u2019application et des exercices corrig\u00e9s afin de faciliter l\u2019assimilation des diff\u00e9rents concepts.<\/p>\n","protected":false},"excerpt":{"rendered":"<p>Cet ouvrage couvre les principaux aspects de l\u2019\u00e9lectronique num\u00e9rique relatifs \u00e0 l\u2019analyse et \u00e0 la conception des circuits. Apr\u00e8s l\u2019\u00e9tude des circuits logiques combinatoires et des circuits logiques s\u00e9quentiels et arithm\u00e9tiques propos\u00e9e dans les pr\u00e9c\u00e9dents volumes, ce troisi\u00e8me et dernier ouvrage aborde les diff\u00e9rentes approches d\u2019analyse et de conception qui permettent d\u2019assurer un fonctionnement fiable [&hellip;]<\/p>\n","protected":false},"featured_media":228,"template":"","meta":{"_acf_changed":false,"_links_to":"","_links_to_target":""},"product_brand":[],"product_cat":[659,675],"product_tag":[799,1190,1191,1174,943,31,196,276,1176,1192,197,198,199,21,200,22,201,203,204,63,25,172,209,1193,1194,1195,292,212,38,192,145,28,253],"class_list":{"0":"post-227","1":"product","2":"type-product","3":"status-publish","4":"has-post-thumbnail","6":"product_cat-electronique-11476903","7":"product_cat-nouveauts-12519446","8":"product_tag-analyse","9":"product_tag-circuit-logique-combinatoire","10":"product_tag-circuits-electroniques","11":"product_tag-circuits-logiques","12":"product_tag-conception","13":"product_tag-ebook","14":"product_tag-ebooks","15":"product_tag-electronique","16":"product_tag-electronique-numerique","17":"product_tag-electronique-numerique-3","18":"product_tag-iste","19":"product_tag-iste-edition","20":"product_tag-iste-editions","21":"product_tag-iste-group","22":"product_tag-isteedition","23":"product_tag-istegroup","24":"product_tag-kindle","25":"product_tag-liseuse","26":"product_tag-livre","27":"product_tag-livre-electronique","28":"product_tag-livre-numerique","29":"product_tag-livre-scientifique","30":"product_tag-livres-scientifiques","31":"product_tag-machines-asynchrones","32":"product_tag-machines-synchrones","33":"product_tag-nombre-fini-detats","34":"product_tag-numerique","35":"product_tag-ouvrage","36":"product_tag-ouvrage-numerique","37":"product_tag-ouvrage-science","38":"product_tag-ouvrage-scientifique","39":"product_tag-ouvrage-scientifique-francais","40":"product_tag-technologie","42":"first","43":"instock","44":"shipping-taxable","45":"purchasable","46":"product-type-variable"},"acf":[],"yoast_head":"<!-- This site is optimized with the Yoast SEO plugin v27.2 - https:\/\/yoast.com\/product\/yoast-seo-wordpress\/ -->\n<title>Electronique num\u00e9rique 3 - ISTE Group<\/title>\n<meta name=\"description\" content=\"Electronique num\u00e9rique 3 couvre les principaux aspects de l\u2019\u00e9lectronique num\u00e9rique relatifs \u00e0 l\u2019analyse et \u00e0 la conception des circuits.\" \/>\n<meta name=\"robots\" content=\"index, follow, max-snippet:-1, max-image-preview:large, max-video-preview:-1\" \/>\n<link rel=\"canonical\" href=\"https:\/\/www.istegroup.com\/en\/produit\/electronique-numerique-3\/\" \/>\n<meta property=\"og:locale\" content=\"en_US\" \/>\n<meta property=\"og:type\" content=\"article\" \/>\n<meta property=\"og:title\" content=\"Electronique num\u00e9rique 3 - ISTE Group\" \/>\n<meta property=\"og:description\" content=\"Electronique num\u00e9rique 3 couvre les principaux aspects de l\u2019\u00e9lectronique num\u00e9rique relatifs \u00e0 l\u2019analyse et \u00e0 la conception des circuits.\" \/>\n<meta property=\"og:url\" content=\"https:\/\/www.istegroup.com\/en\/produit\/electronique-numerique-3\/\" \/>\n<meta property=\"og:site_name\" content=\"ISTE Group\" \/>\n<meta property=\"article:modified_time\" content=\"2024-01-03T13:39:00+00:00\" \/>\n<meta property=\"og:image\" content=\"https:\/\/www.istegroup.com\/wp-content\/uploads\/2017\/07\/12664234052_4977427652-1.jpg\" \/>\n\t<meta property=\"og:image:width\" content=\"1367\" \/>\n\t<meta property=\"og:image:height\" content=\"2048\" \/>\n\t<meta property=\"og:image:type\" content=\"image\/jpeg\" \/>\n<meta name=\"twitter:card\" content=\"summary_large_image\" \/>\n<meta name=\"twitter:label1\" content=\"Est. reading time\" \/>\n\t<meta name=\"twitter:data1\" content=\"1 minute\" \/>\n<script type=\"application\/ld+json\" class=\"yoast-schema-graph\">{\"@context\":\"https:\/\/schema.org\",\"@graph\":[{\"@type\":\"WebPage\",\"@id\":\"https:\/\/www.istegroup.com\/en\/produit\/electronique-numerique-3\/\",\"url\":\"https:\/\/www.istegroup.com\/en\/produit\/electronique-numerique-3\/\",\"name\":\"Electronique num\u00e9rique 3 - ISTE Group\",\"isPartOf\":{\"@id\":\"https:\/\/www.istegroup.com\/#website\"},\"primaryImageOfPage\":{\"@id\":\"https:\/\/www.istegroup.com\/en\/produit\/electronique-numerique-3\/#primaryimage\"},\"image\":{\"@id\":\"https:\/\/www.istegroup.com\/en\/produit\/electronique-numerique-3\/#primaryimage\"},\"thumbnailUrl\":\"https:\/\/www.istegroup.com\/wp-content\/uploads\/2017\/07\/12664234052_4977427652-1.jpg\",\"datePublished\":\"2017-07-28T09:14:25+00:00\",\"dateModified\":\"2024-01-03T13:39:00+00:00\",\"description\":\"Electronique num\u00e9rique 3 couvre les principaux aspects de l\u2019\u00e9lectronique num\u00e9rique relatifs \u00e0 l\u2019analyse et \u00e0 la conception des circuits.\",\"breadcrumb\":{\"@id\":\"https:\/\/www.istegroup.com\/en\/produit\/electronique-numerique-3\/#breadcrumb\"},\"inLanguage\":\"en-US\",\"potentialAction\":[{\"@type\":\"ReadAction\",\"target\":[\"https:\/\/www.istegroup.com\/en\/produit\/electronique-numerique-3\/\"]}]},{\"@type\":\"ImageObject\",\"inLanguage\":\"en-US\",\"@id\":\"https:\/\/www.istegroup.com\/en\/produit\/electronique-numerique-3\/#primaryimage\",\"url\":\"https:\/\/www.istegroup.com\/wp-content\/uploads\/2017\/07\/12664234052_4977427652-1.jpg\",\"contentUrl\":\"https:\/\/www.istegroup.com\/wp-content\/uploads\/2017\/07\/12664234052_4977427652-1.jpg\",\"width\":1367,\"height\":2048,\"caption\":\"Machines avec un nombre fini d'\u00e9tats\"},{\"@type\":\"BreadcrumbList\",\"@id\":\"https:\/\/www.istegroup.com\/en\/produit\/electronique-numerique-3\/#breadcrumb\",\"itemListElement\":[{\"@type\":\"ListItem\",\"position\":1,\"name\":\"Home\",\"item\":\"https:\/\/www.istegroup.com\/\"},{\"@type\":\"ListItem\",\"position\":2,\"name\":\"Shop\",\"item\":\"https:\/\/www.istegroup.com\/fr\/nouveautes\/\"},{\"@type\":\"ListItem\",\"position\":3,\"name\":\"Electronique num\u00e9rique 3\"}]},{\"@type\":\"WebSite\",\"@id\":\"https:\/\/www.istegroup.com\/#website\",\"url\":\"https:\/\/www.istegroup.com\/\",\"name\":\"ISTE Group\",\"description\":\"Publishing Knowledge\",\"potentialAction\":[{\"@type\":\"SearchAction\",\"target\":{\"@type\":\"EntryPoint\",\"urlTemplate\":\"https:\/\/www.istegroup.com\/?s={search_term_string}\"},\"query-input\":{\"@type\":\"PropertyValueSpecification\",\"valueRequired\":true,\"valueName\":\"search_term_string\"}}],\"inLanguage\":\"en-US\"}]}<\/script>\n<!-- \/ Yoast SEO plugin. -->","yoast_head_json":{"title":"Electronique num\u00e9rique 3 - ISTE Group","description":"Electronique num\u00e9rique 3 couvre les principaux aspects de l\u2019\u00e9lectronique num\u00e9rique relatifs \u00e0 l\u2019analyse et \u00e0 la conception des circuits.","robots":{"index":"index","follow":"follow","max-snippet":"max-snippet:-1","max-image-preview":"max-image-preview:large","max-video-preview":"max-video-preview:-1"},"canonical":"https:\/\/www.istegroup.com\/en\/produit\/electronique-numerique-3\/","og_locale":"en_US","og_type":"article","og_title":"Electronique num\u00e9rique 3 - ISTE Group","og_description":"Electronique num\u00e9rique 3 couvre les principaux aspects de l\u2019\u00e9lectronique num\u00e9rique relatifs \u00e0 l\u2019analyse et \u00e0 la conception des circuits.","og_url":"https:\/\/www.istegroup.com\/en\/produit\/electronique-numerique-3\/","og_site_name":"ISTE Group","article_modified_time":"2024-01-03T13:39:00+00:00","og_image":[{"width":1367,"height":2048,"url":"https:\/\/www.istegroup.com\/wp-content\/uploads\/2017\/07\/12664234052_4977427652-1.jpg","type":"image\/jpeg"}],"twitter_card":"summary_large_image","twitter_misc":{"Est. reading time":"1 minute"},"schema":{"@context":"https:\/\/schema.org","@graph":[{"@type":"WebPage","@id":"https:\/\/www.istegroup.com\/en\/produit\/electronique-numerique-3\/","url":"https:\/\/www.istegroup.com\/en\/produit\/electronique-numerique-3\/","name":"Electronique num\u00e9rique 3 - ISTE Group","isPartOf":{"@id":"https:\/\/www.istegroup.com\/#website"},"primaryImageOfPage":{"@id":"https:\/\/www.istegroup.com\/en\/produit\/electronique-numerique-3\/#primaryimage"},"image":{"@id":"https:\/\/www.istegroup.com\/en\/produit\/electronique-numerique-3\/#primaryimage"},"thumbnailUrl":"https:\/\/www.istegroup.com\/wp-content\/uploads\/2017\/07\/12664234052_4977427652-1.jpg","datePublished":"2017-07-28T09:14:25+00:00","dateModified":"2024-01-03T13:39:00+00:00","description":"Electronique num\u00e9rique 3 couvre les principaux aspects de l\u2019\u00e9lectronique num\u00e9rique relatifs \u00e0 l\u2019analyse et \u00e0 la conception des circuits.","breadcrumb":{"@id":"https:\/\/www.istegroup.com\/en\/produit\/electronique-numerique-3\/#breadcrumb"},"inLanguage":"en-US","potentialAction":[{"@type":"ReadAction","target":["https:\/\/www.istegroup.com\/en\/produit\/electronique-numerique-3\/"]}]},{"@type":"ImageObject","inLanguage":"en-US","@id":"https:\/\/www.istegroup.com\/en\/produit\/electronique-numerique-3\/#primaryimage","url":"https:\/\/www.istegroup.com\/wp-content\/uploads\/2017\/07\/12664234052_4977427652-1.jpg","contentUrl":"https:\/\/www.istegroup.com\/wp-content\/uploads\/2017\/07\/12664234052_4977427652-1.jpg","width":1367,"height":2048,"caption":"Machines avec un nombre fini d'\u00e9tats"},{"@type":"BreadcrumbList","@id":"https:\/\/www.istegroup.com\/en\/produit\/electronique-numerique-3\/#breadcrumb","itemListElement":[{"@type":"ListItem","position":1,"name":"Home","item":"https:\/\/www.istegroup.com\/"},{"@type":"ListItem","position":2,"name":"Shop","item":"https:\/\/www.istegroup.com\/fr\/nouveautes\/"},{"@type":"ListItem","position":3,"name":"Electronique num\u00e9rique 3"}]},{"@type":"WebSite","@id":"https:\/\/www.istegroup.com\/#website","url":"https:\/\/www.istegroup.com\/","name":"ISTE Group","description":"Publishing Knowledge","potentialAction":[{"@type":"SearchAction","target":{"@type":"EntryPoint","urlTemplate":"https:\/\/www.istegroup.com\/?s={search_term_string}"},"query-input":{"@type":"PropertyValueSpecification","valueRequired":true,"valueName":"search_term_string"}}],"inLanguage":"en-US"}]}},"_links":{"self":[{"href":"https:\/\/www.istegroup.com\/en\/wp-json\/wp\/v2\/product\/227","targetHints":{"allow":["GET"]}}],"collection":[{"href":"https:\/\/www.istegroup.com\/en\/wp-json\/wp\/v2\/product"}],"about":[{"href":"https:\/\/www.istegroup.com\/en\/wp-json\/wp\/v2\/types\/product"}],"wp:featuredmedia":[{"embeddable":true,"href":"https:\/\/www.istegroup.com\/en\/wp-json\/wp\/v2\/media\/228"}],"wp:attachment":[{"href":"https:\/\/www.istegroup.com\/en\/wp-json\/wp\/v2\/media?parent=227"}],"wp:term":[{"taxonomy":"product_brand","embeddable":true,"href":"https:\/\/www.istegroup.com\/en\/wp-json\/wp\/v2\/product_brand?post=227"},{"taxonomy":"product_cat","embeddable":true,"href":"https:\/\/www.istegroup.com\/en\/wp-json\/wp\/v2\/product_cat?post=227"},{"taxonomy":"product_tag","embeddable":true,"href":"https:\/\/www.istegroup.com\/en\/wp-json\/wp\/v2\/product_tag?post=227"}],"curies":[{"name":"wp","href":"https:\/\/api.w.org\/{rel}","templated":true}]}}