{"id":22242,"date":"2019-12-12T11:53:51","date_gmt":"2019-12-12T11:53:51","guid":{"rendered":"https:\/\/www.istegroup.com\/?post_type=product&#038;p=22242"},"modified":"2024-01-03T13:43:22","modified_gmt":"2024-01-03T13:43:22","slug":"proposition-phrase-enonce","status":"publish","type":"product","link":"https:\/\/www.istegroup.com\/en\/produit\/proposition-phrase-enonce\/","title":{"rendered":"Proposition, phrase, \u00e9nonc\u00e9"},"content":{"rendered":"<p>La triade \u00ab proposition, phrase, \u00e9nonc\u00e9 \u00bb peut \u00eatre \u00e9tudi\u00e9e selon diff\u00e9rentes perspectives disciplinaires : philosophie, histoire de la grammaire, linguistique ou encore philologie. Elle prend sa source dans le discours de la science depuis l\u2019Antiquit\u00e9, et s\u2019est d\u00e9velopp\u00e9e jusqu\u2019\u00e0 nos jours, faisant l\u2019objet d\u2019approches tr\u00e8s vari\u00e9es.<\/p>\n<p><em>Proposition, phrase, \u00e9nonc\u00e9<\/em> retrace l\u2019\u00e9mergence et l\u2019\u00e9volution de ces concepts et en offre une vision d\u2019ensemble. L\u2019ouvrage pr\u00e9sente les probl\u00e9matiques et les difficult\u00e9s m\u00e9thodologiques de ces notions, sans chercher \u00e0 dissimuler les disparit\u00e9s, les oppositions, voire les contradictions de leurs analyses.<\/p>\n<p>C\u2019est finalement de temps long dont il est question dans cet ouvrage, de permanence et de r\u00e9manence, en d\u00e9pit des \u00e9volutions et des variations de ces concepts au cours de l\u2019histoire, ce qui t\u00e9moigne de leur importance et de leur n\u00e9cessit\u00e9.<\/p>\n","protected":false},"excerpt":{"rendered":"<p>La triade \u00ab proposition, phrase, \u00e9nonc\u00e9 \u00bb peut \u00eatre \u00e9tudi\u00e9e selon diff\u00e9rentes perspectives disciplinaires : philosophie, histoire de la grammaire, linguistique ou encore philologie. Elle prend sa source dans le discours de la science depuis l\u2019Antiquit\u00e9, et s\u2019est d\u00e9velopp\u00e9e jusqu\u2019\u00e0 nos jours, faisant l\u2019objet d\u2019approches tr\u00e8s vari\u00e9es. Proposition, phrase, \u00e9nonc\u00e9 retrace l\u2019\u00e9mergence et l\u2019\u00e9volution de [&hellip;]<\/p>\n","protected":false},"featured_media":22248,"template":"","meta":{"_acf_changed":false,"_links_to":"","_links_to_target":""},"product_brand":[],"product_cat":[682],"product_tag":[31,18,19,20,4074,4071,204,63,26,27,212,28,4073,4072],"class_list":{"0":"post-22242","1":"product","2":"type-product","3":"status-publish","4":"has-post-thumbnail","6":"product_cat-sciences-cognitives-12506546","7":"product_tag-ebook","8":"product_tag-edition-scientifique","9":"product_tag-editions-francaise","10":"product_tag-editions-technique","11":"product_tag-enonce","12":"product_tag-franck-neveu","13":"product_tag-livre","14":"product_tag-livre-electronique","15":"product_tag-livre-scientifique-francais","16":"product_tag-livre-technique-francais","17":"product_tag-ouvrage","18":"product_tag-ouvrage-scientifique-francais","19":"product_tag-phrase","20":"product_tag-proposition","22":"first","23":"instock","24":"shipping-taxable","25":"purchasable","26":"product-type-variable"},"acf":[],"yoast_head":"<!-- This site is optimized with the Yoast SEO plugin v27.2 - https:\/\/yoast.com\/product\/yoast-seo-wordpress\/ -->\n<title>Proposition, phrase, \u00e9nonc\u00e9 - ISTE Group<\/title>\n<meta name=\"description\" content=\"Proposition, phrase, \u00e9nonc\u00e9 retrace l\u2019\u00e9mergence et l\u2019\u00e9volution de ces concepts et en offre une vision d\u2019ensemble. L\u2019ouvrage pr\u00e9sente les probl\u00e9matiques et les difficult\u00e9s m\u00e9thodologiques de ces notions, sans chercher \u00e0 dissimuler les disparit\u00e9s, les oppositions, voire les contradictions de leurs analyses.\" \/>\n<meta name=\"robots\" content=\"index, follow, max-snippet:-1, max-image-preview:large, max-video-preview:-1\" \/>\n<link rel=\"canonical\" href=\"https:\/\/www.istegroup.com\/fr\/produit\/proposition-phrase-enonce\/\" \/>\n<meta property=\"og:locale\" content=\"en_US\" \/>\n<meta property=\"og:type\" content=\"article\" \/>\n<meta property=\"og:title\" content=\"Proposition, phrase, \u00e9nonc\u00e9 - ISTE Group\" \/>\n<meta property=\"og:description\" content=\"Proposition, phrase, \u00e9nonc\u00e9 retrace l\u2019\u00e9mergence et l\u2019\u00e9volution de ces concepts et en offre une vision d\u2019ensemble. L\u2019ouvrage pr\u00e9sente les probl\u00e9matiques et les difficult\u00e9s m\u00e9thodologiques de ces notions, sans chercher \u00e0 dissimuler les disparit\u00e9s, les oppositions, voire les contradictions de leurs analyses.\" \/>\n<meta property=\"og:url\" content=\"https:\/\/www.istegroup.com\/fr\/produit\/proposition-phrase-enonce\/\" \/>\n<meta property=\"og:site_name\" content=\"ISTE Group\" \/>\n<meta property=\"article:modified_time\" content=\"2024-01-03T13:43:22+00:00\" \/>\n<meta property=\"og:image\" content=\"https:\/\/www.istegroup.com\/wp-content\/uploads\/2019\/07\/Proposition-phrase-\u00e9nonc\u00e9.jpg\" \/>\n\t<meta property=\"og:image:width\" content=\"300\" \/>\n\t<meta property=\"og:image:height\" content=\"451\" \/>\n\t<meta property=\"og:image:type\" content=\"image\/jpeg\" \/>\n<meta name=\"twitter:card\" content=\"summary_large_image\" \/>\n<meta name=\"twitter:label1\" content=\"Est. reading time\" \/>\n\t<meta name=\"twitter:data1\" content=\"1 minute\" \/>\n<script type=\"application\/ld+json\" class=\"yoast-schema-graph\">{\"@context\":\"https:\/\/schema.org\",\"@graph\":[{\"@type\":\"WebPage\",\"@id\":\"https:\/\/www.istegroup.com\/fr\/produit\/proposition-phrase-enonce\/\",\"url\":\"https:\/\/www.istegroup.com\/fr\/produit\/proposition-phrase-enonce\/\",\"name\":\"Proposition, phrase, \u00e9nonc\u00e9 - ISTE Group\",\"isPartOf\":{\"@id\":\"https:\/\/www.istegroup.com\/#website\"},\"primaryImageOfPage\":{\"@id\":\"https:\/\/www.istegroup.com\/fr\/produit\/proposition-phrase-enonce\/#primaryimage\"},\"image\":{\"@id\":\"https:\/\/www.istegroup.com\/fr\/produit\/proposition-phrase-enonce\/#primaryimage\"},\"thumbnailUrl\":\"https:\/\/www.istegroup.com\/wp-content\/uploads\/2019\/07\/Proposition-phrase-\u00e9nonc\u00e9.jpg\",\"datePublished\":\"2019-12-12T11:53:51+00:00\",\"dateModified\":\"2024-01-03T13:43:22+00:00\",\"description\":\"Proposition, phrase, \u00e9nonc\u00e9 retrace l\u2019\u00e9mergence et l\u2019\u00e9volution de ces concepts et en offre une vision d\u2019ensemble. L\u2019ouvrage pr\u00e9sente les probl\u00e9matiques et les difficult\u00e9s m\u00e9thodologiques de ces notions, sans chercher \u00e0 dissimuler les disparit\u00e9s, les oppositions, voire les contradictions de leurs analyses.\",\"breadcrumb\":{\"@id\":\"https:\/\/www.istegroup.com\/fr\/produit\/proposition-phrase-enonce\/#breadcrumb\"},\"inLanguage\":\"en-US\",\"potentialAction\":[{\"@type\":\"ReadAction\",\"target\":[\"https:\/\/www.istegroup.com\/fr\/produit\/proposition-phrase-enonce\/\"]}]},{\"@type\":\"ImageObject\",\"inLanguage\":\"en-US\",\"@id\":\"https:\/\/www.istegroup.com\/fr\/produit\/proposition-phrase-enonce\/#primaryimage\",\"url\":\"https:\/\/www.istegroup.com\/wp-content\/uploads\/2019\/07\/Proposition-phrase-\u00e9nonc\u00e9.jpg\",\"contentUrl\":\"https:\/\/www.istegroup.com\/wp-content\/uploads\/2019\/07\/Proposition-phrase-\u00e9nonc\u00e9.jpg\",\"width\":300,\"height\":451,\"caption\":\"linguistique et philosophie\"},{\"@type\":\"BreadcrumbList\",\"@id\":\"https:\/\/www.istegroup.com\/fr\/produit\/proposition-phrase-enonce\/#breadcrumb\",\"itemListElement\":[{\"@type\":\"ListItem\",\"position\":1,\"name\":\"Home\",\"item\":\"https:\/\/www.istegroup.com\/\"},{\"@type\":\"ListItem\",\"position\":2,\"name\":\"Shop\",\"item\":\"https:\/\/www.istegroup.com\/fr\/nouveautes\/\"},{\"@type\":\"ListItem\",\"position\":3,\"name\":\"Proposition, phrase, \u00e9nonc\u00e9\"}]},{\"@type\":\"WebSite\",\"@id\":\"https:\/\/www.istegroup.com\/#website\",\"url\":\"https:\/\/www.istegroup.com\/\",\"name\":\"ISTE Group\",\"description\":\"Publishing Knowledge\",\"potentialAction\":[{\"@type\":\"SearchAction\",\"target\":{\"@type\":\"EntryPoint\",\"urlTemplate\":\"https:\/\/www.istegroup.com\/?s={search_term_string}\"},\"query-input\":{\"@type\":\"PropertyValueSpecification\",\"valueRequired\":true,\"valueName\":\"search_term_string\"}}],\"inLanguage\":\"en-US\"}]}<\/script>\n<!-- \/ Yoast SEO plugin. -->","yoast_head_json":{"title":"Proposition, phrase, \u00e9nonc\u00e9 - ISTE Group","description":"Proposition, phrase, \u00e9nonc\u00e9 retrace l\u2019\u00e9mergence et l\u2019\u00e9volution de ces concepts et en offre une vision d\u2019ensemble. L\u2019ouvrage pr\u00e9sente les probl\u00e9matiques et les difficult\u00e9s m\u00e9thodologiques de ces notions, sans chercher \u00e0 dissimuler les disparit\u00e9s, les oppositions, voire les contradictions de leurs analyses.","robots":{"index":"index","follow":"follow","max-snippet":"max-snippet:-1","max-image-preview":"max-image-preview:large","max-video-preview":"max-video-preview:-1"},"canonical":"https:\/\/www.istegroup.com\/fr\/produit\/proposition-phrase-enonce\/","og_locale":"en_US","og_type":"article","og_title":"Proposition, phrase, \u00e9nonc\u00e9 - ISTE Group","og_description":"Proposition, phrase, \u00e9nonc\u00e9 retrace l\u2019\u00e9mergence et l\u2019\u00e9volution de ces concepts et en offre une vision d\u2019ensemble. L\u2019ouvrage pr\u00e9sente les probl\u00e9matiques et les difficult\u00e9s m\u00e9thodologiques de ces notions, sans chercher \u00e0 dissimuler les disparit\u00e9s, les oppositions, voire les contradictions de leurs analyses.","og_url":"https:\/\/www.istegroup.com\/fr\/produit\/proposition-phrase-enonce\/","og_site_name":"ISTE Group","article_modified_time":"2024-01-03T13:43:22+00:00","og_image":[{"width":300,"height":451,"url":"https:\/\/www.istegroup.com\/wp-content\/uploads\/2019\/07\/Proposition-phrase-\u00e9nonc\u00e9.jpg","type":"image\/jpeg"}],"twitter_card":"summary_large_image","twitter_misc":{"Est. reading time":"1 minute"},"schema":{"@context":"https:\/\/schema.org","@graph":[{"@type":"WebPage","@id":"https:\/\/www.istegroup.com\/fr\/produit\/proposition-phrase-enonce\/","url":"https:\/\/www.istegroup.com\/fr\/produit\/proposition-phrase-enonce\/","name":"Proposition, phrase, \u00e9nonc\u00e9 - ISTE Group","isPartOf":{"@id":"https:\/\/www.istegroup.com\/#website"},"primaryImageOfPage":{"@id":"https:\/\/www.istegroup.com\/fr\/produit\/proposition-phrase-enonce\/#primaryimage"},"image":{"@id":"https:\/\/www.istegroup.com\/fr\/produit\/proposition-phrase-enonce\/#primaryimage"},"thumbnailUrl":"https:\/\/www.istegroup.com\/wp-content\/uploads\/2019\/07\/Proposition-phrase-\u00e9nonc\u00e9.jpg","datePublished":"2019-12-12T11:53:51+00:00","dateModified":"2024-01-03T13:43:22+00:00","description":"Proposition, phrase, \u00e9nonc\u00e9 retrace l\u2019\u00e9mergence et l\u2019\u00e9volution de ces concepts et en offre une vision d\u2019ensemble. L\u2019ouvrage pr\u00e9sente les probl\u00e9matiques et les difficult\u00e9s m\u00e9thodologiques de ces notions, sans chercher \u00e0 dissimuler les disparit\u00e9s, les oppositions, voire les contradictions de leurs analyses.","breadcrumb":{"@id":"https:\/\/www.istegroup.com\/fr\/produit\/proposition-phrase-enonce\/#breadcrumb"},"inLanguage":"en-US","potentialAction":[{"@type":"ReadAction","target":["https:\/\/www.istegroup.com\/fr\/produit\/proposition-phrase-enonce\/"]}]},{"@type":"ImageObject","inLanguage":"en-US","@id":"https:\/\/www.istegroup.com\/fr\/produit\/proposition-phrase-enonce\/#primaryimage","url":"https:\/\/www.istegroup.com\/wp-content\/uploads\/2019\/07\/Proposition-phrase-\u00e9nonc\u00e9.jpg","contentUrl":"https:\/\/www.istegroup.com\/wp-content\/uploads\/2019\/07\/Proposition-phrase-\u00e9nonc\u00e9.jpg","width":300,"height":451,"caption":"linguistique et philosophie"},{"@type":"BreadcrumbList","@id":"https:\/\/www.istegroup.com\/fr\/produit\/proposition-phrase-enonce\/#breadcrumb","itemListElement":[{"@type":"ListItem","position":1,"name":"Home","item":"https:\/\/www.istegroup.com\/"},{"@type":"ListItem","position":2,"name":"Shop","item":"https:\/\/www.istegroup.com\/fr\/nouveautes\/"},{"@type":"ListItem","position":3,"name":"Proposition, phrase, \u00e9nonc\u00e9"}]},{"@type":"WebSite","@id":"https:\/\/www.istegroup.com\/#website","url":"https:\/\/www.istegroup.com\/","name":"ISTE Group","description":"Publishing Knowledge","potentialAction":[{"@type":"SearchAction","target":{"@type":"EntryPoint","urlTemplate":"https:\/\/www.istegroup.com\/?s={search_term_string}"},"query-input":{"@type":"PropertyValueSpecification","valueRequired":true,"valueName":"search_term_string"}}],"inLanguage":"en-US"}]}},"_links":{"self":[{"href":"https:\/\/www.istegroup.com\/en\/wp-json\/wp\/v2\/product\/22242","targetHints":{"allow":["GET"]}}],"collection":[{"href":"https:\/\/www.istegroup.com\/en\/wp-json\/wp\/v2\/product"}],"about":[{"href":"https:\/\/www.istegroup.com\/en\/wp-json\/wp\/v2\/types\/product"}],"wp:featuredmedia":[{"embeddable":true,"href":"https:\/\/www.istegroup.com\/en\/wp-json\/wp\/v2\/media\/22248"}],"wp:attachment":[{"href":"https:\/\/www.istegroup.com\/en\/wp-json\/wp\/v2\/media?parent=22242"}],"wp:term":[{"taxonomy":"product_brand","embeddable":true,"href":"https:\/\/www.istegroup.com\/en\/wp-json\/wp\/v2\/product_brand?post=22242"},{"taxonomy":"product_cat","embeddable":true,"href":"https:\/\/www.istegroup.com\/en\/wp-json\/wp\/v2\/product_cat?post=22242"},{"taxonomy":"product_tag","embeddable":true,"href":"https:\/\/www.istegroup.com\/en\/wp-json\/wp\/v2\/product_tag?post=22242"}],"curies":[{"name":"wp","href":"https:\/\/api.w.org\/{rel}","templated":true}]}}