{"id":22192,"date":"2019-12-12T15:52:14","date_gmt":"2019-12-12T15:52:14","guid":{"rendered":"https:\/\/www.istegroup.com\/?post_type=product&#038;p=22192"},"modified":"2024-01-03T13:43:19","modified_gmt":"2024-01-03T13:43:19","slug":"le-bruit-en-electronique-radiofrequence-et-sa-mesure","status":"publish","type":"product","link":"https:\/\/www.istegroup.com\/en\/produit\/le-bruit-en-electronique-radiofrequence-et-sa-mesure\/","title":{"rendered":"Le bruit en \u00e9lectronique radiofr\u00e9quence et sa mesure"},"content":{"rendered":"<p>La capacit\u00e9 des objets communicants sans fil \u00e0 transmettre des informations fiables est fondamentalement limit\u00e9e par les sources de bruit propres aux composants \u00e9lectroniques utilis\u00e9s.<\/p>\n<p>Cet ouvrage traite de l\u2019origine du bruit de fond dans les circuits \u00e9lectroniques radiofr\u00e9quences, de son impact en t\u00e9l\u00e9communications, de sa mod\u00e9lisation et de sa mesure. L\u2019accent est particuli\u00e8rement mis sur l\u2019origine, l\u2019\u00e9tablissement et la signification des formules qui sont utilis\u00e9es lorsqu\u2019il s\u2019agit de mod\u00e9liser ou de mesurer des caract\u00e9ristiques en bruit d\u2019un circuit \u00e9lectronique. L\u2019objectif est que le lecteur soit capable d\u2019appliquer les m\u00e9thodes adapt\u00e9es \u00e0 son probl\u00e8me et d\u2019utiliser \u00e0 bon escient ces formules.<\/p>\n<p><em>Le bruit en \u00e9lectronique radiofr\u00e9quence et sa mesure<\/em> comporte cinq chapitres th\u00e9oriques et des exercices corrig\u00e9s.<\/p>\n","protected":false},"excerpt":{"rendered":"<p>La capacit\u00e9 des objets communicants sans fil \u00e0 transmettre des informations fiables est fondamentalement limit\u00e9e par les sources de bruit propres aux composants \u00e9lectroniques utilis\u00e9s. Cet ouvrage traite de l\u2019origine du bruit de fond dans les circuits \u00e9lectroniques radiofr\u00e9quences, de son impact en t\u00e9l\u00e9communications, de sa mod\u00e9lisation et de sa mesure. L\u2019accent est particuli\u00e8rement mis [&hellip;]<\/p>\n","protected":false},"featured_media":22198,"template":"","meta":{"_acf_changed":false,"_links_to":"","_links_to_target":""},"product_brand":[],"product_cat":[659],"product_tag":[1987,31,18,19,20,4068,4067,204,63,25,26,212,28],"class_list":{"0":"post-22192","1":"product","2":"type-product","3":"status-publish","4":"has-post-thumbnail","6":"product_cat-electronique-11476903","7":"product_tag-bruit","8":"product_tag-ebook","9":"product_tag-edition-scientifique","10":"product_tag-editions-francaise","11":"product_tag-editions-technique","12":"product_tag-electronique-radiofrequence","13":"product_tag-francois-fouquet","14":"product_tag-livre","15":"product_tag-livre-electronique","16":"product_tag-livre-numerique","17":"product_tag-livre-scientifique-francais","18":"product_tag-ouvrage","19":"product_tag-ouvrage-scientifique-francais","21":"first","22":"instock","23":"shipping-taxable","24":"purchasable","25":"product-type-variable"},"acf":[],"yoast_head":"<!-- This site is optimized with the Yoast SEO plugin v27.2 - https:\/\/yoast.com\/product\/yoast-seo-wordpress\/ -->\n<title>Le bruit en \u00e9lectronique radiofr\u00e9quence et sa mesure - ISTE Group<\/title>\n<meta name=\"description\" content=\"Cet ouvrage traite de l\u2019origine du bruit de fond dans les circuits \u00e9lectroniques radiofr\u00e9quences, de son impact en t\u00e9l\u00e9communications, de sa mod\u00e9lisation et de sa mesure.\" \/>\n<meta name=\"robots\" content=\"index, follow, max-snippet:-1, max-image-preview:large, max-video-preview:-1\" \/>\n<link rel=\"canonical\" href=\"https:\/\/www.istegroup.com\/fr\/produit\/le-bruit-en-electronique-radiofrequence-et-sa-mesure\/\" \/>\n<meta property=\"og:locale\" content=\"en_US\" \/>\n<meta property=\"og:type\" content=\"article\" \/>\n<meta property=\"og:title\" content=\"Le bruit en \u00e9lectronique radiofr\u00e9quence et sa mesure - ISTE Group\" \/>\n<meta property=\"og:description\" content=\"Cet ouvrage traite de l\u2019origine du bruit de fond dans les circuits \u00e9lectroniques radiofr\u00e9quences, de son impact en t\u00e9l\u00e9communications, de sa mod\u00e9lisation et de sa mesure.\" \/>\n<meta property=\"og:url\" content=\"https:\/\/www.istegroup.com\/fr\/produit\/le-bruit-en-electronique-radiofrequence-et-sa-mesure\/\" \/>\n<meta property=\"og:site_name\" content=\"ISTE Group\" \/>\n<meta property=\"article:modified_time\" content=\"2024-01-03T13:43:19+00:00\" \/>\n<meta property=\"og:image\" content=\"https:\/\/www.istegroup.com\/wp-content\/uploads\/2019\/07\/Le-bruit-en-\u00e9lectronique-radiofr\u00e9quence-et-sa-mesure.jpg\" \/>\n\t<meta property=\"og:image:width\" content=\"300\" \/>\n\t<meta property=\"og:image:height\" content=\"451\" \/>\n\t<meta property=\"og:image:type\" content=\"image\/jpeg\" \/>\n<meta name=\"twitter:card\" content=\"summary_large_image\" \/>\n<meta name=\"twitter:label1\" content=\"Est. reading time\" \/>\n\t<meta name=\"twitter:data1\" content=\"1 minute\" \/>\n<script type=\"application\/ld+json\" class=\"yoast-schema-graph\">{\"@context\":\"https:\/\/schema.org\",\"@graph\":[{\"@type\":\"WebPage\",\"@id\":\"https:\/\/www.istegroup.com\/fr\/produit\/le-bruit-en-electronique-radiofrequence-et-sa-mesure\/\",\"url\":\"https:\/\/www.istegroup.com\/fr\/produit\/le-bruit-en-electronique-radiofrequence-et-sa-mesure\/\",\"name\":\"Le bruit en \u00e9lectronique radiofr\u00e9quence et sa mesure - ISTE Group\",\"isPartOf\":{\"@id\":\"https:\/\/www.istegroup.com\/#website\"},\"primaryImageOfPage\":{\"@id\":\"https:\/\/www.istegroup.com\/fr\/produit\/le-bruit-en-electronique-radiofrequence-et-sa-mesure\/#primaryimage\"},\"image\":{\"@id\":\"https:\/\/www.istegroup.com\/fr\/produit\/le-bruit-en-electronique-radiofrequence-et-sa-mesure\/#primaryimage\"},\"thumbnailUrl\":\"https:\/\/www.istegroup.com\/wp-content\/uploads\/2019\/07\/Le-bruit-en-\u00e9lectronique-radiofr\u00e9quence-et-sa-mesure.jpg\",\"datePublished\":\"2019-12-12T15:52:14+00:00\",\"dateModified\":\"2024-01-03T13:43:19+00:00\",\"description\":\"Cet ouvrage traite de l\u2019origine du bruit de fond dans les circuits \u00e9lectroniques radiofr\u00e9quences, de son impact en t\u00e9l\u00e9communications, de sa mod\u00e9lisation et de sa mesure.\",\"breadcrumb\":{\"@id\":\"https:\/\/www.istegroup.com\/fr\/produit\/le-bruit-en-electronique-radiofrequence-et-sa-mesure\/#breadcrumb\"},\"inLanguage\":\"en-US\",\"potentialAction\":[{\"@type\":\"ReadAction\",\"target\":[\"https:\/\/www.istegroup.com\/fr\/produit\/le-bruit-en-electronique-radiofrequence-et-sa-mesure\/\"]}]},{\"@type\":\"ImageObject\",\"inLanguage\":\"en-US\",\"@id\":\"https:\/\/www.istegroup.com\/fr\/produit\/le-bruit-en-electronique-radiofrequence-et-sa-mesure\/#primaryimage\",\"url\":\"https:\/\/www.istegroup.com\/wp-content\/uploads\/2019\/07\/Le-bruit-en-\u00e9lectronique-radiofr\u00e9quence-et-sa-mesure.jpg\",\"contentUrl\":\"https:\/\/www.istegroup.com\/wp-content\/uploads\/2019\/07\/Le-bruit-en-\u00e9lectronique-radiofr\u00e9quence-et-sa-mesure.jpg\",\"width\":300,\"height\":451,\"caption\":\"Le bruit en \u00e9lectronique radiofr\u00e9quence et sa mesure\"},{\"@type\":\"BreadcrumbList\",\"@id\":\"https:\/\/www.istegroup.com\/fr\/produit\/le-bruit-en-electronique-radiofrequence-et-sa-mesure\/#breadcrumb\",\"itemListElement\":[{\"@type\":\"ListItem\",\"position\":1,\"name\":\"Home\",\"item\":\"https:\/\/www.istegroup.com\/\"},{\"@type\":\"ListItem\",\"position\":2,\"name\":\"Shop\",\"item\":\"https:\/\/www.istegroup.com\/fr\/nouveautes\/\"},{\"@type\":\"ListItem\",\"position\":3,\"name\":\"Le bruit en \u00e9lectronique radiofr\u00e9quence et sa mesure\"}]},{\"@type\":\"WebSite\",\"@id\":\"https:\/\/www.istegroup.com\/#website\",\"url\":\"https:\/\/www.istegroup.com\/\",\"name\":\"ISTE Group\",\"description\":\"Publishing Knowledge\",\"potentialAction\":[{\"@type\":\"SearchAction\",\"target\":{\"@type\":\"EntryPoint\",\"urlTemplate\":\"https:\/\/www.istegroup.com\/?s={search_term_string}\"},\"query-input\":{\"@type\":\"PropertyValueSpecification\",\"valueRequired\":true,\"valueName\":\"search_term_string\"}}],\"inLanguage\":\"en-US\"}]}<\/script>\n<!-- \/ Yoast SEO plugin. -->","yoast_head_json":{"title":"Le bruit en \u00e9lectronique radiofr\u00e9quence et sa mesure - ISTE Group","description":"Cet ouvrage traite de l\u2019origine du bruit de fond dans les circuits \u00e9lectroniques radiofr\u00e9quences, de son impact en t\u00e9l\u00e9communications, de sa mod\u00e9lisation et de sa mesure.","robots":{"index":"index","follow":"follow","max-snippet":"max-snippet:-1","max-image-preview":"max-image-preview:large","max-video-preview":"max-video-preview:-1"},"canonical":"https:\/\/www.istegroup.com\/fr\/produit\/le-bruit-en-electronique-radiofrequence-et-sa-mesure\/","og_locale":"en_US","og_type":"article","og_title":"Le bruit en \u00e9lectronique radiofr\u00e9quence et sa mesure - ISTE Group","og_description":"Cet ouvrage traite de l\u2019origine du bruit de fond dans les circuits \u00e9lectroniques radiofr\u00e9quences, de son impact en t\u00e9l\u00e9communications, de sa mod\u00e9lisation et de sa mesure.","og_url":"https:\/\/www.istegroup.com\/fr\/produit\/le-bruit-en-electronique-radiofrequence-et-sa-mesure\/","og_site_name":"ISTE Group","article_modified_time":"2024-01-03T13:43:19+00:00","og_image":[{"width":300,"height":451,"url":"https:\/\/www.istegroup.com\/wp-content\/uploads\/2019\/07\/Le-bruit-en-\u00e9lectronique-radiofr\u00e9quence-et-sa-mesure.jpg","type":"image\/jpeg"}],"twitter_card":"summary_large_image","twitter_misc":{"Est. reading time":"1 minute"},"schema":{"@context":"https:\/\/schema.org","@graph":[{"@type":"WebPage","@id":"https:\/\/www.istegroup.com\/fr\/produit\/le-bruit-en-electronique-radiofrequence-et-sa-mesure\/","url":"https:\/\/www.istegroup.com\/fr\/produit\/le-bruit-en-electronique-radiofrequence-et-sa-mesure\/","name":"Le bruit en \u00e9lectronique radiofr\u00e9quence et sa mesure - ISTE Group","isPartOf":{"@id":"https:\/\/www.istegroup.com\/#website"},"primaryImageOfPage":{"@id":"https:\/\/www.istegroup.com\/fr\/produit\/le-bruit-en-electronique-radiofrequence-et-sa-mesure\/#primaryimage"},"image":{"@id":"https:\/\/www.istegroup.com\/fr\/produit\/le-bruit-en-electronique-radiofrequence-et-sa-mesure\/#primaryimage"},"thumbnailUrl":"https:\/\/www.istegroup.com\/wp-content\/uploads\/2019\/07\/Le-bruit-en-\u00e9lectronique-radiofr\u00e9quence-et-sa-mesure.jpg","datePublished":"2019-12-12T15:52:14+00:00","dateModified":"2024-01-03T13:43:19+00:00","description":"Cet ouvrage traite de l\u2019origine du bruit de fond dans les circuits \u00e9lectroniques radiofr\u00e9quences, de son impact en t\u00e9l\u00e9communications, de sa mod\u00e9lisation et de sa mesure.","breadcrumb":{"@id":"https:\/\/www.istegroup.com\/fr\/produit\/le-bruit-en-electronique-radiofrequence-et-sa-mesure\/#breadcrumb"},"inLanguage":"en-US","potentialAction":[{"@type":"ReadAction","target":["https:\/\/www.istegroup.com\/fr\/produit\/le-bruit-en-electronique-radiofrequence-et-sa-mesure\/"]}]},{"@type":"ImageObject","inLanguage":"en-US","@id":"https:\/\/www.istegroup.com\/fr\/produit\/le-bruit-en-electronique-radiofrequence-et-sa-mesure\/#primaryimage","url":"https:\/\/www.istegroup.com\/wp-content\/uploads\/2019\/07\/Le-bruit-en-\u00e9lectronique-radiofr\u00e9quence-et-sa-mesure.jpg","contentUrl":"https:\/\/www.istegroup.com\/wp-content\/uploads\/2019\/07\/Le-bruit-en-\u00e9lectronique-radiofr\u00e9quence-et-sa-mesure.jpg","width":300,"height":451,"caption":"Le bruit en \u00e9lectronique radiofr\u00e9quence et sa mesure"},{"@type":"BreadcrumbList","@id":"https:\/\/www.istegroup.com\/fr\/produit\/le-bruit-en-electronique-radiofrequence-et-sa-mesure\/#breadcrumb","itemListElement":[{"@type":"ListItem","position":1,"name":"Home","item":"https:\/\/www.istegroup.com\/"},{"@type":"ListItem","position":2,"name":"Shop","item":"https:\/\/www.istegroup.com\/fr\/nouveautes\/"},{"@type":"ListItem","position":3,"name":"Le bruit en \u00e9lectronique radiofr\u00e9quence et sa mesure"}]},{"@type":"WebSite","@id":"https:\/\/www.istegroup.com\/#website","url":"https:\/\/www.istegroup.com\/","name":"ISTE Group","description":"Publishing Knowledge","potentialAction":[{"@type":"SearchAction","target":{"@type":"EntryPoint","urlTemplate":"https:\/\/www.istegroup.com\/?s={search_term_string}"},"query-input":{"@type":"PropertyValueSpecification","valueRequired":true,"valueName":"search_term_string"}}],"inLanguage":"en-US"}]}},"_links":{"self":[{"href":"https:\/\/www.istegroup.com\/en\/wp-json\/wp\/v2\/product\/22192","targetHints":{"allow":["GET"]}}],"collection":[{"href":"https:\/\/www.istegroup.com\/en\/wp-json\/wp\/v2\/product"}],"about":[{"href":"https:\/\/www.istegroup.com\/en\/wp-json\/wp\/v2\/types\/product"}],"wp:featuredmedia":[{"embeddable":true,"href":"https:\/\/www.istegroup.com\/en\/wp-json\/wp\/v2\/media\/22198"}],"wp:attachment":[{"href":"https:\/\/www.istegroup.com\/en\/wp-json\/wp\/v2\/media?parent=22192"}],"wp:term":[{"taxonomy":"product_brand","embeddable":true,"href":"https:\/\/www.istegroup.com\/en\/wp-json\/wp\/v2\/product_brand?post=22192"},{"taxonomy":"product_cat","embeddable":true,"href":"https:\/\/www.istegroup.com\/en\/wp-json\/wp\/v2\/product_cat?post=22192"},{"taxonomy":"product_tag","embeddable":true,"href":"https:\/\/www.istegroup.com\/en\/wp-json\/wp\/v2\/product_tag?post=22192"}],"curies":[{"name":"wp","href":"https:\/\/api.w.org\/{rel}","templated":true}]}}