{"id":22133,"date":"2019-09-27T11:45:51","date_gmt":"2019-09-27T10:45:51","guid":{"rendered":"https:\/\/www.istegroup.com\/?post_type=product&#038;p=22133"},"modified":"2024-01-03T14:38:47","modified_gmt":"2024-01-03T14:38:47","slug":"impact-climatique-des-activites","status":"publish","type":"product","link":"https:\/\/www.istegroup.com\/en\/produit\/impact-climatique-des-activites\/","title":{"rendered":"Impact climatique des activit\u00e9s"},"content":{"rendered":"<p>En mati\u00e8re d\u2019environnement, quelle que soit l\u2019\u00e9chelle, la logique du colibri am\u00e9rindien qui \u00ab fait sa part \u00bb devrait pr\u00e9valoir. Ne pas faire d\u00e9pendre son action de celle des autres est en effet la condition <em>sine qua non<\/em> du changement global vers une \u00e9conomie r\u00e9g\u00e9n\u00e9ratrice de l\u2019humain et des \u00e9cosyst\u00e8mes, expurg\u00e9e des pollutions massives li\u00e9es en particulier \u00e0 l\u2019utilisation du p\u00e9trole. Pour pr\u00e9venir le r\u00e9chauffement climatique, les petites et moyennes organisations peuvent apporter leur contribution sans engager des moyens d\u2019\u00e9tude disproportionn\u00e9s.<\/p>\n<p><em>Impact climatique des activit\u00e9s<\/em> offre une aide m\u00e9thodologique et pratique pr\u00e9cieuse pour \u00e9tablir un diagnostic complet et fiable des \u00e9missions de gaz \u00e0 effet de serre et pour penser des actions correctives correspondantes.<\/p>\n<p>Cet ouvrage guide le lecteur pas \u00e0 pas dans l\u2019\u00e9laboration d\u2019un bilan d\u2019\u00e9missions \u00e9clair\u00e9e par des \u00e9tudes de cas r\u00e9alistes et pouss\u00e9es, en toute conformit\u00e9 avec les pr\u00e9conisations m\u00e9thodologiques officielles.<\/p>\n","protected":false},"excerpt":{"rendered":"<p>En mati\u00e8re d\u2019environnement, quelle que soit l\u2019\u00e9chelle, la logique du colibri am\u00e9rindien qui \u00ab fait sa part \u00bb devrait pr\u00e9valoir. Ne pas faire d\u00e9pendre son action de celle des autres est en effet la condition sine qua non du changement global vers une \u00e9conomie r\u00e9g\u00e9n\u00e9ratrice de l\u2019humain et des \u00e9cosyst\u00e8mes, expurg\u00e9e des pollutions massives li\u00e9es [&hellip;]<\/p>\n","protected":false},"featured_media":22139,"template":"","meta":{"_acf_changed":false,"_links_to":"","_links_to_target":""},"product_brand":[],"product_cat":[658],"product_tag":[31,18,19,20,4083,4082,26,28,29],"class_list":{"0":"post-22133","1":"product","2":"type-product","3":"status-publish","4":"has-post-thumbnail","6":"product_cat-ecologie-14419669","7":"product_tag-ebook","8":"product_tag-edition-scientifique","9":"product_tag-editions-francaise","10":"product_tag-editions-technique","11":"product_tag-impact-climatique","12":"product_tag-jean-yves-rossignol","13":"product_tag-livre-scientifique-francais","14":"product_tag-ouvrage-scientifique-francais","15":"product_tag-ouvrage-technique","17":"first","18":"instock","19":"shipping-taxable","20":"purchasable","21":"product-type-variable"},"acf":[],"yoast_head":"<!-- This site is optimized with the Yoast SEO plugin v27.2 - https:\/\/yoast.com\/product\/yoast-seo-wordpress\/ -->\n<title>Impact climatique des activit\u00e9s - ISTE Group<\/title>\n<meta name=\"description\" content=\"Impact climatique des activit\u00e9s offre une aide m\u00e9thodologique et pratique pr\u00e9cieuse pour \u00e9tablir un diagnostic complet et fiable des \u00e9missions de gaz \u00e0 effet de serre et pour penser des actions correctives correspondantes.\" \/>\n<meta name=\"robots\" content=\"index, follow, max-snippet:-1, max-image-preview:large, max-video-preview:-1\" \/>\n<link rel=\"canonical\" href=\"https:\/\/www.istegroup.com\/en\/produit\/impact-climatique-des-activites\/\" \/>\n<meta property=\"og:locale\" content=\"en_US\" \/>\n<meta property=\"og:type\" content=\"article\" \/>\n<meta property=\"og:title\" content=\"Impact climatique des activit\u00e9s - ISTE Group\" \/>\n<meta property=\"og:description\" content=\"Impact climatique des activit\u00e9s offre une aide m\u00e9thodologique et pratique pr\u00e9cieuse pour \u00e9tablir un diagnostic complet et fiable des \u00e9missions de gaz \u00e0 effet de serre et pour penser des actions correctives correspondantes.\" \/>\n<meta property=\"og:url\" content=\"https:\/\/www.istegroup.com\/en\/produit\/impact-climatique-des-activites\/\" \/>\n<meta property=\"og:site_name\" content=\"ISTE Group\" \/>\n<meta property=\"article:modified_time\" content=\"2024-01-03T14:38:47+00:00\" \/>\n<meta property=\"og:image\" content=\"https:\/\/www.istegroup.com\/wp-content\/uploads\/2019\/07\/Impact-climatique-des-activit\u00e9s.jpg\" \/>\n\t<meta property=\"og:image:width\" content=\"300\" \/>\n\t<meta property=\"og:image:height\" content=\"452\" \/>\n\t<meta property=\"og:image:type\" content=\"image\/jpeg\" \/>\n<meta name=\"twitter:card\" content=\"summary_large_image\" \/>\n<meta name=\"twitter:label1\" content=\"Est. reading time\" \/>\n\t<meta name=\"twitter:data1\" content=\"1 minute\" \/>\n<script type=\"application\/ld+json\" class=\"yoast-schema-graph\">{\"@context\":\"https:\/\/schema.org\",\"@graph\":[{\"@type\":\"WebPage\",\"@id\":\"https:\/\/www.istegroup.com\/en\/produit\/impact-climatique-des-activites\/\",\"url\":\"https:\/\/www.istegroup.com\/en\/produit\/impact-climatique-des-activites\/\",\"name\":\"Impact climatique des activit\u00e9s - ISTE Group\",\"isPartOf\":{\"@id\":\"https:\/\/www.istegroup.com\/#website\"},\"primaryImageOfPage\":{\"@id\":\"https:\/\/www.istegroup.com\/en\/produit\/impact-climatique-des-activites\/#primaryimage\"},\"image\":{\"@id\":\"https:\/\/www.istegroup.com\/en\/produit\/impact-climatique-des-activites\/#primaryimage\"},\"thumbnailUrl\":\"https:\/\/www.istegroup.com\/wp-content\/uploads\/2019\/07\/Impact-climatique-des-activit\u00e9s.jpg\",\"datePublished\":\"2019-09-27T10:45:51+00:00\",\"dateModified\":\"2024-01-03T14:38:47+00:00\",\"description\":\"Impact climatique des activit\u00e9s offre une aide m\u00e9thodologique et pratique pr\u00e9cieuse pour \u00e9tablir un diagnostic complet et fiable des \u00e9missions de gaz \u00e0 effet de serre et pour penser des actions correctives correspondantes.\",\"breadcrumb\":{\"@id\":\"https:\/\/www.istegroup.com\/en\/produit\/impact-climatique-des-activites\/#breadcrumb\"},\"inLanguage\":\"en-US\",\"potentialAction\":[{\"@type\":\"ReadAction\",\"target\":[\"https:\/\/www.istegroup.com\/en\/produit\/impact-climatique-des-activites\/\"]}]},{\"@type\":\"ImageObject\",\"inLanguage\":\"en-US\",\"@id\":\"https:\/\/www.istegroup.com\/en\/produit\/impact-climatique-des-activites\/#primaryimage\",\"url\":\"https:\/\/www.istegroup.com\/wp-content\/uploads\/2019\/07\/Impact-climatique-des-activit\u00e9s.jpg\",\"contentUrl\":\"https:\/\/www.istegroup.com\/wp-content\/uploads\/2019\/07\/Impact-climatique-des-activit\u00e9s.jpg\",\"width\":300,\"height\":452,\"caption\":\"guide m\u00e9thodologique pour l\u2019analyse et l\u2019action\"},{\"@type\":\"BreadcrumbList\",\"@id\":\"https:\/\/www.istegroup.com\/en\/produit\/impact-climatique-des-activites\/#breadcrumb\",\"itemListElement\":[{\"@type\":\"ListItem\",\"position\":1,\"name\":\"Home\",\"item\":\"https:\/\/www.istegroup.com\/\"},{\"@type\":\"ListItem\",\"position\":2,\"name\":\"Shop\",\"item\":\"https:\/\/www.istegroup.com\/fr\/nouveautes\/\"},{\"@type\":\"ListItem\",\"position\":3,\"name\":\"Impact climatique des activit\u00e9s\"}]},{\"@type\":\"WebSite\",\"@id\":\"https:\/\/www.istegroup.com\/#website\",\"url\":\"https:\/\/www.istegroup.com\/\",\"name\":\"ISTE Group\",\"description\":\"Publishing Knowledge\",\"potentialAction\":[{\"@type\":\"SearchAction\",\"target\":{\"@type\":\"EntryPoint\",\"urlTemplate\":\"https:\/\/www.istegroup.com\/?s={search_term_string}\"},\"query-input\":{\"@type\":\"PropertyValueSpecification\",\"valueRequired\":true,\"valueName\":\"search_term_string\"}}],\"inLanguage\":\"en-US\"}]}<\/script>\n<!-- \/ Yoast SEO plugin. -->","yoast_head_json":{"title":"Impact climatique des activit\u00e9s - ISTE Group","description":"Impact climatique des activit\u00e9s offre une aide m\u00e9thodologique et pratique pr\u00e9cieuse pour \u00e9tablir un diagnostic complet et fiable des \u00e9missions de gaz \u00e0 effet de serre et pour penser des actions correctives correspondantes.","robots":{"index":"index","follow":"follow","max-snippet":"max-snippet:-1","max-image-preview":"max-image-preview:large","max-video-preview":"max-video-preview:-1"},"canonical":"https:\/\/www.istegroup.com\/en\/produit\/impact-climatique-des-activites\/","og_locale":"en_US","og_type":"article","og_title":"Impact climatique des activit\u00e9s - ISTE Group","og_description":"Impact climatique des activit\u00e9s offre une aide m\u00e9thodologique et pratique pr\u00e9cieuse pour \u00e9tablir un diagnostic complet et fiable des \u00e9missions de gaz \u00e0 effet de serre et pour penser des actions correctives correspondantes.","og_url":"https:\/\/www.istegroup.com\/en\/produit\/impact-climatique-des-activites\/","og_site_name":"ISTE Group","article_modified_time":"2024-01-03T14:38:47+00:00","og_image":[{"width":300,"height":452,"url":"https:\/\/www.istegroup.com\/wp-content\/uploads\/2019\/07\/Impact-climatique-des-activit\u00e9s.jpg","type":"image\/jpeg"}],"twitter_card":"summary_large_image","twitter_misc":{"Est. reading time":"1 minute"},"schema":{"@context":"https:\/\/schema.org","@graph":[{"@type":"WebPage","@id":"https:\/\/www.istegroup.com\/en\/produit\/impact-climatique-des-activites\/","url":"https:\/\/www.istegroup.com\/en\/produit\/impact-climatique-des-activites\/","name":"Impact climatique des activit\u00e9s - ISTE Group","isPartOf":{"@id":"https:\/\/www.istegroup.com\/#website"},"primaryImageOfPage":{"@id":"https:\/\/www.istegroup.com\/en\/produit\/impact-climatique-des-activites\/#primaryimage"},"image":{"@id":"https:\/\/www.istegroup.com\/en\/produit\/impact-climatique-des-activites\/#primaryimage"},"thumbnailUrl":"https:\/\/www.istegroup.com\/wp-content\/uploads\/2019\/07\/Impact-climatique-des-activit\u00e9s.jpg","datePublished":"2019-09-27T10:45:51+00:00","dateModified":"2024-01-03T14:38:47+00:00","description":"Impact climatique des activit\u00e9s offre une aide m\u00e9thodologique et pratique pr\u00e9cieuse pour \u00e9tablir un diagnostic complet et fiable des \u00e9missions de gaz \u00e0 effet de serre et pour penser des actions correctives correspondantes.","breadcrumb":{"@id":"https:\/\/www.istegroup.com\/en\/produit\/impact-climatique-des-activites\/#breadcrumb"},"inLanguage":"en-US","potentialAction":[{"@type":"ReadAction","target":["https:\/\/www.istegroup.com\/en\/produit\/impact-climatique-des-activites\/"]}]},{"@type":"ImageObject","inLanguage":"en-US","@id":"https:\/\/www.istegroup.com\/en\/produit\/impact-climatique-des-activites\/#primaryimage","url":"https:\/\/www.istegroup.com\/wp-content\/uploads\/2019\/07\/Impact-climatique-des-activit\u00e9s.jpg","contentUrl":"https:\/\/www.istegroup.com\/wp-content\/uploads\/2019\/07\/Impact-climatique-des-activit\u00e9s.jpg","width":300,"height":452,"caption":"guide m\u00e9thodologique pour l\u2019analyse et l\u2019action"},{"@type":"BreadcrumbList","@id":"https:\/\/www.istegroup.com\/en\/produit\/impact-climatique-des-activites\/#breadcrumb","itemListElement":[{"@type":"ListItem","position":1,"name":"Home","item":"https:\/\/www.istegroup.com\/"},{"@type":"ListItem","position":2,"name":"Shop","item":"https:\/\/www.istegroup.com\/fr\/nouveautes\/"},{"@type":"ListItem","position":3,"name":"Impact climatique des activit\u00e9s"}]},{"@type":"WebSite","@id":"https:\/\/www.istegroup.com\/#website","url":"https:\/\/www.istegroup.com\/","name":"ISTE Group","description":"Publishing Knowledge","potentialAction":[{"@type":"SearchAction","target":{"@type":"EntryPoint","urlTemplate":"https:\/\/www.istegroup.com\/?s={search_term_string}"},"query-input":{"@type":"PropertyValueSpecification","valueRequired":true,"valueName":"search_term_string"}}],"inLanguage":"en-US"}]}},"_links":{"self":[{"href":"https:\/\/www.istegroup.com\/en\/wp-json\/wp\/v2\/product\/22133","targetHints":{"allow":["GET"]}}],"collection":[{"href":"https:\/\/www.istegroup.com\/en\/wp-json\/wp\/v2\/product"}],"about":[{"href":"https:\/\/www.istegroup.com\/en\/wp-json\/wp\/v2\/types\/product"}],"wp:featuredmedia":[{"embeddable":true,"href":"https:\/\/www.istegroup.com\/en\/wp-json\/wp\/v2\/media\/22139"}],"wp:attachment":[{"href":"https:\/\/www.istegroup.com\/en\/wp-json\/wp\/v2\/media?parent=22133"}],"wp:term":[{"taxonomy":"product_brand","embeddable":true,"href":"https:\/\/www.istegroup.com\/en\/wp-json\/wp\/v2\/product_brand?post=22133"},{"taxonomy":"product_cat","embeddable":true,"href":"https:\/\/www.istegroup.com\/en\/wp-json\/wp\/v2\/product_cat?post=22133"},{"taxonomy":"product_tag","embeddable":true,"href":"https:\/\/www.istegroup.com\/en\/wp-json\/wp\/v2\/product_tag?post=22133"}],"curies":[{"name":"wp","href":"https:\/\/api.w.org\/{rel}","templated":true}]}}