{"id":22117,"date":"2019-09-27T10:36:03","date_gmt":"2019-09-27T09:36:03","guid":{"rendered":"https:\/\/www.istegroup.com\/?post_type=product&#038;p=22117"},"modified":"2024-01-03T13:43:19","modified_gmt":"2024-01-03T13:43:19","slug":"la-fabrique-de-la-trace","status":"publish","type":"product","link":"https:\/\/www.istegroup.com\/en\/produit\/la-fabrique-de-la-trace\/","title":{"rendered":"La fabrique de la trace"},"content":{"rendered":"<p>La collecte et le traitement des traces de ce que nous sommes et de ce que nous faisons suscitent le d\u00e9sir, le pouvoir et l\u2019inqui\u00e9tude. Mais savons-nous r\u00e9ellement ce qu\u2019est une trace ?<\/p>\n<p>L\u2019\u00e9vidence des traces masque la complexit\u00e9 des processus qui permettent de les produire, de les interpr\u00e9ter et de les utiliser. Cet ouvrage propose une d\u00e9marche raisonn\u00e9e pour analyser la trace comme objet et comme signe, comprendre comment les m\u00e9dias participent \u00e0 sa cr\u00e9ation et \u00e0 son d\u00e9ploiement, et mettre en \u00e9vidence les enjeux que soul\u00e8ve la vie des traces dans la vie sociale. Il offre une mise en perspective historique, un retour aux th\u00e9ories fondatrices et l\u2019\u00e9tude d\u2019un grand nombre de dispositifs diff\u00e9rents.<\/p>\n<p><em>La fabrique de la trace<\/em> est un outil de pens\u00e9e et de travail destin\u00e9 aux chercheurs, aux acteurs sociaux et aux professionnels confront\u00e9s \u00e0 l\u2019existence, au traitement et \u00e0 l\u2019interpr\u00e9tation des traces de la soci\u00e9t\u00e9 et de la culture.<\/p>\n","protected":false},"excerpt":{"rendered":"<p>La collecte et le traitement des traces de ce que nous sommes et de ce que nous faisons suscitent le d\u00e9sir, le pouvoir et l\u2019inqui\u00e9tude. Mais savons-nous r\u00e9ellement ce qu\u2019est une trace ? L\u2019\u00e9vidence des traces masque la complexit\u00e9 des processus qui permettent de les produire, de les interpr\u00e9ter et de les utiliser. Cet ouvrage [&hellip;]<\/p>\n","protected":false},"featured_media":22122,"template":"","meta":{"_acf_changed":false,"_links_to":"","_links_to_target":""},"product_brand":[],"product_cat":[684,4084],"product_tag":[31,18,20,26,28,214,3635,4085],"class_list":{"0":"post-22117","1":"product","2":"type-product","3":"status-publish","4":"has-post-thumbnail","6":"product_cat-sciences-socit-et-nouvelles-technologies-188422468","7":"product_cat-serie-traces","8":"product_tag-ebook","9":"product_tag-edition-scientifique","10":"product_tag-editions-technique","11":"product_tag-livre-scientifique-francais","12":"product_tag-ouvrage-scientifique-francais","13":"product_tag-ouvrages-techniques","14":"product_tag-traces","15":"product_tag-yves-jeanneret","17":"first","18":"instock","19":"shipping-taxable","20":"purchasable","21":"product-type-variable"},"acf":[],"yoast_head":"<!-- This site is optimized with the Yoast SEO plugin v27.2 - https:\/\/yoast.com\/product\/yoast-seo-wordpress\/ -->\n<title>La fabrique de la trace - ISTE Group<\/title>\n<meta name=\"description\" content=\"Cet ouvrage propose une d\u00e9marche raisonn\u00e9e pour analyser la trace comme objet et comme signe, comprendre comment les m\u00e9dias participent \u00e0 sa cr\u00e9ation et \u00e0 son d\u00e9ploiement, et mettre en \u00e9vidence les enjeux que soul\u00e8ve la vie des traces dans la vie sociale.\" \/>\n<meta name=\"robots\" content=\"index, follow, max-snippet:-1, max-image-preview:large, max-video-preview:-1\" \/>\n<link rel=\"canonical\" href=\"https:\/\/www.istegroup.com\/en\/produit\/la-fabrique-de-la-trace\/\" \/>\n<meta property=\"og:locale\" content=\"en_US\" \/>\n<meta property=\"og:type\" content=\"article\" \/>\n<meta property=\"og:title\" content=\"La fabrique de la trace - ISTE Group\" \/>\n<meta property=\"og:description\" content=\"Cet ouvrage propose une d\u00e9marche raisonn\u00e9e pour analyser la trace comme objet et comme signe, comprendre comment les m\u00e9dias participent \u00e0 sa cr\u00e9ation et \u00e0 son d\u00e9ploiement, et mettre en \u00e9vidence les enjeux que soul\u00e8ve la vie des traces dans la vie sociale.\" \/>\n<meta property=\"og:url\" content=\"https:\/\/www.istegroup.com\/en\/produit\/la-fabrique-de-la-trace\/\" \/>\n<meta property=\"og:site_name\" content=\"ISTE Group\" \/>\n<meta property=\"article:modified_time\" content=\"2024-01-03T13:43:19+00:00\" \/>\n<meta property=\"og:image\" content=\"https:\/\/www.istegroup.com\/wp-content\/uploads\/2019\/07\/La-fabrique-de-la-trace.jpg\" \/>\n\t<meta property=\"og:image:width\" content=\"300\" \/>\n\t<meta property=\"og:image:height\" content=\"450\" \/>\n\t<meta property=\"og:image:type\" content=\"image\/jpeg\" \/>\n<meta name=\"twitter:card\" content=\"summary_large_image\" \/>\n<meta name=\"twitter:label1\" content=\"Est. reading time\" \/>\n\t<meta name=\"twitter:data1\" content=\"1 minute\" \/>\n<script type=\"application\/ld+json\" class=\"yoast-schema-graph\">{\"@context\":\"https:\/\/schema.org\",\"@graph\":[{\"@type\":\"WebPage\",\"@id\":\"https:\/\/www.istegroup.com\/en\/produit\/la-fabrique-de-la-trace\/\",\"url\":\"https:\/\/www.istegroup.com\/en\/produit\/la-fabrique-de-la-trace\/\",\"name\":\"La fabrique de la trace - ISTE Group\",\"isPartOf\":{\"@id\":\"https:\/\/www.istegroup.com\/#website\"},\"primaryImageOfPage\":{\"@id\":\"https:\/\/www.istegroup.com\/en\/produit\/la-fabrique-de-la-trace\/#primaryimage\"},\"image\":{\"@id\":\"https:\/\/www.istegroup.com\/en\/produit\/la-fabrique-de-la-trace\/#primaryimage\"},\"thumbnailUrl\":\"https:\/\/www.istegroup.com\/wp-content\/uploads\/2019\/07\/La-fabrique-de-la-trace.jpg\",\"datePublished\":\"2019-09-27T09:36:03+00:00\",\"dateModified\":\"2024-01-03T13:43:19+00:00\",\"description\":\"Cet ouvrage propose une d\u00e9marche raisonn\u00e9e pour analyser la trace comme objet et comme signe, comprendre comment les m\u00e9dias participent \u00e0 sa cr\u00e9ation et \u00e0 son d\u00e9ploiement, et mettre en \u00e9vidence les enjeux que soul\u00e8ve la vie des traces dans la vie sociale.\",\"breadcrumb\":{\"@id\":\"https:\/\/www.istegroup.com\/en\/produit\/la-fabrique-de-la-trace\/#breadcrumb\"},\"inLanguage\":\"en-US\",\"potentialAction\":[{\"@type\":\"ReadAction\",\"target\":[\"https:\/\/www.istegroup.com\/en\/produit\/la-fabrique-de-la-trace\/\"]}]},{\"@type\":\"ImageObject\",\"inLanguage\":\"en-US\",\"@id\":\"https:\/\/www.istegroup.com\/en\/produit\/la-fabrique-de-la-trace\/#primaryimage\",\"url\":\"https:\/\/www.istegroup.com\/wp-content\/uploads\/2019\/07\/La-fabrique-de-la-trace.jpg\",\"contentUrl\":\"https:\/\/www.istegroup.com\/wp-content\/uploads\/2019\/07\/La-fabrique-de-la-trace.jpg\",\"width\":300,\"height\":450,\"caption\":\"La fabrique de la trace\"},{\"@type\":\"BreadcrumbList\",\"@id\":\"https:\/\/www.istegroup.com\/en\/produit\/la-fabrique-de-la-trace\/#breadcrumb\",\"itemListElement\":[{\"@type\":\"ListItem\",\"position\":1,\"name\":\"Home\",\"item\":\"https:\/\/www.istegroup.com\/\"},{\"@type\":\"ListItem\",\"position\":2,\"name\":\"Shop\",\"item\":\"https:\/\/www.istegroup.com\/fr\/nouveautes\/\"},{\"@type\":\"ListItem\",\"position\":3,\"name\":\"La fabrique de la trace\"}]},{\"@type\":\"WebSite\",\"@id\":\"https:\/\/www.istegroup.com\/#website\",\"url\":\"https:\/\/www.istegroup.com\/\",\"name\":\"ISTE Group\",\"description\":\"Publishing Knowledge\",\"potentialAction\":[{\"@type\":\"SearchAction\",\"target\":{\"@type\":\"EntryPoint\",\"urlTemplate\":\"https:\/\/www.istegroup.com\/?s={search_term_string}\"},\"query-input\":{\"@type\":\"PropertyValueSpecification\",\"valueRequired\":true,\"valueName\":\"search_term_string\"}}],\"inLanguage\":\"en-US\"}]}<\/script>\n<!-- \/ Yoast SEO plugin. -->","yoast_head_json":{"title":"La fabrique de la trace - ISTE Group","description":"Cet ouvrage propose une d\u00e9marche raisonn\u00e9e pour analyser la trace comme objet et comme signe, comprendre comment les m\u00e9dias participent \u00e0 sa cr\u00e9ation et \u00e0 son d\u00e9ploiement, et mettre en \u00e9vidence les enjeux que soul\u00e8ve la vie des traces dans la vie sociale.","robots":{"index":"index","follow":"follow","max-snippet":"max-snippet:-1","max-image-preview":"max-image-preview:large","max-video-preview":"max-video-preview:-1"},"canonical":"https:\/\/www.istegroup.com\/en\/produit\/la-fabrique-de-la-trace\/","og_locale":"en_US","og_type":"article","og_title":"La fabrique de la trace - ISTE Group","og_description":"Cet ouvrage propose une d\u00e9marche raisonn\u00e9e pour analyser la trace comme objet et comme signe, comprendre comment les m\u00e9dias participent \u00e0 sa cr\u00e9ation et \u00e0 son d\u00e9ploiement, et mettre en \u00e9vidence les enjeux que soul\u00e8ve la vie des traces dans la vie sociale.","og_url":"https:\/\/www.istegroup.com\/en\/produit\/la-fabrique-de-la-trace\/","og_site_name":"ISTE Group","article_modified_time":"2024-01-03T13:43:19+00:00","og_image":[{"width":300,"height":450,"url":"https:\/\/www.istegroup.com\/wp-content\/uploads\/2019\/07\/La-fabrique-de-la-trace.jpg","type":"image\/jpeg"}],"twitter_card":"summary_large_image","twitter_misc":{"Est. reading time":"1 minute"},"schema":{"@context":"https:\/\/schema.org","@graph":[{"@type":"WebPage","@id":"https:\/\/www.istegroup.com\/en\/produit\/la-fabrique-de-la-trace\/","url":"https:\/\/www.istegroup.com\/en\/produit\/la-fabrique-de-la-trace\/","name":"La fabrique de la trace - ISTE Group","isPartOf":{"@id":"https:\/\/www.istegroup.com\/#website"},"primaryImageOfPage":{"@id":"https:\/\/www.istegroup.com\/en\/produit\/la-fabrique-de-la-trace\/#primaryimage"},"image":{"@id":"https:\/\/www.istegroup.com\/en\/produit\/la-fabrique-de-la-trace\/#primaryimage"},"thumbnailUrl":"https:\/\/www.istegroup.com\/wp-content\/uploads\/2019\/07\/La-fabrique-de-la-trace.jpg","datePublished":"2019-09-27T09:36:03+00:00","dateModified":"2024-01-03T13:43:19+00:00","description":"Cet ouvrage propose une d\u00e9marche raisonn\u00e9e pour analyser la trace comme objet et comme signe, comprendre comment les m\u00e9dias participent \u00e0 sa cr\u00e9ation et \u00e0 son d\u00e9ploiement, et mettre en \u00e9vidence les enjeux que soul\u00e8ve la vie des traces dans la vie sociale.","breadcrumb":{"@id":"https:\/\/www.istegroup.com\/en\/produit\/la-fabrique-de-la-trace\/#breadcrumb"},"inLanguage":"en-US","potentialAction":[{"@type":"ReadAction","target":["https:\/\/www.istegroup.com\/en\/produit\/la-fabrique-de-la-trace\/"]}]},{"@type":"ImageObject","inLanguage":"en-US","@id":"https:\/\/www.istegroup.com\/en\/produit\/la-fabrique-de-la-trace\/#primaryimage","url":"https:\/\/www.istegroup.com\/wp-content\/uploads\/2019\/07\/La-fabrique-de-la-trace.jpg","contentUrl":"https:\/\/www.istegroup.com\/wp-content\/uploads\/2019\/07\/La-fabrique-de-la-trace.jpg","width":300,"height":450,"caption":"La fabrique de la trace"},{"@type":"BreadcrumbList","@id":"https:\/\/www.istegroup.com\/en\/produit\/la-fabrique-de-la-trace\/#breadcrumb","itemListElement":[{"@type":"ListItem","position":1,"name":"Home","item":"https:\/\/www.istegroup.com\/"},{"@type":"ListItem","position":2,"name":"Shop","item":"https:\/\/www.istegroup.com\/fr\/nouveautes\/"},{"@type":"ListItem","position":3,"name":"La fabrique de la trace"}]},{"@type":"WebSite","@id":"https:\/\/www.istegroup.com\/#website","url":"https:\/\/www.istegroup.com\/","name":"ISTE Group","description":"Publishing Knowledge","potentialAction":[{"@type":"SearchAction","target":{"@type":"EntryPoint","urlTemplate":"https:\/\/www.istegroup.com\/?s={search_term_string}"},"query-input":{"@type":"PropertyValueSpecification","valueRequired":true,"valueName":"search_term_string"}}],"inLanguage":"en-US"}]}},"_links":{"self":[{"href":"https:\/\/www.istegroup.com\/en\/wp-json\/wp\/v2\/product\/22117","targetHints":{"allow":["GET"]}}],"collection":[{"href":"https:\/\/www.istegroup.com\/en\/wp-json\/wp\/v2\/product"}],"about":[{"href":"https:\/\/www.istegroup.com\/en\/wp-json\/wp\/v2\/types\/product"}],"wp:featuredmedia":[{"embeddable":true,"href":"https:\/\/www.istegroup.com\/en\/wp-json\/wp\/v2\/media\/22122"}],"wp:attachment":[{"href":"https:\/\/www.istegroup.com\/en\/wp-json\/wp\/v2\/media?parent=22117"}],"wp:term":[{"taxonomy":"product_brand","embeddable":true,"href":"https:\/\/www.istegroup.com\/en\/wp-json\/wp\/v2\/product_brand?post=22117"},{"taxonomy":"product_cat","embeddable":true,"href":"https:\/\/www.istegroup.com\/en\/wp-json\/wp\/v2\/product_cat?post=22117"},{"taxonomy":"product_tag","embeddable":true,"href":"https:\/\/www.istegroup.com\/en\/wp-json\/wp\/v2\/product_tag?post=22117"}],"curies":[{"name":"wp","href":"https:\/\/api.w.org\/{rel}","templated":true}]}}