{"id":221,"date":"2017-07-28T11:14:09","date_gmt":"2017-07-28T09:14:09","guid":{"rendered":"https:\/\/iste.yhello.co\/product\/electronique-de-puissance-pour-lindustrie-et-les-transports-5\/"},"modified":"2024-01-03T13:38:55","modified_gmt":"2024-01-03T13:38:55","slug":"electronique-de-puissance-pour-lindustrie-et-les-transports-5","status":"publish","type":"product","link":"https:\/\/www.istegroup.com\/en\/produit\/electronique-de-puissance-pour-lindustrie-et-les-transports-5\/","title":{"rendered":"Electronique de puissance pour l\u2019industrie et les transports 5"},"content":{"rendered":"<p>L&#8217;\u00e9lectronique de puissance comme celle d\u00e9di\u00e9e au traitement du signal ne peut, en pratique,<br \/>\nfonctionner de fa\u00e7on ind\u00e9pendante. Trois \u00e9l\u00e9ments sont indispensables pour la conception de convertisseurs fiables et performants :<br \/>\n&#8211; les capteurs et leurs circuits de conditionnement associ\u00e9s pour la mesure des courants, des tensions et des temp\u00e9ratures ;<br \/>\n&#8211; les dispositifs de protection des circuits \u00e9lectriques et \u00e9lectroniques (surtensions, ESD, surintensit\u00e9s, courts-circuits) ainsi que les normes relatives \u00e0 ces protections, y compris pour les utilisations en atmosph\u00e8re explosive et les indices de protection des appareils ;<br \/>\n&#8211; les composants qui permettent le stockage d&#8217;\u00e9nergie \u00e9lectrique comme les condensateurs, les supercondensateurs et les batteries ainsi que les outils \u00e9valuant leur \u00e9tat de charge ou contr\u00f4lant leur \u00e9quilibrage.<\/p>\n<p><em>Electronique de puissance pour l&#8217;industrie et les transports 5<\/em>\u00a0pr\u00e9sente un panorama des solutions actuelles en mati\u00e8re de circuits de mesure, de protections et de stockage d\u2019\u00e9nergie. Il propose \u00e9galement une ouverture sur le calcul d&#8217;incertitude qui s\u2019av\u00e8re utile pour caract\u00e9riser les performances d&#8217;une cha\u00eene d&#8217;acquisition de mesures.<\/p>\n","protected":false},"excerpt":{"rendered":"<p>L&#8217;\u00e9lectronique de puissance comme celle d\u00e9di\u00e9e au traitement du signal ne peut, en pratique, fonctionner de fa\u00e7on ind\u00e9pendante. Trois \u00e9l\u00e9ments sont indispensables pour la conception de convertisseurs fiables et performants : &#8211; les capteurs et leurs circuits de conditionnement associ\u00e9s pour la mesure des courants, des tensions et des temp\u00e9ratures ; &#8211; les dispositifs de [&hellip;]<\/p>\n","protected":false},"featured_media":222,"template":"","meta":{"_acf_changed":false,"_links_to":"","_links_to_target":""},"product_brand":[],"product_cat":[659],"product_tag":[1165,1166,31,196,276,1167,296,1168,197,198,199,21,200,22,201,203,204,63,25,172,209,1169,212,38,192,145,28,1170,1159,1171,253,262,331],"class_list":{"0":"post-221","1":"product","2":"type-product","3":"status-publish","4":"has-post-thumbnail","6":"product_cat-electronique-11476903","7":"product_tag-capteurs","8":"product_tag-circuit","9":"product_tag-ebook","10":"product_tag-ebooks","11":"product_tag-electronique","12":"product_tag-electronique-de-puissance-pour-lindustrie-et-les-transports-5","13":"product_tag-energie","14":"product_tag-indsutrie","15":"product_tag-iste","16":"product_tag-iste-edition","17":"product_tag-iste-editions","18":"product_tag-iste-group","19":"product_tag-isteedition","20":"product_tag-istegroup","21":"product_tag-kindle","22":"product_tag-liseuse","23":"product_tag-livre","24":"product_tag-livre-electronique","25":"product_tag-livre-numerique","26":"product_tag-livre-scientifique","27":"product_tag-livres-scientifiques","28":"product_tag-mesure","29":"product_tag-ouvrage","30":"product_tag-ouvrage-numerique","31":"product_tag-ouvrage-science","32":"product_tag-ouvrage-scientifique","33":"product_tag-ouvrage-scientifique-francais","34":"product_tag-protection","35":"product_tag-puissance","36":"product_tag-stockage","37":"product_tag-technologie","38":"product_tag-technologies","39":"product_tag-transports","41":"first","42":"instock","43":"shipping-taxable","44":"purchasable","45":"product-type-variable"},"acf":[],"yoast_head":"<!-- This site is optimized with the Yoast SEO plugin v27.2 - https:\/\/yoast.com\/product\/yoast-seo-wordpress\/ -->\n<title>Electronique de puissance pour l\u2019industrie et les transports 5 - ISTE Group<\/title>\n<meta name=\"description\" content=\"Electronique de puissance pour l&#039;industrie et les transports 5\u00a0pr\u00e9sente des solutions en mati\u00e8re de circuits de mesure, de protections et de stockage d\u2019\u00e9nergie.\" \/>\n<meta name=\"robots\" content=\"index, follow, max-snippet:-1, max-image-preview:large, max-video-preview:-1\" \/>\n<link rel=\"canonical\" href=\"https:\/\/www.istegroup.com\/fr\/produit\/electronique-de-puissance-pour-lindustrie-et-les-transports-5\/\" \/>\n<meta property=\"og:locale\" content=\"en_US\" \/>\n<meta property=\"og:type\" content=\"article\" \/>\n<meta property=\"og:title\" content=\"Electronique de puissance pour l\u2019industrie et les transports 5 - ISTE Group\" \/>\n<meta property=\"og:description\" content=\"Electronique de puissance pour l&#039;industrie et les transports 5\u00a0pr\u00e9sente des solutions en mati\u00e8re de circuits de mesure, de protections et de stockage d\u2019\u00e9nergie.\" \/>\n<meta property=\"og:url\" content=\"https:\/\/www.istegroup.com\/fr\/produit\/electronique-de-puissance-pour-lindustrie-et-les-transports-5\/\" \/>\n<meta property=\"og:site_name\" content=\"ISTE Group\" \/>\n<meta property=\"article:modified_time\" content=\"2024-01-03T13:38:55+00:00\" \/>\n<meta property=\"og:image\" content=\"https:\/\/www.istegroup.com\/wp-content\/uploads\/2017\/07\/4482744580_1813350724-1.jpg\" \/>\n\t<meta property=\"og:image:width\" content=\"300\" \/>\n\t<meta property=\"og:image:height\" content=\"452\" \/>\n\t<meta property=\"og:image:type\" content=\"image\/jpeg\" \/>\n<meta name=\"twitter:card\" content=\"summary_large_image\" \/>\n<meta name=\"twitter:label1\" content=\"Est. reading time\" \/>\n\t<meta name=\"twitter:data1\" content=\"1 minute\" \/>\n<script type=\"application\/ld+json\" class=\"yoast-schema-graph\">{\"@context\":\"https:\/\/schema.org\",\"@graph\":[{\"@type\":\"WebPage\",\"@id\":\"https:\/\/www.istegroup.com\/fr\/produit\/electronique-de-puissance-pour-lindustrie-et-les-transports-5\/\",\"url\":\"https:\/\/www.istegroup.com\/fr\/produit\/electronique-de-puissance-pour-lindustrie-et-les-transports-5\/\",\"name\":\"Electronique de puissance pour l\u2019industrie et les transports 5 - ISTE Group\",\"isPartOf\":{\"@id\":\"https:\/\/www.istegroup.com\/#website\"},\"primaryImageOfPage\":{\"@id\":\"https:\/\/www.istegroup.com\/fr\/produit\/electronique-de-puissance-pour-lindustrie-et-les-transports-5\/#primaryimage\"},\"image\":{\"@id\":\"https:\/\/www.istegroup.com\/fr\/produit\/electronique-de-puissance-pour-lindustrie-et-les-transports-5\/#primaryimage\"},\"thumbnailUrl\":\"https:\/\/www.istegroup.com\/wp-content\/uploads\/2017\/07\/4482744580_1813350724-1.jpg\",\"datePublished\":\"2017-07-28T09:14:09+00:00\",\"dateModified\":\"2024-01-03T13:38:55+00:00\",\"description\":\"Electronique de puissance pour l'industrie et les transports 5\u00a0pr\u00e9sente des solutions en mati\u00e8re de circuits de mesure, de protections et de stockage d\u2019\u00e9nergie.\",\"breadcrumb\":{\"@id\":\"https:\/\/www.istegroup.com\/fr\/produit\/electronique-de-puissance-pour-lindustrie-et-les-transports-5\/#breadcrumb\"},\"inLanguage\":\"en-US\",\"potentialAction\":[{\"@type\":\"ReadAction\",\"target\":[\"https:\/\/www.istegroup.com\/fr\/produit\/electronique-de-puissance-pour-lindustrie-et-les-transports-5\/\"]}]},{\"@type\":\"ImageObject\",\"inLanguage\":\"en-US\",\"@id\":\"https:\/\/www.istegroup.com\/fr\/produit\/electronique-de-puissance-pour-lindustrie-et-les-transports-5\/#primaryimage\",\"url\":\"https:\/\/www.istegroup.com\/wp-content\/uploads\/2017\/07\/4482744580_1813350724-1.jpg\",\"contentUrl\":\"https:\/\/www.istegroup.com\/wp-content\/uploads\/2017\/07\/4482744580_1813350724-1.jpg\",\"width\":300,\"height\":452,\"caption\":\"Circuits de mesure, protections et stockage d\u2019\u00e9nergie\"},{\"@type\":\"BreadcrumbList\",\"@id\":\"https:\/\/www.istegroup.com\/fr\/produit\/electronique-de-puissance-pour-lindustrie-et-les-transports-5\/#breadcrumb\",\"itemListElement\":[{\"@type\":\"ListItem\",\"position\":1,\"name\":\"Home\",\"item\":\"https:\/\/www.istegroup.com\/\"},{\"@type\":\"ListItem\",\"position\":2,\"name\":\"Shop\",\"item\":\"https:\/\/www.istegroup.com\/fr\/nouveautes\/\"},{\"@type\":\"ListItem\",\"position\":3,\"name\":\"Electronique de puissance pour l\u2019industrie et les transports 5\"}]},{\"@type\":\"WebSite\",\"@id\":\"https:\/\/www.istegroup.com\/#website\",\"url\":\"https:\/\/www.istegroup.com\/\",\"name\":\"ISTE Group\",\"description\":\"Publishing Knowledge\",\"potentialAction\":[{\"@type\":\"SearchAction\",\"target\":{\"@type\":\"EntryPoint\",\"urlTemplate\":\"https:\/\/www.istegroup.com\/?s={search_term_string}\"},\"query-input\":{\"@type\":\"PropertyValueSpecification\",\"valueRequired\":true,\"valueName\":\"search_term_string\"}}],\"inLanguage\":\"en-US\"}]}<\/script>\n<!-- \/ Yoast SEO plugin. -->","yoast_head_json":{"title":"Electronique de puissance pour l\u2019industrie et les transports 5 - ISTE Group","description":"Electronique de puissance pour l'industrie et les transports 5\u00a0pr\u00e9sente des solutions en mati\u00e8re de circuits de mesure, de protections et de stockage d\u2019\u00e9nergie.","robots":{"index":"index","follow":"follow","max-snippet":"max-snippet:-1","max-image-preview":"max-image-preview:large","max-video-preview":"max-video-preview:-1"},"canonical":"https:\/\/www.istegroup.com\/fr\/produit\/electronique-de-puissance-pour-lindustrie-et-les-transports-5\/","og_locale":"en_US","og_type":"article","og_title":"Electronique de puissance pour l\u2019industrie et les transports 5 - ISTE Group","og_description":"Electronique de puissance pour l'industrie et les transports 5\u00a0pr\u00e9sente des solutions en mati\u00e8re de circuits de mesure, de protections et de stockage d\u2019\u00e9nergie.","og_url":"https:\/\/www.istegroup.com\/fr\/produit\/electronique-de-puissance-pour-lindustrie-et-les-transports-5\/","og_site_name":"ISTE Group","article_modified_time":"2024-01-03T13:38:55+00:00","og_image":[{"width":300,"height":452,"url":"https:\/\/www.istegroup.com\/wp-content\/uploads\/2017\/07\/4482744580_1813350724-1.jpg","type":"image\/jpeg"}],"twitter_card":"summary_large_image","twitter_misc":{"Est. reading time":"1 minute"},"schema":{"@context":"https:\/\/schema.org","@graph":[{"@type":"WebPage","@id":"https:\/\/www.istegroup.com\/fr\/produit\/electronique-de-puissance-pour-lindustrie-et-les-transports-5\/","url":"https:\/\/www.istegroup.com\/fr\/produit\/electronique-de-puissance-pour-lindustrie-et-les-transports-5\/","name":"Electronique de puissance pour l\u2019industrie et les transports 5 - ISTE Group","isPartOf":{"@id":"https:\/\/www.istegroup.com\/#website"},"primaryImageOfPage":{"@id":"https:\/\/www.istegroup.com\/fr\/produit\/electronique-de-puissance-pour-lindustrie-et-les-transports-5\/#primaryimage"},"image":{"@id":"https:\/\/www.istegroup.com\/fr\/produit\/electronique-de-puissance-pour-lindustrie-et-les-transports-5\/#primaryimage"},"thumbnailUrl":"https:\/\/www.istegroup.com\/wp-content\/uploads\/2017\/07\/4482744580_1813350724-1.jpg","datePublished":"2017-07-28T09:14:09+00:00","dateModified":"2024-01-03T13:38:55+00:00","description":"Electronique de puissance pour l'industrie et les transports 5\u00a0pr\u00e9sente des solutions en mati\u00e8re de circuits de mesure, de protections et de stockage d\u2019\u00e9nergie.","breadcrumb":{"@id":"https:\/\/www.istegroup.com\/fr\/produit\/electronique-de-puissance-pour-lindustrie-et-les-transports-5\/#breadcrumb"},"inLanguage":"en-US","potentialAction":[{"@type":"ReadAction","target":["https:\/\/www.istegroup.com\/fr\/produit\/electronique-de-puissance-pour-lindustrie-et-les-transports-5\/"]}]},{"@type":"ImageObject","inLanguage":"en-US","@id":"https:\/\/www.istegroup.com\/fr\/produit\/electronique-de-puissance-pour-lindustrie-et-les-transports-5\/#primaryimage","url":"https:\/\/www.istegroup.com\/wp-content\/uploads\/2017\/07\/4482744580_1813350724-1.jpg","contentUrl":"https:\/\/www.istegroup.com\/wp-content\/uploads\/2017\/07\/4482744580_1813350724-1.jpg","width":300,"height":452,"caption":"Circuits de mesure, protections et stockage d\u2019\u00e9nergie"},{"@type":"BreadcrumbList","@id":"https:\/\/www.istegroup.com\/fr\/produit\/electronique-de-puissance-pour-lindustrie-et-les-transports-5\/#breadcrumb","itemListElement":[{"@type":"ListItem","position":1,"name":"Home","item":"https:\/\/www.istegroup.com\/"},{"@type":"ListItem","position":2,"name":"Shop","item":"https:\/\/www.istegroup.com\/fr\/nouveautes\/"},{"@type":"ListItem","position":3,"name":"Electronique de puissance pour l\u2019industrie et les transports 5"}]},{"@type":"WebSite","@id":"https:\/\/www.istegroup.com\/#website","url":"https:\/\/www.istegroup.com\/","name":"ISTE Group","description":"Publishing Knowledge","potentialAction":[{"@type":"SearchAction","target":{"@type":"EntryPoint","urlTemplate":"https:\/\/www.istegroup.com\/?s={search_term_string}"},"query-input":{"@type":"PropertyValueSpecification","valueRequired":true,"valueName":"search_term_string"}}],"inLanguage":"en-US"}]}},"_links":{"self":[{"href":"https:\/\/www.istegroup.com\/en\/wp-json\/wp\/v2\/product\/221","targetHints":{"allow":["GET"]}}],"collection":[{"href":"https:\/\/www.istegroup.com\/en\/wp-json\/wp\/v2\/product"}],"about":[{"href":"https:\/\/www.istegroup.com\/en\/wp-json\/wp\/v2\/types\/product"}],"wp:featuredmedia":[{"embeddable":true,"href":"https:\/\/www.istegroup.com\/en\/wp-json\/wp\/v2\/media\/222"}],"wp:attachment":[{"href":"https:\/\/www.istegroup.com\/en\/wp-json\/wp\/v2\/media?parent=221"}],"wp:term":[{"taxonomy":"product_brand","embeddable":true,"href":"https:\/\/www.istegroup.com\/en\/wp-json\/wp\/v2\/product_brand?post=221"},{"taxonomy":"product_cat","embeddable":true,"href":"https:\/\/www.istegroup.com\/en\/wp-json\/wp\/v2\/product_cat?post=221"},{"taxonomy":"product_tag","embeddable":true,"href":"https:\/\/www.istegroup.com\/en\/wp-json\/wp\/v2\/product_tag?post=221"}],"curies":[{"name":"wp","href":"https:\/\/api.w.org\/{rel}","templated":true}]}}