{"id":22096,"date":"2019-09-27T09:33:43","date_gmt":"2019-09-27T08:33:43","guid":{"rendered":"https:\/\/www.istegroup.com\/?post_type=product&#038;p=22096"},"modified":"2025-01-15T09:52:25","modified_gmt":"2025-01-15T09:52:25","slug":"transition-energetique-dans-les-metropoles-la-ruralite-et-le-desert","status":"publish","type":"product","link":"https:\/\/www.istegroup.com\/en\/produit\/transition-energetique-dans-les-metropoles-la-ruralite-et-le-desert\/","title":{"rendered":"Transition \u00e9nerg\u00e9tique dans les m\u00e9tropoles, la ruralit\u00e9 et le d\u00e9sert"},"content":{"rendered":"<p>M\u00e9tropole, ruralit\u00e9, d\u00e9sert : trois types d\u2019espace qui n\u00e9cessitent une approche diff\u00e9renci\u00e9e pour la transition \u00e9nerg\u00e9tique.<\/p>\n<p>Cet ouvrage pr\u00e9sente des \u00e9tudes d\u00e9taill\u00e9es de terrains \u00e0 Riyad, Lille, Fayence, Bokhol, Ouarzazate et dans le d\u00e9sert arabique. Il analyse \u00e9galement les actions locales et les bonnes pratiques en fonction des ressources et des contraintes pour lever les freins \u00e0 la transition \u00e9nerg\u00e9tique. Les solutions sont recherch\u00e9es par type d\u2019espace pour les b\u00e2timents, les transports, l\u2019industrie et les services. Des objectifs sont fix\u00e9s pour la zone Europe, Moyen-Orient, Afrique, dans le cadre des engagements de l\u2019accord de Paris sur le climat.<\/p>\n<p>P\u00e9dagogique, <em>Transition \u00e9nerg\u00e9tique dans les m\u00e9tropoles, la ruralit\u00e9 et le d\u00e9sert<\/em> s\u2019adresse aux \u00e9lus politiques, aux professionnels et \u00e0 tout public d\u00e9sirant s\u2019informer sur les modifications des modes de production et de consommation d\u2019\u00e9nergie.<\/p>\n<p>&nbsp;<\/p>\n<p><strong>La presse en parle<\/strong><\/p>\n<p><a style=\"color: #1e9691\" href=\"https:\/\/www.lemondedelenergie.com\/transition-energetique-metropoles-ruralite-desert\/2019\/09\/06\/?\"><em>Le Monde de l&#8217;Energie, <\/em><em>06 septembre 2019<\/em><\/a><\/p>","protected":false},"excerpt":{"rendered":"<p>M\u00e9tropole, ruralit\u00e9, d\u00e9sert : trois types d\u2019espace qui n\u00e9cessitent une approche diff\u00e9renci\u00e9e pour la transition \u00e9nerg\u00e9tique. Cet ouvrage pr\u00e9sente des \u00e9tudes d\u00e9taill\u00e9es de terrains \u00e0 Riyad, Lille, Fayence, Bokhol, Ouarzazate et dans le d\u00e9sert arabique. Il analyse \u00e9galement les actions locales et les bonnes pratiques en fonction des ressources et des contraintes pour lever les [&hellip;]<\/p>\n","protected":false},"featured_media":22561,"template":"","meta":{"_acf_changed":false,"_links_to":"","_links_to_target":""},"product_brand":[],"product_cat":[660],"product_tag":[18,19,20,4092,204,25,26,4091,28,214],"class_list":{"0":"post-22096","1":"product","2":"type-product","3":"status-publish","4":"has-post-thumbnail","6":"product_cat-energie-12506414","7":"product_tag-edition-scientifique","8":"product_tag-editions-francaise","9":"product_tag-editions-technique","10":"product_tag-fahad-al-kabbani","11":"product_tag-livre","12":"product_tag-livre-numerique","13":"product_tag-livre-scientifique-francais","14":"product_tag-louis-boisgibault","15":"product_tag-ouvrage-scientifique-francais","16":"product_tag-ouvrages-techniques","18":"first","19":"instock","20":"shipping-taxable","21":"purchasable","22":"product-type-variable"},"acf":[],"yoast_head":"<!-- This site is optimized with the Yoast SEO plugin v27.2 - https:\/\/yoast.com\/product\/yoast-seo-wordpress\/ -->\n<title>Transition \u00e9nerg\u00e9tique dans les m\u00e9tropoles, la ruralit\u00e9 et le d\u00e9sert - ISTE Group<\/title>\n<meta name=\"description\" content=\"Transition \u00e9nerg\u00e9tique dans les m\u00e9tropoles, la ruralit\u00e9 et le d\u00e9sert pr\u00e9sente des \u00e9tudes d\u00e9taill\u00e9es de terrains \u00e0 Riyad, Lille, Fayence, Bokhol, Ouarzazate et dans le d\u00e9sert arabique.\" \/>\n<meta name=\"robots\" content=\"index, follow, max-snippet:-1, max-image-preview:large, max-video-preview:-1\" \/>\n<link rel=\"canonical\" href=\"https:\/\/www.istegroup.com\/fr\/produit\/transition-energetique-dans-les-metropoles-la-ruralite-et-le-desert\/\" \/>\n<meta property=\"og:locale\" content=\"en_US\" \/>\n<meta property=\"og:type\" content=\"article\" \/>\n<meta property=\"og:title\" content=\"Transition \u00e9nerg\u00e9tique dans les m\u00e9tropoles, la ruralit\u00e9 et le d\u00e9sert - ISTE Group\" \/>\n<meta property=\"og:description\" content=\"Transition \u00e9nerg\u00e9tique dans les m\u00e9tropoles, la ruralit\u00e9 et le d\u00e9sert pr\u00e9sente des \u00e9tudes d\u00e9taill\u00e9es de terrains \u00e0 Riyad, Lille, Fayence, Bokhol, Ouarzazate et dans le d\u00e9sert arabique.\" \/>\n<meta property=\"og:url\" content=\"https:\/\/www.istegroup.com\/fr\/produit\/transition-energetique-dans-les-metropoles-la-ruralite-et-le-desert\/\" \/>\n<meta property=\"og:site_name\" content=\"ISTE Group\" \/>\n<meta property=\"article:modified_time\" content=\"2025-01-15T09:52:25+00:00\" \/>\n<meta property=\"og:image\" content=\"https:\/\/www.istegroup.com\/wp-content\/uploads\/2019\/08\/Transition-\u00e9nerg\u00e9tique-dans-les-m\u00e9tropoles-la-ruralit\u00e9-et-le-d\u00e9sert.jpg\" \/>\n\t<meta property=\"og:image:width\" content=\"300\" \/>\n\t<meta property=\"og:image:height\" content=\"452\" \/>\n\t<meta property=\"og:image:type\" content=\"image\/jpeg\" \/>\n<meta name=\"twitter:card\" content=\"summary_large_image\" \/>\n<meta name=\"twitter:label1\" content=\"Est. reading time\" \/>\n\t<meta name=\"twitter:data1\" content=\"2 minutes\" \/>\n<script type=\"application\/ld+json\" class=\"yoast-schema-graph\">{\"@context\":\"https:\/\/schema.org\",\"@graph\":[{\"@type\":\"WebPage\",\"@id\":\"https:\/\/www.istegroup.com\/fr\/produit\/transition-energetique-dans-les-metropoles-la-ruralite-et-le-desert\/\",\"url\":\"https:\/\/www.istegroup.com\/fr\/produit\/transition-energetique-dans-les-metropoles-la-ruralite-et-le-desert\/\",\"name\":\"Transition \u00e9nerg\u00e9tique dans les m\u00e9tropoles, la ruralit\u00e9 et le d\u00e9sert - ISTE Group\",\"isPartOf\":{\"@id\":\"https:\/\/www.istegroup.com\/#website\"},\"primaryImageOfPage\":{\"@id\":\"https:\/\/www.istegroup.com\/fr\/produit\/transition-energetique-dans-les-metropoles-la-ruralite-et-le-desert\/#primaryimage\"},\"image\":{\"@id\":\"https:\/\/www.istegroup.com\/fr\/produit\/transition-energetique-dans-les-metropoles-la-ruralite-et-le-desert\/#primaryimage\"},\"thumbnailUrl\":\"https:\/\/www.istegroup.com\/wp-content\/uploads\/2019\/08\/Transition-\u00e9nerg\u00e9tique-dans-les-m\u00e9tropoles-la-ruralit\u00e9-et-le-d\u00e9sert.jpg\",\"datePublished\":\"2019-09-27T08:33:43+00:00\",\"dateModified\":\"2025-01-15T09:52:25+00:00\",\"description\":\"Transition \u00e9nerg\u00e9tique dans les m\u00e9tropoles, la ruralit\u00e9 et le d\u00e9sert pr\u00e9sente des \u00e9tudes d\u00e9taill\u00e9es de terrains \u00e0 Riyad, Lille, Fayence, Bokhol, Ouarzazate et dans le d\u00e9sert arabique.\",\"breadcrumb\":{\"@id\":\"https:\/\/www.istegroup.com\/fr\/produit\/transition-energetique-dans-les-metropoles-la-ruralite-et-le-desert\/#breadcrumb\"},\"inLanguage\":\"en-US\",\"potentialAction\":[{\"@type\":\"ReadAction\",\"target\":[\"https:\/\/www.istegroup.com\/fr\/produit\/transition-energetique-dans-les-metropoles-la-ruralite-et-le-desert\/\"]}]},{\"@type\":\"ImageObject\",\"inLanguage\":\"en-US\",\"@id\":\"https:\/\/www.istegroup.com\/fr\/produit\/transition-energetique-dans-les-metropoles-la-ruralite-et-le-desert\/#primaryimage\",\"url\":\"https:\/\/www.istegroup.com\/wp-content\/uploads\/2019\/08\/Transition-\u00e9nerg\u00e9tique-dans-les-m\u00e9tropoles-la-ruralit\u00e9-et-le-d\u00e9sert.jpg\",\"contentUrl\":\"https:\/\/www.istegroup.com\/wp-content\/uploads\/2019\/08\/Transition-\u00e9nerg\u00e9tique-dans-les-m\u00e9tropoles-la-ruralit\u00e9-et-le-d\u00e9sert.jpg\",\"width\":300,\"height\":452,\"caption\":\"Transition \u00e9nerg\u00e9tique dans les m\u00e9tropoles, la ruralit\u00e9 et le d\u00e9sert\"},{\"@type\":\"BreadcrumbList\",\"@id\":\"https:\/\/www.istegroup.com\/fr\/produit\/transition-energetique-dans-les-metropoles-la-ruralite-et-le-desert\/#breadcrumb\",\"itemListElement\":[{\"@type\":\"ListItem\",\"position\":1,\"name\":\"Home\",\"item\":\"https:\/\/www.istegroup.com\/\"},{\"@type\":\"ListItem\",\"position\":2,\"name\":\"Shop\",\"item\":\"https:\/\/www.istegroup.com\/fr\/nouveautes\/\"},{\"@type\":\"ListItem\",\"position\":3,\"name\":\"Transition \u00e9nerg\u00e9tique dans les m\u00e9tropoles, la ruralit\u00e9 et le d\u00e9sert\"}]},{\"@type\":\"WebSite\",\"@id\":\"https:\/\/www.istegroup.com\/#website\",\"url\":\"https:\/\/www.istegroup.com\/\",\"name\":\"ISTE Group\",\"description\":\"Publishing Knowledge\",\"potentialAction\":[{\"@type\":\"SearchAction\",\"target\":{\"@type\":\"EntryPoint\",\"urlTemplate\":\"https:\/\/www.istegroup.com\/?s={search_term_string}\"},\"query-input\":{\"@type\":\"PropertyValueSpecification\",\"valueRequired\":true,\"valueName\":\"search_term_string\"}}],\"inLanguage\":\"en-US\"}]}<\/script>\n<!-- \/ Yoast SEO plugin. -->","yoast_head_json":{"title":"Transition \u00e9nerg\u00e9tique dans les m\u00e9tropoles, la ruralit\u00e9 et le d\u00e9sert - ISTE Group","description":"Transition \u00e9nerg\u00e9tique dans les m\u00e9tropoles, la ruralit\u00e9 et le d\u00e9sert pr\u00e9sente des \u00e9tudes d\u00e9taill\u00e9es de terrains \u00e0 Riyad, Lille, Fayence, Bokhol, Ouarzazate et dans le d\u00e9sert arabique.","robots":{"index":"index","follow":"follow","max-snippet":"max-snippet:-1","max-image-preview":"max-image-preview:large","max-video-preview":"max-video-preview:-1"},"canonical":"https:\/\/www.istegroup.com\/fr\/produit\/transition-energetique-dans-les-metropoles-la-ruralite-et-le-desert\/","og_locale":"en_US","og_type":"article","og_title":"Transition \u00e9nerg\u00e9tique dans les m\u00e9tropoles, la ruralit\u00e9 et le d\u00e9sert - ISTE Group","og_description":"Transition \u00e9nerg\u00e9tique dans les m\u00e9tropoles, la ruralit\u00e9 et le d\u00e9sert pr\u00e9sente des \u00e9tudes d\u00e9taill\u00e9es de terrains \u00e0 Riyad, Lille, Fayence, Bokhol, Ouarzazate et dans le d\u00e9sert arabique.","og_url":"https:\/\/www.istegroup.com\/fr\/produit\/transition-energetique-dans-les-metropoles-la-ruralite-et-le-desert\/","og_site_name":"ISTE Group","article_modified_time":"2025-01-15T09:52:25+00:00","og_image":[{"width":300,"height":452,"url":"https:\/\/www.istegroup.com\/wp-content\/uploads\/2019\/08\/Transition-\u00e9nerg\u00e9tique-dans-les-m\u00e9tropoles-la-ruralit\u00e9-et-le-d\u00e9sert.jpg","type":"image\/jpeg"}],"twitter_card":"summary_large_image","twitter_misc":{"Est. reading time":"2 minutes"},"schema":{"@context":"https:\/\/schema.org","@graph":[{"@type":"WebPage","@id":"https:\/\/www.istegroup.com\/fr\/produit\/transition-energetique-dans-les-metropoles-la-ruralite-et-le-desert\/","url":"https:\/\/www.istegroup.com\/fr\/produit\/transition-energetique-dans-les-metropoles-la-ruralite-et-le-desert\/","name":"Transition \u00e9nerg\u00e9tique dans les m\u00e9tropoles, la ruralit\u00e9 et le d\u00e9sert - ISTE Group","isPartOf":{"@id":"https:\/\/www.istegroup.com\/#website"},"primaryImageOfPage":{"@id":"https:\/\/www.istegroup.com\/fr\/produit\/transition-energetique-dans-les-metropoles-la-ruralite-et-le-desert\/#primaryimage"},"image":{"@id":"https:\/\/www.istegroup.com\/fr\/produit\/transition-energetique-dans-les-metropoles-la-ruralite-et-le-desert\/#primaryimage"},"thumbnailUrl":"https:\/\/www.istegroup.com\/wp-content\/uploads\/2019\/08\/Transition-\u00e9nerg\u00e9tique-dans-les-m\u00e9tropoles-la-ruralit\u00e9-et-le-d\u00e9sert.jpg","datePublished":"2019-09-27T08:33:43+00:00","dateModified":"2025-01-15T09:52:25+00:00","description":"Transition \u00e9nerg\u00e9tique dans les m\u00e9tropoles, la ruralit\u00e9 et le d\u00e9sert pr\u00e9sente des \u00e9tudes d\u00e9taill\u00e9es de terrains \u00e0 Riyad, Lille, Fayence, Bokhol, Ouarzazate et dans le d\u00e9sert arabique.","breadcrumb":{"@id":"https:\/\/www.istegroup.com\/fr\/produit\/transition-energetique-dans-les-metropoles-la-ruralite-et-le-desert\/#breadcrumb"},"inLanguage":"en-US","potentialAction":[{"@type":"ReadAction","target":["https:\/\/www.istegroup.com\/fr\/produit\/transition-energetique-dans-les-metropoles-la-ruralite-et-le-desert\/"]}]},{"@type":"ImageObject","inLanguage":"en-US","@id":"https:\/\/www.istegroup.com\/fr\/produit\/transition-energetique-dans-les-metropoles-la-ruralite-et-le-desert\/#primaryimage","url":"https:\/\/www.istegroup.com\/wp-content\/uploads\/2019\/08\/Transition-\u00e9nerg\u00e9tique-dans-les-m\u00e9tropoles-la-ruralit\u00e9-et-le-d\u00e9sert.jpg","contentUrl":"https:\/\/www.istegroup.com\/wp-content\/uploads\/2019\/08\/Transition-\u00e9nerg\u00e9tique-dans-les-m\u00e9tropoles-la-ruralit\u00e9-et-le-d\u00e9sert.jpg","width":300,"height":452,"caption":"Transition \u00e9nerg\u00e9tique dans les m\u00e9tropoles, la ruralit\u00e9 et le d\u00e9sert"},{"@type":"BreadcrumbList","@id":"https:\/\/www.istegroup.com\/fr\/produit\/transition-energetique-dans-les-metropoles-la-ruralite-et-le-desert\/#breadcrumb","itemListElement":[{"@type":"ListItem","position":1,"name":"Home","item":"https:\/\/www.istegroup.com\/"},{"@type":"ListItem","position":2,"name":"Shop","item":"https:\/\/www.istegroup.com\/fr\/nouveautes\/"},{"@type":"ListItem","position":3,"name":"Transition \u00e9nerg\u00e9tique dans les m\u00e9tropoles, la ruralit\u00e9 et le d\u00e9sert"}]},{"@type":"WebSite","@id":"https:\/\/www.istegroup.com\/#website","url":"https:\/\/www.istegroup.com\/","name":"ISTE Group","description":"Publishing Knowledge","potentialAction":[{"@type":"SearchAction","target":{"@type":"EntryPoint","urlTemplate":"https:\/\/www.istegroup.com\/?s={search_term_string}"},"query-input":{"@type":"PropertyValueSpecification","valueRequired":true,"valueName":"search_term_string"}}],"inLanguage":"en-US"}]}},"_links":{"self":[{"href":"https:\/\/www.istegroup.com\/en\/wp-json\/wp\/v2\/product\/22096","targetHints":{"allow":["GET"]}}],"collection":[{"href":"https:\/\/www.istegroup.com\/en\/wp-json\/wp\/v2\/product"}],"about":[{"href":"https:\/\/www.istegroup.com\/en\/wp-json\/wp\/v2\/types\/product"}],"wp:featuredmedia":[{"embeddable":true,"href":"https:\/\/www.istegroup.com\/en\/wp-json\/wp\/v2\/media\/22561"}],"wp:attachment":[{"href":"https:\/\/www.istegroup.com\/en\/wp-json\/wp\/v2\/media?parent=22096"}],"wp:term":[{"taxonomy":"product_brand","embeddable":true,"href":"https:\/\/www.istegroup.com\/en\/wp-json\/wp\/v2\/product_brand?post=22096"},{"taxonomy":"product_cat","embeddable":true,"href":"https:\/\/www.istegroup.com\/en\/wp-json\/wp\/v2\/product_cat?post=22096"},{"taxonomy":"product_tag","embeddable":true,"href":"https:\/\/www.istegroup.com\/en\/wp-json\/wp\/v2\/product_tag?post=22096"}],"curies":[{"name":"wp","href":"https:\/\/api.w.org\/{rel}","templated":true}]}}