{"id":21892,"date":"2019-08-10T10:17:07","date_gmt":"2019-08-10T09:17:07","guid":{"rendered":"https:\/\/www.istegroup.com\/?post_type=product&#038;p=21892"},"modified":"2024-01-03T13:43:18","modified_gmt":"2024-01-03T13:43:18","slug":"linstinct-de-loutil","status":"publish","type":"product","link":"https:\/\/www.istegroup.com\/en\/produit\/linstinct-de-loutil\/","title":{"rendered":"L\u2019instinct de l\u2019Outil"},"content":{"rendered":"<p>L\u2019Homme utilise de nombreux outils et en fabrique sans cesse de nouveaux. Il b\u00e2tit et construit. Sa mat\u00e9rialit\u00e9 est telle que les changements qu\u2019il provoque sur l\u2019environnement pourraient mettre en p\u00e9ril sa propre survie. Il devient alors n\u00e9cessaire de s\u2019interroger sur les origines cognitives de cette mat\u00e9rialit\u00e9.<\/p>\n<p><em>L\u2019instinct de l\u2019Outil<\/em> r\u00e9pond \u00e0 ce questionnement en s\u2019\u00e9cartant diam\u00e9tralement de l\u2019id\u00e9e que l\u2019utilisation d\u2019outils se r\u00e9sume \u00e0 une activit\u00e9 manuelle. Il propose une perspective originale visant \u00e0 d\u00e9passer bon nombre de pr\u00e9jug\u00e9s sur le rapport de l\u2019Homme \u00e0 l\u2019outil. La propension humaine \u00e0 fabriquer et utiliser des outils reposerait sur une capacit\u00e9, peut-\u00eatre unique \u00e0 l\u2019esp\u00e8ce, consistant \u00e0 g\u00e9n\u00e9rer ses propres probl\u00e8mes physiques, r\u00e9v\u00e9lant par l\u00e0 l\u2019existence d\u2019un raisonnement dirig\u00e9 vers son monde physique.<\/p>\n","protected":false},"excerpt":{"rendered":"<p>L\u2019Homme utilise de nombreux outils et en fabrique sans cesse de nouveaux. Il b\u00e2tit et construit. Sa mat\u00e9rialit\u00e9 est telle que les changements qu\u2019il provoque sur l\u2019environnement pourraient mettre en p\u00e9ril sa propre survie. Il devient alors n\u00e9cessaire de s\u2019interroger sur les origines cognitives de cette mat\u00e9rialit\u00e9. L\u2019instinct de l\u2019Outil r\u00e9pond \u00e0 ce questionnement en [&hellip;]<\/p>\n","protected":false},"featured_media":21900,"template":"","meta":{"_acf_changed":false,"_links_to":"","_links_to_target":""},"product_brand":[],"product_cat":[3262],"product_tag":[],"class_list":{"0":"post-21892","1":"product","2":"type-product","3":"status-publish","4":"has-post-thumbnail","6":"product_cat-non-classe","8":"first","9":"instock","10":"shipping-taxable","11":"purchasable","12":"product-type-variable"},"acf":[],"yoast_head":"<!-- This site is optimized with the Yoast SEO plugin v27.2 - https:\/\/yoast.com\/product\/yoast-seo-wordpress\/ -->\n<title>L\u2019instinct de l\u2019Outil - ISTE Group<\/title>\n<meta name=\"description\" content=\"L\u2019instinct de l\u2019Outil r\u00e9pond \u00e0 ce questionnement en s\u2019\u00e9cartant diam\u00e9tralement de l\u2019id\u00e9e que l\u2019utilisation d\u2019outils se r\u00e9sume \u00e0 une activit\u00e9 manuelle. Il propose une perspective originale visant \u00e0 d\u00e9passer bon nombre de pr\u00e9jug\u00e9s sur le rapport de l\u2019Homme \u00e0 l\u2019outil.\" \/>\n<meta name=\"robots\" content=\"index, follow, max-snippet:-1, max-image-preview:large, max-video-preview:-1\" \/>\n<link rel=\"canonical\" href=\"https:\/\/www.istegroup.com\/en\/produit\/linstinct-de-loutil\/\" \/>\n<meta property=\"og:locale\" content=\"en_US\" \/>\n<meta property=\"og:type\" content=\"article\" \/>\n<meta property=\"og:title\" content=\"L\u2019instinct de l\u2019Outil - ISTE Group\" \/>\n<meta property=\"og:description\" content=\"L\u2019instinct de l\u2019Outil r\u00e9pond \u00e0 ce questionnement en s\u2019\u00e9cartant diam\u00e9tralement de l\u2019id\u00e9e que l\u2019utilisation d\u2019outils se r\u00e9sume \u00e0 une activit\u00e9 manuelle. Il propose une perspective originale visant \u00e0 d\u00e9passer bon nombre de pr\u00e9jug\u00e9s sur le rapport de l\u2019Homme \u00e0 l\u2019outil.\" \/>\n<meta property=\"og:url\" content=\"https:\/\/www.istegroup.com\/en\/produit\/linstinct-de-loutil\/\" \/>\n<meta property=\"og:site_name\" content=\"ISTE Group\" \/>\n<meta property=\"article:modified_time\" content=\"2024-01-03T13:43:18+00:00\" \/>\n<meta property=\"og:image\" content=\"https:\/\/www.istegroup.com\/wp-content\/uploads\/2019\/06\/L\u2019instinct-de-l\u2019Outil.jpg\" \/>\n\t<meta property=\"og:image:width\" content=\"500\" \/>\n\t<meta property=\"og:image:height\" content=\"749\" \/>\n\t<meta property=\"og:image:type\" content=\"image\/jpeg\" \/>\n<meta name=\"twitter:card\" content=\"summary_large_image\" \/>\n<meta name=\"twitter:label1\" content=\"Est. reading time\" \/>\n\t<meta name=\"twitter:data1\" content=\"1 minute\" \/>\n<script type=\"application\/ld+json\" class=\"yoast-schema-graph\">{\"@context\":\"https:\/\/schema.org\",\"@graph\":[{\"@type\":\"WebPage\",\"@id\":\"https:\/\/www.istegroup.com\/en\/produit\/linstinct-de-loutil\/\",\"url\":\"https:\/\/www.istegroup.com\/en\/produit\/linstinct-de-loutil\/\",\"name\":\"L\u2019instinct de l\u2019Outil - ISTE Group\",\"isPartOf\":{\"@id\":\"https:\/\/www.istegroup.com\/#website\"},\"primaryImageOfPage\":{\"@id\":\"https:\/\/www.istegroup.com\/en\/produit\/linstinct-de-loutil\/#primaryimage\"},\"image\":{\"@id\":\"https:\/\/www.istegroup.com\/en\/produit\/linstinct-de-loutil\/#primaryimage\"},\"thumbnailUrl\":\"https:\/\/www.istegroup.com\/wp-content\/uploads\/2019\/06\/L\u2019instinct-de-l\u2019Outil.jpg\",\"datePublished\":\"2019-08-10T09:17:07+00:00\",\"dateModified\":\"2024-01-03T13:43:18+00:00\",\"description\":\"L\u2019instinct de l\u2019Outil r\u00e9pond \u00e0 ce questionnement en s\u2019\u00e9cartant diam\u00e9tralement de l\u2019id\u00e9e que l\u2019utilisation d\u2019outils se r\u00e9sume \u00e0 une activit\u00e9 manuelle. Il propose une perspective originale visant \u00e0 d\u00e9passer bon nombre de pr\u00e9jug\u00e9s sur le rapport de l\u2019Homme \u00e0 l\u2019outil.\",\"breadcrumb\":{\"@id\":\"https:\/\/www.istegroup.com\/en\/produit\/linstinct-de-loutil\/#breadcrumb\"},\"inLanguage\":\"en-US\",\"potentialAction\":[{\"@type\":\"ReadAction\",\"target\":[\"https:\/\/www.istegroup.com\/en\/produit\/linstinct-de-loutil\/\"]}]},{\"@type\":\"ImageObject\",\"inLanguage\":\"en-US\",\"@id\":\"https:\/\/www.istegroup.com\/en\/produit\/linstinct-de-loutil\/#primaryimage\",\"url\":\"https:\/\/www.istegroup.com\/wp-content\/uploads\/2019\/06\/L\u2019instinct-de-l\u2019Outil.jpg\",\"contentUrl\":\"https:\/\/www.istegroup.com\/wp-content\/uploads\/2019\/06\/L\u2019instinct-de-l\u2019Outil.jpg\",\"width\":500,\"height\":749,\"caption\":\"L\u2019instinct de l\u2019Outil\"},{\"@type\":\"BreadcrumbList\",\"@id\":\"https:\/\/www.istegroup.com\/en\/produit\/linstinct-de-loutil\/#breadcrumb\",\"itemListElement\":[{\"@type\":\"ListItem\",\"position\":1,\"name\":\"Home\",\"item\":\"https:\/\/www.istegroup.com\/\"},{\"@type\":\"ListItem\",\"position\":2,\"name\":\"Shop\",\"item\":\"https:\/\/www.istegroup.com\/fr\/nouveautes\/\"},{\"@type\":\"ListItem\",\"position\":3,\"name\":\"L\u2019instinct de l\u2019Outil\"}]},{\"@type\":\"WebSite\",\"@id\":\"https:\/\/www.istegroup.com\/#website\",\"url\":\"https:\/\/www.istegroup.com\/\",\"name\":\"ISTE Group\",\"description\":\"Publishing Knowledge\",\"potentialAction\":[{\"@type\":\"SearchAction\",\"target\":{\"@type\":\"EntryPoint\",\"urlTemplate\":\"https:\/\/www.istegroup.com\/?s={search_term_string}\"},\"query-input\":{\"@type\":\"PropertyValueSpecification\",\"valueRequired\":true,\"valueName\":\"search_term_string\"}}],\"inLanguage\":\"en-US\"}]}<\/script>\n<!-- \/ Yoast SEO plugin. -->","yoast_head_json":{"title":"L\u2019instinct de l\u2019Outil - ISTE Group","description":"L\u2019instinct de l\u2019Outil r\u00e9pond \u00e0 ce questionnement en s\u2019\u00e9cartant diam\u00e9tralement de l\u2019id\u00e9e que l\u2019utilisation d\u2019outils se r\u00e9sume \u00e0 une activit\u00e9 manuelle. Il propose une perspective originale visant \u00e0 d\u00e9passer bon nombre de pr\u00e9jug\u00e9s sur le rapport de l\u2019Homme \u00e0 l\u2019outil.","robots":{"index":"index","follow":"follow","max-snippet":"max-snippet:-1","max-image-preview":"max-image-preview:large","max-video-preview":"max-video-preview:-1"},"canonical":"https:\/\/www.istegroup.com\/en\/produit\/linstinct-de-loutil\/","og_locale":"en_US","og_type":"article","og_title":"L\u2019instinct de l\u2019Outil - ISTE Group","og_description":"L\u2019instinct de l\u2019Outil r\u00e9pond \u00e0 ce questionnement en s\u2019\u00e9cartant diam\u00e9tralement de l\u2019id\u00e9e que l\u2019utilisation d\u2019outils se r\u00e9sume \u00e0 une activit\u00e9 manuelle. Il propose une perspective originale visant \u00e0 d\u00e9passer bon nombre de pr\u00e9jug\u00e9s sur le rapport de l\u2019Homme \u00e0 l\u2019outil.","og_url":"https:\/\/www.istegroup.com\/en\/produit\/linstinct-de-loutil\/","og_site_name":"ISTE Group","article_modified_time":"2024-01-03T13:43:18+00:00","og_image":[{"width":500,"height":749,"url":"https:\/\/www.istegroup.com\/wp-content\/uploads\/2019\/06\/L\u2019instinct-de-l\u2019Outil.jpg","type":"image\/jpeg"}],"twitter_card":"summary_large_image","twitter_misc":{"Est. reading time":"1 minute"},"schema":{"@context":"https:\/\/schema.org","@graph":[{"@type":"WebPage","@id":"https:\/\/www.istegroup.com\/en\/produit\/linstinct-de-loutil\/","url":"https:\/\/www.istegroup.com\/en\/produit\/linstinct-de-loutil\/","name":"L\u2019instinct de l\u2019Outil - ISTE Group","isPartOf":{"@id":"https:\/\/www.istegroup.com\/#website"},"primaryImageOfPage":{"@id":"https:\/\/www.istegroup.com\/en\/produit\/linstinct-de-loutil\/#primaryimage"},"image":{"@id":"https:\/\/www.istegroup.com\/en\/produit\/linstinct-de-loutil\/#primaryimage"},"thumbnailUrl":"https:\/\/www.istegroup.com\/wp-content\/uploads\/2019\/06\/L\u2019instinct-de-l\u2019Outil.jpg","datePublished":"2019-08-10T09:17:07+00:00","dateModified":"2024-01-03T13:43:18+00:00","description":"L\u2019instinct de l\u2019Outil r\u00e9pond \u00e0 ce questionnement en s\u2019\u00e9cartant diam\u00e9tralement de l\u2019id\u00e9e que l\u2019utilisation d\u2019outils se r\u00e9sume \u00e0 une activit\u00e9 manuelle. Il propose une perspective originale visant \u00e0 d\u00e9passer bon nombre de pr\u00e9jug\u00e9s sur le rapport de l\u2019Homme \u00e0 l\u2019outil.","breadcrumb":{"@id":"https:\/\/www.istegroup.com\/en\/produit\/linstinct-de-loutil\/#breadcrumb"},"inLanguage":"en-US","potentialAction":[{"@type":"ReadAction","target":["https:\/\/www.istegroup.com\/en\/produit\/linstinct-de-loutil\/"]}]},{"@type":"ImageObject","inLanguage":"en-US","@id":"https:\/\/www.istegroup.com\/en\/produit\/linstinct-de-loutil\/#primaryimage","url":"https:\/\/www.istegroup.com\/wp-content\/uploads\/2019\/06\/L\u2019instinct-de-l\u2019Outil.jpg","contentUrl":"https:\/\/www.istegroup.com\/wp-content\/uploads\/2019\/06\/L\u2019instinct-de-l\u2019Outil.jpg","width":500,"height":749,"caption":"L\u2019instinct de l\u2019Outil"},{"@type":"BreadcrumbList","@id":"https:\/\/www.istegroup.com\/en\/produit\/linstinct-de-loutil\/#breadcrumb","itemListElement":[{"@type":"ListItem","position":1,"name":"Home","item":"https:\/\/www.istegroup.com\/"},{"@type":"ListItem","position":2,"name":"Shop","item":"https:\/\/www.istegroup.com\/fr\/nouveautes\/"},{"@type":"ListItem","position":3,"name":"L\u2019instinct de l\u2019Outil"}]},{"@type":"WebSite","@id":"https:\/\/www.istegroup.com\/#website","url":"https:\/\/www.istegroup.com\/","name":"ISTE Group","description":"Publishing Knowledge","potentialAction":[{"@type":"SearchAction","target":{"@type":"EntryPoint","urlTemplate":"https:\/\/www.istegroup.com\/?s={search_term_string}"},"query-input":{"@type":"PropertyValueSpecification","valueRequired":true,"valueName":"search_term_string"}}],"inLanguage":"en-US"}]}},"_links":{"self":[{"href":"https:\/\/www.istegroup.com\/en\/wp-json\/wp\/v2\/product\/21892","targetHints":{"allow":["GET"]}}],"collection":[{"href":"https:\/\/www.istegroup.com\/en\/wp-json\/wp\/v2\/product"}],"about":[{"href":"https:\/\/www.istegroup.com\/en\/wp-json\/wp\/v2\/types\/product"}],"wp:featuredmedia":[{"embeddable":true,"href":"https:\/\/www.istegroup.com\/en\/wp-json\/wp\/v2\/media\/21900"}],"wp:attachment":[{"href":"https:\/\/www.istegroup.com\/en\/wp-json\/wp\/v2\/media?parent=21892"}],"wp:term":[{"taxonomy":"product_brand","embeddable":true,"href":"https:\/\/www.istegroup.com\/en\/wp-json\/wp\/v2\/product_brand?post=21892"},{"taxonomy":"product_cat","embeddable":true,"href":"https:\/\/www.istegroup.com\/en\/wp-json\/wp\/v2\/product_cat?post=21892"},{"taxonomy":"product_tag","embeddable":true,"href":"https:\/\/www.istegroup.com\/en\/wp-json\/wp\/v2\/product_tag?post=21892"}],"curies":[{"name":"wp","href":"https:\/\/api.w.org\/{rel}","templated":true}]}}