{"id":21734,"date":"2019-08-10T11:50:34","date_gmt":"2019-08-10T10:50:34","guid":{"rendered":"https:\/\/www.istegroup.com\/?post_type=product&#038;p=21734"},"modified":"2024-01-03T13:43:15","modified_gmt":"2024-01-03T13:43:15","slug":"performance-durable-de-lentreprise","status":"publish","type":"product","link":"https:\/\/www.istegroup.com\/en\/produit\/performance-durable-de-lentreprise\/","title":{"rendered":"Performance durable de l\u2019entreprise"},"content":{"rendered":"<p>\u00c9valuer son entreprise pour lui donner les cl\u00e9s d\u2019une performance durable constitue aujourd\u2019hui un enjeu majeur. Cet ouvrage pr\u00e9sente un ensemble complet d\u2019indicateurs qualitatifs et quantitatifs permettant d\u2019identifier les sources potentielles de progr\u00e8s.<\/p>\n<p>Ces indicateurs incluent la strat\u00e9gie pour r\u00e9pondre \u00e0 l\u2019attente des <em>stakeholders<\/em> et de l\u2019\u00e9cosyst\u00e8me et pour g\u00e9rer l\u2019impact de l\u2019entreprise sur son environnement dans le cadre de la responsabilit\u00e9 soci\u00e9tale des entreprises. Ils couvrent la capacit\u00e9 \u00e0 faire \u00e9voluer l\u2019offre de produits et de services et le <em>business model<\/em>, ainsi que la performance des processus op\u00e9rationnels.<\/p>\n<p>Cet ouvrage examine \u00e9galement des d\u00e9terminants de la performance aussi fondamentaux que la transformation num\u00e9rique \u00e0 l\u2019heure de l\u2019intelligence artificielle, la culture de l\u2019entreprise, l\u2019\u00e9thique, la conformit\u00e9, la notori\u00e9t\u00e9, l\u2019e-r\u00e9putation et les bonnes pratiques du \u00ab lean management \u00bb. Pour chacun de ces th\u00e8mes, des questions concr\u00e8tes \u00e0 se poser permettront aux entreprises d\u2019\u00e9valuer leur maturit\u00e9 en termes de performance durable.<\/p>\n","protected":false},"excerpt":{"rendered":"<p>\u00c9valuer son entreprise pour lui donner les cl\u00e9s d\u2019une performance durable constitue aujourd\u2019hui un enjeu majeur. Cet ouvrage pr\u00e9sente un ensemble complet d\u2019indicateurs qualitatifs et quantitatifs permettant d\u2019identifier les sources potentielles de progr\u00e8s. Ces indicateurs incluent la strat\u00e9gie pour r\u00e9pondre \u00e0 l\u2019attente des stakeholders et de l\u2019\u00e9cosyst\u00e8me et pour g\u00e9rer l\u2019impact de l\u2019entreprise sur son [&hellip;]<\/p>\n","protected":false},"featured_media":21747,"template":"","meta":{"_acf_changed":false,"_links_to":"","_links_to_target":""},"product_brand":[],"product_cat":[3262],"product_tag":[],"class_list":{"0":"post-21734","1":"product","2":"type-product","3":"status-publish","4":"has-post-thumbnail","6":"product_cat-non-classe","8":"first","9":"instock","10":"shipping-taxable","11":"purchasable","12":"product-type-variable"},"acf":[],"yoast_head":"<!-- This site is optimized with the Yoast SEO plugin v27.2 - https:\/\/yoast.com\/product\/yoast-seo-wordpress\/ -->\n<title>Performance durable de l\u2019entreprise - ISTE Group<\/title>\n<meta name=\"description\" content=\"\u00c9valuer son entreprise pour lui donner les cl\u00e9s d\u2019une performance durable constitue aujourd\u2019hui un enjeu majeur. Cet ouvrage pr\u00e9sente un ensemble complet d\u2019indicateurs qualitatifs et quantitatifs permettant d\u2019identifier les sources potentielles de progr\u00e8s.\" \/>\n<meta name=\"robots\" content=\"index, follow, max-snippet:-1, max-image-preview:large, max-video-preview:-1\" \/>\n<link rel=\"canonical\" href=\"https:\/\/www.istegroup.com\/en\/produit\/performance-durable-de-lentreprise\/\" \/>\n<meta property=\"og:locale\" content=\"en_US\" \/>\n<meta property=\"og:type\" content=\"article\" \/>\n<meta property=\"og:title\" content=\"Performance durable de l\u2019entreprise - ISTE Group\" \/>\n<meta property=\"og:description\" content=\"\u00c9valuer son entreprise pour lui donner les cl\u00e9s d\u2019une performance durable constitue aujourd\u2019hui un enjeu majeur. Cet ouvrage pr\u00e9sente un ensemble complet d\u2019indicateurs qualitatifs et quantitatifs permettant d\u2019identifier les sources potentielles de progr\u00e8s.\" \/>\n<meta property=\"og:url\" content=\"https:\/\/www.istegroup.com\/en\/produit\/performance-durable-de-lentreprise\/\" \/>\n<meta property=\"og:site_name\" content=\"ISTE Group\" \/>\n<meta property=\"article:modified_time\" content=\"2024-01-03T13:43:15+00:00\" \/>\n<meta property=\"og:image\" content=\"https:\/\/www.istegroup.com\/wp-content\/uploads\/2019\/06\/Performance-durable-de-lentreprise.jpg\" \/>\n\t<meta property=\"og:image:width\" content=\"300\" \/>\n\t<meta property=\"og:image:height\" content=\"449\" \/>\n\t<meta property=\"og:image:type\" content=\"image\/jpeg\" \/>\n<meta name=\"twitter:card\" content=\"summary_large_image\" \/>\n<meta name=\"twitter:label1\" content=\"Est. reading time\" \/>\n\t<meta name=\"twitter:data1\" content=\"1 minute\" \/>\n<script type=\"application\/ld+json\" class=\"yoast-schema-graph\">{\"@context\":\"https:\/\/schema.org\",\"@graph\":[{\"@type\":\"WebPage\",\"@id\":\"https:\/\/www.istegroup.com\/en\/produit\/performance-durable-de-lentreprise\/\",\"url\":\"https:\/\/www.istegroup.com\/en\/produit\/performance-durable-de-lentreprise\/\",\"name\":\"Performance durable de l\u2019entreprise - ISTE Group\",\"isPartOf\":{\"@id\":\"https:\/\/www.istegroup.com\/#website\"},\"primaryImageOfPage\":{\"@id\":\"https:\/\/www.istegroup.com\/en\/produit\/performance-durable-de-lentreprise\/#primaryimage\"},\"image\":{\"@id\":\"https:\/\/www.istegroup.com\/en\/produit\/performance-durable-de-lentreprise\/#primaryimage\"},\"thumbnailUrl\":\"https:\/\/www.istegroup.com\/wp-content\/uploads\/2019\/06\/Performance-durable-de-lentreprise.jpg\",\"datePublished\":\"2019-08-10T10:50:34+00:00\",\"dateModified\":\"2024-01-03T13:43:15+00:00\",\"description\":\"\u00c9valuer son entreprise pour lui donner les cl\u00e9s d\u2019une performance durable constitue aujourd\u2019hui un enjeu majeur. Cet ouvrage pr\u00e9sente un ensemble complet d\u2019indicateurs qualitatifs et quantitatifs permettant d\u2019identifier les sources potentielles de progr\u00e8s.\",\"breadcrumb\":{\"@id\":\"https:\/\/www.istegroup.com\/en\/produit\/performance-durable-de-lentreprise\/#breadcrumb\"},\"inLanguage\":\"en-US\",\"potentialAction\":[{\"@type\":\"ReadAction\",\"target\":[\"https:\/\/www.istegroup.com\/en\/produit\/performance-durable-de-lentreprise\/\"]}]},{\"@type\":\"ImageObject\",\"inLanguage\":\"en-US\",\"@id\":\"https:\/\/www.istegroup.com\/en\/produit\/performance-durable-de-lentreprise\/#primaryimage\",\"url\":\"https:\/\/www.istegroup.com\/wp-content\/uploads\/2019\/06\/Performance-durable-de-lentreprise.jpg\",\"contentUrl\":\"https:\/\/www.istegroup.com\/wp-content\/uploads\/2019\/06\/Performance-durable-de-lentreprise.jpg\",\"width\":300,\"height\":449,\"caption\":\"Piliers, \u00e9valuation, leviers\"},{\"@type\":\"BreadcrumbList\",\"@id\":\"https:\/\/www.istegroup.com\/en\/produit\/performance-durable-de-lentreprise\/#breadcrumb\",\"itemListElement\":[{\"@type\":\"ListItem\",\"position\":1,\"name\":\"Home\",\"item\":\"https:\/\/www.istegroup.com\/\"},{\"@type\":\"ListItem\",\"position\":2,\"name\":\"Shop\",\"item\":\"https:\/\/www.istegroup.com\/fr\/nouveautes\/\"},{\"@type\":\"ListItem\",\"position\":3,\"name\":\"Performance durable de l\u2019entreprise\"}]},{\"@type\":\"WebSite\",\"@id\":\"https:\/\/www.istegroup.com\/#website\",\"url\":\"https:\/\/www.istegroup.com\/\",\"name\":\"ISTE Group\",\"description\":\"Publishing Knowledge\",\"potentialAction\":[{\"@type\":\"SearchAction\",\"target\":{\"@type\":\"EntryPoint\",\"urlTemplate\":\"https:\/\/www.istegroup.com\/?s={search_term_string}\"},\"query-input\":{\"@type\":\"PropertyValueSpecification\",\"valueRequired\":true,\"valueName\":\"search_term_string\"}}],\"inLanguage\":\"en-US\"}]}<\/script>\n<!-- \/ Yoast SEO plugin. -->","yoast_head_json":{"title":"Performance durable de l\u2019entreprise - ISTE Group","description":"\u00c9valuer son entreprise pour lui donner les cl\u00e9s d\u2019une performance durable constitue aujourd\u2019hui un enjeu majeur. Cet ouvrage pr\u00e9sente un ensemble complet d\u2019indicateurs qualitatifs et quantitatifs permettant d\u2019identifier les sources potentielles de progr\u00e8s.","robots":{"index":"index","follow":"follow","max-snippet":"max-snippet:-1","max-image-preview":"max-image-preview:large","max-video-preview":"max-video-preview:-1"},"canonical":"https:\/\/www.istegroup.com\/en\/produit\/performance-durable-de-lentreprise\/","og_locale":"en_US","og_type":"article","og_title":"Performance durable de l\u2019entreprise - ISTE Group","og_description":"\u00c9valuer son entreprise pour lui donner les cl\u00e9s d\u2019une performance durable constitue aujourd\u2019hui un enjeu majeur. Cet ouvrage pr\u00e9sente un ensemble complet d\u2019indicateurs qualitatifs et quantitatifs permettant d\u2019identifier les sources potentielles de progr\u00e8s.","og_url":"https:\/\/www.istegroup.com\/en\/produit\/performance-durable-de-lentreprise\/","og_site_name":"ISTE Group","article_modified_time":"2024-01-03T13:43:15+00:00","og_image":[{"width":300,"height":449,"url":"https:\/\/www.istegroup.com\/wp-content\/uploads\/2019\/06\/Performance-durable-de-lentreprise.jpg","type":"image\/jpeg"}],"twitter_card":"summary_large_image","twitter_misc":{"Est. reading time":"1 minute"},"schema":{"@context":"https:\/\/schema.org","@graph":[{"@type":"WebPage","@id":"https:\/\/www.istegroup.com\/en\/produit\/performance-durable-de-lentreprise\/","url":"https:\/\/www.istegroup.com\/en\/produit\/performance-durable-de-lentreprise\/","name":"Performance durable de l\u2019entreprise - ISTE Group","isPartOf":{"@id":"https:\/\/www.istegroup.com\/#website"},"primaryImageOfPage":{"@id":"https:\/\/www.istegroup.com\/en\/produit\/performance-durable-de-lentreprise\/#primaryimage"},"image":{"@id":"https:\/\/www.istegroup.com\/en\/produit\/performance-durable-de-lentreprise\/#primaryimage"},"thumbnailUrl":"https:\/\/www.istegroup.com\/wp-content\/uploads\/2019\/06\/Performance-durable-de-lentreprise.jpg","datePublished":"2019-08-10T10:50:34+00:00","dateModified":"2024-01-03T13:43:15+00:00","description":"\u00c9valuer son entreprise pour lui donner les cl\u00e9s d\u2019une performance durable constitue aujourd\u2019hui un enjeu majeur. Cet ouvrage pr\u00e9sente un ensemble complet d\u2019indicateurs qualitatifs et quantitatifs permettant d\u2019identifier les sources potentielles de progr\u00e8s.","breadcrumb":{"@id":"https:\/\/www.istegroup.com\/en\/produit\/performance-durable-de-lentreprise\/#breadcrumb"},"inLanguage":"en-US","potentialAction":[{"@type":"ReadAction","target":["https:\/\/www.istegroup.com\/en\/produit\/performance-durable-de-lentreprise\/"]}]},{"@type":"ImageObject","inLanguage":"en-US","@id":"https:\/\/www.istegroup.com\/en\/produit\/performance-durable-de-lentreprise\/#primaryimage","url":"https:\/\/www.istegroup.com\/wp-content\/uploads\/2019\/06\/Performance-durable-de-lentreprise.jpg","contentUrl":"https:\/\/www.istegroup.com\/wp-content\/uploads\/2019\/06\/Performance-durable-de-lentreprise.jpg","width":300,"height":449,"caption":"Piliers, \u00e9valuation, leviers"},{"@type":"BreadcrumbList","@id":"https:\/\/www.istegroup.com\/en\/produit\/performance-durable-de-lentreprise\/#breadcrumb","itemListElement":[{"@type":"ListItem","position":1,"name":"Home","item":"https:\/\/www.istegroup.com\/"},{"@type":"ListItem","position":2,"name":"Shop","item":"https:\/\/www.istegroup.com\/fr\/nouveautes\/"},{"@type":"ListItem","position":3,"name":"Performance durable de l\u2019entreprise"}]},{"@type":"WebSite","@id":"https:\/\/www.istegroup.com\/#website","url":"https:\/\/www.istegroup.com\/","name":"ISTE Group","description":"Publishing Knowledge","potentialAction":[{"@type":"SearchAction","target":{"@type":"EntryPoint","urlTemplate":"https:\/\/www.istegroup.com\/?s={search_term_string}"},"query-input":{"@type":"PropertyValueSpecification","valueRequired":true,"valueName":"search_term_string"}}],"inLanguage":"en-US"}]}},"_links":{"self":[{"href":"https:\/\/www.istegroup.com\/en\/wp-json\/wp\/v2\/product\/21734","targetHints":{"allow":["GET"]}}],"collection":[{"href":"https:\/\/www.istegroup.com\/en\/wp-json\/wp\/v2\/product"}],"about":[{"href":"https:\/\/www.istegroup.com\/en\/wp-json\/wp\/v2\/types\/product"}],"wp:featuredmedia":[{"embeddable":true,"href":"https:\/\/www.istegroup.com\/en\/wp-json\/wp\/v2\/media\/21747"}],"wp:attachment":[{"href":"https:\/\/www.istegroup.com\/en\/wp-json\/wp\/v2\/media?parent=21734"}],"wp:term":[{"taxonomy":"product_brand","embeddable":true,"href":"https:\/\/www.istegroup.com\/en\/wp-json\/wp\/v2\/product_brand?post=21734"},{"taxonomy":"product_cat","embeddable":true,"href":"https:\/\/www.istegroup.com\/en\/wp-json\/wp\/v2\/product_cat?post=21734"},{"taxonomy":"product_tag","embeddable":true,"href":"https:\/\/www.istegroup.com\/en\/wp-json\/wp\/v2\/product_tag?post=21734"}],"curies":[{"name":"wp","href":"https:\/\/api.w.org\/{rel}","templated":true}]}}