{"id":21599,"date":"2019-07-01T16:50:51","date_gmt":"2019-07-01T15:50:51","guid":{"rendered":"https:\/\/www.istegroup.com\/?post_type=product&#038;p=21599"},"modified":"2024-01-03T13:43:15","modified_gmt":"2024-01-03T13:43:15","slug":"numerisation-de-la-societe-et-enjeux-sociopolitiques-1","status":"publish","type":"product","link":"https:\/\/www.istegroup.com\/en\/produit\/numerisation-de-la-societe-et-enjeux-sociopolitiques-1\/","title":{"rendered":"Num\u00e9risation de la soci\u00e9t\u00e9 et enjeux sociopolitiques 1"},"content":{"rendered":"<p>La num\u00e9risation est un processus sociohistorique long et constant dans lequel tous les domaines d\u2019activit\u00e9s de la soci\u00e9t\u00e9 sont reconfigur\u00e9s.<\/p>\n<p><em>Num\u00e9risation de la soci\u00e9t\u00e9 et enjeux sociopolitiques 1<\/em> examine les transformations li\u00e9es au d\u00e9veloppement des plateformes num\u00e9riques et des m\u00e9dias socionum\u00e9riques qui affectent les industries culturelles et communicationnelles. Il analyse la formation des Big Data, leur traitement algorithmique et les changements soci\u00e9taux qui en r\u00e9sultent (surveillance et contr\u00f4le social en particulier). \u00c0 travers des regards critiques, il pr\u00e9sente \u00e9galement les diff\u00e9rentes fa\u00e7ons dont le num\u00e9rique participe aux rapports de pouvoir et de domination et contribue \u00e0 d\u2019\u00e9ventuelles pratiques \u00e9mancipatrices.<\/p>\n","protected":false},"excerpt":{"rendered":"<p>La num\u00e9risation est un processus sociohistorique long et constant dans lequel tous les domaines d\u2019activit\u00e9s de la soci\u00e9t\u00e9 sont reconfigur\u00e9s. Num\u00e9risation de la soci\u00e9t\u00e9 et enjeux sociopolitiques 1 examine les transformations li\u00e9es au d\u00e9veloppement des plateformes num\u00e9riques et des m\u00e9dias socionum\u00e9riques qui affectent les industries culturelles et communicationnelles. Il analyse la formation des Big Data, [&hellip;]<\/p>\n","protected":false},"featured_media":21603,"template":"","meta":{"_acf_changed":false,"_links_to":"","_links_to_target":""},"product_brand":[],"product_cat":[3262],"product_tag":[],"class_list":{"0":"post-21599","1":"product","2":"type-product","3":"status-publish","4":"has-post-thumbnail","6":"product_cat-non-classe","8":"first","9":"instock","10":"shipping-taxable","11":"purchasable","12":"product-type-variable"},"acf":[],"yoast_head":"<!-- This site is optimized with the Yoast SEO plugin v27.2 - https:\/\/yoast.com\/product\/yoast-seo-wordpress\/ -->\n<title>Num\u00e9risation de la soci\u00e9t\u00e9 et enjeux sociopolitiques 1 - ISTE Group<\/title>\n<meta name=\"description\" content=\"Num\u00e9risation de la soci\u00e9t\u00e9 et enjeux sociopolitiques 1 examine les transformations li\u00e9es au d\u00e9veloppement des plateformes num\u00e9riques et des m\u00e9dias socionum\u00e9riques qui affectent les industries culturelles et communicationnelles.\" \/>\n<meta name=\"robots\" content=\"index, follow, max-snippet:-1, max-image-preview:large, max-video-preview:-1\" \/>\n<link rel=\"canonical\" href=\"https:\/\/www.istegroup.com\/fr\/produit\/numerisation-de-la-societe-et-enjeux-sociopolitiques-1\/\" \/>\n<meta property=\"og:locale\" content=\"en_US\" \/>\n<meta property=\"og:type\" content=\"article\" \/>\n<meta property=\"og:title\" content=\"Num\u00e9risation de la soci\u00e9t\u00e9 et enjeux sociopolitiques 1 - ISTE Group\" \/>\n<meta property=\"og:description\" content=\"Num\u00e9risation de la soci\u00e9t\u00e9 et enjeux sociopolitiques 1 examine les transformations li\u00e9es au d\u00e9veloppement des plateformes num\u00e9riques et des m\u00e9dias socionum\u00e9riques qui affectent les industries culturelles et communicationnelles.\" \/>\n<meta property=\"og:url\" content=\"https:\/\/www.istegroup.com\/fr\/produit\/numerisation-de-la-societe-et-enjeux-sociopolitiques-1\/\" \/>\n<meta property=\"og:site_name\" content=\"ISTE Group\" \/>\n<meta property=\"article:modified_time\" content=\"2024-01-03T13:43:15+00:00\" \/>\n<meta property=\"og:image\" content=\"https:\/\/www.istegroup.com\/wp-content\/uploads\/2019\/06\/Num\u00e9risation-de-la-soci\u00e9t\u00e9-et-enjeux-sociopolitiques-1-\u00c9ric-George-.jpg\" \/>\n\t<meta property=\"og:image:width\" content=\"300\" \/>\n\t<meta property=\"og:image:height\" content=\"452\" \/>\n\t<meta property=\"og:image:type\" content=\"image\/jpeg\" \/>\n<meta name=\"twitter:card\" content=\"summary_large_image\" \/>\n<meta name=\"twitter:label1\" content=\"Est. reading time\" \/>\n\t<meta name=\"twitter:data1\" content=\"1 minute\" \/>\n<script type=\"application\/ld+json\" class=\"yoast-schema-graph\">{\"@context\":\"https:\/\/schema.org\",\"@graph\":[{\"@type\":\"WebPage\",\"@id\":\"https:\/\/www.istegroup.com\/fr\/produit\/numerisation-de-la-societe-et-enjeux-sociopolitiques-1\/\",\"url\":\"https:\/\/www.istegroup.com\/fr\/produit\/numerisation-de-la-societe-et-enjeux-sociopolitiques-1\/\",\"name\":\"Num\u00e9risation de la soci\u00e9t\u00e9 et enjeux sociopolitiques 1 - ISTE Group\",\"isPartOf\":{\"@id\":\"https:\/\/www.istegroup.com\/#website\"},\"primaryImageOfPage\":{\"@id\":\"https:\/\/www.istegroup.com\/fr\/produit\/numerisation-de-la-societe-et-enjeux-sociopolitiques-1\/#primaryimage\"},\"image\":{\"@id\":\"https:\/\/www.istegroup.com\/fr\/produit\/numerisation-de-la-societe-et-enjeux-sociopolitiques-1\/#primaryimage\"},\"thumbnailUrl\":\"https:\/\/www.istegroup.com\/wp-content\/uploads\/2019\/06\/Num\u00e9risation-de-la-soci\u00e9t\u00e9-et-enjeux-sociopolitiques-1-\u00c9ric-George-.jpg\",\"datePublished\":\"2019-07-01T15:50:51+00:00\",\"dateModified\":\"2024-01-03T13:43:15+00:00\",\"description\":\"Num\u00e9risation de la soci\u00e9t\u00e9 et enjeux sociopolitiques 1 examine les transformations li\u00e9es au d\u00e9veloppement des plateformes num\u00e9riques et des m\u00e9dias socionum\u00e9riques qui affectent les industries culturelles et communicationnelles.\",\"breadcrumb\":{\"@id\":\"https:\/\/www.istegroup.com\/fr\/produit\/numerisation-de-la-societe-et-enjeux-sociopolitiques-1\/#breadcrumb\"},\"inLanguage\":\"en-US\",\"potentialAction\":[{\"@type\":\"ReadAction\",\"target\":[\"https:\/\/www.istegroup.com\/fr\/produit\/numerisation-de-la-societe-et-enjeux-sociopolitiques-1\/\"]}]},{\"@type\":\"ImageObject\",\"inLanguage\":\"en-US\",\"@id\":\"https:\/\/www.istegroup.com\/fr\/produit\/numerisation-de-la-societe-et-enjeux-sociopolitiques-1\/#primaryimage\",\"url\":\"https:\/\/www.istegroup.com\/wp-content\/uploads\/2019\/06\/Num\u00e9risation-de-la-soci\u00e9t\u00e9-et-enjeux-sociopolitiques-1-\u00c9ric-George-.jpg\",\"contentUrl\":\"https:\/\/www.istegroup.com\/wp-content\/uploads\/2019\/06\/Num\u00e9risation-de-la-soci\u00e9t\u00e9-et-enjeux-sociopolitiques-1-\u00c9ric-George-.jpg\",\"width\":300,\"height\":452,\"caption\":\"Num\u00e9rique, communication et culture\"},{\"@type\":\"BreadcrumbList\",\"@id\":\"https:\/\/www.istegroup.com\/fr\/produit\/numerisation-de-la-societe-et-enjeux-sociopolitiques-1\/#breadcrumb\",\"itemListElement\":[{\"@type\":\"ListItem\",\"position\":1,\"name\":\"Home\",\"item\":\"https:\/\/www.istegroup.com\/\"},{\"@type\":\"ListItem\",\"position\":2,\"name\":\"Shop\",\"item\":\"https:\/\/www.istegroup.com\/fr\/nouveautes\/\"},{\"@type\":\"ListItem\",\"position\":3,\"name\":\"Num\u00e9risation de la soci\u00e9t\u00e9 et enjeux sociopolitiques 1\"}]},{\"@type\":\"WebSite\",\"@id\":\"https:\/\/www.istegroup.com\/#website\",\"url\":\"https:\/\/www.istegroup.com\/\",\"name\":\"ISTE Group\",\"description\":\"Publishing Knowledge\",\"potentialAction\":[{\"@type\":\"SearchAction\",\"target\":{\"@type\":\"EntryPoint\",\"urlTemplate\":\"https:\/\/www.istegroup.com\/?s={search_term_string}\"},\"query-input\":{\"@type\":\"PropertyValueSpecification\",\"valueRequired\":true,\"valueName\":\"search_term_string\"}}],\"inLanguage\":\"en-US\"}]}<\/script>\n<!-- \/ Yoast SEO plugin. -->","yoast_head_json":{"title":"Num\u00e9risation de la soci\u00e9t\u00e9 et enjeux sociopolitiques 1 - ISTE Group","description":"Num\u00e9risation de la soci\u00e9t\u00e9 et enjeux sociopolitiques 1 examine les transformations li\u00e9es au d\u00e9veloppement des plateformes num\u00e9riques et des m\u00e9dias socionum\u00e9riques qui affectent les industries culturelles et communicationnelles.","robots":{"index":"index","follow":"follow","max-snippet":"max-snippet:-1","max-image-preview":"max-image-preview:large","max-video-preview":"max-video-preview:-1"},"canonical":"https:\/\/www.istegroup.com\/fr\/produit\/numerisation-de-la-societe-et-enjeux-sociopolitiques-1\/","og_locale":"en_US","og_type":"article","og_title":"Num\u00e9risation de la soci\u00e9t\u00e9 et enjeux sociopolitiques 1 - ISTE Group","og_description":"Num\u00e9risation de la soci\u00e9t\u00e9 et enjeux sociopolitiques 1 examine les transformations li\u00e9es au d\u00e9veloppement des plateformes num\u00e9riques et des m\u00e9dias socionum\u00e9riques qui affectent les industries culturelles et communicationnelles.","og_url":"https:\/\/www.istegroup.com\/fr\/produit\/numerisation-de-la-societe-et-enjeux-sociopolitiques-1\/","og_site_name":"ISTE Group","article_modified_time":"2024-01-03T13:43:15+00:00","og_image":[{"width":300,"height":452,"url":"https:\/\/www.istegroup.com\/wp-content\/uploads\/2019\/06\/Num\u00e9risation-de-la-soci\u00e9t\u00e9-et-enjeux-sociopolitiques-1-\u00c9ric-George-.jpg","type":"image\/jpeg"}],"twitter_card":"summary_large_image","twitter_misc":{"Est. reading time":"1 minute"},"schema":{"@context":"https:\/\/schema.org","@graph":[{"@type":"WebPage","@id":"https:\/\/www.istegroup.com\/fr\/produit\/numerisation-de-la-societe-et-enjeux-sociopolitiques-1\/","url":"https:\/\/www.istegroup.com\/fr\/produit\/numerisation-de-la-societe-et-enjeux-sociopolitiques-1\/","name":"Num\u00e9risation de la soci\u00e9t\u00e9 et enjeux sociopolitiques 1 - ISTE Group","isPartOf":{"@id":"https:\/\/www.istegroup.com\/#website"},"primaryImageOfPage":{"@id":"https:\/\/www.istegroup.com\/fr\/produit\/numerisation-de-la-societe-et-enjeux-sociopolitiques-1\/#primaryimage"},"image":{"@id":"https:\/\/www.istegroup.com\/fr\/produit\/numerisation-de-la-societe-et-enjeux-sociopolitiques-1\/#primaryimage"},"thumbnailUrl":"https:\/\/www.istegroup.com\/wp-content\/uploads\/2019\/06\/Num\u00e9risation-de-la-soci\u00e9t\u00e9-et-enjeux-sociopolitiques-1-\u00c9ric-George-.jpg","datePublished":"2019-07-01T15:50:51+00:00","dateModified":"2024-01-03T13:43:15+00:00","description":"Num\u00e9risation de la soci\u00e9t\u00e9 et enjeux sociopolitiques 1 examine les transformations li\u00e9es au d\u00e9veloppement des plateformes num\u00e9riques et des m\u00e9dias socionum\u00e9riques qui affectent les industries culturelles et communicationnelles.","breadcrumb":{"@id":"https:\/\/www.istegroup.com\/fr\/produit\/numerisation-de-la-societe-et-enjeux-sociopolitiques-1\/#breadcrumb"},"inLanguage":"en-US","potentialAction":[{"@type":"ReadAction","target":["https:\/\/www.istegroup.com\/fr\/produit\/numerisation-de-la-societe-et-enjeux-sociopolitiques-1\/"]}]},{"@type":"ImageObject","inLanguage":"en-US","@id":"https:\/\/www.istegroup.com\/fr\/produit\/numerisation-de-la-societe-et-enjeux-sociopolitiques-1\/#primaryimage","url":"https:\/\/www.istegroup.com\/wp-content\/uploads\/2019\/06\/Num\u00e9risation-de-la-soci\u00e9t\u00e9-et-enjeux-sociopolitiques-1-\u00c9ric-George-.jpg","contentUrl":"https:\/\/www.istegroup.com\/wp-content\/uploads\/2019\/06\/Num\u00e9risation-de-la-soci\u00e9t\u00e9-et-enjeux-sociopolitiques-1-\u00c9ric-George-.jpg","width":300,"height":452,"caption":"Num\u00e9rique, communication et culture"},{"@type":"BreadcrumbList","@id":"https:\/\/www.istegroup.com\/fr\/produit\/numerisation-de-la-societe-et-enjeux-sociopolitiques-1\/#breadcrumb","itemListElement":[{"@type":"ListItem","position":1,"name":"Home","item":"https:\/\/www.istegroup.com\/"},{"@type":"ListItem","position":2,"name":"Shop","item":"https:\/\/www.istegroup.com\/fr\/nouveautes\/"},{"@type":"ListItem","position":3,"name":"Num\u00e9risation de la soci\u00e9t\u00e9 et enjeux sociopolitiques 1"}]},{"@type":"WebSite","@id":"https:\/\/www.istegroup.com\/#website","url":"https:\/\/www.istegroup.com\/","name":"ISTE Group","description":"Publishing Knowledge","potentialAction":[{"@type":"SearchAction","target":{"@type":"EntryPoint","urlTemplate":"https:\/\/www.istegroup.com\/?s={search_term_string}"},"query-input":{"@type":"PropertyValueSpecification","valueRequired":true,"valueName":"search_term_string"}}],"inLanguage":"en-US"}]}},"_links":{"self":[{"href":"https:\/\/www.istegroup.com\/en\/wp-json\/wp\/v2\/product\/21599","targetHints":{"allow":["GET"]}}],"collection":[{"href":"https:\/\/www.istegroup.com\/en\/wp-json\/wp\/v2\/product"}],"about":[{"href":"https:\/\/www.istegroup.com\/en\/wp-json\/wp\/v2\/types\/product"}],"wp:featuredmedia":[{"embeddable":true,"href":"https:\/\/www.istegroup.com\/en\/wp-json\/wp\/v2\/media\/21603"}],"wp:attachment":[{"href":"https:\/\/www.istegroup.com\/en\/wp-json\/wp\/v2\/media?parent=21599"}],"wp:term":[{"taxonomy":"product_brand","embeddable":true,"href":"https:\/\/www.istegroup.com\/en\/wp-json\/wp\/v2\/product_brand?post=21599"},{"taxonomy":"product_cat","embeddable":true,"href":"https:\/\/www.istegroup.com\/en\/wp-json\/wp\/v2\/product_cat?post=21599"},{"taxonomy":"product_tag","embeddable":true,"href":"https:\/\/www.istegroup.com\/en\/wp-json\/wp\/v2\/product_tag?post=21599"}],"curies":[{"name":"wp","href":"https:\/\/api.w.org\/{rel}","templated":true}]}}