{"id":21583,"date":"2019-07-01T16:02:20","date_gmt":"2019-07-01T15:02:20","guid":{"rendered":"https:\/\/www.istegroup.com\/?post_type=product&#038;p=21583"},"modified":"2024-01-03T13:43:15","modified_gmt":"2024-01-03T13:43:15","slug":"utopies-et-medias-de-masse","status":"publish","type":"product","link":"https:\/\/www.istegroup.com\/en\/produit\/utopies-et-medias-de-masse\/","title":{"rendered":"Utopies et m\u00e9dias de masse"},"content":{"rendered":"<p>Toute technologie est port\u00e9e, au moins \u00e0 ses d\u00e9buts, par un imaginaire.<\/p>\n<p><em>Utopies et m\u00e9dias de masse<\/em> traite des courants utopiques qui ont cherch\u00e9 \u00e0 consid\u00e9rer les m\u00e9dias de masse comme un levier pour une soci\u00e9t\u00e9 meilleure. La perspective adopt\u00e9e est \u00e0 la fois historique, soci\u00e9tale et \u00e9ducationnelle. Elle permet d\u2019expliquer ces courants, de les situer dans leur contexte mais aussi de saisir l\u2019influence qu\u2019ils ont pu avoir. Si cet ouvrage jette parfois un regard r\u00e9trospectif sur le XIXe si\u00e8cle ou plus loin dans le pass\u00e9, il couvre principalement le XIXe si\u00e8cle. Il examine \u00e9galement les conditions d\u2019une \u00e9ducation aux m\u00e9dias de masse au XXIe si\u00e8cle.<\/p>\n<p>L\u2019ouvrage s\u2019adresse aux enseignants, aux sp\u00e9cialistes et aux \u00e9tudiants en sciences de l\u2019information et de la communication. Plus largement, il int\u00e9resse tous ceux qui sont d\u00e9sireux de mieux comprendre la soci\u00e9t\u00e9 actuelle et la culture communicationnelle.<\/p>\n","protected":false},"excerpt":{"rendered":"<p>Toute technologie est port\u00e9e, au moins \u00e0 ses d\u00e9buts, par un imaginaire. Utopies et m\u00e9dias de masse traite des courants utopiques qui ont cherch\u00e9 \u00e0 consid\u00e9rer les m\u00e9dias de masse comme un levier pour une soci\u00e9t\u00e9 meilleure. La perspective adopt\u00e9e est \u00e0 la fois historique, soci\u00e9tale et \u00e9ducationnelle. Elle permet d\u2019expliquer ces courants, de les [&hellip;]<\/p>\n","protected":false},"featured_media":21590,"template":"","meta":{"_acf_changed":false,"_links_to":"","_links_to_target":""},"product_brand":[],"product_cat":[3262],"product_tag":[],"class_list":{"0":"post-21583","1":"product","2":"type-product","3":"status-publish","4":"has-post-thumbnail","6":"product_cat-non-classe","8":"first","9":"instock","10":"shipping-taxable","11":"purchasable","12":"product-type-variable"},"acf":[],"yoast_head":"<!-- This site is optimized with the Yoast SEO plugin v27.2 - https:\/\/yoast.com\/product\/yoast-seo-wordpress\/ -->\n<title>Utopies et m\u00e9dias de masse - ISTE Group<\/title>\n<meta name=\"description\" content=\"Utopies et m\u00e9dias de masse traite des courants utopiques qui ont cherch\u00e9 \u00e0 consid\u00e9rer les m\u00e9dias de masse comme un levier pour une soci\u00e9t\u00e9 meilleure.\" \/>\n<meta name=\"robots\" content=\"index, follow, max-snippet:-1, max-image-preview:large, max-video-preview:-1\" \/>\n<link rel=\"canonical\" href=\"https:\/\/www.istegroup.com\/fr\/produit\/utopies-et-medias-de-masse\/\" \/>\n<meta property=\"og:locale\" content=\"en_US\" \/>\n<meta property=\"og:type\" content=\"article\" \/>\n<meta property=\"og:title\" content=\"Utopies et m\u00e9dias de masse - ISTE Group\" \/>\n<meta property=\"og:description\" content=\"Utopies et m\u00e9dias de masse traite des courants utopiques qui ont cherch\u00e9 \u00e0 consid\u00e9rer les m\u00e9dias de masse comme un levier pour une soci\u00e9t\u00e9 meilleure.\" \/>\n<meta property=\"og:url\" content=\"https:\/\/www.istegroup.com\/fr\/produit\/utopies-et-medias-de-masse\/\" \/>\n<meta property=\"og:site_name\" content=\"ISTE Group\" \/>\n<meta property=\"article:modified_time\" content=\"2024-01-03T13:43:15+00:00\" \/>\n<meta property=\"og:image\" content=\"https:\/\/www.istegroup.com\/wp-content\/uploads\/2019\/06\/Utopies-et-m\u00e9dias-de-masse-Philippe-Ricaud-et-Laurence-Corroy.jpg\" \/>\n\t<meta property=\"og:image:width\" content=\"300\" \/>\n\t<meta property=\"og:image:height\" content=\"452\" \/>\n\t<meta property=\"og:image:type\" content=\"image\/jpeg\" \/>\n<meta name=\"twitter:card\" content=\"summary_large_image\" \/>\n<meta name=\"twitter:label1\" content=\"Est. reading time\" \/>\n\t<meta name=\"twitter:data1\" content=\"1 minute\" \/>\n<script type=\"application\/ld+json\" class=\"yoast-schema-graph\">{\"@context\":\"https:\/\/schema.org\",\"@graph\":[{\"@type\":\"WebPage\",\"@id\":\"https:\/\/www.istegroup.com\/fr\/produit\/utopies-et-medias-de-masse\/\",\"url\":\"https:\/\/www.istegroup.com\/fr\/produit\/utopies-et-medias-de-masse\/\",\"name\":\"Utopies et m\u00e9dias de masse - ISTE Group\",\"isPartOf\":{\"@id\":\"https:\/\/www.istegroup.com\/#website\"},\"primaryImageOfPage\":{\"@id\":\"https:\/\/www.istegroup.com\/fr\/produit\/utopies-et-medias-de-masse\/#primaryimage\"},\"image\":{\"@id\":\"https:\/\/www.istegroup.com\/fr\/produit\/utopies-et-medias-de-masse\/#primaryimage\"},\"thumbnailUrl\":\"https:\/\/www.istegroup.com\/wp-content\/uploads\/2019\/06\/Utopies-et-m\u00e9dias-de-masse-Philippe-Ricaud-et-Laurence-Corroy.jpg\",\"datePublished\":\"2019-07-01T15:02:20+00:00\",\"dateModified\":\"2024-01-03T13:43:15+00:00\",\"description\":\"Utopies et m\u00e9dias de masse traite des courants utopiques qui ont cherch\u00e9 \u00e0 consid\u00e9rer les m\u00e9dias de masse comme un levier pour une soci\u00e9t\u00e9 meilleure.\",\"breadcrumb\":{\"@id\":\"https:\/\/www.istegroup.com\/fr\/produit\/utopies-et-medias-de-masse\/#breadcrumb\"},\"inLanguage\":\"en-US\",\"potentialAction\":[{\"@type\":\"ReadAction\",\"target\":[\"https:\/\/www.istegroup.com\/fr\/produit\/utopies-et-medias-de-masse\/\"]}]},{\"@type\":\"ImageObject\",\"inLanguage\":\"en-US\",\"@id\":\"https:\/\/www.istegroup.com\/fr\/produit\/utopies-et-medias-de-masse\/#primaryimage\",\"url\":\"https:\/\/www.istegroup.com\/wp-content\/uploads\/2019\/06\/Utopies-et-m\u00e9dias-de-masse-Philippe-Ricaud-et-Laurence-Corroy.jpg\",\"contentUrl\":\"https:\/\/www.istegroup.com\/wp-content\/uploads\/2019\/06\/Utopies-et-m\u00e9dias-de-masse-Philippe-Ricaud-et-Laurence-Corroy.jpg\",\"width\":300,\"height\":452,\"caption\":\"Utopies et m\u00e9dias de masse\"},{\"@type\":\"BreadcrumbList\",\"@id\":\"https:\/\/www.istegroup.com\/fr\/produit\/utopies-et-medias-de-masse\/#breadcrumb\",\"itemListElement\":[{\"@type\":\"ListItem\",\"position\":1,\"name\":\"Home\",\"item\":\"https:\/\/www.istegroup.com\/\"},{\"@type\":\"ListItem\",\"position\":2,\"name\":\"Shop\",\"item\":\"https:\/\/www.istegroup.com\/fr\/nouveautes\/\"},{\"@type\":\"ListItem\",\"position\":3,\"name\":\"Utopies et m\u00e9dias de masse\"}]},{\"@type\":\"WebSite\",\"@id\":\"https:\/\/www.istegroup.com\/#website\",\"url\":\"https:\/\/www.istegroup.com\/\",\"name\":\"ISTE Group\",\"description\":\"Publishing Knowledge\",\"potentialAction\":[{\"@type\":\"SearchAction\",\"target\":{\"@type\":\"EntryPoint\",\"urlTemplate\":\"https:\/\/www.istegroup.com\/?s={search_term_string}\"},\"query-input\":{\"@type\":\"PropertyValueSpecification\",\"valueRequired\":true,\"valueName\":\"search_term_string\"}}],\"inLanguage\":\"en-US\"}]}<\/script>\n<!-- \/ Yoast SEO plugin. -->","yoast_head_json":{"title":"Utopies et m\u00e9dias de masse - ISTE Group","description":"Utopies et m\u00e9dias de masse traite des courants utopiques qui ont cherch\u00e9 \u00e0 consid\u00e9rer les m\u00e9dias de masse comme un levier pour une soci\u00e9t\u00e9 meilleure.","robots":{"index":"index","follow":"follow","max-snippet":"max-snippet:-1","max-image-preview":"max-image-preview:large","max-video-preview":"max-video-preview:-1"},"canonical":"https:\/\/www.istegroup.com\/fr\/produit\/utopies-et-medias-de-masse\/","og_locale":"en_US","og_type":"article","og_title":"Utopies et m\u00e9dias de masse - ISTE Group","og_description":"Utopies et m\u00e9dias de masse traite des courants utopiques qui ont cherch\u00e9 \u00e0 consid\u00e9rer les m\u00e9dias de masse comme un levier pour une soci\u00e9t\u00e9 meilleure.","og_url":"https:\/\/www.istegroup.com\/fr\/produit\/utopies-et-medias-de-masse\/","og_site_name":"ISTE Group","article_modified_time":"2024-01-03T13:43:15+00:00","og_image":[{"width":300,"height":452,"url":"https:\/\/www.istegroup.com\/wp-content\/uploads\/2019\/06\/Utopies-et-m\u00e9dias-de-masse-Philippe-Ricaud-et-Laurence-Corroy.jpg","type":"image\/jpeg"}],"twitter_card":"summary_large_image","twitter_misc":{"Est. reading time":"1 minute"},"schema":{"@context":"https:\/\/schema.org","@graph":[{"@type":"WebPage","@id":"https:\/\/www.istegroup.com\/fr\/produit\/utopies-et-medias-de-masse\/","url":"https:\/\/www.istegroup.com\/fr\/produit\/utopies-et-medias-de-masse\/","name":"Utopies et m\u00e9dias de masse - ISTE Group","isPartOf":{"@id":"https:\/\/www.istegroup.com\/#website"},"primaryImageOfPage":{"@id":"https:\/\/www.istegroup.com\/fr\/produit\/utopies-et-medias-de-masse\/#primaryimage"},"image":{"@id":"https:\/\/www.istegroup.com\/fr\/produit\/utopies-et-medias-de-masse\/#primaryimage"},"thumbnailUrl":"https:\/\/www.istegroup.com\/wp-content\/uploads\/2019\/06\/Utopies-et-m\u00e9dias-de-masse-Philippe-Ricaud-et-Laurence-Corroy.jpg","datePublished":"2019-07-01T15:02:20+00:00","dateModified":"2024-01-03T13:43:15+00:00","description":"Utopies et m\u00e9dias de masse traite des courants utopiques qui ont cherch\u00e9 \u00e0 consid\u00e9rer les m\u00e9dias de masse comme un levier pour une soci\u00e9t\u00e9 meilleure.","breadcrumb":{"@id":"https:\/\/www.istegroup.com\/fr\/produit\/utopies-et-medias-de-masse\/#breadcrumb"},"inLanguage":"en-US","potentialAction":[{"@type":"ReadAction","target":["https:\/\/www.istegroup.com\/fr\/produit\/utopies-et-medias-de-masse\/"]}]},{"@type":"ImageObject","inLanguage":"en-US","@id":"https:\/\/www.istegroup.com\/fr\/produit\/utopies-et-medias-de-masse\/#primaryimage","url":"https:\/\/www.istegroup.com\/wp-content\/uploads\/2019\/06\/Utopies-et-m\u00e9dias-de-masse-Philippe-Ricaud-et-Laurence-Corroy.jpg","contentUrl":"https:\/\/www.istegroup.com\/wp-content\/uploads\/2019\/06\/Utopies-et-m\u00e9dias-de-masse-Philippe-Ricaud-et-Laurence-Corroy.jpg","width":300,"height":452,"caption":"Utopies et m\u00e9dias de masse"},{"@type":"BreadcrumbList","@id":"https:\/\/www.istegroup.com\/fr\/produit\/utopies-et-medias-de-masse\/#breadcrumb","itemListElement":[{"@type":"ListItem","position":1,"name":"Home","item":"https:\/\/www.istegroup.com\/"},{"@type":"ListItem","position":2,"name":"Shop","item":"https:\/\/www.istegroup.com\/fr\/nouveautes\/"},{"@type":"ListItem","position":3,"name":"Utopies et m\u00e9dias de masse"}]},{"@type":"WebSite","@id":"https:\/\/www.istegroup.com\/#website","url":"https:\/\/www.istegroup.com\/","name":"ISTE Group","description":"Publishing Knowledge","potentialAction":[{"@type":"SearchAction","target":{"@type":"EntryPoint","urlTemplate":"https:\/\/www.istegroup.com\/?s={search_term_string}"},"query-input":{"@type":"PropertyValueSpecification","valueRequired":true,"valueName":"search_term_string"}}],"inLanguage":"en-US"}]}},"_links":{"self":[{"href":"https:\/\/www.istegroup.com\/en\/wp-json\/wp\/v2\/product\/21583","targetHints":{"allow":["GET"]}}],"collection":[{"href":"https:\/\/www.istegroup.com\/en\/wp-json\/wp\/v2\/product"}],"about":[{"href":"https:\/\/www.istegroup.com\/en\/wp-json\/wp\/v2\/types\/product"}],"wp:featuredmedia":[{"embeddable":true,"href":"https:\/\/www.istegroup.com\/en\/wp-json\/wp\/v2\/media\/21590"}],"wp:attachment":[{"href":"https:\/\/www.istegroup.com\/en\/wp-json\/wp\/v2\/media?parent=21583"}],"wp:term":[{"taxonomy":"product_brand","embeddable":true,"href":"https:\/\/www.istegroup.com\/en\/wp-json\/wp\/v2\/product_brand?post=21583"},{"taxonomy":"product_cat","embeddable":true,"href":"https:\/\/www.istegroup.com\/en\/wp-json\/wp\/v2\/product_cat?post=21583"},{"taxonomy":"product_tag","embeddable":true,"href":"https:\/\/www.istegroup.com\/en\/wp-json\/wp\/v2\/product_tag?post=21583"}],"curies":[{"name":"wp","href":"https:\/\/api.w.org\/{rel}","templated":true}]}}