{"id":215,"date":"2017-07-28T11:05:18","date_gmt":"2017-07-28T09:05:18","guid":{"rendered":"https:\/\/iste.yhello.co\/product\/electronique-de-puissance-pour-lindustrie-et-les-transports-2\/"},"modified":"2024-01-03T13:38:54","modified_gmt":"2024-01-03T13:38:54","slug":"electronique-de-puissance-pour-lindustrie-et-les-transports-2","status":"publish","type":"product","link":"https:\/\/www.istegroup.com\/en\/produit\/electronique-de-puissance-pour-lindustrie-et-les-transports-2\/","title":{"rendered":"Electronique de puissance pour l&#8217;industrie et les transports 2"},"content":{"rendered":"<p>Cet ouvrage dresse un panorama complet des convertisseurs \u00e9lectroniques de puissance (DC\/DC, DC\/AC, AC\/DC et AC\/AC) utilis\u00e9s classiquement dans les applications industrielles et de transport, plus sp\u00e9cifiquement pour l\u2019alimentation de machines \u00e9lectriques \u00e0 vitesse variable. Dans une optique de conception et de dimensionnement, ce livre pr\u00e9sente les diff\u00e9rentes fonctions rencontr\u00e9es en \u00e9lectronique de puissance de mani\u00e8re modulaire.<\/p>\n<p>Des th\u00e8mes moins classiques tels les convertisseurs matriciels et les convertisseurs multiniveaux sont trait\u00e9s.\u00a0<em>Electronique de puissance pour l&#8217;industrie et les transports 2<\/em>\u00a0propose \u00e9galement une \u00e9tude de cas de conception d\u2019un variateur industriel qui constitue une synth\u00e8se (\u00e0 l\u2019exception de la conversion AC\/AC directe) des sujets \u00e9tudi\u00e9s, avec notamment le dimensionnement des composants passifs associ\u00e9s (comme les condensateurs de d\u00e9couplage du bus continu).<\/p>\n","protected":false},"excerpt":{"rendered":"<p>Cet ouvrage dresse un panorama complet des convertisseurs \u00e9lectroniques de puissance (DC\/DC, DC\/AC, AC\/DC et AC\/AC) utilis\u00e9s classiquement dans les applications industrielles et de transport, plus sp\u00e9cifiquement pour l\u2019alimentation de machines \u00e9lectriques \u00e0 vitesse variable. Dans une optique de conception et de dimensionnement, ce livre pr\u00e9sente les diff\u00e9rentes fonctions rencontr\u00e9es en \u00e9lectronique de puissance de [&hellip;]<\/p>\n","protected":false},"featured_media":216,"template":"","meta":{"_acf_changed":false,"_links_to":"","_links_to_target":""},"product_brand":[],"product_cat":[659],"product_tag":[31,196,1160,276,1161,247,248,197,198,199,21,200,22,201,203,204,63,25,172,209,1158,212,38,192,145,28,1159,331],"class_list":{"0":"post-215","1":"product","2":"type-product","3":"status-publish","4":"has-post-thumbnail","6":"product_cat-electronique-11476903","7":"product_tag-ebook","8":"product_tag-ebooks","9":"product_tag-electricite","10":"product_tag-electronique","11":"product_tag-electronique-de-puissance-pour-lindustrie-et-les-transports-2","12":"product_tag-industrie","13":"product_tag-industriel","14":"product_tag-iste","15":"product_tag-iste-edition","16":"product_tag-iste-editions","17":"product_tag-iste-group","18":"product_tag-isteedition","19":"product_tag-istegroup","20":"product_tag-kindle","21":"product_tag-liseuse","22":"product_tag-livre","23":"product_tag-livre-electronique","24":"product_tag-livre-numerique","25":"product_tag-livre-scientifique","26":"product_tag-livres-scientifiques","27":"product_tag-nicolas-patin","28":"product_tag-ouvrage","29":"product_tag-ouvrage-numerique","30":"product_tag-ouvrage-science","31":"product_tag-ouvrage-scientifique","32":"product_tag-ouvrage-scientifique-francais","33":"product_tag-puissance","34":"product_tag-transports","36":"first","37":"instock","38":"shipping-taxable","39":"purchasable","40":"product-type-variable"},"acf":[],"yoast_head":"<!-- This site is optimized with the Yoast SEO plugin v27.2 - https:\/\/yoast.com\/product\/yoast-seo-wordpress\/ -->\n<title>Electronique de puissance pour l&#039;industrie et les transports 2 - ISTE Group<\/title>\n<meta name=\"description\" content=\"Electronique de puissance pour l&#039;industrie et les transports 2\u00a0dresse un panorama complet des convertisseurs \u00e9lectroniques de puissance.\" \/>\n<meta name=\"robots\" content=\"index, follow, max-snippet:-1, max-image-preview:large, max-video-preview:-1\" \/>\n<link rel=\"canonical\" href=\"https:\/\/www.istegroup.com\/en\/produit\/electronique-de-puissance-pour-lindustrie-et-les-transports-2\/\" \/>\n<meta property=\"og:locale\" content=\"en_US\" \/>\n<meta property=\"og:type\" content=\"article\" \/>\n<meta property=\"og:title\" content=\"Electronique de puissance pour l&#039;industrie et les transports 2 - ISTE Group\" \/>\n<meta property=\"og:description\" content=\"Electronique de puissance pour l&#039;industrie et les transports 2\u00a0dresse un panorama complet des convertisseurs \u00e9lectroniques de puissance.\" \/>\n<meta property=\"og:url\" content=\"https:\/\/www.istegroup.com\/en\/produit\/electronique-de-puissance-pour-lindustrie-et-les-transports-2\/\" \/>\n<meta property=\"og:site_name\" content=\"ISTE Group\" \/>\n<meta property=\"article:modified_time\" content=\"2024-01-03T13:38:54+00:00\" \/>\n<meta property=\"og:image\" content=\"https:\/\/www.istegroup.com\/wp-content\/uploads\/2017\/07\/1067547272_377071760-1.jpg\" \/>\n\t<meta property=\"og:image:width\" content=\"300\" \/>\n\t<meta property=\"og:image:height\" content=\"452\" \/>\n\t<meta property=\"og:image:type\" content=\"image\/jpeg\" \/>\n<meta name=\"twitter:card\" content=\"summary_large_image\" \/>\n<meta name=\"twitter:label1\" content=\"Est. reading time\" \/>\n\t<meta name=\"twitter:data1\" content=\"1 minute\" \/>\n<script type=\"application\/ld+json\" class=\"yoast-schema-graph\">{\"@context\":\"https:\/\/schema.org\",\"@graph\":[{\"@type\":\"WebPage\",\"@id\":\"https:\/\/www.istegroup.com\/en\/produit\/electronique-de-puissance-pour-lindustrie-et-les-transports-2\/\",\"url\":\"https:\/\/www.istegroup.com\/en\/produit\/electronique-de-puissance-pour-lindustrie-et-les-transports-2\/\",\"name\":\"Electronique de puissance pour l'industrie et les transports 2 - ISTE Group\",\"isPartOf\":{\"@id\":\"https:\/\/www.istegroup.com\/#website\"},\"primaryImageOfPage\":{\"@id\":\"https:\/\/www.istegroup.com\/en\/produit\/electronique-de-puissance-pour-lindustrie-et-les-transports-2\/#primaryimage\"},\"image\":{\"@id\":\"https:\/\/www.istegroup.com\/en\/produit\/electronique-de-puissance-pour-lindustrie-et-les-transports-2\/#primaryimage\"},\"thumbnailUrl\":\"https:\/\/www.istegroup.com\/wp-content\/uploads\/2017\/07\/1067547272_377071760-1.jpg\",\"datePublished\":\"2017-07-28T09:05:18+00:00\",\"dateModified\":\"2024-01-03T13:38:54+00:00\",\"description\":\"Electronique de puissance pour l'industrie et les transports 2\u00a0dresse un panorama complet des convertisseurs \u00e9lectroniques de puissance.\",\"breadcrumb\":{\"@id\":\"https:\/\/www.istegroup.com\/en\/produit\/electronique-de-puissance-pour-lindustrie-et-les-transports-2\/#breadcrumb\"},\"inLanguage\":\"en-US\",\"potentialAction\":[{\"@type\":\"ReadAction\",\"target\":[\"https:\/\/www.istegroup.com\/en\/produit\/electronique-de-puissance-pour-lindustrie-et-les-transports-2\/\"]}]},{\"@type\":\"ImageObject\",\"inLanguage\":\"en-US\",\"@id\":\"https:\/\/www.istegroup.com\/en\/produit\/electronique-de-puissance-pour-lindustrie-et-les-transports-2\/#primaryimage\",\"url\":\"https:\/\/www.istegroup.com\/wp-content\/uploads\/2017\/07\/1067547272_377071760-1.jpg\",\"contentUrl\":\"https:\/\/www.istegroup.com\/wp-content\/uploads\/2017\/07\/1067547272_377071760-1.jpg\",\"width\":300,\"height\":452,\"caption\":\"Les convertisseurs de puissance et leur commande\"},{\"@type\":\"BreadcrumbList\",\"@id\":\"https:\/\/www.istegroup.com\/en\/produit\/electronique-de-puissance-pour-lindustrie-et-les-transports-2\/#breadcrumb\",\"itemListElement\":[{\"@type\":\"ListItem\",\"position\":1,\"name\":\"Home\",\"item\":\"https:\/\/www.istegroup.com\/\"},{\"@type\":\"ListItem\",\"position\":2,\"name\":\"Shop\",\"item\":\"https:\/\/www.istegroup.com\/fr\/nouveautes\/\"},{\"@type\":\"ListItem\",\"position\":3,\"name\":\"Electronique de puissance pour l&#8217;industrie et les transports 2\"}]},{\"@type\":\"WebSite\",\"@id\":\"https:\/\/www.istegroup.com\/#website\",\"url\":\"https:\/\/www.istegroup.com\/\",\"name\":\"ISTE Group\",\"description\":\"Publishing Knowledge\",\"potentialAction\":[{\"@type\":\"SearchAction\",\"target\":{\"@type\":\"EntryPoint\",\"urlTemplate\":\"https:\/\/www.istegroup.com\/?s={search_term_string}\"},\"query-input\":{\"@type\":\"PropertyValueSpecification\",\"valueRequired\":true,\"valueName\":\"search_term_string\"}}],\"inLanguage\":\"en-US\"}]}<\/script>\n<!-- \/ Yoast SEO plugin. -->","yoast_head_json":{"title":"Electronique de puissance pour l'industrie et les transports 2 - ISTE Group","description":"Electronique de puissance pour l'industrie et les transports 2\u00a0dresse un panorama complet des convertisseurs \u00e9lectroniques de puissance.","robots":{"index":"index","follow":"follow","max-snippet":"max-snippet:-1","max-image-preview":"max-image-preview:large","max-video-preview":"max-video-preview:-1"},"canonical":"https:\/\/www.istegroup.com\/en\/produit\/electronique-de-puissance-pour-lindustrie-et-les-transports-2\/","og_locale":"en_US","og_type":"article","og_title":"Electronique de puissance pour l'industrie et les transports 2 - ISTE Group","og_description":"Electronique de puissance pour l'industrie et les transports 2\u00a0dresse un panorama complet des convertisseurs \u00e9lectroniques de puissance.","og_url":"https:\/\/www.istegroup.com\/en\/produit\/electronique-de-puissance-pour-lindustrie-et-les-transports-2\/","og_site_name":"ISTE Group","article_modified_time":"2024-01-03T13:38:54+00:00","og_image":[{"width":300,"height":452,"url":"https:\/\/www.istegroup.com\/wp-content\/uploads\/2017\/07\/1067547272_377071760-1.jpg","type":"image\/jpeg"}],"twitter_card":"summary_large_image","twitter_misc":{"Est. reading time":"1 minute"},"schema":{"@context":"https:\/\/schema.org","@graph":[{"@type":"WebPage","@id":"https:\/\/www.istegroup.com\/en\/produit\/electronique-de-puissance-pour-lindustrie-et-les-transports-2\/","url":"https:\/\/www.istegroup.com\/en\/produit\/electronique-de-puissance-pour-lindustrie-et-les-transports-2\/","name":"Electronique de puissance pour l'industrie et les transports 2 - ISTE Group","isPartOf":{"@id":"https:\/\/www.istegroup.com\/#website"},"primaryImageOfPage":{"@id":"https:\/\/www.istegroup.com\/en\/produit\/electronique-de-puissance-pour-lindustrie-et-les-transports-2\/#primaryimage"},"image":{"@id":"https:\/\/www.istegroup.com\/en\/produit\/electronique-de-puissance-pour-lindustrie-et-les-transports-2\/#primaryimage"},"thumbnailUrl":"https:\/\/www.istegroup.com\/wp-content\/uploads\/2017\/07\/1067547272_377071760-1.jpg","datePublished":"2017-07-28T09:05:18+00:00","dateModified":"2024-01-03T13:38:54+00:00","description":"Electronique de puissance pour l'industrie et les transports 2\u00a0dresse un panorama complet des convertisseurs \u00e9lectroniques de puissance.","breadcrumb":{"@id":"https:\/\/www.istegroup.com\/en\/produit\/electronique-de-puissance-pour-lindustrie-et-les-transports-2\/#breadcrumb"},"inLanguage":"en-US","potentialAction":[{"@type":"ReadAction","target":["https:\/\/www.istegroup.com\/en\/produit\/electronique-de-puissance-pour-lindustrie-et-les-transports-2\/"]}]},{"@type":"ImageObject","inLanguage":"en-US","@id":"https:\/\/www.istegroup.com\/en\/produit\/electronique-de-puissance-pour-lindustrie-et-les-transports-2\/#primaryimage","url":"https:\/\/www.istegroup.com\/wp-content\/uploads\/2017\/07\/1067547272_377071760-1.jpg","contentUrl":"https:\/\/www.istegroup.com\/wp-content\/uploads\/2017\/07\/1067547272_377071760-1.jpg","width":300,"height":452,"caption":"Les convertisseurs de puissance et leur commande"},{"@type":"BreadcrumbList","@id":"https:\/\/www.istegroup.com\/en\/produit\/electronique-de-puissance-pour-lindustrie-et-les-transports-2\/#breadcrumb","itemListElement":[{"@type":"ListItem","position":1,"name":"Home","item":"https:\/\/www.istegroup.com\/"},{"@type":"ListItem","position":2,"name":"Shop","item":"https:\/\/www.istegroup.com\/fr\/nouveautes\/"},{"@type":"ListItem","position":3,"name":"Electronique de puissance pour l&#8217;industrie et les transports 2"}]},{"@type":"WebSite","@id":"https:\/\/www.istegroup.com\/#website","url":"https:\/\/www.istegroup.com\/","name":"ISTE Group","description":"Publishing Knowledge","potentialAction":[{"@type":"SearchAction","target":{"@type":"EntryPoint","urlTemplate":"https:\/\/www.istegroup.com\/?s={search_term_string}"},"query-input":{"@type":"PropertyValueSpecification","valueRequired":true,"valueName":"search_term_string"}}],"inLanguage":"en-US"}]}},"_links":{"self":[{"href":"https:\/\/www.istegroup.com\/en\/wp-json\/wp\/v2\/product\/215","targetHints":{"allow":["GET"]}}],"collection":[{"href":"https:\/\/www.istegroup.com\/en\/wp-json\/wp\/v2\/product"}],"about":[{"href":"https:\/\/www.istegroup.com\/en\/wp-json\/wp\/v2\/types\/product"}],"wp:featuredmedia":[{"embeddable":true,"href":"https:\/\/www.istegroup.com\/en\/wp-json\/wp\/v2\/media\/216"}],"wp:attachment":[{"href":"https:\/\/www.istegroup.com\/en\/wp-json\/wp\/v2\/media?parent=215"}],"wp:term":[{"taxonomy":"product_brand","embeddable":true,"href":"https:\/\/www.istegroup.com\/en\/wp-json\/wp\/v2\/product_brand?post=215"},{"taxonomy":"product_cat","embeddable":true,"href":"https:\/\/www.istegroup.com\/en\/wp-json\/wp\/v2\/product_cat?post=215"},{"taxonomy":"product_tag","embeddable":true,"href":"https:\/\/www.istegroup.com\/en\/wp-json\/wp\/v2\/product_tag?post=215"}],"curies":[{"name":"wp","href":"https:\/\/api.w.org\/{rel}","templated":true}]}}