{"id":213,"date":"2017-07-28T11:05:14","date_gmt":"2017-07-28T09:05:14","guid":{"rendered":"https:\/\/iste.yhello.co\/product\/electronique-de-puissance-pour-lindustrie-et-les-transports-1\/"},"modified":"2024-01-03T13:38:54","modified_gmt":"2024-01-03T13:38:54","slug":"electronique-de-puissance-pour-lindustrie-et-les-transports-1","status":"publish","type":"product","link":"https:\/\/www.istegroup.com\/en\/produit\/electronique-de-puissance-pour-lindustrie-et-les-transports-1\/","title":{"rendered":"Electronique de puissance pour l&#8217;industrie et les transports 1"},"content":{"rendered":"<p>L\u2019\u00e9lectronique de puissance se fonde sur le fonctionnement en r\u00e9gime de commutation des composants semi-conducteurs. Sur cette base, les notions de nature (tension ou courant) et de r\u00e9versibilit\u00e9 des sources \u00e0 interconnecter permettent d\u2019appliquer une m\u00e9thodologie de synth\u00e8se des diverses familles de convertisseurs.<\/p>\n<p>Cet ouvrage pr\u00e9sente les grands types de composants disponibles, toujours du point de vue de l\u2019utilisateur avec les commandes rapproch\u00e9es et les circuits annexes requis pour leur bon fonctionnement (circuits d\u2019aide \u00e0 la commutation par exemple). Il traite des diff\u00e9rents composants passifs (condensateurs, composants bobin\u00e9s), et d\u00e9taille la technologie des circuits imprim\u00e9s, notamment leur conception.<\/p>\n<p><em>Electronique de puissance pour l&#8217;industrie et les transports 1<\/em>\u00a0s\u2019int\u00e9resse \u00e0 l\u2019importance du packaging, en explicitant la repr\u00e9sentation \u00e9lectrique \u00e9quivalente des mod\u00e8les thermiques des composants ainsi que les technologies de refroidissement disponibles pour l\u2019\u00e9lectronique de mani\u00e8re g\u00e9n\u00e9rale. L\u2019aspect mod\u00e9lisation y est pr\u00e9sent, au m\u00eame titre que les diff\u00e9rents aspects technologiques, utiles \u00e0 l\u2019ing\u00e9nieur concepteur d\u2019un convertisseur \u00e9lectronique de puissance soucieux d\u2019obtenir des performances et une fiabilit\u00e9 satisfaisantes.<\/p>\n","protected":false},"excerpt":{"rendered":"<p>L\u2019\u00e9lectronique de puissance se fonde sur le fonctionnement en r\u00e9gime de commutation des composants semi-conducteurs. Sur cette base, les notions de nature (tension ou courant) et de r\u00e9versibilit\u00e9 des sources \u00e0 interconnecter permettent d\u2019appliquer une m\u00e9thodologie de synth\u00e8se des diverses familles de convertisseurs. Cet ouvrage pr\u00e9sente les grands types de composants disponibles, toujours du point [&hellip;]<\/p>\n","protected":false},"featured_media":214,"template":"","meta":{"_acf_changed":false,"_links_to":"","_links_to_target":""},"product_brand":[],"product_cat":[659],"product_tag":[435,31,196,276,1157,247,197,198,199,21,200,22,201,203,204,63,25,172,209,1158,212,38,192,145,28,1159,253,331],"class_list":{"0":"post-213","1":"product","2":"type-product","3":"status-publish","4":"has-post-thumbnail","6":"product_cat-electronique-11476903","7":"product_tag-composants","8":"product_tag-ebook","9":"product_tag-ebooks","10":"product_tag-electronique","11":"product_tag-electronique-de-puissance-pour-lindustrie-et-les-transports-1","12":"product_tag-industrie","13":"product_tag-iste","14":"product_tag-iste-edition","15":"product_tag-iste-editions","16":"product_tag-iste-group","17":"product_tag-isteedition","18":"product_tag-istegroup","19":"product_tag-kindle","20":"product_tag-liseuse","21":"product_tag-livre","22":"product_tag-livre-electronique","23":"product_tag-livre-numerique","24":"product_tag-livre-scientifique","25":"product_tag-livres-scientifiques","26":"product_tag-nicolas-patin","27":"product_tag-ouvrage","28":"product_tag-ouvrage-numerique","29":"product_tag-ouvrage-science","30":"product_tag-ouvrage-scientifique","31":"product_tag-ouvrage-scientifique-francais","32":"product_tag-puissance","33":"product_tag-technologie","34":"product_tag-transports","36":"first","37":"instock","38":"shipping-taxable","39":"purchasable","40":"product-type-variable"},"acf":[],"yoast_head":"<!-- This site is optimized with the Yoast SEO plugin v27.2 - https:\/\/yoast.com\/product\/yoast-seo-wordpress\/ -->\n<title>Electronique de puissance pour l&#039;industrie et les transports 1 - ISTE Group<\/title>\n<meta name=\"description\" content=\"Electronique de puissance pour l&#039;industrie et les transports1\u00a0pr\u00e9sente les types de composants disponibles, les circuits annexes requis pour leur fonctionnement\" \/>\n<meta name=\"robots\" content=\"index, follow, max-snippet:-1, max-image-preview:large, max-video-preview:-1\" \/>\n<link rel=\"canonical\" href=\"https:\/\/www.istegroup.com\/fr\/produit\/electronique-de-puissance-pour-lindustrie-et-les-transports-1\/\" \/>\n<meta property=\"og:locale\" content=\"en_US\" \/>\n<meta property=\"og:type\" content=\"article\" \/>\n<meta property=\"og:title\" content=\"Electronique de puissance pour l&#039;industrie et les transports 1 - ISTE Group\" \/>\n<meta property=\"og:description\" content=\"Electronique de puissance pour l&#039;industrie et les transports1\u00a0pr\u00e9sente les types de composants disponibles, les circuits annexes requis pour leur fonctionnement\" \/>\n<meta property=\"og:url\" content=\"https:\/\/www.istegroup.com\/fr\/produit\/electronique-de-puissance-pour-lindustrie-et-les-transports-1\/\" \/>\n<meta property=\"og:site_name\" content=\"ISTE Group\" \/>\n<meta property=\"article:modified_time\" content=\"2024-01-03T13:38:54+00:00\" \/>\n<meta property=\"og:image\" content=\"https:\/\/www.istegroup.com\/wp-content\/uploads\/2017\/07\/1067535908_377064952-1.jpg\" \/>\n\t<meta property=\"og:image:width\" content=\"300\" \/>\n\t<meta property=\"og:image:height\" content=\"453\" \/>\n\t<meta property=\"og:image:type\" content=\"image\/jpeg\" \/>\n<meta name=\"twitter:card\" content=\"summary_large_image\" \/>\n<meta name=\"twitter:label1\" content=\"Est. reading time\" \/>\n\t<meta name=\"twitter:data1\" content=\"1 minute\" \/>\n<script type=\"application\/ld+json\" class=\"yoast-schema-graph\">{\"@context\":\"https:\/\/schema.org\",\"@graph\":[{\"@type\":\"WebPage\",\"@id\":\"https:\/\/www.istegroup.com\/fr\/produit\/electronique-de-puissance-pour-lindustrie-et-les-transports-1\/\",\"url\":\"https:\/\/www.istegroup.com\/fr\/produit\/electronique-de-puissance-pour-lindustrie-et-les-transports-1\/\",\"name\":\"Electronique de puissance pour l'industrie et les transports 1 - ISTE Group\",\"isPartOf\":{\"@id\":\"https:\/\/www.istegroup.com\/#website\"},\"primaryImageOfPage\":{\"@id\":\"https:\/\/www.istegroup.com\/fr\/produit\/electronique-de-puissance-pour-lindustrie-et-les-transports-1\/#primaryimage\"},\"image\":{\"@id\":\"https:\/\/www.istegroup.com\/fr\/produit\/electronique-de-puissance-pour-lindustrie-et-les-transports-1\/#primaryimage\"},\"thumbnailUrl\":\"https:\/\/www.istegroup.com\/wp-content\/uploads\/2017\/07\/1067535908_377064952-1.jpg\",\"datePublished\":\"2017-07-28T09:05:14+00:00\",\"dateModified\":\"2024-01-03T13:38:54+00:00\",\"description\":\"Electronique de puissance pour l'industrie et les transports1\u00a0pr\u00e9sente les types de composants disponibles, les circuits annexes requis pour leur fonctionnement\",\"breadcrumb\":{\"@id\":\"https:\/\/www.istegroup.com\/fr\/produit\/electronique-de-puissance-pour-lindustrie-et-les-transports-1\/#breadcrumb\"},\"inLanguage\":\"en-US\",\"potentialAction\":[{\"@type\":\"ReadAction\",\"target\":[\"https:\/\/www.istegroup.com\/fr\/produit\/electronique-de-puissance-pour-lindustrie-et-les-transports-1\/\"]}]},{\"@type\":\"ImageObject\",\"inLanguage\":\"en-US\",\"@id\":\"https:\/\/www.istegroup.com\/fr\/produit\/electronique-de-puissance-pour-lindustrie-et-les-transports-1\/#primaryimage\",\"url\":\"https:\/\/www.istegroup.com\/wp-content\/uploads\/2017\/07\/1067535908_377064952-1.jpg\",\"contentUrl\":\"https:\/\/www.istegroup.com\/wp-content\/uploads\/2017\/07\/1067535908_377064952-1.jpg\",\"width\":300,\"height\":453,\"caption\":\"M\u00e9thodologie de synth\u00e8se de convertisseurs et technologie des composants\"},{\"@type\":\"BreadcrumbList\",\"@id\":\"https:\/\/www.istegroup.com\/fr\/produit\/electronique-de-puissance-pour-lindustrie-et-les-transports-1\/#breadcrumb\",\"itemListElement\":[{\"@type\":\"ListItem\",\"position\":1,\"name\":\"Home\",\"item\":\"https:\/\/www.istegroup.com\/\"},{\"@type\":\"ListItem\",\"position\":2,\"name\":\"Shop\",\"item\":\"https:\/\/www.istegroup.com\/fr\/nouveautes\/\"},{\"@type\":\"ListItem\",\"position\":3,\"name\":\"Electronique de puissance pour l&rsquo;industrie et les transports 1\"}]},{\"@type\":\"WebSite\",\"@id\":\"https:\/\/www.istegroup.com\/#website\",\"url\":\"https:\/\/www.istegroup.com\/\",\"name\":\"ISTE Group\",\"description\":\"Publishing Knowledge\",\"potentialAction\":[{\"@type\":\"SearchAction\",\"target\":{\"@type\":\"EntryPoint\",\"urlTemplate\":\"https:\/\/www.istegroup.com\/?s={search_term_string}\"},\"query-input\":{\"@type\":\"PropertyValueSpecification\",\"valueRequired\":true,\"valueName\":\"search_term_string\"}}],\"inLanguage\":\"en-US\"}]}<\/script>\n<!-- \/ Yoast SEO plugin. -->","yoast_head_json":{"title":"Electronique de puissance pour l'industrie et les transports 1 - ISTE Group","description":"Electronique de puissance pour l'industrie et les transports1\u00a0pr\u00e9sente les types de composants disponibles, les circuits annexes requis pour leur fonctionnement","robots":{"index":"index","follow":"follow","max-snippet":"max-snippet:-1","max-image-preview":"max-image-preview:large","max-video-preview":"max-video-preview:-1"},"canonical":"https:\/\/www.istegroup.com\/fr\/produit\/electronique-de-puissance-pour-lindustrie-et-les-transports-1\/","og_locale":"en_US","og_type":"article","og_title":"Electronique de puissance pour l'industrie et les transports 1 - ISTE Group","og_description":"Electronique de puissance pour l'industrie et les transports1\u00a0pr\u00e9sente les types de composants disponibles, les circuits annexes requis pour leur fonctionnement","og_url":"https:\/\/www.istegroup.com\/fr\/produit\/electronique-de-puissance-pour-lindustrie-et-les-transports-1\/","og_site_name":"ISTE Group","article_modified_time":"2024-01-03T13:38:54+00:00","og_image":[{"width":300,"height":453,"url":"https:\/\/www.istegroup.com\/wp-content\/uploads\/2017\/07\/1067535908_377064952-1.jpg","type":"image\/jpeg"}],"twitter_card":"summary_large_image","twitter_misc":{"Est. reading time":"1 minute"},"schema":{"@context":"https:\/\/schema.org","@graph":[{"@type":"WebPage","@id":"https:\/\/www.istegroup.com\/fr\/produit\/electronique-de-puissance-pour-lindustrie-et-les-transports-1\/","url":"https:\/\/www.istegroup.com\/fr\/produit\/electronique-de-puissance-pour-lindustrie-et-les-transports-1\/","name":"Electronique de puissance pour l'industrie et les transports 1 - ISTE Group","isPartOf":{"@id":"https:\/\/www.istegroup.com\/#website"},"primaryImageOfPage":{"@id":"https:\/\/www.istegroup.com\/fr\/produit\/electronique-de-puissance-pour-lindustrie-et-les-transports-1\/#primaryimage"},"image":{"@id":"https:\/\/www.istegroup.com\/fr\/produit\/electronique-de-puissance-pour-lindustrie-et-les-transports-1\/#primaryimage"},"thumbnailUrl":"https:\/\/www.istegroup.com\/wp-content\/uploads\/2017\/07\/1067535908_377064952-1.jpg","datePublished":"2017-07-28T09:05:14+00:00","dateModified":"2024-01-03T13:38:54+00:00","description":"Electronique de puissance pour l'industrie et les transports1\u00a0pr\u00e9sente les types de composants disponibles, les circuits annexes requis pour leur fonctionnement","breadcrumb":{"@id":"https:\/\/www.istegroup.com\/fr\/produit\/electronique-de-puissance-pour-lindustrie-et-les-transports-1\/#breadcrumb"},"inLanguage":"en-US","potentialAction":[{"@type":"ReadAction","target":["https:\/\/www.istegroup.com\/fr\/produit\/electronique-de-puissance-pour-lindustrie-et-les-transports-1\/"]}]},{"@type":"ImageObject","inLanguage":"en-US","@id":"https:\/\/www.istegroup.com\/fr\/produit\/electronique-de-puissance-pour-lindustrie-et-les-transports-1\/#primaryimage","url":"https:\/\/www.istegroup.com\/wp-content\/uploads\/2017\/07\/1067535908_377064952-1.jpg","contentUrl":"https:\/\/www.istegroup.com\/wp-content\/uploads\/2017\/07\/1067535908_377064952-1.jpg","width":300,"height":453,"caption":"M\u00e9thodologie de synth\u00e8se de convertisseurs et technologie des composants"},{"@type":"BreadcrumbList","@id":"https:\/\/www.istegroup.com\/fr\/produit\/electronique-de-puissance-pour-lindustrie-et-les-transports-1\/#breadcrumb","itemListElement":[{"@type":"ListItem","position":1,"name":"Home","item":"https:\/\/www.istegroup.com\/"},{"@type":"ListItem","position":2,"name":"Shop","item":"https:\/\/www.istegroup.com\/fr\/nouveautes\/"},{"@type":"ListItem","position":3,"name":"Electronique de puissance pour l&rsquo;industrie et les transports 1"}]},{"@type":"WebSite","@id":"https:\/\/www.istegroup.com\/#website","url":"https:\/\/www.istegroup.com\/","name":"ISTE Group","description":"Publishing Knowledge","potentialAction":[{"@type":"SearchAction","target":{"@type":"EntryPoint","urlTemplate":"https:\/\/www.istegroup.com\/?s={search_term_string}"},"query-input":{"@type":"PropertyValueSpecification","valueRequired":true,"valueName":"search_term_string"}}],"inLanguage":"en-US"}]}},"_links":{"self":[{"href":"https:\/\/www.istegroup.com\/en\/wp-json\/wp\/v2\/product\/213","targetHints":{"allow":["GET"]}}],"collection":[{"href":"https:\/\/www.istegroup.com\/en\/wp-json\/wp\/v2\/product"}],"about":[{"href":"https:\/\/www.istegroup.com\/en\/wp-json\/wp\/v2\/types\/product"}],"wp:featuredmedia":[{"embeddable":true,"href":"https:\/\/www.istegroup.com\/en\/wp-json\/wp\/v2\/media\/214"}],"wp:attachment":[{"href":"https:\/\/www.istegroup.com\/en\/wp-json\/wp\/v2\/media?parent=213"}],"wp:term":[{"taxonomy":"product_brand","embeddable":true,"href":"https:\/\/www.istegroup.com\/en\/wp-json\/wp\/v2\/product_brand?post=213"},{"taxonomy":"product_cat","embeddable":true,"href":"https:\/\/www.istegroup.com\/en\/wp-json\/wp\/v2\/product_cat?post=213"},{"taxonomy":"product_tag","embeddable":true,"href":"https:\/\/www.istegroup.com\/en\/wp-json\/wp\/v2\/product_tag?post=213"}],"curies":[{"name":"wp","href":"https:\/\/api.w.org\/{rel}","templated":true}]}}