{"id":207,"date":"2017-07-28T11:04:57","date_gmt":"2017-07-28T09:04:57","guid":{"rendered":"https:\/\/iste.yhello.co\/product\/ecrilecture-augmentee-dans-les-communautes-scientifiques\/"},"modified":"2024-01-03T13:38:53","modified_gmt":"2024-01-03T13:38:53","slug":"ecrilecture-augmentee-dans-les-communautes-scientifiques","status":"publish","type":"product","link":"https:\/\/www.istegroup.com\/en\/produit\/ecrilecture-augmentee-dans-les-communautes-scientifiques\/","title":{"rendered":"Ecrilecture augment\u00e9e dans les communaut\u00e9s scientifiques"},"content":{"rendered":"<p>Cet ouvrage a pour objectif d\u2019examiner \u00e0 l\u2019heure de l\u2019\u00e9crilecture informatis\u00e9e les conditions mat\u00e9rielles de coconstruction des savoirs scientifiques et leur augmentation.<\/p>\n<p>Les pratiques li\u00e9es aux usages de lecture \u00ab savante \u00bb se sont perp\u00e9tu\u00e9es au cours des si\u00e8cles. Les annotations sont elles-m\u00eames devenues des objets d\u2019\u00e9tudes. Elles repr\u00e9sentent une v\u00e9ritable \u00ab plus-value \u00bb des textes originaux. Historiquement reconnues depuis le XIIe si\u00e8cle, les premi\u00e8res techniques de lecture dites \u00ab savantes \u00bb r\u00e9unissaient la lecture et l\u2019\u00e9criture dans un processus de lettrure, m\u00ealant lecture attentive et commentaire.<\/p>\n<p>Le Web a transform\u00e9 ce processus par l\u2019ajout de couches techniques concernant \u00e0 la fois les processus d\u2019\u00e9criture et de lecture, mais \u00e9galement la circulation des textes, leur augmentation potentielle et r\u00e9alis\u00e9e, leur diffusion et leur r\u00e9ception.\u00a0<em>Ecrilecture augment\u00e9e dans les communaut\u00e9s scientifiques<\/em>\u00a0pr\u00e9sente des \u00e9tudes et des retours d\u2019exp\u00e9rience concernant les processus intellectuels instrument\u00e9s, les espaces de critique ouverts, l\u2019\u00e9dition savante collaborative, les modalit\u00e9s de circulation et de m\u00e9diatisation des savoirs, les techniques \u00e9labor\u00e9es et les outils employ\u00e9s.<\/p>\n","protected":false},"excerpt":{"rendered":"<p>Cet ouvrage a pour objectif d\u2019examiner \u00e0 l\u2019heure de l\u2019\u00e9crilecture informatis\u00e9e les conditions mat\u00e9rielles de coconstruction des savoirs scientifiques et leur augmentation. Les pratiques li\u00e9es aux usages de lecture \u00ab savante \u00bb se sont perp\u00e9tu\u00e9es au cours des si\u00e8cles. Les annotations sont elles-m\u00eames devenues des objets d\u2019\u00e9tudes. Elles repr\u00e9sentent une v\u00e9ritable \u00ab plus-value \u00bb des [&hellip;]<\/p>\n","protected":false},"featured_media":208,"template":"","meta":{"_acf_changed":false,"_links_to":"","_links_to_target":""},"product_brand":[],"product_cat":[675,707],"product_tag":[404,405,406,407,31,196,420,408,421,422,423,409,410,411,197,198,199,21,200,22,201,412,413,414,203,204,63,25,172,209,415,212,38,192,145,28,416,417,418,419],"class_list":{"0":"post-207","1":"product","2":"type-product","3":"status-publish","4":"has-post-thumbnail","6":"product_cat-nouveauts-12519446","7":"product_cat-systmes-dinformation-web-et-socit-12506570","8":"product_tag-annotations","9":"product_tag-circulation","10":"product_tag-commentaire","11":"product_tag-diffusion","12":"product_tag-ebook","13":"product_tag-ebooks","14":"product_tag-ecrilecture","15":"product_tag-ecrilecture-augmentee-dans-les-communautes-scientifiques","16":"product_tag-ecriture","17":"product_tag-edition","18":"product_tag-etude","19":"product_tag-evelyne-broudoux","20":"product_tag-gerald-kembellec","21":"product_tag-intellectuel","22":"product_tag-iste","23":"product_tag-iste-edition","24":"product_tag-iste-editions","25":"product_tag-iste-group","26":"product_tag-isteedition","27":"product_tag-istegroup","28":"product_tag-kindle","29":"product_tag-lecture","30":"product_tag-lecture-attentive","31":"product_tag-lettrure","32":"product_tag-liseuse","33":"product_tag-livre","34":"product_tag-livre-electronique","35":"product_tag-livre-numerique","36":"product_tag-livre-scientifique","37":"product_tag-livres-scientifiques","38":"product_tag-mediatisation","39":"product_tag-ouvrage","40":"product_tag-ouvrage-numerique","41":"product_tag-ouvrage-science","42":"product_tag-ouvrage-scientifique","43":"product_tag-ouvrage-scientifique-francais","44":"product_tag-reception","45":"product_tag-savoir","46":"product_tag-savoir-scientifique","47":"product_tag-texte","49":"first","50":"instock","51":"shipping-taxable","52":"purchasable","53":"product-type-variable"},"acf":[],"yoast_head":"<!-- This site is optimized with the Yoast SEO plugin v27.2 - https:\/\/yoast.com\/product\/yoast-seo-wordpress\/ -->\n<title>Ecrilecture augment\u00e9e dans les communaut\u00e9s scientifiques - ISTE Group<\/title>\n<meta name=\"description\" content=\"Cet ouvrage a pour objectif d\u2019examiner \u00e0 l\u2019heure de l\u2019\u00e9crilecture informatis\u00e9e les conditions mat\u00e9rielles de coconstruction des savoirs scientifiques.\" \/>\n<meta name=\"robots\" content=\"index, follow, max-snippet:-1, max-image-preview:large, max-video-preview:-1\" \/>\n<link rel=\"canonical\" href=\"https:\/\/www.istegroup.com\/fr\/produit\/ecrilecture-augmentee-dans-les-communautes-scientifiques\/\" \/>\n<meta property=\"og:locale\" content=\"en_US\" \/>\n<meta property=\"og:type\" content=\"article\" \/>\n<meta property=\"og:title\" content=\"Ecrilecture augment\u00e9e dans les communaut\u00e9s scientifiques - ISTE Group\" \/>\n<meta property=\"og:description\" content=\"Cet ouvrage a pour objectif d\u2019examiner \u00e0 l\u2019heure de l\u2019\u00e9crilecture informatis\u00e9e les conditions mat\u00e9rielles de coconstruction des savoirs scientifiques.\" \/>\n<meta property=\"og:url\" content=\"https:\/\/www.istegroup.com\/fr\/produit\/ecrilecture-augmentee-dans-les-communautes-scientifiques\/\" \/>\n<meta property=\"og:site_name\" content=\"ISTE Group\" \/>\n<meta property=\"article:modified_time\" content=\"2024-01-03T13:38:53+00:00\" \/>\n<meta property=\"og:image\" content=\"https:\/\/www.istegroup.com\/wp-content\/uploads\/2017\/07\/18615156625_8573049617-1.jpg\" \/>\n\t<meta property=\"og:image:width\" content=\"1360\" \/>\n\t<meta property=\"og:image:height\" content=\"2048\" \/>\n\t<meta property=\"og:image:type\" content=\"image\/jpeg\" \/>\n<meta name=\"twitter:card\" content=\"summary_large_image\" \/>\n<meta name=\"twitter:label1\" content=\"Est. reading time\" \/>\n\t<meta name=\"twitter:data1\" content=\"1 minute\" \/>\n<script type=\"application\/ld+json\" class=\"yoast-schema-graph\">{\"@context\":\"https:\/\/schema.org\",\"@graph\":[{\"@type\":\"WebPage\",\"@id\":\"https:\/\/www.istegroup.com\/fr\/produit\/ecrilecture-augmentee-dans-les-communautes-scientifiques\/\",\"url\":\"https:\/\/www.istegroup.com\/fr\/produit\/ecrilecture-augmentee-dans-les-communautes-scientifiques\/\",\"name\":\"Ecrilecture augment\u00e9e dans les communaut\u00e9s scientifiques - ISTE Group\",\"isPartOf\":{\"@id\":\"https:\/\/www.istegroup.com\/#website\"},\"primaryImageOfPage\":{\"@id\":\"https:\/\/www.istegroup.com\/fr\/produit\/ecrilecture-augmentee-dans-les-communautes-scientifiques\/#primaryimage\"},\"image\":{\"@id\":\"https:\/\/www.istegroup.com\/fr\/produit\/ecrilecture-augmentee-dans-les-communautes-scientifiques\/#primaryimage\"},\"thumbnailUrl\":\"https:\/\/www.istegroup.com\/wp-content\/uploads\/2017\/07\/18615156625_8573049617-1.jpg\",\"datePublished\":\"2017-07-28T09:04:57+00:00\",\"dateModified\":\"2024-01-03T13:38:53+00:00\",\"description\":\"Cet ouvrage a pour objectif d\u2019examiner \u00e0 l\u2019heure de l\u2019\u00e9crilecture informatis\u00e9e les conditions mat\u00e9rielles de coconstruction des savoirs scientifiques.\",\"breadcrumb\":{\"@id\":\"https:\/\/www.istegroup.com\/fr\/produit\/ecrilecture-augmentee-dans-les-communautes-scientifiques\/#breadcrumb\"},\"inLanguage\":\"en-US\",\"potentialAction\":[{\"@type\":\"ReadAction\",\"target\":[\"https:\/\/www.istegroup.com\/fr\/produit\/ecrilecture-augmentee-dans-les-communautes-scientifiques\/\"]}]},{\"@type\":\"ImageObject\",\"inLanguage\":\"en-US\",\"@id\":\"https:\/\/www.istegroup.com\/fr\/produit\/ecrilecture-augmentee-dans-les-communautes-scientifiques\/#primaryimage\",\"url\":\"https:\/\/www.istegroup.com\/wp-content\/uploads\/2017\/07\/18615156625_8573049617-1.jpg\",\"contentUrl\":\"https:\/\/www.istegroup.com\/wp-content\/uploads\/2017\/07\/18615156625_8573049617-1.jpg\",\"width\":1360,\"height\":2048,\"caption\":\"Humanit\u00e9s num\u00e9riques et construction des savoirs\"},{\"@type\":\"BreadcrumbList\",\"@id\":\"https:\/\/www.istegroup.com\/fr\/produit\/ecrilecture-augmentee-dans-les-communautes-scientifiques\/#breadcrumb\",\"itemListElement\":[{\"@type\":\"ListItem\",\"position\":1,\"name\":\"Home\",\"item\":\"https:\/\/www.istegroup.com\/\"},{\"@type\":\"ListItem\",\"position\":2,\"name\":\"Shop\",\"item\":\"https:\/\/www.istegroup.com\/fr\/nouveautes\/\"},{\"@type\":\"ListItem\",\"position\":3,\"name\":\"Ecrilecture augment\u00e9e dans les communaut\u00e9s scientifiques\"}]},{\"@type\":\"WebSite\",\"@id\":\"https:\/\/www.istegroup.com\/#website\",\"url\":\"https:\/\/www.istegroup.com\/\",\"name\":\"ISTE Group\",\"description\":\"Publishing Knowledge\",\"potentialAction\":[{\"@type\":\"SearchAction\",\"target\":{\"@type\":\"EntryPoint\",\"urlTemplate\":\"https:\/\/www.istegroup.com\/?s={search_term_string}\"},\"query-input\":{\"@type\":\"PropertyValueSpecification\",\"valueRequired\":true,\"valueName\":\"search_term_string\"}}],\"inLanguage\":\"en-US\"}]}<\/script>\n<!-- \/ Yoast SEO plugin. -->","yoast_head_json":{"title":"Ecrilecture augment\u00e9e dans les communaut\u00e9s scientifiques - ISTE Group","description":"Cet ouvrage a pour objectif d\u2019examiner \u00e0 l\u2019heure de l\u2019\u00e9crilecture informatis\u00e9e les conditions mat\u00e9rielles de coconstruction des savoirs scientifiques.","robots":{"index":"index","follow":"follow","max-snippet":"max-snippet:-1","max-image-preview":"max-image-preview:large","max-video-preview":"max-video-preview:-1"},"canonical":"https:\/\/www.istegroup.com\/fr\/produit\/ecrilecture-augmentee-dans-les-communautes-scientifiques\/","og_locale":"en_US","og_type":"article","og_title":"Ecrilecture augment\u00e9e dans les communaut\u00e9s scientifiques - ISTE Group","og_description":"Cet ouvrage a pour objectif d\u2019examiner \u00e0 l\u2019heure de l\u2019\u00e9crilecture informatis\u00e9e les conditions mat\u00e9rielles de coconstruction des savoirs scientifiques.","og_url":"https:\/\/www.istegroup.com\/fr\/produit\/ecrilecture-augmentee-dans-les-communautes-scientifiques\/","og_site_name":"ISTE Group","article_modified_time":"2024-01-03T13:38:53+00:00","og_image":[{"width":1360,"height":2048,"url":"https:\/\/www.istegroup.com\/wp-content\/uploads\/2017\/07\/18615156625_8573049617-1.jpg","type":"image\/jpeg"}],"twitter_card":"summary_large_image","twitter_misc":{"Est. reading time":"1 minute"},"schema":{"@context":"https:\/\/schema.org","@graph":[{"@type":"WebPage","@id":"https:\/\/www.istegroup.com\/fr\/produit\/ecrilecture-augmentee-dans-les-communautes-scientifiques\/","url":"https:\/\/www.istegroup.com\/fr\/produit\/ecrilecture-augmentee-dans-les-communautes-scientifiques\/","name":"Ecrilecture augment\u00e9e dans les communaut\u00e9s scientifiques - ISTE Group","isPartOf":{"@id":"https:\/\/www.istegroup.com\/#website"},"primaryImageOfPage":{"@id":"https:\/\/www.istegroup.com\/fr\/produit\/ecrilecture-augmentee-dans-les-communautes-scientifiques\/#primaryimage"},"image":{"@id":"https:\/\/www.istegroup.com\/fr\/produit\/ecrilecture-augmentee-dans-les-communautes-scientifiques\/#primaryimage"},"thumbnailUrl":"https:\/\/www.istegroup.com\/wp-content\/uploads\/2017\/07\/18615156625_8573049617-1.jpg","datePublished":"2017-07-28T09:04:57+00:00","dateModified":"2024-01-03T13:38:53+00:00","description":"Cet ouvrage a pour objectif d\u2019examiner \u00e0 l\u2019heure de l\u2019\u00e9crilecture informatis\u00e9e les conditions mat\u00e9rielles de coconstruction des savoirs scientifiques.","breadcrumb":{"@id":"https:\/\/www.istegroup.com\/fr\/produit\/ecrilecture-augmentee-dans-les-communautes-scientifiques\/#breadcrumb"},"inLanguage":"en-US","potentialAction":[{"@type":"ReadAction","target":["https:\/\/www.istegroup.com\/fr\/produit\/ecrilecture-augmentee-dans-les-communautes-scientifiques\/"]}]},{"@type":"ImageObject","inLanguage":"en-US","@id":"https:\/\/www.istegroup.com\/fr\/produit\/ecrilecture-augmentee-dans-les-communautes-scientifiques\/#primaryimage","url":"https:\/\/www.istegroup.com\/wp-content\/uploads\/2017\/07\/18615156625_8573049617-1.jpg","contentUrl":"https:\/\/www.istegroup.com\/wp-content\/uploads\/2017\/07\/18615156625_8573049617-1.jpg","width":1360,"height":2048,"caption":"Humanit\u00e9s num\u00e9riques et construction des savoirs"},{"@type":"BreadcrumbList","@id":"https:\/\/www.istegroup.com\/fr\/produit\/ecrilecture-augmentee-dans-les-communautes-scientifiques\/#breadcrumb","itemListElement":[{"@type":"ListItem","position":1,"name":"Home","item":"https:\/\/www.istegroup.com\/"},{"@type":"ListItem","position":2,"name":"Shop","item":"https:\/\/www.istegroup.com\/fr\/nouveautes\/"},{"@type":"ListItem","position":3,"name":"Ecrilecture augment\u00e9e dans les communaut\u00e9s scientifiques"}]},{"@type":"WebSite","@id":"https:\/\/www.istegroup.com\/#website","url":"https:\/\/www.istegroup.com\/","name":"ISTE Group","description":"Publishing Knowledge","potentialAction":[{"@type":"SearchAction","target":{"@type":"EntryPoint","urlTemplate":"https:\/\/www.istegroup.com\/?s={search_term_string}"},"query-input":{"@type":"PropertyValueSpecification","valueRequired":true,"valueName":"search_term_string"}}],"inLanguage":"en-US"}]}},"_links":{"self":[{"href":"https:\/\/www.istegroup.com\/en\/wp-json\/wp\/v2\/product\/207","targetHints":{"allow":["GET"]}}],"collection":[{"href":"https:\/\/www.istegroup.com\/en\/wp-json\/wp\/v2\/product"}],"about":[{"href":"https:\/\/www.istegroup.com\/en\/wp-json\/wp\/v2\/types\/product"}],"wp:featuredmedia":[{"embeddable":true,"href":"https:\/\/www.istegroup.com\/en\/wp-json\/wp\/v2\/media\/208"}],"wp:attachment":[{"href":"https:\/\/www.istegroup.com\/en\/wp-json\/wp\/v2\/media?parent=207"}],"wp:term":[{"taxonomy":"product_brand","embeddable":true,"href":"https:\/\/www.istegroup.com\/en\/wp-json\/wp\/v2\/product_brand?post=207"},{"taxonomy":"product_cat","embeddable":true,"href":"https:\/\/www.istegroup.com\/en\/wp-json\/wp\/v2\/product_cat?post=207"},{"taxonomy":"product_tag","embeddable":true,"href":"https:\/\/www.istegroup.com\/en\/wp-json\/wp\/v2\/product_tag?post=207"}],"curies":[{"name":"wp","href":"https:\/\/api.w.org\/{rel}","templated":true}]}}