{"id":20580,"date":"2019-06-08T15:59:51","date_gmt":"2019-06-08T14:59:51","guid":{"rendered":"https:\/\/www.istegroup.com\/?post_type=product&#038;p=20580"},"modified":"2025-08-04T09:50:13","modified_gmt":"2025-08-04T08:50:13","slug":"lunivers-la-vie-et-la-contingence","status":"publish","type":"product","link":"https:\/\/www.istegroup.com\/en\/produit\/lunivers-la-vie-et-la-contingence\/","title":{"rendered":"L\u2019Univers, la vie et la contingence"},"content":{"rendered":"<p>Depuis qu\u2019il a acquis la conscience de lui-m\u00eame et de son environnement \u2013 il y a des dizaines de milliers d\u2019ann\u00e9es \u2013 l\u2019\u00eatre humain s\u2019interroge sur les pourquoi et les comment du monde tel qu\u2019il le per\u00e7oit. Cet ouvrage apporte son \u00e9clairage en racontant l\u2019histoire de l\u2019Univers et de la vie dans l\u2019\u00e9tat actuel des connaissances scientifiques.<\/p>\n<p>Les Grecs de l\u2019Antiquit\u00e9 avaient commenc\u00e9 \u00e0 d\u00e9fricher le chemin vers la s\u00e9paration de la science et du surnaturel. Aujourd\u2019hui, cette science a conquis sa pleine autonomie, et ses acquis r\u00e9cents remettent \u00e0 l\u2019honneur le duo \u00ab hasard et n\u00e9cessit\u00e9 \u00bb, en en pr\u00e9cisant le sens. Ce couple, propos\u00e9 il y a 50 ans par le Prix Nobel Jacques Monod comme \u00e9l\u00e9ment majeur dans le processus de naissance et d\u2019\u00e9volution de la vie sur Terre, peut maintenant \u00eatre \u00e9tendu \u00e0 l\u2019Univers tout entier.<\/p>\n","protected":false},"excerpt":{"rendered":"<p class=\"qtranxs-available-languages-message qtranxs-available-languages-message-en\">Sorry, this entry is only available in <a href=\"https:\/\/www.istegroup.com\/fr\/wp-json\/wp\/v2\/product\/20580\" class=\"qtranxs-available-language-link qtranxs-available-language-link-fr\" title=\"FR\">FR<\/a>.<\/p>\n","protected":false},"featured_media":20586,"template":"","meta":{"_acf_changed":false,"_links_to":"","_links_to_target":""},"product_brand":[],"product_cat":[3262],"product_tag":[],"class_list":{"0":"post-20580","1":"product","2":"type-product","3":"status-publish","4":"has-post-thumbnail","6":"product_cat-non-classe","8":"first","9":"instock","10":"shipping-taxable","11":"purchasable","12":"product-type-variable"},"acf":[],"yoast_head":"<!-- This site is optimized with the Yoast SEO plugin v27.2 - https:\/\/yoast.com\/product\/yoast-seo-wordpress\/ -->\n<title>L\u2019Univers, la vie et la contingence - ISTE Group<\/title>\n<meta name=\"description\" content=\"Cet ouvrage apporte son \u00e9clairage en racontant l\u2019histoire de l\u2019Univers et de la vie dans l\u2019\u00e9tat actuel des connaissances scientifiques.\" \/>\n<meta name=\"robots\" content=\"index, follow, max-snippet:-1, max-image-preview:large, max-video-preview:-1\" \/>\n<link rel=\"canonical\" href=\"https:\/\/www.istegroup.com\/produit\/lunivers-la-vie-et-la-contingence\/\" \/>\n<meta property=\"og:locale\" content=\"en_US\" \/>\n<meta property=\"og:type\" content=\"article\" \/>\n<meta property=\"og:title\" content=\"L\u2019Univers, la vie et la contingence - ISTE Group\" \/>\n<meta property=\"og:description\" content=\"Cet ouvrage apporte son \u00e9clairage en racontant l\u2019histoire de l\u2019Univers et de la vie dans l\u2019\u00e9tat actuel des connaissances scientifiques.\" \/>\n<meta property=\"og:url\" content=\"https:\/\/www.istegroup.com\/produit\/lunivers-la-vie-et-la-contingence\/\" \/>\n<meta property=\"og:site_name\" content=\"ISTE Group\" \/>\n<meta property=\"article:modified_time\" content=\"2025-08-04T08:50:13+00:00\" \/>\n<meta property=\"og:image\" content=\"https:\/\/www.istegroup.com\/wp-content\/uploads\/2019\/05\/Fourtaux_Front.jpg\" \/>\n\t<meta property=\"og:image:width\" content=\"300\" \/>\n\t<meta property=\"og:image:height\" content=\"453\" \/>\n\t<meta property=\"og:image:type\" content=\"image\/jpeg\" \/>\n<meta name=\"twitter:card\" content=\"summary_large_image\" \/>\n<meta name=\"twitter:label1\" content=\"Est. reading time\" \/>\n\t<meta name=\"twitter:data1\" content=\"1 minute\" \/>\n<script type=\"application\/ld+json\" class=\"yoast-schema-graph\">{\"@context\":\"https:\/\/schema.org\",\"@graph\":[{\"@type\":\"WebPage\",\"@id\":\"https:\/\/www.istegroup.com\/produit\/lunivers-la-vie-et-la-contingence\/\",\"url\":\"https:\/\/www.istegroup.com\/produit\/lunivers-la-vie-et-la-contingence\/\",\"name\":\"L\u2019Univers, la vie et la contingence - ISTE Group\",\"isPartOf\":{\"@id\":\"https:\/\/www.istegroup.com\/#website\"},\"primaryImageOfPage\":{\"@id\":\"https:\/\/www.istegroup.com\/produit\/lunivers-la-vie-et-la-contingence\/#primaryimage\"},\"image\":{\"@id\":\"https:\/\/www.istegroup.com\/produit\/lunivers-la-vie-et-la-contingence\/#primaryimage\"},\"thumbnailUrl\":\"https:\/\/www.istegroup.com\/wp-content\/uploads\/2019\/05\/Fourtaux_Front.jpg\",\"datePublished\":\"2019-06-08T14:59:51+00:00\",\"dateModified\":\"2025-08-04T08:50:13+00:00\",\"description\":\"Cet ouvrage apporte son \u00e9clairage en racontant l\u2019histoire de l\u2019Univers et de la vie dans l\u2019\u00e9tat actuel des connaissances scientifiques.\",\"breadcrumb\":{\"@id\":\"https:\/\/www.istegroup.com\/produit\/lunivers-la-vie-et-la-contingence\/#breadcrumb\"},\"inLanguage\":\"en-US\",\"potentialAction\":[{\"@type\":\"ReadAction\",\"target\":[\"https:\/\/www.istegroup.com\/produit\/lunivers-la-vie-et-la-contingence\/\"]}]},{\"@type\":\"ImageObject\",\"inLanguage\":\"en-US\",\"@id\":\"https:\/\/www.istegroup.com\/produit\/lunivers-la-vie-et-la-contingence\/#primaryimage\",\"url\":\"https:\/\/www.istegroup.com\/wp-content\/uploads\/2019\/05\/Fourtaux_Front.jpg\",\"contentUrl\":\"https:\/\/www.istegroup.com\/wp-content\/uploads\/2019\/05\/Fourtaux_Front.jpg\",\"width\":300,\"height\":453,\"caption\":\"L\u2019Univers, la vie et la contingence\"},{\"@type\":\"BreadcrumbList\",\"@id\":\"https:\/\/www.istegroup.com\/produit\/lunivers-la-vie-et-la-contingence\/#breadcrumb\",\"itemListElement\":[{\"@type\":\"ListItem\",\"position\":1,\"name\":\"Home\",\"item\":\"https:\/\/www.istegroup.com\/\"},{\"@type\":\"ListItem\",\"position\":2,\"name\":\"Shop\",\"item\":\"https:\/\/www.istegroup.com\/fr\/nouveautes\/\"},{\"@type\":\"ListItem\",\"position\":3,\"name\":\"L\u2019Univers, la vie et la contingence\"}]},{\"@type\":\"WebSite\",\"@id\":\"https:\/\/www.istegroup.com\/#website\",\"url\":\"https:\/\/www.istegroup.com\/\",\"name\":\"ISTE Group\",\"description\":\"Publishing Knowledge\",\"potentialAction\":[{\"@type\":\"SearchAction\",\"target\":{\"@type\":\"EntryPoint\",\"urlTemplate\":\"https:\/\/www.istegroup.com\/?s={search_term_string}\"},\"query-input\":{\"@type\":\"PropertyValueSpecification\",\"valueRequired\":true,\"valueName\":\"search_term_string\"}}],\"inLanguage\":\"en-US\"}]}<\/script>\n<!-- \/ Yoast SEO plugin. -->","yoast_head_json":{"title":"L\u2019Univers, la vie et la contingence - ISTE Group","description":"Cet ouvrage apporte son \u00e9clairage en racontant l\u2019histoire de l\u2019Univers et de la vie dans l\u2019\u00e9tat actuel des connaissances scientifiques.","robots":{"index":"index","follow":"follow","max-snippet":"max-snippet:-1","max-image-preview":"max-image-preview:large","max-video-preview":"max-video-preview:-1"},"canonical":"https:\/\/www.istegroup.com\/produit\/lunivers-la-vie-et-la-contingence\/","og_locale":"en_US","og_type":"article","og_title":"L\u2019Univers, la vie et la contingence - ISTE Group","og_description":"Cet ouvrage apporte son \u00e9clairage en racontant l\u2019histoire de l\u2019Univers et de la vie dans l\u2019\u00e9tat actuel des connaissances scientifiques.","og_url":"https:\/\/www.istegroup.com\/produit\/lunivers-la-vie-et-la-contingence\/","og_site_name":"ISTE Group","article_modified_time":"2025-08-04T08:50:13+00:00","og_image":[{"width":300,"height":453,"url":"https:\/\/www.istegroup.com\/wp-content\/uploads\/2019\/05\/Fourtaux_Front.jpg","type":"image\/jpeg"}],"twitter_card":"summary_large_image","twitter_misc":{"Est. reading time":"1 minute"},"schema":{"@context":"https:\/\/schema.org","@graph":[{"@type":"WebPage","@id":"https:\/\/www.istegroup.com\/produit\/lunivers-la-vie-et-la-contingence\/","url":"https:\/\/www.istegroup.com\/produit\/lunivers-la-vie-et-la-contingence\/","name":"L\u2019Univers, la vie et la contingence - ISTE Group","isPartOf":{"@id":"https:\/\/www.istegroup.com\/#website"},"primaryImageOfPage":{"@id":"https:\/\/www.istegroup.com\/produit\/lunivers-la-vie-et-la-contingence\/#primaryimage"},"image":{"@id":"https:\/\/www.istegroup.com\/produit\/lunivers-la-vie-et-la-contingence\/#primaryimage"},"thumbnailUrl":"https:\/\/www.istegroup.com\/wp-content\/uploads\/2019\/05\/Fourtaux_Front.jpg","datePublished":"2019-06-08T14:59:51+00:00","dateModified":"2025-08-04T08:50:13+00:00","description":"Cet ouvrage apporte son \u00e9clairage en racontant l\u2019histoire de l\u2019Univers et de la vie dans l\u2019\u00e9tat actuel des connaissances scientifiques.","breadcrumb":{"@id":"https:\/\/www.istegroup.com\/produit\/lunivers-la-vie-et-la-contingence\/#breadcrumb"},"inLanguage":"en-US","potentialAction":[{"@type":"ReadAction","target":["https:\/\/www.istegroup.com\/produit\/lunivers-la-vie-et-la-contingence\/"]}]},{"@type":"ImageObject","inLanguage":"en-US","@id":"https:\/\/www.istegroup.com\/produit\/lunivers-la-vie-et-la-contingence\/#primaryimage","url":"https:\/\/www.istegroup.com\/wp-content\/uploads\/2019\/05\/Fourtaux_Front.jpg","contentUrl":"https:\/\/www.istegroup.com\/wp-content\/uploads\/2019\/05\/Fourtaux_Front.jpg","width":300,"height":453,"caption":"L\u2019Univers, la vie et la contingence"},{"@type":"BreadcrumbList","@id":"https:\/\/www.istegroup.com\/produit\/lunivers-la-vie-et-la-contingence\/#breadcrumb","itemListElement":[{"@type":"ListItem","position":1,"name":"Home","item":"https:\/\/www.istegroup.com\/"},{"@type":"ListItem","position":2,"name":"Shop","item":"https:\/\/www.istegroup.com\/fr\/nouveautes\/"},{"@type":"ListItem","position":3,"name":"L\u2019Univers, la vie et la contingence"}]},{"@type":"WebSite","@id":"https:\/\/www.istegroup.com\/#website","url":"https:\/\/www.istegroup.com\/","name":"ISTE Group","description":"Publishing Knowledge","potentialAction":[{"@type":"SearchAction","target":{"@type":"EntryPoint","urlTemplate":"https:\/\/www.istegroup.com\/?s={search_term_string}"},"query-input":{"@type":"PropertyValueSpecification","valueRequired":true,"valueName":"search_term_string"}}],"inLanguage":"en-US"}]}},"_links":{"self":[{"href":"https:\/\/www.istegroup.com\/en\/wp-json\/wp\/v2\/product\/20580","targetHints":{"allow":["GET"]}}],"collection":[{"href":"https:\/\/www.istegroup.com\/en\/wp-json\/wp\/v2\/product"}],"about":[{"href":"https:\/\/www.istegroup.com\/en\/wp-json\/wp\/v2\/types\/product"}],"wp:featuredmedia":[{"embeddable":true,"href":"https:\/\/www.istegroup.com\/en\/wp-json\/wp\/v2\/media\/20586"}],"wp:attachment":[{"href":"https:\/\/www.istegroup.com\/en\/wp-json\/wp\/v2\/media?parent=20580"}],"wp:term":[{"taxonomy":"product_brand","embeddable":true,"href":"https:\/\/www.istegroup.com\/en\/wp-json\/wp\/v2\/product_brand?post=20580"},{"taxonomy":"product_cat","embeddable":true,"href":"https:\/\/www.istegroup.com\/en\/wp-json\/wp\/v2\/product_cat?post=20580"},{"taxonomy":"product_tag","embeddable":true,"href":"https:\/\/www.istegroup.com\/en\/wp-json\/wp\/v2\/product_tag?post=20580"}],"curies":[{"name":"wp","href":"https:\/\/api.w.org\/{rel}","templated":true}]}}