{"id":205,"date":"2017-07-28T11:04:53","date_gmt":"2017-07-28T09:04:53","guid":{"rendered":"https:\/\/iste.yhello.co\/product\/econometrie-spatiale-appliquee-des-microdonnees\/"},"modified":"2024-01-03T13:38:52","modified_gmt":"2024-01-03T13:38:52","slug":"econometrie-spatiale-appliquee-des-microdonnees","status":"publish","type":"product","link":"https:\/\/www.istegroup.com\/en\/produit\/econometrie-spatiale-appliquee-des-microdonnees\/","title":{"rendered":"Econom\u00e9trie spatiale appliqu\u00e9e des microdonn\u00e9es"},"content":{"rendered":"<p>Si l&#8217;effet de proximit\u00e9 (spatiale, sociale, cognitive, etc.) sur les comportements est un fait g\u00e9n\u00e9ralement reconnu, les mod\u00e8les \u00e9conom\u00e9triques n\u2019ont incorpor\u00e9 cette r\u00e9alit\u00e9 que depuis peu. L\u2019aspect spatial apporte ici une richesse d\u2019information qu\u2019il est pertinent de consid\u00e9rer lors des analyses empiriques quantitatives.<\/p>\n<p>Cet ouvrage propose une analyse progressive et compl\u00e8te de la r\u00e9alit\u00e9 spatiale et spatio-temporelle des microdonn\u00e9es (consommateurs et entreprises). Il expose la construction de matrices de pond\u00e9rations, le calcul de statistiques descriptives, puis conclut sur une pr\u00e9sentation d\u00e9taill\u00e9e des types de mod\u00e8les existants.<\/p>\n<p>Des exemples d\u00e9taill\u00e9s sont pr\u00e9sent\u00e9s \u00e0 la fin de chacun des chapitres, permettant de faire le lien entre la th\u00e9orie et la pratique.\u00a0<em>Econom\u00e9trie spatiale appliqu\u00e9e des microdonn\u00e9es\u00a0<\/em>s&#8217;adresse \u00e0 un public ayant des bases en \u00e9conom\u00e9trie et d\u00e9sirant s&#8217;initier \u00e0 l&#8217;\u00e9conom\u00e9trie spatiale.<\/p>\n","protected":false},"excerpt":{"rendered":"<p>Si l&#8217;effet de proximit\u00e9 (spatiale, sociale, cognitive, etc.) sur les comportements est un fait g\u00e9n\u00e9ralement reconnu, les mod\u00e8les \u00e9conom\u00e9triques n\u2019ont incorpor\u00e9 cette r\u00e9alit\u00e9 que depuis peu. L\u2019aspect spatial apporte ici une richesse d\u2019information qu\u2019il est pertinent de consid\u00e9rer lors des analyses empiriques quantitatives. Cet ouvrage propose une analyse progressive et compl\u00e8te de la r\u00e9alit\u00e9 spatiale [&hellip;]<\/p>\n","protected":false},"featured_media":206,"template":"","meta":{"_acf_changed":false,"_links_to":"","_links_to_target":""},"product_brand":[],"product_cat":[707],"product_tag":[1126,31,196,1127,1128,1129,197,198,199,21,200,22,1130,201,203,204,63,25,172,209,1131,212,38,192,145,28,1132,253],"class_list":{"0":"post-205","1":"product","2":"type-product","3":"status-publish","4":"has-post-thumbnail","6":"product_cat-systmes-dinformation-web-et-socit-12506570","7":"product_tag-diego-legros","8":"product_tag-ebook","9":"product_tag-ebooks","10":"product_tag-econometrie","11":"product_tag-econometrie-spatiale","12":"product_tag-econometrie-spatiale-appliquee-des-microdonnees","13":"product_tag-iste","14":"product_tag-iste-edition","15":"product_tag-iste-editions","16":"product_tag-iste-group","17":"product_tag-isteedition","18":"product_tag-istegroup","19":"product_tag-jean-dube","20":"product_tag-kindle","21":"product_tag-liseuse","22":"product_tag-livre","23":"product_tag-livre-electronique","24":"product_tag-livre-numerique","25":"product_tag-livre-scientifique","26":"product_tag-livres-scientifiques","27":"product_tag-microdonnees","28":"product_tag-ouvrage","29":"product_tag-ouvrage-numerique","30":"product_tag-ouvrage-science","31":"product_tag-ouvrage-scientifique","32":"product_tag-ouvrage-scientifique-francais","33":"product_tag-spatial","34":"product_tag-technologie","36":"first","37":"instock","38":"shipping-taxable","39":"purchasable","40":"product-type-variable"},"acf":[],"yoast_head":"<!-- This site is optimized with the Yoast SEO plugin v27.2 - https:\/\/yoast.com\/product\/yoast-seo-wordpress\/ -->\n<title>Econom\u00e9trie spatiale appliqu\u00e9e des microdonn\u00e9es - ISTE Group<\/title>\n<meta name=\"description\" content=\"Cet ouvrage propose une analyse progressive et compl\u00e8te de la r\u00e9alit\u00e9 spatiale et spatio-temporelle des microdonn\u00e9es (consommateurs et entreprises).\" \/>\n<meta name=\"robots\" content=\"index, follow, max-snippet:-1, max-image-preview:large, max-video-preview:-1\" \/>\n<link rel=\"canonical\" href=\"https:\/\/www.istegroup.com\/fr\/produit\/econometrie-spatiale-appliquee-des-microdonnees\/\" \/>\n<meta property=\"og:locale\" content=\"en_US\" \/>\n<meta property=\"og:type\" content=\"article\" \/>\n<meta property=\"og:title\" content=\"Econom\u00e9trie spatiale appliqu\u00e9e des microdonn\u00e9es - ISTE Group\" \/>\n<meta property=\"og:description\" content=\"Cet ouvrage propose une analyse progressive et compl\u00e8te de la r\u00e9alit\u00e9 spatiale et spatio-temporelle des microdonn\u00e9es (consommateurs et entreprises).\" \/>\n<meta property=\"og:url\" content=\"https:\/\/www.istegroup.com\/fr\/produit\/econometrie-spatiale-appliquee-des-microdonnees\/\" \/>\n<meta property=\"og:site_name\" content=\"ISTE Group\" \/>\n<meta property=\"article:modified_time\" content=\"2024-01-03T13:38:52+00:00\" \/>\n<meta property=\"og:image\" content=\"https:\/\/www.istegroup.com\/wp-content\/uploads\/2017\/07\/627038713_266683545-1.jpg\" \/>\n\t<meta property=\"og:image:width\" content=\"300\" \/>\n\t<meta property=\"og:image:height\" content=\"450\" \/>\n\t<meta property=\"og:image:type\" content=\"image\/jpeg\" \/>\n<meta name=\"twitter:card\" content=\"summary_large_image\" \/>\n<meta name=\"twitter:label1\" content=\"Est. reading time\" \/>\n\t<meta name=\"twitter:data1\" content=\"1 minute\" \/>\n<script type=\"application\/ld+json\" class=\"yoast-schema-graph\">{\"@context\":\"https:\/\/schema.org\",\"@graph\":[{\"@type\":\"WebPage\",\"@id\":\"https:\/\/www.istegroup.com\/fr\/produit\/econometrie-spatiale-appliquee-des-microdonnees\/\",\"url\":\"https:\/\/www.istegroup.com\/fr\/produit\/econometrie-spatiale-appliquee-des-microdonnees\/\",\"name\":\"Econom\u00e9trie spatiale appliqu\u00e9e des microdonn\u00e9es - ISTE Group\",\"isPartOf\":{\"@id\":\"https:\/\/www.istegroup.com\/#website\"},\"primaryImageOfPage\":{\"@id\":\"https:\/\/www.istegroup.com\/fr\/produit\/econometrie-spatiale-appliquee-des-microdonnees\/#primaryimage\"},\"image\":{\"@id\":\"https:\/\/www.istegroup.com\/fr\/produit\/econometrie-spatiale-appliquee-des-microdonnees\/#primaryimage\"},\"thumbnailUrl\":\"https:\/\/www.istegroup.com\/wp-content\/uploads\/2017\/07\/627038713_266683545-1.jpg\",\"datePublished\":\"2017-07-28T09:04:53+00:00\",\"dateModified\":\"2024-01-03T13:38:52+00:00\",\"description\":\"Cet ouvrage propose une analyse progressive et compl\u00e8te de la r\u00e9alit\u00e9 spatiale et spatio-temporelle des microdonn\u00e9es (consommateurs et entreprises).\",\"breadcrumb\":{\"@id\":\"https:\/\/www.istegroup.com\/fr\/produit\/econometrie-spatiale-appliquee-des-microdonnees\/#breadcrumb\"},\"inLanguage\":\"en-US\",\"potentialAction\":[{\"@type\":\"ReadAction\",\"target\":[\"https:\/\/www.istegroup.com\/fr\/produit\/econometrie-spatiale-appliquee-des-microdonnees\/\"]}]},{\"@type\":\"ImageObject\",\"inLanguage\":\"en-US\",\"@id\":\"https:\/\/www.istegroup.com\/fr\/produit\/econometrie-spatiale-appliquee-des-microdonnees\/#primaryimage\",\"url\":\"https:\/\/www.istegroup.com\/wp-content\/uploads\/2017\/07\/627038713_266683545-1.jpg\",\"contentUrl\":\"https:\/\/www.istegroup.com\/wp-content\/uploads\/2017\/07\/627038713_266683545-1.jpg\",\"width\":300,\"height\":450,\"caption\":\"Econom\u00e9trie spatiale appliqu\u00e9e des microdonn\u00e9es\"},{\"@type\":\"BreadcrumbList\",\"@id\":\"https:\/\/www.istegroup.com\/fr\/produit\/econometrie-spatiale-appliquee-des-microdonnees\/#breadcrumb\",\"itemListElement\":[{\"@type\":\"ListItem\",\"position\":1,\"name\":\"Home\",\"item\":\"https:\/\/www.istegroup.com\/\"},{\"@type\":\"ListItem\",\"position\":2,\"name\":\"Shop\",\"item\":\"https:\/\/www.istegroup.com\/fr\/nouveautes\/\"},{\"@type\":\"ListItem\",\"position\":3,\"name\":\"Econom\u00e9trie spatiale appliqu\u00e9e des microdonn\u00e9es\"}]},{\"@type\":\"WebSite\",\"@id\":\"https:\/\/www.istegroup.com\/#website\",\"url\":\"https:\/\/www.istegroup.com\/\",\"name\":\"ISTE Group\",\"description\":\"Publishing Knowledge\",\"potentialAction\":[{\"@type\":\"SearchAction\",\"target\":{\"@type\":\"EntryPoint\",\"urlTemplate\":\"https:\/\/www.istegroup.com\/?s={search_term_string}\"},\"query-input\":{\"@type\":\"PropertyValueSpecification\",\"valueRequired\":true,\"valueName\":\"search_term_string\"}}],\"inLanguage\":\"en-US\"}]}<\/script>\n<!-- \/ Yoast SEO plugin. -->","yoast_head_json":{"title":"Econom\u00e9trie spatiale appliqu\u00e9e des microdonn\u00e9es - ISTE Group","description":"Cet ouvrage propose une analyse progressive et compl\u00e8te de la r\u00e9alit\u00e9 spatiale et spatio-temporelle des microdonn\u00e9es (consommateurs et entreprises).","robots":{"index":"index","follow":"follow","max-snippet":"max-snippet:-1","max-image-preview":"max-image-preview:large","max-video-preview":"max-video-preview:-1"},"canonical":"https:\/\/www.istegroup.com\/fr\/produit\/econometrie-spatiale-appliquee-des-microdonnees\/","og_locale":"en_US","og_type":"article","og_title":"Econom\u00e9trie spatiale appliqu\u00e9e des microdonn\u00e9es - ISTE Group","og_description":"Cet ouvrage propose une analyse progressive et compl\u00e8te de la r\u00e9alit\u00e9 spatiale et spatio-temporelle des microdonn\u00e9es (consommateurs et entreprises).","og_url":"https:\/\/www.istegroup.com\/fr\/produit\/econometrie-spatiale-appliquee-des-microdonnees\/","og_site_name":"ISTE Group","article_modified_time":"2024-01-03T13:38:52+00:00","og_image":[{"width":300,"height":450,"url":"https:\/\/www.istegroup.com\/wp-content\/uploads\/2017\/07\/627038713_266683545-1.jpg","type":"image\/jpeg"}],"twitter_card":"summary_large_image","twitter_misc":{"Est. reading time":"1 minute"},"schema":{"@context":"https:\/\/schema.org","@graph":[{"@type":"WebPage","@id":"https:\/\/www.istegroup.com\/fr\/produit\/econometrie-spatiale-appliquee-des-microdonnees\/","url":"https:\/\/www.istegroup.com\/fr\/produit\/econometrie-spatiale-appliquee-des-microdonnees\/","name":"Econom\u00e9trie spatiale appliqu\u00e9e des microdonn\u00e9es - ISTE Group","isPartOf":{"@id":"https:\/\/www.istegroup.com\/#website"},"primaryImageOfPage":{"@id":"https:\/\/www.istegroup.com\/fr\/produit\/econometrie-spatiale-appliquee-des-microdonnees\/#primaryimage"},"image":{"@id":"https:\/\/www.istegroup.com\/fr\/produit\/econometrie-spatiale-appliquee-des-microdonnees\/#primaryimage"},"thumbnailUrl":"https:\/\/www.istegroup.com\/wp-content\/uploads\/2017\/07\/627038713_266683545-1.jpg","datePublished":"2017-07-28T09:04:53+00:00","dateModified":"2024-01-03T13:38:52+00:00","description":"Cet ouvrage propose une analyse progressive et compl\u00e8te de la r\u00e9alit\u00e9 spatiale et spatio-temporelle des microdonn\u00e9es (consommateurs et entreprises).","breadcrumb":{"@id":"https:\/\/www.istegroup.com\/fr\/produit\/econometrie-spatiale-appliquee-des-microdonnees\/#breadcrumb"},"inLanguage":"en-US","potentialAction":[{"@type":"ReadAction","target":["https:\/\/www.istegroup.com\/fr\/produit\/econometrie-spatiale-appliquee-des-microdonnees\/"]}]},{"@type":"ImageObject","inLanguage":"en-US","@id":"https:\/\/www.istegroup.com\/fr\/produit\/econometrie-spatiale-appliquee-des-microdonnees\/#primaryimage","url":"https:\/\/www.istegroup.com\/wp-content\/uploads\/2017\/07\/627038713_266683545-1.jpg","contentUrl":"https:\/\/www.istegroup.com\/wp-content\/uploads\/2017\/07\/627038713_266683545-1.jpg","width":300,"height":450,"caption":"Econom\u00e9trie spatiale appliqu\u00e9e des microdonn\u00e9es"},{"@type":"BreadcrumbList","@id":"https:\/\/www.istegroup.com\/fr\/produit\/econometrie-spatiale-appliquee-des-microdonnees\/#breadcrumb","itemListElement":[{"@type":"ListItem","position":1,"name":"Home","item":"https:\/\/www.istegroup.com\/"},{"@type":"ListItem","position":2,"name":"Shop","item":"https:\/\/www.istegroup.com\/fr\/nouveautes\/"},{"@type":"ListItem","position":3,"name":"Econom\u00e9trie spatiale appliqu\u00e9e des microdonn\u00e9es"}]},{"@type":"WebSite","@id":"https:\/\/www.istegroup.com\/#website","url":"https:\/\/www.istegroup.com\/","name":"ISTE Group","description":"Publishing Knowledge","potentialAction":[{"@type":"SearchAction","target":{"@type":"EntryPoint","urlTemplate":"https:\/\/www.istegroup.com\/?s={search_term_string}"},"query-input":{"@type":"PropertyValueSpecification","valueRequired":true,"valueName":"search_term_string"}}],"inLanguage":"en-US"}]}},"_links":{"self":[{"href":"https:\/\/www.istegroup.com\/en\/wp-json\/wp\/v2\/product\/205","targetHints":{"allow":["GET"]}}],"collection":[{"href":"https:\/\/www.istegroup.com\/en\/wp-json\/wp\/v2\/product"}],"about":[{"href":"https:\/\/www.istegroup.com\/en\/wp-json\/wp\/v2\/types\/product"}],"wp:featuredmedia":[{"embeddable":true,"href":"https:\/\/www.istegroup.com\/en\/wp-json\/wp\/v2\/media\/206"}],"wp:attachment":[{"href":"https:\/\/www.istegroup.com\/en\/wp-json\/wp\/v2\/media?parent=205"}],"wp:term":[{"taxonomy":"product_brand","embeddable":true,"href":"https:\/\/www.istegroup.com\/en\/wp-json\/wp\/v2\/product_brand?post=205"},{"taxonomy":"product_cat","embeddable":true,"href":"https:\/\/www.istegroup.com\/en\/wp-json\/wp\/v2\/product_cat?post=205"},{"taxonomy":"product_tag","embeddable":true,"href":"https:\/\/www.istegroup.com\/en\/wp-json\/wp\/v2\/product_tag?post=205"}],"curies":[{"name":"wp","href":"https:\/\/api.w.org\/{rel}","templated":true}]}}