{"id":20471,"date":"2019-06-09T14:49:24","date_gmt":"2019-06-09T13:49:24","guid":{"rendered":"https:\/\/www.istegroup.com\/?post_type=product&#038;p=20471"},"modified":"2024-01-03T13:43:14","modified_gmt":"2024-01-03T13:43:14","slug":"politique-de-linnovation-et-politique-industrielle","status":"publish","type":"product","link":"https:\/\/www.istegroup.com\/en\/produit\/politique-de-linnovation-et-politique-industrielle\/","title":{"rendered":"Politique de l\u2019innovation et politique industrielle"},"content":{"rendered":"<p>Les r\u00e8gles relatives aux libert\u00e9s de circulation et \u00e0 la concurrence sont d\u00e9sormais le cadre \u00e0 partir duquel sont pens\u00e9es et mises en oeuvre les politiques micro-\u00e9conomiques, et, en particulier, la politique industrielle et la politique de l\u2019innovation.<\/p>\n<p>Cet ouvrage expose les fondements actuels de ces deux politiques en France, en les repla\u00e7ant dans leur contexte historique et en remettant en perspective l\u2019\u00e9volution des concepts et th\u00e9ories \u00e9conomiques qui leur servent de justification.<\/p>\n<p><em>Politique de l\u2019innovation et politique industrielle<\/em> pr\u00e9sente les principales \u00e9volutions institutionnelles qu\u2019a connues la France au sujet de ces deux politiques \u00e0 partir d\u2019un nouveau cadre concurrentiel. Il offre \u00e9galement une analyse des difficult\u00e9s pour les pouvoirs publics \u00e0 lier ces politiques matricielles, puisqu\u2019il s\u2019agit \u00e0 pr\u00e9sent d\u2019articuler des interventions horizontales et verticales.<\/p>\n","protected":false},"excerpt":{"rendered":"<p>Les r\u00e8gles relatives aux libert\u00e9s de circulation et \u00e0 la concurrence sont d\u00e9sormais le cadre \u00e0 partir duquel sont pens\u00e9es et mises en oeuvre les politiques micro-\u00e9conomiques, et, en particulier, la politique industrielle et la politique de l\u2019innovation. Cet ouvrage expose les fondements actuels de ces deux politiques en France, en les repla\u00e7ant dans leur [&hellip;]<\/p>\n","protected":false},"featured_media":20479,"template":"","meta":{"_acf_changed":false,"_links_to":"","_links_to_target":""},"product_brand":[],"product_cat":[670],"product_tag":[],"class_list":{"0":"post-20471","1":"product","2":"type-product","3":"status-publish","4":"has-post-thumbnail","6":"product_cat-innovation-entrepreneuriat-et-gestion-11041751","8":"first","9":"instock","10":"shipping-taxable","11":"purchasable","12":"product-type-variable"},"acf":[],"yoast_head":"<!-- This site is optimized with the Yoast SEO plugin v27.2 - https:\/\/yoast.com\/product\/yoast-seo-wordpress\/ -->\n<title>Politique de l\u2019innovation et politique industrielle - ISTE Group<\/title>\n<meta name=\"description\" content=\"Politique de l\u2019innovation et politique industrielle pr\u00e9sente les principales \u00e9volutions institutionnelles qu\u2019a connues la France au sujet de ces deux politiques \u00e0 partir d\u2019un nouveau cadre concurrentiel.\" \/>\n<meta name=\"robots\" content=\"index, follow, max-snippet:-1, max-image-preview:large, max-video-preview:-1\" \/>\n<link rel=\"canonical\" href=\"https:\/\/www.istegroup.com\/en\/produit\/politique-de-linnovation-et-politique-industrielle\/\" \/>\n<meta property=\"og:locale\" content=\"en_US\" \/>\n<meta property=\"og:type\" content=\"article\" \/>\n<meta property=\"og:title\" content=\"Politique de l\u2019innovation et politique industrielle - ISTE Group\" \/>\n<meta property=\"og:description\" content=\"Politique de l\u2019innovation et politique industrielle pr\u00e9sente les principales \u00e9volutions institutionnelles qu\u2019a connues la France au sujet de ces deux politiques \u00e0 partir d\u2019un nouveau cadre concurrentiel.\" \/>\n<meta property=\"og:url\" content=\"https:\/\/www.istegroup.com\/en\/produit\/politique-de-linnovation-et-politique-industrielle\/\" \/>\n<meta property=\"og:site_name\" content=\"ISTE Group\" \/>\n<meta property=\"article:modified_time\" content=\"2024-01-03T13:43:14+00:00\" \/>\n<meta property=\"og:image\" content=\"https:\/\/www.istegroup.com\/wp-content\/uploads\/2019\/04\/Ravix_Front.jpg\" \/>\n\t<meta property=\"og:image:width\" content=\"300\" \/>\n\t<meta property=\"og:image:height\" content=\"452\" \/>\n\t<meta property=\"og:image:type\" content=\"image\/jpeg\" \/>\n<meta name=\"twitter:card\" content=\"summary_large_image\" \/>\n<meta name=\"twitter:label1\" content=\"Est. reading time\" \/>\n\t<meta name=\"twitter:data1\" content=\"1 minute\" \/>\n<script type=\"application\/ld+json\" class=\"yoast-schema-graph\">{\"@context\":\"https:\/\/schema.org\",\"@graph\":[{\"@type\":\"WebPage\",\"@id\":\"https:\/\/www.istegroup.com\/en\/produit\/politique-de-linnovation-et-politique-industrielle\/\",\"url\":\"https:\/\/www.istegroup.com\/en\/produit\/politique-de-linnovation-et-politique-industrielle\/\",\"name\":\"Politique de l\u2019innovation et politique industrielle - ISTE Group\",\"isPartOf\":{\"@id\":\"https:\/\/www.istegroup.com\/#website\"},\"primaryImageOfPage\":{\"@id\":\"https:\/\/www.istegroup.com\/en\/produit\/politique-de-linnovation-et-politique-industrielle\/#primaryimage\"},\"image\":{\"@id\":\"https:\/\/www.istegroup.com\/en\/produit\/politique-de-linnovation-et-politique-industrielle\/#primaryimage\"},\"thumbnailUrl\":\"https:\/\/www.istegroup.com\/wp-content\/uploads\/2019\/04\/Ravix_Front.jpg\",\"datePublished\":\"2019-06-09T13:49:24+00:00\",\"dateModified\":\"2024-01-03T13:43:14+00:00\",\"description\":\"Politique de l\u2019innovation et politique industrielle pr\u00e9sente les principales \u00e9volutions institutionnelles qu\u2019a connues la France au sujet de ces deux politiques \u00e0 partir d\u2019un nouveau cadre concurrentiel.\",\"breadcrumb\":{\"@id\":\"https:\/\/www.istegroup.com\/en\/produit\/politique-de-linnovation-et-politique-industrielle\/#breadcrumb\"},\"inLanguage\":\"en-US\",\"potentialAction\":[{\"@type\":\"ReadAction\",\"target\":[\"https:\/\/www.istegroup.com\/en\/produit\/politique-de-linnovation-et-politique-industrielle\/\"]}]},{\"@type\":\"ImageObject\",\"inLanguage\":\"en-US\",\"@id\":\"https:\/\/www.istegroup.com\/en\/produit\/politique-de-linnovation-et-politique-industrielle\/#primaryimage\",\"url\":\"https:\/\/www.istegroup.com\/wp-content\/uploads\/2019\/04\/Ravix_Front.jpg\",\"contentUrl\":\"https:\/\/www.istegroup.com\/wp-content\/uploads\/2019\/04\/Ravix_Front.jpg\",\"width\":300,\"height\":452,\"caption\":\"Politique de l\u2019innovation et politique industrielle\"},{\"@type\":\"BreadcrumbList\",\"@id\":\"https:\/\/www.istegroup.com\/en\/produit\/politique-de-linnovation-et-politique-industrielle\/#breadcrumb\",\"itemListElement\":[{\"@type\":\"ListItem\",\"position\":1,\"name\":\"Home\",\"item\":\"https:\/\/www.istegroup.com\/\"},{\"@type\":\"ListItem\",\"position\":2,\"name\":\"Shop\",\"item\":\"https:\/\/www.istegroup.com\/fr\/nouveautes\/\"},{\"@type\":\"ListItem\",\"position\":3,\"name\":\"Politique de l\u2019innovation et politique industrielle\"}]},{\"@type\":\"WebSite\",\"@id\":\"https:\/\/www.istegroup.com\/#website\",\"url\":\"https:\/\/www.istegroup.com\/\",\"name\":\"ISTE Group\",\"description\":\"Publishing Knowledge\",\"potentialAction\":[{\"@type\":\"SearchAction\",\"target\":{\"@type\":\"EntryPoint\",\"urlTemplate\":\"https:\/\/www.istegroup.com\/?s={search_term_string}\"},\"query-input\":{\"@type\":\"PropertyValueSpecification\",\"valueRequired\":true,\"valueName\":\"search_term_string\"}}],\"inLanguage\":\"en-US\"}]}<\/script>\n<!-- \/ Yoast SEO plugin. -->","yoast_head_json":{"title":"Politique de l\u2019innovation et politique industrielle - ISTE Group","description":"Politique de l\u2019innovation et politique industrielle pr\u00e9sente les principales \u00e9volutions institutionnelles qu\u2019a connues la France au sujet de ces deux politiques \u00e0 partir d\u2019un nouveau cadre concurrentiel.","robots":{"index":"index","follow":"follow","max-snippet":"max-snippet:-1","max-image-preview":"max-image-preview:large","max-video-preview":"max-video-preview:-1"},"canonical":"https:\/\/www.istegroup.com\/en\/produit\/politique-de-linnovation-et-politique-industrielle\/","og_locale":"en_US","og_type":"article","og_title":"Politique de l\u2019innovation et politique industrielle - ISTE Group","og_description":"Politique de l\u2019innovation et politique industrielle pr\u00e9sente les principales \u00e9volutions institutionnelles qu\u2019a connues la France au sujet de ces deux politiques \u00e0 partir d\u2019un nouveau cadre concurrentiel.","og_url":"https:\/\/www.istegroup.com\/en\/produit\/politique-de-linnovation-et-politique-industrielle\/","og_site_name":"ISTE Group","article_modified_time":"2024-01-03T13:43:14+00:00","og_image":[{"width":300,"height":452,"url":"https:\/\/www.istegroup.com\/wp-content\/uploads\/2019\/04\/Ravix_Front.jpg","type":"image\/jpeg"}],"twitter_card":"summary_large_image","twitter_misc":{"Est. reading time":"1 minute"},"schema":{"@context":"https:\/\/schema.org","@graph":[{"@type":"WebPage","@id":"https:\/\/www.istegroup.com\/en\/produit\/politique-de-linnovation-et-politique-industrielle\/","url":"https:\/\/www.istegroup.com\/en\/produit\/politique-de-linnovation-et-politique-industrielle\/","name":"Politique de l\u2019innovation et politique industrielle - ISTE Group","isPartOf":{"@id":"https:\/\/www.istegroup.com\/#website"},"primaryImageOfPage":{"@id":"https:\/\/www.istegroup.com\/en\/produit\/politique-de-linnovation-et-politique-industrielle\/#primaryimage"},"image":{"@id":"https:\/\/www.istegroup.com\/en\/produit\/politique-de-linnovation-et-politique-industrielle\/#primaryimage"},"thumbnailUrl":"https:\/\/www.istegroup.com\/wp-content\/uploads\/2019\/04\/Ravix_Front.jpg","datePublished":"2019-06-09T13:49:24+00:00","dateModified":"2024-01-03T13:43:14+00:00","description":"Politique de l\u2019innovation et politique industrielle pr\u00e9sente les principales \u00e9volutions institutionnelles qu\u2019a connues la France au sujet de ces deux politiques \u00e0 partir d\u2019un nouveau cadre concurrentiel.","breadcrumb":{"@id":"https:\/\/www.istegroup.com\/en\/produit\/politique-de-linnovation-et-politique-industrielle\/#breadcrumb"},"inLanguage":"en-US","potentialAction":[{"@type":"ReadAction","target":["https:\/\/www.istegroup.com\/en\/produit\/politique-de-linnovation-et-politique-industrielle\/"]}]},{"@type":"ImageObject","inLanguage":"en-US","@id":"https:\/\/www.istegroup.com\/en\/produit\/politique-de-linnovation-et-politique-industrielle\/#primaryimage","url":"https:\/\/www.istegroup.com\/wp-content\/uploads\/2019\/04\/Ravix_Front.jpg","contentUrl":"https:\/\/www.istegroup.com\/wp-content\/uploads\/2019\/04\/Ravix_Front.jpg","width":300,"height":452,"caption":"Politique de l\u2019innovation et politique industrielle"},{"@type":"BreadcrumbList","@id":"https:\/\/www.istegroup.com\/en\/produit\/politique-de-linnovation-et-politique-industrielle\/#breadcrumb","itemListElement":[{"@type":"ListItem","position":1,"name":"Home","item":"https:\/\/www.istegroup.com\/"},{"@type":"ListItem","position":2,"name":"Shop","item":"https:\/\/www.istegroup.com\/fr\/nouveautes\/"},{"@type":"ListItem","position":3,"name":"Politique de l\u2019innovation et politique industrielle"}]},{"@type":"WebSite","@id":"https:\/\/www.istegroup.com\/#website","url":"https:\/\/www.istegroup.com\/","name":"ISTE Group","description":"Publishing Knowledge","potentialAction":[{"@type":"SearchAction","target":{"@type":"EntryPoint","urlTemplate":"https:\/\/www.istegroup.com\/?s={search_term_string}"},"query-input":{"@type":"PropertyValueSpecification","valueRequired":true,"valueName":"search_term_string"}}],"inLanguage":"en-US"}]}},"_links":{"self":[{"href":"https:\/\/www.istegroup.com\/en\/wp-json\/wp\/v2\/product\/20471","targetHints":{"allow":["GET"]}}],"collection":[{"href":"https:\/\/www.istegroup.com\/en\/wp-json\/wp\/v2\/product"}],"about":[{"href":"https:\/\/www.istegroup.com\/en\/wp-json\/wp\/v2\/types\/product"}],"wp:featuredmedia":[{"embeddable":true,"href":"https:\/\/www.istegroup.com\/en\/wp-json\/wp\/v2\/media\/20479"}],"wp:attachment":[{"href":"https:\/\/www.istegroup.com\/en\/wp-json\/wp\/v2\/media?parent=20471"}],"wp:term":[{"taxonomy":"product_brand","embeddable":true,"href":"https:\/\/www.istegroup.com\/en\/wp-json\/wp\/v2\/product_brand?post=20471"},{"taxonomy":"product_cat","embeddable":true,"href":"https:\/\/www.istegroup.com\/en\/wp-json\/wp\/v2\/product_cat?post=20471"},{"taxonomy":"product_tag","embeddable":true,"href":"https:\/\/www.istegroup.com\/en\/wp-json\/wp\/v2\/product_tag?post=20471"}],"curies":[{"name":"wp","href":"https:\/\/api.w.org\/{rel}","templated":true}]}}