{"id":203,"date":"2017-07-28T11:04:47","date_gmt":"2017-07-28T09:04:47","guid":{"rendered":"https:\/\/iste.yhello.co\/product\/economie-des-reseaux-de-communication\/"},"modified":"2024-01-03T13:38:52","modified_gmt":"2024-01-03T13:38:52","slug":"economie-des-reseaux-de-communication","status":"publish","type":"product","link":"https:\/\/www.istegroup.com\/en\/produit\/economie-des-reseaux-de-communication\/","title":{"rendered":"Economie des r\u00e9seaux de communication"},"content":{"rendered":"<p>Pour r\u00e9pondre de mani\u00e8re adapt\u00e9e aux usages, l\u2019\u00e9conomie des r\u00e9seaux de communication doit observer un ensemble de r\u00e8gles de bonne gestion qui r\u00e9pondent \u00e0 des imp\u00e9ratifs d\u2019efficacit\u00e9, de co\u00fbts et de s\u00e9curit\u00e9.<\/p>\n<p>L\u2019interconnexion des r\u00e9seaux toujours plus dense rend complexe la gestion de cette activit\u00e9 dont les enjeux portent sur les investissements, leur exploitation et leur maintenance.<\/p>\n<p>Didactique,\u00a0<em>Economie des r\u00e9seaux de communication\u00a0<\/em>pr\u00e9sente les principaux \u00e9l\u00e9ments de cette discipline en termes de structures et d&#8217;architecture en tenant compte des int\u00e9r\u00eats des deux parties : fournir un service de qualit\u00e9 pour le client tout en assurant la rentabilit\u00e9 des investissements pour l\u2019exploitant.<\/p>\n<p>Les principes de r\u00e9gulation et de tarification, les relations entre l&#8217;offre et la demande ainsi que le num\u00e9rique sont autant de notions abord\u00e9es dans ce panorama de l\u2019\u00e9conomie des r\u00e9seaux de communication.<\/p>\n","protected":false},"excerpt":{"rendered":"<p>Pour r\u00e9pondre de mani\u00e8re adapt\u00e9e aux usages, l\u2019\u00e9conomie des r\u00e9seaux de communication doit observer un ensemble de r\u00e8gles de bonne gestion qui r\u00e9pondent \u00e0 des imp\u00e9ratifs d\u2019efficacit\u00e9, de co\u00fbts et de s\u00e9curit\u00e9. L\u2019interconnexion des r\u00e9seaux toujours plus dense rend complexe la gestion de cette activit\u00e9 dont les enjeux portent sur les investissements, leur exploitation et [&hellip;]<\/p>\n","protected":false},"featured_media":204,"template":"","meta":{"_acf_changed":false,"_links_to":"","_links_to_target":""},"product_brand":[],"product_cat":[675,679],"product_tag":[1119,31,196,1114,1120,1121,1122,832,1123,1124,197,198,199,21,200,22,201,203,204,63,25,172,209,212,38,192,145,28,1125],"class_list":{"0":"post-203","1":"product","2":"type-product","3":"status-publish","4":"has-post-thumbnail","6":"product_cat-nouveauts-12519446","7":"product_cat-rseaux-et-tlcommunications-12506534","8":"product_tag-daniel-battu","9":"product_tag-ebook","10":"product_tag-ebooks","11":"product_tag-economie","12":"product_tag-economie-des-reseaux-de-communication","13":"product_tag-efficacite","14":"product_tag-exploitation","15":"product_tag-gestion","16":"product_tag-interconnexion","17":"product_tag-investissements","18":"product_tag-iste","19":"product_tag-iste-edition","20":"product_tag-iste-editions","21":"product_tag-iste-group","22":"product_tag-isteedition","23":"product_tag-istegroup","24":"product_tag-kindle","25":"product_tag-liseuse","26":"product_tag-livre","27":"product_tag-livre-electronique","28":"product_tag-livre-numerique","29":"product_tag-livre-scientifique","30":"product_tag-livres-scientifiques","31":"product_tag-ouvrage","32":"product_tag-ouvrage-numerique","33":"product_tag-ouvrage-science","34":"product_tag-ouvrage-scientifique","35":"product_tag-ouvrage-scientifique-francais","36":"product_tag-reseaux-de-communication","38":"first","39":"instock","40":"shipping-taxable","41":"purchasable","42":"product-type-variable"},"acf":[],"yoast_head":"<!-- This site is optimized with the Yoast SEO plugin v27.2 - https:\/\/yoast.com\/product\/yoast-seo-wordpress\/ -->\n<title>Economie des r\u00e9seaux de communication - ISTE Group<\/title>\n<meta name=\"description\" content=\"Economie des r\u00e9seaux de communication\u00a0pr\u00e9sente les principaux \u00e9l\u00e9ments de cette discipline en termes de structures et d&#039;architecture.\" \/>\n<meta name=\"robots\" content=\"index, follow, max-snippet:-1, max-image-preview:large, max-video-preview:-1\" \/>\n<link rel=\"canonical\" href=\"https:\/\/www.istegroup.com\/en\/produit\/economie-des-reseaux-de-communication\/\" \/>\n<meta property=\"og:locale\" content=\"en_US\" \/>\n<meta property=\"og:type\" content=\"article\" \/>\n<meta property=\"og:title\" content=\"Economie des r\u00e9seaux de communication - ISTE Group\" \/>\n<meta property=\"og:description\" content=\"Economie des r\u00e9seaux de communication\u00a0pr\u00e9sente les principaux \u00e9l\u00e9ments de cette discipline en termes de structures et d&#039;architecture.\" \/>\n<meta property=\"og:url\" content=\"https:\/\/www.istegroup.com\/en\/produit\/economie-des-reseaux-de-communication\/\" \/>\n<meta property=\"og:site_name\" content=\"ISTE Group\" \/>\n<meta property=\"article:modified_time\" content=\"2024-01-03T13:38:52+00:00\" \/>\n<meta property=\"og:image\" content=\"https:\/\/www.istegroup.com\/wp-content\/uploads\/2017\/07\/16107349512_7795146888-1.jpg\" \/>\n\t<meta property=\"og:image:width\" content=\"1361\" \/>\n\t<meta property=\"og:image:height\" content=\"2048\" \/>\n\t<meta property=\"og:image:type\" content=\"image\/jpeg\" \/>\n<meta name=\"twitter:card\" content=\"summary_large_image\" \/>\n<meta name=\"twitter:label1\" content=\"Est. reading time\" \/>\n\t<meta name=\"twitter:data1\" content=\"1 minute\" \/>\n<script type=\"application\/ld+json\" class=\"yoast-schema-graph\">{\"@context\":\"https:\/\/schema.org\",\"@graph\":[{\"@type\":\"WebPage\",\"@id\":\"https:\/\/www.istegroup.com\/en\/produit\/economie-des-reseaux-de-communication\/\",\"url\":\"https:\/\/www.istegroup.com\/en\/produit\/economie-des-reseaux-de-communication\/\",\"name\":\"Economie des r\u00e9seaux de communication - ISTE Group\",\"isPartOf\":{\"@id\":\"https:\/\/www.istegroup.com\/#website\"},\"primaryImageOfPage\":{\"@id\":\"https:\/\/www.istegroup.com\/en\/produit\/economie-des-reseaux-de-communication\/#primaryimage\"},\"image\":{\"@id\":\"https:\/\/www.istegroup.com\/en\/produit\/economie-des-reseaux-de-communication\/#primaryimage\"},\"thumbnailUrl\":\"https:\/\/www.istegroup.com\/wp-content\/uploads\/2017\/07\/16107349512_7795146888-1.jpg\",\"datePublished\":\"2017-07-28T09:04:47+00:00\",\"dateModified\":\"2024-01-03T13:38:52+00:00\",\"description\":\"Economie des r\u00e9seaux de communication\u00a0pr\u00e9sente les principaux \u00e9l\u00e9ments de cette discipline en termes de structures et d'architecture.\",\"breadcrumb\":{\"@id\":\"https:\/\/www.istegroup.com\/en\/produit\/economie-des-reseaux-de-communication\/#breadcrumb\"},\"inLanguage\":\"en-US\",\"potentialAction\":[{\"@type\":\"ReadAction\",\"target\":[\"https:\/\/www.istegroup.com\/en\/produit\/economie-des-reseaux-de-communication\/\"]}]},{\"@type\":\"ImageObject\",\"inLanguage\":\"en-US\",\"@id\":\"https:\/\/www.istegroup.com\/en\/produit\/economie-des-reseaux-de-communication\/#primaryimage\",\"url\":\"https:\/\/www.istegroup.com\/wp-content\/uploads\/2017\/07\/16107349512_7795146888-1.jpg\",\"contentUrl\":\"https:\/\/www.istegroup.com\/wp-content\/uploads\/2017\/07\/16107349512_7795146888-1.jpg\",\"width\":1361,\"height\":2048,\"caption\":\"Etat des lieux et futur\"},{\"@type\":\"BreadcrumbList\",\"@id\":\"https:\/\/www.istegroup.com\/en\/produit\/economie-des-reseaux-de-communication\/#breadcrumb\",\"itemListElement\":[{\"@type\":\"ListItem\",\"position\":1,\"name\":\"Home\",\"item\":\"https:\/\/www.istegroup.com\/\"},{\"@type\":\"ListItem\",\"position\":2,\"name\":\"Shop\",\"item\":\"https:\/\/www.istegroup.com\/fr\/nouveautes\/\"},{\"@type\":\"ListItem\",\"position\":3,\"name\":\"Economie des r\u00e9seaux de communication\"}]},{\"@type\":\"WebSite\",\"@id\":\"https:\/\/www.istegroup.com\/#website\",\"url\":\"https:\/\/www.istegroup.com\/\",\"name\":\"ISTE Group\",\"description\":\"Publishing Knowledge\",\"potentialAction\":[{\"@type\":\"SearchAction\",\"target\":{\"@type\":\"EntryPoint\",\"urlTemplate\":\"https:\/\/www.istegroup.com\/?s={search_term_string}\"},\"query-input\":{\"@type\":\"PropertyValueSpecification\",\"valueRequired\":true,\"valueName\":\"search_term_string\"}}],\"inLanguage\":\"en-US\"}]}<\/script>\n<!-- \/ Yoast SEO plugin. -->","yoast_head_json":{"title":"Economie des r\u00e9seaux de communication - ISTE Group","description":"Economie des r\u00e9seaux de communication\u00a0pr\u00e9sente les principaux \u00e9l\u00e9ments de cette discipline en termes de structures et d'architecture.","robots":{"index":"index","follow":"follow","max-snippet":"max-snippet:-1","max-image-preview":"max-image-preview:large","max-video-preview":"max-video-preview:-1"},"canonical":"https:\/\/www.istegroup.com\/en\/produit\/economie-des-reseaux-de-communication\/","og_locale":"en_US","og_type":"article","og_title":"Economie des r\u00e9seaux de communication - ISTE Group","og_description":"Economie des r\u00e9seaux de communication\u00a0pr\u00e9sente les principaux \u00e9l\u00e9ments de cette discipline en termes de structures et d'architecture.","og_url":"https:\/\/www.istegroup.com\/en\/produit\/economie-des-reseaux-de-communication\/","og_site_name":"ISTE Group","article_modified_time":"2024-01-03T13:38:52+00:00","og_image":[{"width":1361,"height":2048,"url":"https:\/\/www.istegroup.com\/wp-content\/uploads\/2017\/07\/16107349512_7795146888-1.jpg","type":"image\/jpeg"}],"twitter_card":"summary_large_image","twitter_misc":{"Est. reading time":"1 minute"},"schema":{"@context":"https:\/\/schema.org","@graph":[{"@type":"WebPage","@id":"https:\/\/www.istegroup.com\/en\/produit\/economie-des-reseaux-de-communication\/","url":"https:\/\/www.istegroup.com\/en\/produit\/economie-des-reseaux-de-communication\/","name":"Economie des r\u00e9seaux de communication - ISTE Group","isPartOf":{"@id":"https:\/\/www.istegroup.com\/#website"},"primaryImageOfPage":{"@id":"https:\/\/www.istegroup.com\/en\/produit\/economie-des-reseaux-de-communication\/#primaryimage"},"image":{"@id":"https:\/\/www.istegroup.com\/en\/produit\/economie-des-reseaux-de-communication\/#primaryimage"},"thumbnailUrl":"https:\/\/www.istegroup.com\/wp-content\/uploads\/2017\/07\/16107349512_7795146888-1.jpg","datePublished":"2017-07-28T09:04:47+00:00","dateModified":"2024-01-03T13:38:52+00:00","description":"Economie des r\u00e9seaux de communication\u00a0pr\u00e9sente les principaux \u00e9l\u00e9ments de cette discipline en termes de structures et d'architecture.","breadcrumb":{"@id":"https:\/\/www.istegroup.com\/en\/produit\/economie-des-reseaux-de-communication\/#breadcrumb"},"inLanguage":"en-US","potentialAction":[{"@type":"ReadAction","target":["https:\/\/www.istegroup.com\/en\/produit\/economie-des-reseaux-de-communication\/"]}]},{"@type":"ImageObject","inLanguage":"en-US","@id":"https:\/\/www.istegroup.com\/en\/produit\/economie-des-reseaux-de-communication\/#primaryimage","url":"https:\/\/www.istegroup.com\/wp-content\/uploads\/2017\/07\/16107349512_7795146888-1.jpg","contentUrl":"https:\/\/www.istegroup.com\/wp-content\/uploads\/2017\/07\/16107349512_7795146888-1.jpg","width":1361,"height":2048,"caption":"Etat des lieux et futur"},{"@type":"BreadcrumbList","@id":"https:\/\/www.istegroup.com\/en\/produit\/economie-des-reseaux-de-communication\/#breadcrumb","itemListElement":[{"@type":"ListItem","position":1,"name":"Home","item":"https:\/\/www.istegroup.com\/"},{"@type":"ListItem","position":2,"name":"Shop","item":"https:\/\/www.istegroup.com\/fr\/nouveautes\/"},{"@type":"ListItem","position":3,"name":"Economie des r\u00e9seaux de communication"}]},{"@type":"WebSite","@id":"https:\/\/www.istegroup.com\/#website","url":"https:\/\/www.istegroup.com\/","name":"ISTE Group","description":"Publishing Knowledge","potentialAction":[{"@type":"SearchAction","target":{"@type":"EntryPoint","urlTemplate":"https:\/\/www.istegroup.com\/?s={search_term_string}"},"query-input":{"@type":"PropertyValueSpecification","valueRequired":true,"valueName":"search_term_string"}}],"inLanguage":"en-US"}]}},"_links":{"self":[{"href":"https:\/\/www.istegroup.com\/en\/wp-json\/wp\/v2\/product\/203","targetHints":{"allow":["GET"]}}],"collection":[{"href":"https:\/\/www.istegroup.com\/en\/wp-json\/wp\/v2\/product"}],"about":[{"href":"https:\/\/www.istegroup.com\/en\/wp-json\/wp\/v2\/types\/product"}],"wp:featuredmedia":[{"embeddable":true,"href":"https:\/\/www.istegroup.com\/en\/wp-json\/wp\/v2\/media\/204"}],"wp:attachment":[{"href":"https:\/\/www.istegroup.com\/en\/wp-json\/wp\/v2\/media?parent=203"}],"wp:term":[{"taxonomy":"product_brand","embeddable":true,"href":"https:\/\/www.istegroup.com\/en\/wp-json\/wp\/v2\/product_brand?post=203"},{"taxonomy":"product_cat","embeddable":true,"href":"https:\/\/www.istegroup.com\/en\/wp-json\/wp\/v2\/product_cat?post=203"},{"taxonomy":"product_tag","embeddable":true,"href":"https:\/\/www.istegroup.com\/en\/wp-json\/wp\/v2\/product_tag?post=203"}],"curies":[{"name":"wp","href":"https:\/\/api.w.org\/{rel}","templated":true}]}}