{"id":19980,"date":"2019-04-10T11:01:32","date_gmt":"2019-04-10T10:01:32","guid":{"rendered":"https:\/\/www.istegroup.com\/?post_type=product&#038;p=19980"},"modified":"2024-01-03T13:43:10","modified_gmt":"2024-01-03T13:43:10","slug":"impression-3d-du-beton","status":"publish","type":"product","link":"https:\/\/www.istegroup.com\/en\/produit\/impression-3d-du-beton\/","title":{"rendered":"Impression 3D du b\u00e9ton"},"content":{"rendered":"<p>Les techniques de fabrication digitale telles que l\u2019impression 3D appliqu\u00e9e au mat\u00e9riau b\u00e9ton ouvrent des perspectives in\u00e9dites dans la mani\u00e8re de concevoir les b\u00e2timents. Cette th\u00e9matique rassemble de plus en plus de chercheurs avec une innovation constante sur le mat\u00e9riel mais aussi sur le mat\u00e9riau b\u00e9ton. Parall\u00e8lement, les premi\u00e8res r\u00e9alisations grandeur nature de constructions en b\u00e9ton imprim\u00e9 font leur apparition.<\/p>\n<p>Cet ouvrage pr\u00e9sente un \u00e9tat de l\u2019art des connaissances sur les diff\u00e9rents proc\u00e9d\u00e9s d\u2019impression, aussi bien du point de vue du mat\u00e9riau b\u00e9ton qui doit s\u2019adapter \u00e0 ces nouvelles techniques de fabrication que du mat\u00e9riel et des nouvelles imprimantes d\u00e9velopp\u00e9es pour le b\u00e9ton. Il expose les possibilit\u00e9s en termes de conception architecturale, mais aussi les challenges auxquels chercheurs et entreprises doivent faire face afin de fiabiliser et d\u00e9mocratiser cette potentielle r\u00e9volution que repr\u00e9sente la fabrication digitale des b\u00e9tons.<\/p>\n","protected":false},"excerpt":{"rendered":"<p>Les techniques de fabrication digitale telles que l\u2019impression 3D appliqu\u00e9e au mat\u00e9riau b\u00e9ton ouvrent des perspectives in\u00e9dites dans la mani\u00e8re de concevoir les b\u00e2timents. Cette th\u00e9matique rassemble de plus en plus de chercheurs avec une innovation constante sur le mat\u00e9riel mais aussi sur le mat\u00e9riau b\u00e9ton. Parall\u00e8lement, les premi\u00e8res r\u00e9alisations grandeur nature de constructions en [&hellip;]<\/p>\n","protected":false},"featured_media":19989,"template":"","meta":{"_acf_changed":false,"_links_to":"","_links_to_target":""},"product_brand":[],"product_cat":[3262],"product_tag":[],"class_list":{"0":"post-19980","1":"product","2":"type-product","3":"status-publish","4":"has-post-thumbnail","6":"product_cat-non-classe","8":"first","9":"instock","10":"shipping-taxable","11":"purchasable","12":"product-type-variable"},"acf":[],"yoast_head":"<!-- This site is optimized with the Yoast SEO plugin v27.2 - https:\/\/yoast.com\/product\/yoast-seo-wordpress\/ -->\n<title>Impression 3D du b\u00e9ton - ISTE Group<\/title>\n<meta name=\"description\" content=\"Cet ouvrage pr\u00e9sente un \u00e9tat de l\u2019art des connaissances sur les diff\u00e9rents proc\u00e9d\u00e9s d\u2019impression, aussi bien du point de vue du mat\u00e9riau b\u00e9ton qui doit s\u2019adapter \u00e0 ces nouvelles techniques de fabrication que du mat\u00e9riel et des nouvelles imprimantes d\u00e9velopp\u00e9es pour le b\u00e9ton.\" \/>\n<meta name=\"robots\" content=\"index, follow, max-snippet:-1, max-image-preview:large, max-video-preview:-1\" \/>\n<link rel=\"canonical\" href=\"https:\/\/www.istegroup.com\/en\/produit\/impression-3d-du-beton\/\" \/>\n<meta property=\"og:locale\" content=\"en_US\" \/>\n<meta property=\"og:type\" content=\"article\" \/>\n<meta property=\"og:title\" content=\"Impression 3D du b\u00e9ton - ISTE Group\" \/>\n<meta property=\"og:description\" content=\"Cet ouvrage pr\u00e9sente un \u00e9tat de l\u2019art des connaissances sur les diff\u00e9rents proc\u00e9d\u00e9s d\u2019impression, aussi bien du point de vue du mat\u00e9riau b\u00e9ton qui doit s\u2019adapter \u00e0 ces nouvelles techniques de fabrication que du mat\u00e9riel et des nouvelles imprimantes d\u00e9velopp\u00e9es pour le b\u00e9ton.\" \/>\n<meta property=\"og:url\" content=\"https:\/\/www.istegroup.com\/en\/produit\/impression-3d-du-beton\/\" \/>\n<meta property=\"og:site_name\" content=\"ISTE Group\" \/>\n<meta property=\"article:modified_time\" content=\"2024-01-03T13:43:10+00:00\" \/>\n<meta property=\"og:image\" content=\"https:\/\/www.istegroup.com\/wp-content\/uploads\/2019\/04\/Perrot_Front.jpg\" \/>\n\t<meta property=\"og:image:width\" content=\"300\" \/>\n\t<meta property=\"og:image:height\" content=\"450\" \/>\n\t<meta property=\"og:image:type\" content=\"image\/jpeg\" \/>\n<meta name=\"twitter:card\" content=\"summary_large_image\" \/>\n<meta name=\"twitter:label1\" content=\"Est. reading time\" \/>\n\t<meta name=\"twitter:data1\" content=\"1 minute\" \/>\n<script type=\"application\/ld+json\" class=\"yoast-schema-graph\">{\"@context\":\"https:\/\/schema.org\",\"@graph\":[{\"@type\":\"WebPage\",\"@id\":\"https:\/\/www.istegroup.com\/en\/produit\/impression-3d-du-beton\/\",\"url\":\"https:\/\/www.istegroup.com\/en\/produit\/impression-3d-du-beton\/\",\"name\":\"Impression 3D du b\u00e9ton - ISTE Group\",\"isPartOf\":{\"@id\":\"https:\/\/www.istegroup.com\/#website\"},\"primaryImageOfPage\":{\"@id\":\"https:\/\/www.istegroup.com\/en\/produit\/impression-3d-du-beton\/#primaryimage\"},\"image\":{\"@id\":\"https:\/\/www.istegroup.com\/en\/produit\/impression-3d-du-beton\/#primaryimage\"},\"thumbnailUrl\":\"https:\/\/www.istegroup.com\/wp-content\/uploads\/2019\/04\/Perrot_Front.jpg\",\"datePublished\":\"2019-04-10T10:01:32+00:00\",\"dateModified\":\"2024-01-03T13:43:10+00:00\",\"description\":\"Cet ouvrage pr\u00e9sente un \u00e9tat de l\u2019art des connaissances sur les diff\u00e9rents proc\u00e9d\u00e9s d\u2019impression, aussi bien du point de vue du mat\u00e9riau b\u00e9ton qui doit s\u2019adapter \u00e0 ces nouvelles techniques de fabrication que du mat\u00e9riel et des nouvelles imprimantes d\u00e9velopp\u00e9es pour le b\u00e9ton.\",\"breadcrumb\":{\"@id\":\"https:\/\/www.istegroup.com\/en\/produit\/impression-3d-du-beton\/#breadcrumb\"},\"inLanguage\":\"en-US\",\"potentialAction\":[{\"@type\":\"ReadAction\",\"target\":[\"https:\/\/www.istegroup.com\/en\/produit\/impression-3d-du-beton\/\"]}]},{\"@type\":\"ImageObject\",\"inLanguage\":\"en-US\",\"@id\":\"https:\/\/www.istegroup.com\/en\/produit\/impression-3d-du-beton\/#primaryimage\",\"url\":\"https:\/\/www.istegroup.com\/wp-content\/uploads\/2019\/04\/Perrot_Front.jpg\",\"contentUrl\":\"https:\/\/www.istegroup.com\/wp-content\/uploads\/2019\/04\/Perrot_Front.jpg\",\"width\":300,\"height\":450,\"caption\":\"\u00c9tat de l\u2019art et challenges de la r\u00e9volution de la construction digitale\"},{\"@type\":\"BreadcrumbList\",\"@id\":\"https:\/\/www.istegroup.com\/en\/produit\/impression-3d-du-beton\/#breadcrumb\",\"itemListElement\":[{\"@type\":\"ListItem\",\"position\":1,\"name\":\"Home\",\"item\":\"https:\/\/www.istegroup.com\/\"},{\"@type\":\"ListItem\",\"position\":2,\"name\":\"Shop\",\"item\":\"https:\/\/www.istegroup.com\/fr\/nouveautes\/\"},{\"@type\":\"ListItem\",\"position\":3,\"name\":\"Impression 3D du b\u00e9ton\"}]},{\"@type\":\"WebSite\",\"@id\":\"https:\/\/www.istegroup.com\/#website\",\"url\":\"https:\/\/www.istegroup.com\/\",\"name\":\"ISTE Group\",\"description\":\"Publishing Knowledge\",\"potentialAction\":[{\"@type\":\"SearchAction\",\"target\":{\"@type\":\"EntryPoint\",\"urlTemplate\":\"https:\/\/www.istegroup.com\/?s={search_term_string}\"},\"query-input\":{\"@type\":\"PropertyValueSpecification\",\"valueRequired\":true,\"valueName\":\"search_term_string\"}}],\"inLanguage\":\"en-US\"}]}<\/script>\n<!-- \/ Yoast SEO plugin. -->","yoast_head_json":{"title":"Impression 3D du b\u00e9ton - ISTE Group","description":"Cet ouvrage pr\u00e9sente un \u00e9tat de l\u2019art des connaissances sur les diff\u00e9rents proc\u00e9d\u00e9s d\u2019impression, aussi bien du point de vue du mat\u00e9riau b\u00e9ton qui doit s\u2019adapter \u00e0 ces nouvelles techniques de fabrication que du mat\u00e9riel et des nouvelles imprimantes d\u00e9velopp\u00e9es pour le b\u00e9ton.","robots":{"index":"index","follow":"follow","max-snippet":"max-snippet:-1","max-image-preview":"max-image-preview:large","max-video-preview":"max-video-preview:-1"},"canonical":"https:\/\/www.istegroup.com\/en\/produit\/impression-3d-du-beton\/","og_locale":"en_US","og_type":"article","og_title":"Impression 3D du b\u00e9ton - ISTE Group","og_description":"Cet ouvrage pr\u00e9sente un \u00e9tat de l\u2019art des connaissances sur les diff\u00e9rents proc\u00e9d\u00e9s d\u2019impression, aussi bien du point de vue du mat\u00e9riau b\u00e9ton qui doit s\u2019adapter \u00e0 ces nouvelles techniques de fabrication que du mat\u00e9riel et des nouvelles imprimantes d\u00e9velopp\u00e9es pour le b\u00e9ton.","og_url":"https:\/\/www.istegroup.com\/en\/produit\/impression-3d-du-beton\/","og_site_name":"ISTE Group","article_modified_time":"2024-01-03T13:43:10+00:00","og_image":[{"width":300,"height":450,"url":"https:\/\/www.istegroup.com\/wp-content\/uploads\/2019\/04\/Perrot_Front.jpg","type":"image\/jpeg"}],"twitter_card":"summary_large_image","twitter_misc":{"Est. reading time":"1 minute"},"schema":{"@context":"https:\/\/schema.org","@graph":[{"@type":"WebPage","@id":"https:\/\/www.istegroup.com\/en\/produit\/impression-3d-du-beton\/","url":"https:\/\/www.istegroup.com\/en\/produit\/impression-3d-du-beton\/","name":"Impression 3D du b\u00e9ton - ISTE Group","isPartOf":{"@id":"https:\/\/www.istegroup.com\/#website"},"primaryImageOfPage":{"@id":"https:\/\/www.istegroup.com\/en\/produit\/impression-3d-du-beton\/#primaryimage"},"image":{"@id":"https:\/\/www.istegroup.com\/en\/produit\/impression-3d-du-beton\/#primaryimage"},"thumbnailUrl":"https:\/\/www.istegroup.com\/wp-content\/uploads\/2019\/04\/Perrot_Front.jpg","datePublished":"2019-04-10T10:01:32+00:00","dateModified":"2024-01-03T13:43:10+00:00","description":"Cet ouvrage pr\u00e9sente un \u00e9tat de l\u2019art des connaissances sur les diff\u00e9rents proc\u00e9d\u00e9s d\u2019impression, aussi bien du point de vue du mat\u00e9riau b\u00e9ton qui doit s\u2019adapter \u00e0 ces nouvelles techniques de fabrication que du mat\u00e9riel et des nouvelles imprimantes d\u00e9velopp\u00e9es pour le b\u00e9ton.","breadcrumb":{"@id":"https:\/\/www.istegroup.com\/en\/produit\/impression-3d-du-beton\/#breadcrumb"},"inLanguage":"en-US","potentialAction":[{"@type":"ReadAction","target":["https:\/\/www.istegroup.com\/en\/produit\/impression-3d-du-beton\/"]}]},{"@type":"ImageObject","inLanguage":"en-US","@id":"https:\/\/www.istegroup.com\/en\/produit\/impression-3d-du-beton\/#primaryimage","url":"https:\/\/www.istegroup.com\/wp-content\/uploads\/2019\/04\/Perrot_Front.jpg","contentUrl":"https:\/\/www.istegroup.com\/wp-content\/uploads\/2019\/04\/Perrot_Front.jpg","width":300,"height":450,"caption":"\u00c9tat de l\u2019art et challenges de la r\u00e9volution de la construction digitale"},{"@type":"BreadcrumbList","@id":"https:\/\/www.istegroup.com\/en\/produit\/impression-3d-du-beton\/#breadcrumb","itemListElement":[{"@type":"ListItem","position":1,"name":"Home","item":"https:\/\/www.istegroup.com\/"},{"@type":"ListItem","position":2,"name":"Shop","item":"https:\/\/www.istegroup.com\/fr\/nouveautes\/"},{"@type":"ListItem","position":3,"name":"Impression 3D du b\u00e9ton"}]},{"@type":"WebSite","@id":"https:\/\/www.istegroup.com\/#website","url":"https:\/\/www.istegroup.com\/","name":"ISTE Group","description":"Publishing Knowledge","potentialAction":[{"@type":"SearchAction","target":{"@type":"EntryPoint","urlTemplate":"https:\/\/www.istegroup.com\/?s={search_term_string}"},"query-input":{"@type":"PropertyValueSpecification","valueRequired":true,"valueName":"search_term_string"}}],"inLanguage":"en-US"}]}},"_links":{"self":[{"href":"https:\/\/www.istegroup.com\/en\/wp-json\/wp\/v2\/product\/19980","targetHints":{"allow":["GET"]}}],"collection":[{"href":"https:\/\/www.istegroup.com\/en\/wp-json\/wp\/v2\/product"}],"about":[{"href":"https:\/\/www.istegroup.com\/en\/wp-json\/wp\/v2\/types\/product"}],"wp:featuredmedia":[{"embeddable":true,"href":"https:\/\/www.istegroup.com\/en\/wp-json\/wp\/v2\/media\/19989"}],"wp:attachment":[{"href":"https:\/\/www.istegroup.com\/en\/wp-json\/wp\/v2\/media?parent=19980"}],"wp:term":[{"taxonomy":"product_brand","embeddable":true,"href":"https:\/\/www.istegroup.com\/en\/wp-json\/wp\/v2\/product_brand?post=19980"},{"taxonomy":"product_cat","embeddable":true,"href":"https:\/\/www.istegroup.com\/en\/wp-json\/wp\/v2\/product_cat?post=19980"},{"taxonomy":"product_tag","embeddable":true,"href":"https:\/\/www.istegroup.com\/en\/wp-json\/wp\/v2\/product_tag?post=19980"}],"curies":[{"name":"wp","href":"https:\/\/api.w.org\/{rel}","templated":true}]}}