{"id":19940,"date":"2019-04-10T09:41:47","date_gmt":"2019-04-10T08:41:47","guid":{"rendered":"https:\/\/www.istegroup.com\/?post_type=product&#038;p=19940"},"modified":"2024-01-03T13:43:10","modified_gmt":"2024-01-03T13:43:10","slug":"optimiseurs-iteratifs","status":"publish","type":"product","link":"https:\/\/www.istegroup.com\/en\/produit\/optimiseurs-iteratifs\/","title":{"rendered":"Optimiseurs it\u00e9ratifs"},"content":{"rendered":"<p>Estimer la difficult\u00e9 des probl\u00e8mes d\u2019un jeu d\u2019essai peut s\u2019av\u00e9rer complexe. <em>Optimiseurs it\u00e9ratifs<\/em> pr\u00e9sente des analyses th\u00e9oriques et des m\u00e9thodes pratiques avec codes sources fournis pour pouvoir calculer la difficult\u00e9 d\u2019un probl\u00e8me donn\u00e9 et construire sur mesure des jeux d\u2019essai de probl\u00e8mes de difficult\u00e9s vari\u00e9es.<\/p>\n<p>Plusieurs mesures de difficult\u00e9 th\u00e9oriques sont envisag\u00e9es, plus ou moins pr\u00e9cises et plus ou moins faciles \u00e0 estimer. Elles sont mises en regard de la difficult\u00e9 r\u00e9elle ou \u00ab ressentie \u00bb pour les optimiseurs classiques.<\/p>\n<p>Cet ouvrage \u00e9tablit une typologie des probl\u00e8mes d\u2019optimisation, de laquelle on peut d\u00e9duire quelle devrait \u00eatre la structure d\u2019un jeu d\u2019essai fiable, c\u2019est-\u00e0-dire repr\u00e9sentative des probl\u00e8mes r\u00e9els \u00e0 traiter. Il montre ainsi que des jeux d\u2019essai classiques sont biais\u00e9s en faveur de certaines classes de probl\u00e8mes, et d\u00e9finit les notions d\u2019exploitation et d\u2019exploration afin de les rendre mesurables.<\/p>\n","protected":false},"excerpt":{"rendered":"<p>Estimer la difficult\u00e9 des probl\u00e8mes d\u2019un jeu d\u2019essai peut s\u2019av\u00e9rer complexe. Optimiseurs it\u00e9ratifs pr\u00e9sente des analyses th\u00e9oriques et des m\u00e9thodes pratiques avec codes sources fournis pour pouvoir calculer la difficult\u00e9 d\u2019un probl\u00e8me donn\u00e9 et construire sur mesure des jeux d\u2019essai de probl\u00e8mes de difficult\u00e9s vari\u00e9es. Plusieurs mesures de difficult\u00e9 th\u00e9oriques sont envisag\u00e9es, plus ou moins [&hellip;]<\/p>\n","protected":false},"featured_media":19948,"template":"","meta":{"_acf_changed":false,"_links_to":"","_links_to_target":""},"product_brand":[],"product_cat":[3262],"product_tag":[],"class_list":{"0":"post-19940","1":"product","2":"type-product","3":"status-publish","4":"has-post-thumbnail","6":"product_cat-non-classe","8":"first","9":"instock","10":"shipping-taxable","11":"purchasable","12":"product-type-variable"},"acf":[],"yoast_head":"<!-- This site is optimized with the Yoast SEO plugin v27.2 - https:\/\/yoast.com\/product\/yoast-seo-wordpress\/ -->\n<title>Optimiseurs it\u00e9ratifs - ISTE Group<\/title>\n<meta name=\"description\" content=\"Optimiseurs it\u00e9ratifs pr\u00e9sente des analyses th\u00e9oriques et des m\u00e9thodes pratiques avec codes sources fournis pour pouvoir calculer la difficult\u00e9 d\u2019un probl\u00e8me donn\u00e9 et construire sur mesure des jeux d\u2019essai de probl\u00e8mes de difficult\u00e9s vari\u00e9es.\" \/>\n<meta name=\"robots\" content=\"index, follow, max-snippet:-1, max-image-preview:large, max-video-preview:-1\" \/>\n<link rel=\"canonical\" href=\"https:\/\/www.istegroup.com\/fr\/produit\/optimiseurs-iteratifs\/\" \/>\n<meta property=\"og:locale\" content=\"en_US\" \/>\n<meta property=\"og:type\" content=\"article\" \/>\n<meta property=\"og:title\" content=\"Optimiseurs it\u00e9ratifs - ISTE Group\" \/>\n<meta property=\"og:description\" content=\"Optimiseurs it\u00e9ratifs pr\u00e9sente des analyses th\u00e9oriques et des m\u00e9thodes pratiques avec codes sources fournis pour pouvoir calculer la difficult\u00e9 d\u2019un probl\u00e8me donn\u00e9 et construire sur mesure des jeux d\u2019essai de probl\u00e8mes de difficult\u00e9s vari\u00e9es.\" \/>\n<meta property=\"og:url\" content=\"https:\/\/www.istegroup.com\/fr\/produit\/optimiseurs-iteratifs\/\" \/>\n<meta property=\"og:site_name\" content=\"ISTE Group\" \/>\n<meta property=\"article:modified_time\" content=\"2024-01-03T13:43:10+00:00\" \/>\n<meta property=\"og:image\" content=\"https:\/\/www.istegroup.com\/wp-content\/uploads\/2019\/04\/Clerc_Front.jpg\" \/>\n\t<meta property=\"og:image:width\" content=\"300\" \/>\n\t<meta property=\"og:image:height\" content=\"450\" \/>\n\t<meta property=\"og:image:type\" content=\"image\/jpeg\" \/>\n<meta name=\"twitter:card\" content=\"summary_large_image\" \/>\n<meta name=\"twitter:label1\" content=\"Est. reading time\" \/>\n\t<meta name=\"twitter:data1\" content=\"1 minute\" \/>\n<script type=\"application\/ld+json\" class=\"yoast-schema-graph\">{\"@context\":\"https:\/\/schema.org\",\"@graph\":[{\"@type\":\"WebPage\",\"@id\":\"https:\/\/www.istegroup.com\/fr\/produit\/optimiseurs-iteratifs\/\",\"url\":\"https:\/\/www.istegroup.com\/fr\/produit\/optimiseurs-iteratifs\/\",\"name\":\"Optimiseurs it\u00e9ratifs - ISTE Group\",\"isPartOf\":{\"@id\":\"https:\/\/www.istegroup.com\/#website\"},\"primaryImageOfPage\":{\"@id\":\"https:\/\/www.istegroup.com\/fr\/produit\/optimiseurs-iteratifs\/#primaryimage\"},\"image\":{\"@id\":\"https:\/\/www.istegroup.com\/fr\/produit\/optimiseurs-iteratifs\/#primaryimage\"},\"thumbnailUrl\":\"https:\/\/www.istegroup.com\/wp-content\/uploads\/2019\/04\/Clerc_Front.jpg\",\"datePublished\":\"2019-04-10T08:41:47+00:00\",\"dateModified\":\"2024-01-03T13:43:10+00:00\",\"description\":\"Optimiseurs it\u00e9ratifs pr\u00e9sente des analyses th\u00e9oriques et des m\u00e9thodes pratiques avec codes sources fournis pour pouvoir calculer la difficult\u00e9 d\u2019un probl\u00e8me donn\u00e9 et construire sur mesure des jeux d\u2019essai de probl\u00e8mes de difficult\u00e9s vari\u00e9es.\",\"breadcrumb\":{\"@id\":\"https:\/\/www.istegroup.com\/fr\/produit\/optimiseurs-iteratifs\/#breadcrumb\"},\"inLanguage\":\"en-US\",\"potentialAction\":[{\"@type\":\"ReadAction\",\"target\":[\"https:\/\/www.istegroup.com\/fr\/produit\/optimiseurs-iteratifs\/\"]}]},{\"@type\":\"ImageObject\",\"inLanguage\":\"en-US\",\"@id\":\"https:\/\/www.istegroup.com\/fr\/produit\/optimiseurs-iteratifs\/#primaryimage\",\"url\":\"https:\/\/www.istegroup.com\/wp-content\/uploads\/2019\/04\/Clerc_Front.jpg\",\"contentUrl\":\"https:\/\/www.istegroup.com\/wp-content\/uploads\/2019\/04\/Clerc_Front.jpg\",\"width\":300,\"height\":450,\"caption\":\"Mesures de difficult\u00e9 et jeux d\u2019essai\"},{\"@type\":\"BreadcrumbList\",\"@id\":\"https:\/\/www.istegroup.com\/fr\/produit\/optimiseurs-iteratifs\/#breadcrumb\",\"itemListElement\":[{\"@type\":\"ListItem\",\"position\":1,\"name\":\"Home\",\"item\":\"https:\/\/www.istegroup.com\/\"},{\"@type\":\"ListItem\",\"position\":2,\"name\":\"Shop\",\"item\":\"https:\/\/www.istegroup.com\/fr\/nouveautes\/\"},{\"@type\":\"ListItem\",\"position\":3,\"name\":\"Optimiseurs it\u00e9ratifs\"}]},{\"@type\":\"WebSite\",\"@id\":\"https:\/\/www.istegroup.com\/#website\",\"url\":\"https:\/\/www.istegroup.com\/\",\"name\":\"ISTE Group\",\"description\":\"Publishing Knowledge\",\"potentialAction\":[{\"@type\":\"SearchAction\",\"target\":{\"@type\":\"EntryPoint\",\"urlTemplate\":\"https:\/\/www.istegroup.com\/?s={search_term_string}\"},\"query-input\":{\"@type\":\"PropertyValueSpecification\",\"valueRequired\":true,\"valueName\":\"search_term_string\"}}],\"inLanguage\":\"en-US\"}]}<\/script>\n<!-- \/ Yoast SEO plugin. -->","yoast_head_json":{"title":"Optimiseurs it\u00e9ratifs - ISTE Group","description":"Optimiseurs it\u00e9ratifs pr\u00e9sente des analyses th\u00e9oriques et des m\u00e9thodes pratiques avec codes sources fournis pour pouvoir calculer la difficult\u00e9 d\u2019un probl\u00e8me donn\u00e9 et construire sur mesure des jeux d\u2019essai de probl\u00e8mes de difficult\u00e9s vari\u00e9es.","robots":{"index":"index","follow":"follow","max-snippet":"max-snippet:-1","max-image-preview":"max-image-preview:large","max-video-preview":"max-video-preview:-1"},"canonical":"https:\/\/www.istegroup.com\/fr\/produit\/optimiseurs-iteratifs\/","og_locale":"en_US","og_type":"article","og_title":"Optimiseurs it\u00e9ratifs - ISTE Group","og_description":"Optimiseurs it\u00e9ratifs pr\u00e9sente des analyses th\u00e9oriques et des m\u00e9thodes pratiques avec codes sources fournis pour pouvoir calculer la difficult\u00e9 d\u2019un probl\u00e8me donn\u00e9 et construire sur mesure des jeux d\u2019essai de probl\u00e8mes de difficult\u00e9s vari\u00e9es.","og_url":"https:\/\/www.istegroup.com\/fr\/produit\/optimiseurs-iteratifs\/","og_site_name":"ISTE Group","article_modified_time":"2024-01-03T13:43:10+00:00","og_image":[{"width":300,"height":450,"url":"https:\/\/www.istegroup.com\/wp-content\/uploads\/2019\/04\/Clerc_Front.jpg","type":"image\/jpeg"}],"twitter_card":"summary_large_image","twitter_misc":{"Est. reading time":"1 minute"},"schema":{"@context":"https:\/\/schema.org","@graph":[{"@type":"WebPage","@id":"https:\/\/www.istegroup.com\/fr\/produit\/optimiseurs-iteratifs\/","url":"https:\/\/www.istegroup.com\/fr\/produit\/optimiseurs-iteratifs\/","name":"Optimiseurs it\u00e9ratifs - ISTE Group","isPartOf":{"@id":"https:\/\/www.istegroup.com\/#website"},"primaryImageOfPage":{"@id":"https:\/\/www.istegroup.com\/fr\/produit\/optimiseurs-iteratifs\/#primaryimage"},"image":{"@id":"https:\/\/www.istegroup.com\/fr\/produit\/optimiseurs-iteratifs\/#primaryimage"},"thumbnailUrl":"https:\/\/www.istegroup.com\/wp-content\/uploads\/2019\/04\/Clerc_Front.jpg","datePublished":"2019-04-10T08:41:47+00:00","dateModified":"2024-01-03T13:43:10+00:00","description":"Optimiseurs it\u00e9ratifs pr\u00e9sente des analyses th\u00e9oriques et des m\u00e9thodes pratiques avec codes sources fournis pour pouvoir calculer la difficult\u00e9 d\u2019un probl\u00e8me donn\u00e9 et construire sur mesure des jeux d\u2019essai de probl\u00e8mes de difficult\u00e9s vari\u00e9es.","breadcrumb":{"@id":"https:\/\/www.istegroup.com\/fr\/produit\/optimiseurs-iteratifs\/#breadcrumb"},"inLanguage":"en-US","potentialAction":[{"@type":"ReadAction","target":["https:\/\/www.istegroup.com\/fr\/produit\/optimiseurs-iteratifs\/"]}]},{"@type":"ImageObject","inLanguage":"en-US","@id":"https:\/\/www.istegroup.com\/fr\/produit\/optimiseurs-iteratifs\/#primaryimage","url":"https:\/\/www.istegroup.com\/wp-content\/uploads\/2019\/04\/Clerc_Front.jpg","contentUrl":"https:\/\/www.istegroup.com\/wp-content\/uploads\/2019\/04\/Clerc_Front.jpg","width":300,"height":450,"caption":"Mesures de difficult\u00e9 et jeux d\u2019essai"},{"@type":"BreadcrumbList","@id":"https:\/\/www.istegroup.com\/fr\/produit\/optimiseurs-iteratifs\/#breadcrumb","itemListElement":[{"@type":"ListItem","position":1,"name":"Home","item":"https:\/\/www.istegroup.com\/"},{"@type":"ListItem","position":2,"name":"Shop","item":"https:\/\/www.istegroup.com\/fr\/nouveautes\/"},{"@type":"ListItem","position":3,"name":"Optimiseurs it\u00e9ratifs"}]},{"@type":"WebSite","@id":"https:\/\/www.istegroup.com\/#website","url":"https:\/\/www.istegroup.com\/","name":"ISTE Group","description":"Publishing Knowledge","potentialAction":[{"@type":"SearchAction","target":{"@type":"EntryPoint","urlTemplate":"https:\/\/www.istegroup.com\/?s={search_term_string}"},"query-input":{"@type":"PropertyValueSpecification","valueRequired":true,"valueName":"search_term_string"}}],"inLanguage":"en-US"}]}},"_links":{"self":[{"href":"https:\/\/www.istegroup.com\/en\/wp-json\/wp\/v2\/product\/19940","targetHints":{"allow":["GET"]}}],"collection":[{"href":"https:\/\/www.istegroup.com\/en\/wp-json\/wp\/v2\/product"}],"about":[{"href":"https:\/\/www.istegroup.com\/en\/wp-json\/wp\/v2\/types\/product"}],"wp:featuredmedia":[{"embeddable":true,"href":"https:\/\/www.istegroup.com\/en\/wp-json\/wp\/v2\/media\/19948"}],"wp:attachment":[{"href":"https:\/\/www.istegroup.com\/en\/wp-json\/wp\/v2\/media?parent=19940"}],"wp:term":[{"taxonomy":"product_brand","embeddable":true,"href":"https:\/\/www.istegroup.com\/en\/wp-json\/wp\/v2\/product_brand?post=19940"},{"taxonomy":"product_cat","embeddable":true,"href":"https:\/\/www.istegroup.com\/en\/wp-json\/wp\/v2\/product_cat?post=19940"},{"taxonomy":"product_tag","embeddable":true,"href":"https:\/\/www.istegroup.com\/en\/wp-json\/wp\/v2\/product_tag?post=19940"}],"curies":[{"name":"wp","href":"https:\/\/api.w.org\/{rel}","templated":true}]}}