{"id":19932,"date":"2019-04-10T09:15:31","date_gmt":"2019-04-10T08:15:31","guid":{"rendered":"https:\/\/www.istegroup.com\/?post_type=product&#038;p=19932"},"modified":"2024-01-03T13:43:10","modified_gmt":"2024-01-03T13:43:10","slug":"le-manege-du-temps","status":"publish","type":"product","link":"https:\/\/www.istegroup.com\/en\/produit\/le-manege-du-temps\/","title":{"rendered":"Le man\u00e8ge du temps"},"content":{"rendered":"<p>Les acteurs de nos soci\u00e9t\u00e9s disent ressentir un ph\u00e9nom\u00e8ne d\u2019acc\u00e9l\u00e9ration du temps qui d\u00e9boucherait paradoxalement sur un pr\u00e9sentisme o\u00f9 co\u00efncideraient pass\u00e9, pr\u00e9sent et avenir. Cette sensation d\u2019acc\u00e9l\u00e9ration du temps se conjugue paradoxalement \u00e0 une parfaite immobilit\u00e9.<\/p>\n<p><em>Le man\u00e8ge du temps<\/em> traite ce paradoxe dans le cadre d\u2019une th\u00e9orie de la connaissance centr\u00e9e sur l\u2019analyse de la structure et de l\u2019\u00e9volution de l\u2019espace-temps d\u2019un r\u00e9seau sociocognitif complexe d\u2019acteurs individuels.<\/p>\n<p style=\"text-align: left\"><em>En ces temps tourment\u00e9s o\u00f9 le temps lui-m\u00eame tourbillonne, cet ouvrage apporte de l\u2019air frais, en m\u00eame temps qu\u2019il r\u00e9chauffe le c\u0153ur\u00a0: il s\u2019y agit de la connaissance<\/em><em>\u00a0\u00e0 laquelle nous font acc\u00e9der les sciences, mais pas seulement, dans la mesure o\u00f9 il est difficile de se d\u00e9barrasser de quelques doses de croyances plus ou moins justi\u00adfiables, qui y p\u00e9n\u00e8trent parfois subrepticement\u2026<\/em><\/p>\n<p style=\"text-align: right\">Extrait de la pr\u00e9face de Henri Atlan, m\u00e9decin, biologiste et philosophe.<\/p>\n","protected":false},"excerpt":{"rendered":"<p>Les acteurs de nos soci\u00e9t\u00e9s disent ressentir un ph\u00e9nom\u00e8ne d\u2019acc\u00e9l\u00e9ration du temps qui d\u00e9boucherait paradoxalement sur un pr\u00e9sentisme o\u00f9 co\u00efncideraient pass\u00e9, pr\u00e9sent et avenir. Cette sensation d\u2019acc\u00e9l\u00e9ration du temps se conjugue paradoxalement \u00e0 une parfaite immobilit\u00e9. Le man\u00e8ge du temps traite ce paradoxe dans le cadre d\u2019une th\u00e9orie de la connaissance centr\u00e9e sur l\u2019analyse de [&hellip;]<\/p>\n","protected":false},"featured_media":19939,"template":"","meta":{"_acf_changed":false,"_links_to":"","_links_to_target":""},"product_brand":[],"product_cat":[3262],"product_tag":[],"class_list":{"0":"post-19932","1":"product","2":"type-product","3":"status-publish","4":"has-post-thumbnail","6":"product_cat-non-classe","8":"first","9":"instock","10":"shipping-taxable","11":"purchasable","12":"product-type-variable"},"acf":[],"yoast_head":"<!-- This site is optimized with the Yoast SEO plugin v27.2 - https:\/\/yoast.com\/product\/yoast-seo-wordpress\/ -->\n<title>Le man\u00e8ge du temps - ISTE Group<\/title>\n<meta name=\"description\" content=\"Le man\u00e8ge du temps traite ce paradoxe dans le cadre d\u2019une th\u00e9orie de la connaissance centr\u00e9e sur l\u2019analyse de la structure et de l\u2019\u00e9volution de l\u2019espace-temps d\u2019un r\u00e9seau sociocognitif complexe d\u2019acteurs individuels.\" \/>\n<meta name=\"robots\" content=\"index, follow, max-snippet:-1, max-image-preview:large, max-video-preview:-1\" \/>\n<link rel=\"canonical\" href=\"https:\/\/www.istegroup.com\/fr\/produit\/le-manege-du-temps\/\" \/>\n<meta property=\"og:locale\" content=\"en_US\" \/>\n<meta property=\"og:type\" content=\"article\" \/>\n<meta property=\"og:title\" content=\"Le man\u00e8ge du temps - ISTE Group\" \/>\n<meta property=\"og:description\" content=\"Le man\u00e8ge du temps traite ce paradoxe dans le cadre d\u2019une th\u00e9orie de la connaissance centr\u00e9e sur l\u2019analyse de la structure et de l\u2019\u00e9volution de l\u2019espace-temps d\u2019un r\u00e9seau sociocognitif complexe d\u2019acteurs individuels.\" \/>\n<meta property=\"og:url\" content=\"https:\/\/www.istegroup.com\/fr\/produit\/le-manege-du-temps\/\" \/>\n<meta property=\"og:site_name\" content=\"ISTE Group\" \/>\n<meta property=\"article:modified_time\" content=\"2024-01-03T13:43:10+00:00\" \/>\n<meta property=\"og:image\" content=\"https:\/\/www.istegroup.com\/wp-content\/uploads\/2019\/04\/Ancori_Front.jpg\" \/>\n\t<meta property=\"og:image:width\" content=\"300\" \/>\n\t<meta property=\"og:image:height\" content=\"451\" \/>\n\t<meta property=\"og:image:type\" content=\"image\/jpeg\" \/>\n<meta name=\"twitter:card\" content=\"summary_large_image\" \/>\n<meta name=\"twitter:label1\" content=\"Est. reading time\" \/>\n\t<meta name=\"twitter:data1\" content=\"1 minute\" \/>\n<script type=\"application\/ld+json\" class=\"yoast-schema-graph\">{\"@context\":\"https:\/\/schema.org\",\"@graph\":[{\"@type\":\"WebPage\",\"@id\":\"https:\/\/www.istegroup.com\/fr\/produit\/le-manege-du-temps\/\",\"url\":\"https:\/\/www.istegroup.com\/fr\/produit\/le-manege-du-temps\/\",\"name\":\"Le man\u00e8ge du temps - ISTE Group\",\"isPartOf\":{\"@id\":\"https:\/\/www.istegroup.com\/#website\"},\"primaryImageOfPage\":{\"@id\":\"https:\/\/www.istegroup.com\/fr\/produit\/le-manege-du-temps\/#primaryimage\"},\"image\":{\"@id\":\"https:\/\/www.istegroup.com\/fr\/produit\/le-manege-du-temps\/#primaryimage\"},\"thumbnailUrl\":\"https:\/\/www.istegroup.com\/wp-content\/uploads\/2019\/04\/Ancori_Front.jpg\",\"datePublished\":\"2019-04-10T08:15:31+00:00\",\"dateModified\":\"2024-01-03T13:43:10+00:00\",\"description\":\"Le man\u00e8ge du temps traite ce paradoxe dans le cadre d\u2019une th\u00e9orie de la connaissance centr\u00e9e sur l\u2019analyse de la structure et de l\u2019\u00e9volution de l\u2019espace-temps d\u2019un r\u00e9seau sociocognitif complexe d\u2019acteurs individuels.\",\"breadcrumb\":{\"@id\":\"https:\/\/www.istegroup.com\/fr\/produit\/le-manege-du-temps\/#breadcrumb\"},\"inLanguage\":\"en-US\",\"potentialAction\":[{\"@type\":\"ReadAction\",\"target\":[\"https:\/\/www.istegroup.com\/fr\/produit\/le-manege-du-temps\/\"]}]},{\"@type\":\"ImageObject\",\"inLanguage\":\"en-US\",\"@id\":\"https:\/\/www.istegroup.com\/fr\/produit\/le-manege-du-temps\/#primaryimage\",\"url\":\"https:\/\/www.istegroup.com\/wp-content\/uploads\/2019\/04\/Ancori_Front.jpg\",\"contentUrl\":\"https:\/\/www.istegroup.com\/wp-content\/uploads\/2019\/04\/Ancori_Front.jpg\",\"width\":300,\"height\":451,\"caption\":\"Le man\u00e8ge du temps\"},{\"@type\":\"BreadcrumbList\",\"@id\":\"https:\/\/www.istegroup.com\/fr\/produit\/le-manege-du-temps\/#breadcrumb\",\"itemListElement\":[{\"@type\":\"ListItem\",\"position\":1,\"name\":\"Home\",\"item\":\"https:\/\/www.istegroup.com\/\"},{\"@type\":\"ListItem\",\"position\":2,\"name\":\"Shop\",\"item\":\"https:\/\/www.istegroup.com\/fr\/nouveautes\/\"},{\"@type\":\"ListItem\",\"position\":3,\"name\":\"Le man\u00e8ge du temps\"}]},{\"@type\":\"WebSite\",\"@id\":\"https:\/\/www.istegroup.com\/#website\",\"url\":\"https:\/\/www.istegroup.com\/\",\"name\":\"ISTE Group\",\"description\":\"Publishing Knowledge\",\"potentialAction\":[{\"@type\":\"SearchAction\",\"target\":{\"@type\":\"EntryPoint\",\"urlTemplate\":\"https:\/\/www.istegroup.com\/?s={search_term_string}\"},\"query-input\":{\"@type\":\"PropertyValueSpecification\",\"valueRequired\":true,\"valueName\":\"search_term_string\"}}],\"inLanguage\":\"en-US\"}]}<\/script>\n<!-- \/ Yoast SEO plugin. -->","yoast_head_json":{"title":"Le man\u00e8ge du temps - ISTE Group","description":"Le man\u00e8ge du temps traite ce paradoxe dans le cadre d\u2019une th\u00e9orie de la connaissance centr\u00e9e sur l\u2019analyse de la structure et de l\u2019\u00e9volution de l\u2019espace-temps d\u2019un r\u00e9seau sociocognitif complexe d\u2019acteurs individuels.","robots":{"index":"index","follow":"follow","max-snippet":"max-snippet:-1","max-image-preview":"max-image-preview:large","max-video-preview":"max-video-preview:-1"},"canonical":"https:\/\/www.istegroup.com\/fr\/produit\/le-manege-du-temps\/","og_locale":"en_US","og_type":"article","og_title":"Le man\u00e8ge du temps - ISTE Group","og_description":"Le man\u00e8ge du temps traite ce paradoxe dans le cadre d\u2019une th\u00e9orie de la connaissance centr\u00e9e sur l\u2019analyse de la structure et de l\u2019\u00e9volution de l\u2019espace-temps d\u2019un r\u00e9seau sociocognitif complexe d\u2019acteurs individuels.","og_url":"https:\/\/www.istegroup.com\/fr\/produit\/le-manege-du-temps\/","og_site_name":"ISTE Group","article_modified_time":"2024-01-03T13:43:10+00:00","og_image":[{"width":300,"height":451,"url":"https:\/\/www.istegroup.com\/wp-content\/uploads\/2019\/04\/Ancori_Front.jpg","type":"image\/jpeg"}],"twitter_card":"summary_large_image","twitter_misc":{"Est. reading time":"1 minute"},"schema":{"@context":"https:\/\/schema.org","@graph":[{"@type":"WebPage","@id":"https:\/\/www.istegroup.com\/fr\/produit\/le-manege-du-temps\/","url":"https:\/\/www.istegroup.com\/fr\/produit\/le-manege-du-temps\/","name":"Le man\u00e8ge du temps - ISTE Group","isPartOf":{"@id":"https:\/\/www.istegroup.com\/#website"},"primaryImageOfPage":{"@id":"https:\/\/www.istegroup.com\/fr\/produit\/le-manege-du-temps\/#primaryimage"},"image":{"@id":"https:\/\/www.istegroup.com\/fr\/produit\/le-manege-du-temps\/#primaryimage"},"thumbnailUrl":"https:\/\/www.istegroup.com\/wp-content\/uploads\/2019\/04\/Ancori_Front.jpg","datePublished":"2019-04-10T08:15:31+00:00","dateModified":"2024-01-03T13:43:10+00:00","description":"Le man\u00e8ge du temps traite ce paradoxe dans le cadre d\u2019une th\u00e9orie de la connaissance centr\u00e9e sur l\u2019analyse de la structure et de l\u2019\u00e9volution de l\u2019espace-temps d\u2019un r\u00e9seau sociocognitif complexe d\u2019acteurs individuels.","breadcrumb":{"@id":"https:\/\/www.istegroup.com\/fr\/produit\/le-manege-du-temps\/#breadcrumb"},"inLanguage":"en-US","potentialAction":[{"@type":"ReadAction","target":["https:\/\/www.istegroup.com\/fr\/produit\/le-manege-du-temps\/"]}]},{"@type":"ImageObject","inLanguage":"en-US","@id":"https:\/\/www.istegroup.com\/fr\/produit\/le-manege-du-temps\/#primaryimage","url":"https:\/\/www.istegroup.com\/wp-content\/uploads\/2019\/04\/Ancori_Front.jpg","contentUrl":"https:\/\/www.istegroup.com\/wp-content\/uploads\/2019\/04\/Ancori_Front.jpg","width":300,"height":451,"caption":"Le man\u00e8ge du temps"},{"@type":"BreadcrumbList","@id":"https:\/\/www.istegroup.com\/fr\/produit\/le-manege-du-temps\/#breadcrumb","itemListElement":[{"@type":"ListItem","position":1,"name":"Home","item":"https:\/\/www.istegroup.com\/"},{"@type":"ListItem","position":2,"name":"Shop","item":"https:\/\/www.istegroup.com\/fr\/nouveautes\/"},{"@type":"ListItem","position":3,"name":"Le man\u00e8ge du temps"}]},{"@type":"WebSite","@id":"https:\/\/www.istegroup.com\/#website","url":"https:\/\/www.istegroup.com\/","name":"ISTE Group","description":"Publishing Knowledge","potentialAction":[{"@type":"SearchAction","target":{"@type":"EntryPoint","urlTemplate":"https:\/\/www.istegroup.com\/?s={search_term_string}"},"query-input":{"@type":"PropertyValueSpecification","valueRequired":true,"valueName":"search_term_string"}}],"inLanguage":"en-US"}]}},"_links":{"self":[{"href":"https:\/\/www.istegroup.com\/en\/wp-json\/wp\/v2\/product\/19932","targetHints":{"allow":["GET"]}}],"collection":[{"href":"https:\/\/www.istegroup.com\/en\/wp-json\/wp\/v2\/product"}],"about":[{"href":"https:\/\/www.istegroup.com\/en\/wp-json\/wp\/v2\/types\/product"}],"wp:featuredmedia":[{"embeddable":true,"href":"https:\/\/www.istegroup.com\/en\/wp-json\/wp\/v2\/media\/19939"}],"wp:attachment":[{"href":"https:\/\/www.istegroup.com\/en\/wp-json\/wp\/v2\/media?parent=19932"}],"wp:term":[{"taxonomy":"product_brand","embeddable":true,"href":"https:\/\/www.istegroup.com\/en\/wp-json\/wp\/v2\/product_brand?post=19932"},{"taxonomy":"product_cat","embeddable":true,"href":"https:\/\/www.istegroup.com\/en\/wp-json\/wp\/v2\/product_cat?post=19932"},{"taxonomy":"product_tag","embeddable":true,"href":"https:\/\/www.istegroup.com\/en\/wp-json\/wp\/v2\/product_tag?post=19932"}],"curies":[{"name":"wp","href":"https:\/\/api.w.org\/{rel}","templated":true}]}}