{"id":199,"date":"2017-07-28T11:03:04","date_gmt":"2017-07-28T09:03:04","guid":{"rendered":"https:\/\/iste.yhello.co\/product\/ecologie-chimique\/"},"modified":"2024-01-03T13:38:51","modified_gmt":"2024-01-03T13:38:51","slug":"ecologie-chimique","status":"publish","type":"product","link":"https:\/\/www.istegroup.com\/en\/produit\/ecologie-chimique\/","title":{"rendered":"Ecologie chimique"},"content":{"rendered":"<p><em>Ecologie chimique<\/em>\u00a0offre une vision holistique des nouveaux champs de recherche de cette discipline \u00e0 travers une grande diversit\u00e9 d\u2019approches.<\/p>\n<p>Il traite de syst\u00e8mes complexes dans un monde changeant \u00e0 travers un grand nombre d\u2019organismes mod\u00e8les en passant des micro-organismes aux mammif\u00e8res incluant l&#8217;homme.<br \/>\nIl couvre une grande diversit\u00e9 de milieux allant des tropiques aux r\u00e9gions polaires et d\u00e9crypte le r\u00f4le de la m\u00e9diation chimique qui permet aux organismes vivants de communiquer entre individus de la m\u00eame esp\u00e8ce ou entre esp\u00e8ces diff\u00e9rentes, et avec leur environnement.<\/p>\n<p>Dans un contexte de changements globaux o\u00f9 le maintien de la biodiversit\u00e9 repr\u00e9sente un v\u00e9ritable d\u00e9fi,<br \/>\ncet ouvrage permet de comprendre la structure et le fonctionnement des \u00e9cosyst\u00e8mes.<br \/>\nLes chercheurs qui ont contribu\u00e9 \u00e0 cet ouvrage \u2013 biologistes, \u00e9cologistes, biochimistes, chimistes, biostatisticiens \u2013 observent les milieux terrestres, aquatiques, marins et d\u2019eau douce.<\/p>\n<p>&nbsp;<\/p>\n<p><strong>La presse en parle<\/strong><\/p>\n<p><a style=\"color: #1e9691\" href=\"https:\/\/www.franceculture.fr\/emissions\/la-methode-scientifique\/la-methode-scientifique-lundi-22-janvier-2018\"><em>France Culture, 22 janvier 2018<\/em><\/a><\/p>\n","protected":false},"excerpt":{"rendered":"<p>Ecologie chimique\u00a0offre une vision holistique des nouveaux champs de recherche de cette discipline \u00e0 travers une grande diversit\u00e9 d\u2019approches. Il traite de syst\u00e8mes complexes dans un monde changeant \u00e0 travers un grand nombre d\u2019organismes mod\u00e8les en passant des micro-organismes aux mammif\u00e8res incluant l&#8217;homme. Il couvre une grande diversit\u00e9 de milieux allant des tropiques aux r\u00e9gions [&hellip;]<\/p>\n","protected":false},"featured_media":200,"template":"","meta":{"_acf_changed":false,"_links_to":"","_links_to_target":""},"product_brand":[],"product_cat":[658,675],"product_tag":[1098,1099,1100,1101,242,335,31,196,474,1102,381,385,269,329,197,198,199,21,200,22,201,203,204,63,25,172,209,1103,1104,468,1105,1106,212,38,192,145,28,1107],"class_list":{"0":"post-199","1":"product","2":"type-product","3":"status-publish","4":"has-post-thumbnail","6":"product_cat-ecologie-14419669","7":"product_cat-nouveauts-12519446","8":"product_tag-anne-genevieve-bagneres","9":"product_tag-bacteries","10":"product_tag-champignons-endophytes","11":"product_tag-chimie","12":"product_tag-chimique","13":"product_tag-cnrs","14":"product_tag-ebook","15":"product_tag-ebooks","16":"product_tag-ecologie","17":"product_tag-ecologie-chimique","18":"product_tag-ecosysteme","19":"product_tag-ecosystemes","20":"product_tag-edition-francaise","21":"product_tag-environnement","22":"product_tag-iste","23":"product_tag-iste-edition","24":"product_tag-iste-editions","25":"product_tag-iste-group","26":"product_tag-isteedition","27":"product_tag-istegroup","28":"product_tag-kindle","29":"product_tag-liseuse","30":"product_tag-livre","31":"product_tag-livre-electronique","32":"product_tag-livre-numerique","33":"product_tag-livre-scientifique","34":"product_tag-livres-scientifiques","35":"product_tag-marie-charpentier","36":"product_tag-martine-hossaert-mckey","37":"product_tag-micro-organisme","38":"product_tag-microbiome","39":"product_tag-nouveautes","40":"product_tag-ouvrage","41":"product_tag-ouvrage-numerique","42":"product_tag-ouvrage-science","43":"product_tag-ouvrage-scientifique","44":"product_tag-ouvrage-scientifique-francais","45":"product_tag-scicence-integrative","47":"first","48":"instock","49":"shipping-taxable","50":"purchasable","51":"product-type-variable"},"acf":[],"yoast_head":"<!-- This site is optimized with the Yoast SEO plugin v27.2 - https:\/\/yoast.com\/product\/yoast-seo-wordpress\/ -->\n<title>Ecologie chimique - ISTE Group<\/title>\n<meta name=\"robots\" content=\"index, follow, max-snippet:-1, max-image-preview:large, max-video-preview:-1\" \/>\n<link rel=\"canonical\" href=\"https:\/\/www.istegroup.com\/fr\/produit\/ecologie-chimique\/\" \/>\n<meta property=\"og:locale\" content=\"en_US\" \/>\n<meta property=\"og:type\" content=\"article\" \/>\n<meta property=\"og:title\" content=\"Ecologie chimique - ISTE Group\" \/>\n<meta property=\"og:description\" content=\"Ecologie chimique\u00a0offre une vision holistique des nouveaux champs de recherche de cette discipline \u00e0 travers une grande diversit\u00e9 d\u2019approches. Il traite de syst\u00e8mes complexes dans un monde changeant \u00e0 travers un grand nombre d\u2019organismes mod\u00e8les en passant des micro-organismes aux mammif\u00e8res incluant l&#8217;homme. Il couvre une grande diversit\u00e9 de milieux allant des tropiques aux r\u00e9gions [&hellip;]\" \/>\n<meta property=\"og:url\" content=\"https:\/\/www.istegroup.com\/fr\/produit\/ecologie-chimique\/\" \/>\n<meta property=\"og:site_name\" content=\"ISTE Group\" \/>\n<meta property=\"article:modified_time\" content=\"2024-01-03T13:38:51+00:00\" \/>\n<meta property=\"og:image\" content=\"https:\/\/www.istegroup.com\/wp-content\/uploads\/2017\/07\/18069500753_8449696657-1.jpg\" \/>\n\t<meta property=\"og:image:width\" content=\"1357\" \/>\n\t<meta property=\"og:image:height\" content=\"2048\" \/>\n\t<meta property=\"og:image:type\" content=\"image\/jpeg\" \/>\n<meta name=\"twitter:card\" content=\"summary_large_image\" \/>\n<meta name=\"twitter:label1\" content=\"Est. reading time\" \/>\n\t<meta name=\"twitter:data1\" content=\"1 minute\" \/>\n<script type=\"application\/ld+json\" class=\"yoast-schema-graph\">{\"@context\":\"https:\/\/schema.org\",\"@graph\":[{\"@type\":\"WebPage\",\"@id\":\"https:\/\/www.istegroup.com\/fr\/produit\/ecologie-chimique\/\",\"url\":\"https:\/\/www.istegroup.com\/fr\/produit\/ecologie-chimique\/\",\"name\":\"Ecologie chimique - ISTE Group\",\"isPartOf\":{\"@id\":\"https:\/\/www.istegroup.com\/#website\"},\"primaryImageOfPage\":{\"@id\":\"https:\/\/www.istegroup.com\/fr\/produit\/ecologie-chimique\/#primaryimage\"},\"image\":{\"@id\":\"https:\/\/www.istegroup.com\/fr\/produit\/ecologie-chimique\/#primaryimage\"},\"thumbnailUrl\":\"https:\/\/www.istegroup.com\/wp-content\/uploads\/2017\/07\/18069500753_8449696657-1.jpg\",\"datePublished\":\"2017-07-28T09:03:04+00:00\",\"dateModified\":\"2024-01-03T13:38:51+00:00\",\"breadcrumb\":{\"@id\":\"https:\/\/www.istegroup.com\/fr\/produit\/ecologie-chimique\/#breadcrumb\"},\"inLanguage\":\"en-US\",\"potentialAction\":[{\"@type\":\"ReadAction\",\"target\":[\"https:\/\/www.istegroup.com\/fr\/produit\/ecologie-chimique\/\"]}]},{\"@type\":\"ImageObject\",\"inLanguage\":\"en-US\",\"@id\":\"https:\/\/www.istegroup.com\/fr\/produit\/ecologie-chimique\/#primaryimage\",\"url\":\"https:\/\/www.istegroup.com\/wp-content\/uploads\/2017\/07\/18069500753_8449696657-1.jpg\",\"contentUrl\":\"https:\/\/www.istegroup.com\/wp-content\/uploads\/2017\/07\/18069500753_8449696657-1.jpg\",\"width\":1357,\"height\":2048,\"caption\":\"Ecologie chimique\"},{\"@type\":\"BreadcrumbList\",\"@id\":\"https:\/\/www.istegroup.com\/fr\/produit\/ecologie-chimique\/#breadcrumb\",\"itemListElement\":[{\"@type\":\"ListItem\",\"position\":1,\"name\":\"Home\",\"item\":\"https:\/\/www.istegroup.com\/\"},{\"@type\":\"ListItem\",\"position\":2,\"name\":\"Shop\",\"item\":\"https:\/\/www.istegroup.com\/fr\/nouveautes\/\"},{\"@type\":\"ListItem\",\"position\":3,\"name\":\"Ecologie chimique\"}]},{\"@type\":\"WebSite\",\"@id\":\"https:\/\/www.istegroup.com\/#website\",\"url\":\"https:\/\/www.istegroup.com\/\",\"name\":\"ISTE Group\",\"description\":\"Publishing Knowledge\",\"potentialAction\":[{\"@type\":\"SearchAction\",\"target\":{\"@type\":\"EntryPoint\",\"urlTemplate\":\"https:\/\/www.istegroup.com\/?s={search_term_string}\"},\"query-input\":{\"@type\":\"PropertyValueSpecification\",\"valueRequired\":true,\"valueName\":\"search_term_string\"}}],\"inLanguage\":\"en-US\"}]}<\/script>\n<!-- \/ Yoast SEO plugin. -->","yoast_head_json":{"title":"Ecologie chimique - ISTE Group","robots":{"index":"index","follow":"follow","max-snippet":"max-snippet:-1","max-image-preview":"max-image-preview:large","max-video-preview":"max-video-preview:-1"},"canonical":"https:\/\/www.istegroup.com\/fr\/produit\/ecologie-chimique\/","og_locale":"en_US","og_type":"article","og_title":"Ecologie chimique - ISTE Group","og_description":"Ecologie chimique\u00a0offre une vision holistique des nouveaux champs de recherche de cette discipline \u00e0 travers une grande diversit\u00e9 d\u2019approches. Il traite de syst\u00e8mes complexes dans un monde changeant \u00e0 travers un grand nombre d\u2019organismes mod\u00e8les en passant des micro-organismes aux mammif\u00e8res incluant l&#8217;homme. Il couvre une grande diversit\u00e9 de milieux allant des tropiques aux r\u00e9gions [&hellip;]","og_url":"https:\/\/www.istegroup.com\/fr\/produit\/ecologie-chimique\/","og_site_name":"ISTE Group","article_modified_time":"2024-01-03T13:38:51+00:00","og_image":[{"width":1357,"height":2048,"url":"https:\/\/www.istegroup.com\/wp-content\/uploads\/2017\/07\/18069500753_8449696657-1.jpg","type":"image\/jpeg"}],"twitter_card":"summary_large_image","twitter_misc":{"Est. reading time":"1 minute"},"schema":{"@context":"https:\/\/schema.org","@graph":[{"@type":"WebPage","@id":"https:\/\/www.istegroup.com\/fr\/produit\/ecologie-chimique\/","url":"https:\/\/www.istegroup.com\/fr\/produit\/ecologie-chimique\/","name":"Ecologie chimique - ISTE Group","isPartOf":{"@id":"https:\/\/www.istegroup.com\/#website"},"primaryImageOfPage":{"@id":"https:\/\/www.istegroup.com\/fr\/produit\/ecologie-chimique\/#primaryimage"},"image":{"@id":"https:\/\/www.istegroup.com\/fr\/produit\/ecologie-chimique\/#primaryimage"},"thumbnailUrl":"https:\/\/www.istegroup.com\/wp-content\/uploads\/2017\/07\/18069500753_8449696657-1.jpg","datePublished":"2017-07-28T09:03:04+00:00","dateModified":"2024-01-03T13:38:51+00:00","breadcrumb":{"@id":"https:\/\/www.istegroup.com\/fr\/produit\/ecologie-chimique\/#breadcrumb"},"inLanguage":"en-US","potentialAction":[{"@type":"ReadAction","target":["https:\/\/www.istegroup.com\/fr\/produit\/ecologie-chimique\/"]}]},{"@type":"ImageObject","inLanguage":"en-US","@id":"https:\/\/www.istegroup.com\/fr\/produit\/ecologie-chimique\/#primaryimage","url":"https:\/\/www.istegroup.com\/wp-content\/uploads\/2017\/07\/18069500753_8449696657-1.jpg","contentUrl":"https:\/\/www.istegroup.com\/wp-content\/uploads\/2017\/07\/18069500753_8449696657-1.jpg","width":1357,"height":2048,"caption":"Ecologie chimique"},{"@type":"BreadcrumbList","@id":"https:\/\/www.istegroup.com\/fr\/produit\/ecologie-chimique\/#breadcrumb","itemListElement":[{"@type":"ListItem","position":1,"name":"Home","item":"https:\/\/www.istegroup.com\/"},{"@type":"ListItem","position":2,"name":"Shop","item":"https:\/\/www.istegroup.com\/fr\/nouveautes\/"},{"@type":"ListItem","position":3,"name":"Ecologie chimique"}]},{"@type":"WebSite","@id":"https:\/\/www.istegroup.com\/#website","url":"https:\/\/www.istegroup.com\/","name":"ISTE Group","description":"Publishing Knowledge","potentialAction":[{"@type":"SearchAction","target":{"@type":"EntryPoint","urlTemplate":"https:\/\/www.istegroup.com\/?s={search_term_string}"},"query-input":{"@type":"PropertyValueSpecification","valueRequired":true,"valueName":"search_term_string"}}],"inLanguage":"en-US"}]}},"_links":{"self":[{"href":"https:\/\/www.istegroup.com\/en\/wp-json\/wp\/v2\/product\/199","targetHints":{"allow":["GET"]}}],"collection":[{"href":"https:\/\/www.istegroup.com\/en\/wp-json\/wp\/v2\/product"}],"about":[{"href":"https:\/\/www.istegroup.com\/en\/wp-json\/wp\/v2\/types\/product"}],"wp:featuredmedia":[{"embeddable":true,"href":"https:\/\/www.istegroup.com\/en\/wp-json\/wp\/v2\/media\/200"}],"wp:attachment":[{"href":"https:\/\/www.istegroup.com\/en\/wp-json\/wp\/v2\/media?parent=199"}],"wp:term":[{"taxonomy":"product_brand","embeddable":true,"href":"https:\/\/www.istegroup.com\/en\/wp-json\/wp\/v2\/product_brand?post=199"},{"taxonomy":"product_cat","embeddable":true,"href":"https:\/\/www.istegroup.com\/en\/wp-json\/wp\/v2\/product_cat?post=199"},{"taxonomy":"product_tag","embeddable":true,"href":"https:\/\/www.istegroup.com\/en\/wp-json\/wp\/v2\/product_tag?post=199"}],"curies":[{"name":"wp","href":"https:\/\/api.w.org\/{rel}","templated":true}]}}