{"id":19891,"date":"2019-04-09T14:01:38","date_gmt":"2019-04-09T13:01:38","guid":{"rendered":"https:\/\/www.istegroup.com\/?post_type=product&#038;p=19891"},"modified":"2024-01-03T13:43:09","modified_gmt":"2024-01-03T13:43:09","slug":"les-medias-dans-les-pays-arabes","status":"publish","type":"product","link":"https:\/\/www.istegroup.com\/en\/produit\/les-medias-dans-les-pays-arabes\/","title":{"rendered":"Les m\u00e9dias dans les pays arabes"},"content":{"rendered":"<p>Depuis la lib\u00e9ralisation du secteur m\u00e9diatique il y a 30 ans, l\u2019entr\u00e9e dans la soci\u00e9t\u00e9 de l\u2019information des pays arabes est un fait commun\u00e9ment admis.<\/p>\n<p>\u00c0 c\u00f4t\u00e9 de cette modernit\u00e9 apparente, les id\u00e9es re\u00e7ues sur les soci\u00e9t\u00e9s arabes persistent. Depuis les attentats de 2001, elles sont largement associ\u00e9es aux relations internationales marqu\u00e9es par des tensions et des conflits. La g\u00e9opolitique des m\u00e9dias refl\u00e8te ces frictions, en m\u00eame temps qu\u2019elle r\u00e9v\u00e8le les politiques d\u2019influence des grandes puissances, auxquelles se sont joints depuis peu le Qatar ou l\u2019Arabie Saoudite.<\/p>\n<p>Un acteur est cependant venu perturber les r\u00e8gles du jeu traditionnelles : les publics arabes, \u00e0 qui les m\u00e9dias num\u00e9riques permettent de participer pleinement \u00e0 une confluence m\u00e9diatique. L\u2019ouvrage expose deux cons\u00e9quences majeures de cette lib\u00e9ration du discours : premi\u00e8rement, le secteur des m\u00e9dias d\u2019information et du journalisme devient plus strat\u00e9gique que jamais, et deuxi\u00e8mement, les actions en faveur du d\u00e9veloppement doivent se r\u00e9inventer.<\/p>\n","protected":false},"excerpt":{"rendered":"<p>Depuis la lib\u00e9ralisation du secteur m\u00e9diatique il y a 30 ans, l\u2019entr\u00e9e dans la soci\u00e9t\u00e9 de l\u2019information des pays arabes est un fait commun\u00e9ment admis. \u00c0 c\u00f4t\u00e9 de cette modernit\u00e9 apparente, les id\u00e9es re\u00e7ues sur les soci\u00e9t\u00e9s arabes persistent. Depuis les attentats de 2001, elles sont largement associ\u00e9es aux relations internationales marqu\u00e9es par des tensions [&hellip;]<\/p>\n","protected":false},"featured_media":19900,"template":"","meta":{"_acf_changed":false,"_links_to":"","_links_to_target":""},"product_brand":[],"product_cat":[3262],"product_tag":[],"class_list":{"0":"post-19891","1":"product","2":"type-product","3":"status-publish","4":"has-post-thumbnail","6":"product_cat-non-classe","8":"first","9":"instock","10":"shipping-taxable","11":"purchasable","12":"product-type-variable"},"acf":[],"yoast_head":"<!-- This site is optimized with the Yoast SEO plugin v27.2 - https:\/\/yoast.com\/product\/yoast-seo-wordpress\/ -->\n<title>Les m\u00e9dias dans les pays arabes - ISTE Group<\/title>\n<meta name=\"robots\" content=\"index, follow, max-snippet:-1, max-image-preview:large, max-video-preview:-1\" \/>\n<link rel=\"canonical\" href=\"https:\/\/www.istegroup.com\/en\/produit\/les-medias-dans-les-pays-arabes\/\" \/>\n<meta property=\"og:locale\" content=\"en_US\" \/>\n<meta property=\"og:type\" content=\"article\" \/>\n<meta property=\"og:title\" content=\"Les m\u00e9dias dans les pays arabes - ISTE Group\" \/>\n<meta property=\"og:description\" content=\"Depuis la lib\u00e9ralisation du secteur m\u00e9diatique il y a 30 ans, l\u2019entr\u00e9e dans la soci\u00e9t\u00e9 de l\u2019information des pays arabes est un fait commun\u00e9ment admis. \u00c0 c\u00f4t\u00e9 de cette modernit\u00e9 apparente, les id\u00e9es re\u00e7ues sur les soci\u00e9t\u00e9s arabes persistent. Depuis les attentats de 2001, elles sont largement associ\u00e9es aux relations internationales marqu\u00e9es par des tensions [&hellip;]\" \/>\n<meta property=\"og:url\" content=\"https:\/\/www.istegroup.com\/en\/produit\/les-medias-dans-les-pays-arabes\/\" \/>\n<meta property=\"og:site_name\" content=\"ISTE Group\" \/>\n<meta property=\"article:modified_time\" content=\"2024-01-03T13:43:09+00:00\" \/>\n<meta property=\"og:image\" content=\"https:\/\/www.istegroup.com\/wp-content\/uploads\/2019\/04\/Guaaybess_Front.jpg\" \/>\n\t<meta property=\"og:image:width\" content=\"300\" \/>\n\t<meta property=\"og:image:height\" content=\"451\" \/>\n\t<meta property=\"og:image:type\" content=\"image\/jpeg\" \/>\n<meta name=\"twitter:card\" content=\"summary_large_image\" \/>\n<meta name=\"twitter:label1\" content=\"Est. reading time\" \/>\n\t<meta name=\"twitter:data1\" content=\"1 minute\" \/>\n<script type=\"application\/ld+json\" class=\"yoast-schema-graph\">{\"@context\":\"https:\/\/schema.org\",\"@graph\":[{\"@type\":\"WebPage\",\"@id\":\"https:\/\/www.istegroup.com\/en\/produit\/les-medias-dans-les-pays-arabes\/\",\"url\":\"https:\/\/www.istegroup.com\/en\/produit\/les-medias-dans-les-pays-arabes\/\",\"name\":\"Les m\u00e9dias dans les pays arabes - ISTE Group\",\"isPartOf\":{\"@id\":\"https:\/\/www.istegroup.com\/#website\"},\"primaryImageOfPage\":{\"@id\":\"https:\/\/www.istegroup.com\/en\/produit\/les-medias-dans-les-pays-arabes\/#primaryimage\"},\"image\":{\"@id\":\"https:\/\/www.istegroup.com\/en\/produit\/les-medias-dans-les-pays-arabes\/#primaryimage\"},\"thumbnailUrl\":\"https:\/\/www.istegroup.com\/wp-content\/uploads\/2019\/04\/Guaaybess_Front.jpg\",\"datePublished\":\"2019-04-09T13:01:38+00:00\",\"dateModified\":\"2024-01-03T13:43:09+00:00\",\"breadcrumb\":{\"@id\":\"https:\/\/www.istegroup.com\/en\/produit\/les-medias-dans-les-pays-arabes\/#breadcrumb\"},\"inLanguage\":\"en-US\",\"potentialAction\":[{\"@type\":\"ReadAction\",\"target\":[\"https:\/\/www.istegroup.com\/en\/produit\/les-medias-dans-les-pays-arabes\/\"]}]},{\"@type\":\"ImageObject\",\"inLanguage\":\"en-US\",\"@id\":\"https:\/\/www.istegroup.com\/en\/produit\/les-medias-dans-les-pays-arabes\/#primaryimage\",\"url\":\"https:\/\/www.istegroup.com\/wp-content\/uploads\/2019\/04\/Guaaybess_Front.jpg\",\"contentUrl\":\"https:\/\/www.istegroup.com\/wp-content\/uploads\/2019\/04\/Guaaybess_Front.jpg\",\"width\":300,\"height\":451,\"caption\":\"Des th\u00e9ories du d\u00e9veloppement contrari\u00e9es aux politiques de coop\u00e9ration \u00e9mergentes\"},{\"@type\":\"BreadcrumbList\",\"@id\":\"https:\/\/www.istegroup.com\/en\/produit\/les-medias-dans-les-pays-arabes\/#breadcrumb\",\"itemListElement\":[{\"@type\":\"ListItem\",\"position\":1,\"name\":\"Home\",\"item\":\"https:\/\/www.istegroup.com\/\"},{\"@type\":\"ListItem\",\"position\":2,\"name\":\"Shop\",\"item\":\"https:\/\/www.istegroup.com\/fr\/nouveautes\/\"},{\"@type\":\"ListItem\",\"position\":3,\"name\":\"Les m\u00e9dias dans les pays arabes\"}]},{\"@type\":\"WebSite\",\"@id\":\"https:\/\/www.istegroup.com\/#website\",\"url\":\"https:\/\/www.istegroup.com\/\",\"name\":\"ISTE Group\",\"description\":\"Publishing Knowledge\",\"potentialAction\":[{\"@type\":\"SearchAction\",\"target\":{\"@type\":\"EntryPoint\",\"urlTemplate\":\"https:\/\/www.istegroup.com\/?s={search_term_string}\"},\"query-input\":{\"@type\":\"PropertyValueSpecification\",\"valueRequired\":true,\"valueName\":\"search_term_string\"}}],\"inLanguage\":\"en-US\"}]}<\/script>\n<!-- \/ Yoast SEO plugin. -->","yoast_head_json":{"title":"Les m\u00e9dias dans les pays arabes - ISTE Group","robots":{"index":"index","follow":"follow","max-snippet":"max-snippet:-1","max-image-preview":"max-image-preview:large","max-video-preview":"max-video-preview:-1"},"canonical":"https:\/\/www.istegroup.com\/en\/produit\/les-medias-dans-les-pays-arabes\/","og_locale":"en_US","og_type":"article","og_title":"Les m\u00e9dias dans les pays arabes - ISTE Group","og_description":"Depuis la lib\u00e9ralisation du secteur m\u00e9diatique il y a 30 ans, l\u2019entr\u00e9e dans la soci\u00e9t\u00e9 de l\u2019information des pays arabes est un fait commun\u00e9ment admis. \u00c0 c\u00f4t\u00e9 de cette modernit\u00e9 apparente, les id\u00e9es re\u00e7ues sur les soci\u00e9t\u00e9s arabes persistent. Depuis les attentats de 2001, elles sont largement associ\u00e9es aux relations internationales marqu\u00e9es par des tensions [&hellip;]","og_url":"https:\/\/www.istegroup.com\/en\/produit\/les-medias-dans-les-pays-arabes\/","og_site_name":"ISTE Group","article_modified_time":"2024-01-03T13:43:09+00:00","og_image":[{"width":300,"height":451,"url":"https:\/\/www.istegroup.com\/wp-content\/uploads\/2019\/04\/Guaaybess_Front.jpg","type":"image\/jpeg"}],"twitter_card":"summary_large_image","twitter_misc":{"Est. reading time":"1 minute"},"schema":{"@context":"https:\/\/schema.org","@graph":[{"@type":"WebPage","@id":"https:\/\/www.istegroup.com\/en\/produit\/les-medias-dans-les-pays-arabes\/","url":"https:\/\/www.istegroup.com\/en\/produit\/les-medias-dans-les-pays-arabes\/","name":"Les m\u00e9dias dans les pays arabes - ISTE Group","isPartOf":{"@id":"https:\/\/www.istegroup.com\/#website"},"primaryImageOfPage":{"@id":"https:\/\/www.istegroup.com\/en\/produit\/les-medias-dans-les-pays-arabes\/#primaryimage"},"image":{"@id":"https:\/\/www.istegroup.com\/en\/produit\/les-medias-dans-les-pays-arabes\/#primaryimage"},"thumbnailUrl":"https:\/\/www.istegroup.com\/wp-content\/uploads\/2019\/04\/Guaaybess_Front.jpg","datePublished":"2019-04-09T13:01:38+00:00","dateModified":"2024-01-03T13:43:09+00:00","breadcrumb":{"@id":"https:\/\/www.istegroup.com\/en\/produit\/les-medias-dans-les-pays-arabes\/#breadcrumb"},"inLanguage":"en-US","potentialAction":[{"@type":"ReadAction","target":["https:\/\/www.istegroup.com\/en\/produit\/les-medias-dans-les-pays-arabes\/"]}]},{"@type":"ImageObject","inLanguage":"en-US","@id":"https:\/\/www.istegroup.com\/en\/produit\/les-medias-dans-les-pays-arabes\/#primaryimage","url":"https:\/\/www.istegroup.com\/wp-content\/uploads\/2019\/04\/Guaaybess_Front.jpg","contentUrl":"https:\/\/www.istegroup.com\/wp-content\/uploads\/2019\/04\/Guaaybess_Front.jpg","width":300,"height":451,"caption":"Des th\u00e9ories du d\u00e9veloppement contrari\u00e9es aux politiques de coop\u00e9ration \u00e9mergentes"},{"@type":"BreadcrumbList","@id":"https:\/\/www.istegroup.com\/en\/produit\/les-medias-dans-les-pays-arabes\/#breadcrumb","itemListElement":[{"@type":"ListItem","position":1,"name":"Home","item":"https:\/\/www.istegroup.com\/"},{"@type":"ListItem","position":2,"name":"Shop","item":"https:\/\/www.istegroup.com\/fr\/nouveautes\/"},{"@type":"ListItem","position":3,"name":"Les m\u00e9dias dans les pays arabes"}]},{"@type":"WebSite","@id":"https:\/\/www.istegroup.com\/#website","url":"https:\/\/www.istegroup.com\/","name":"ISTE Group","description":"Publishing Knowledge","potentialAction":[{"@type":"SearchAction","target":{"@type":"EntryPoint","urlTemplate":"https:\/\/www.istegroup.com\/?s={search_term_string}"},"query-input":{"@type":"PropertyValueSpecification","valueRequired":true,"valueName":"search_term_string"}}],"inLanguage":"en-US"}]}},"_links":{"self":[{"href":"https:\/\/www.istegroup.com\/en\/wp-json\/wp\/v2\/product\/19891","targetHints":{"allow":["GET"]}}],"collection":[{"href":"https:\/\/www.istegroup.com\/en\/wp-json\/wp\/v2\/product"}],"about":[{"href":"https:\/\/www.istegroup.com\/en\/wp-json\/wp\/v2\/types\/product"}],"wp:featuredmedia":[{"embeddable":true,"href":"https:\/\/www.istegroup.com\/en\/wp-json\/wp\/v2\/media\/19900"}],"wp:attachment":[{"href":"https:\/\/www.istegroup.com\/en\/wp-json\/wp\/v2\/media?parent=19891"}],"wp:term":[{"taxonomy":"product_brand","embeddable":true,"href":"https:\/\/www.istegroup.com\/en\/wp-json\/wp\/v2\/product_brand?post=19891"},{"taxonomy":"product_cat","embeddable":true,"href":"https:\/\/www.istegroup.com\/en\/wp-json\/wp\/v2\/product_cat?post=19891"},{"taxonomy":"product_tag","embeddable":true,"href":"https:\/\/www.istegroup.com\/en\/wp-json\/wp\/v2\/product_tag?post=19891"}],"curies":[{"name":"wp","href":"https:\/\/api.w.org\/{rel}","templated":true}]}}