{"id":197,"date":"2017-07-28T11:03:01","date_gmt":"2017-07-28T09:03:01","guid":{"rendered":"https:\/\/iste.yhello.co\/product\/echanges-de-chaleur-et-dhumidite-homme-environnement\/"},"modified":"2024-01-03T13:38:51","modified_gmt":"2024-01-03T13:38:51","slug":"echanges-de-chaleur-et-dhumidite-homme-environnement","status":"publish","type":"product","link":"https:\/\/www.istegroup.com\/en\/produit\/echanges-de-chaleur-et-dhumidite-homme-environnement\/","title":{"rendered":"Echanges de chaleur et d\u2019humidit\u00e9 homme-environnement"},"content":{"rendered":"<p>Les analyses physiques fines des \u00e9changes qui entrent en jeu dans les couches textiles et autour du corps humain sont ici associ\u00e9es aux mod\u00e8les physiologiques les plus \u00e9labor\u00e9s.<\/p>\n<p>Cet ouvrage propose un mod\u00e8le dynamique g\u00e9n\u00e9ral des transferts de chaleur et d&#8217;humidit\u00e9 \u00e0 travers des couches textiles, incluant conduction, convection, diffusion, capillarit\u00e9 et rayonnement. Les m\u00e9thodes de mesure des param\u00e8tres physiques caract\u00e9risant les ph\u00e9nom\u00e8nes de transfert sont \u00e9valu\u00e9es. Pour chaque exemple de condensation, d\u2019\u00e9vaporation, de rayonnement ou de filtration, le mod\u00e8le g\u00e9n\u00e9ral se simplifie pour une r\u00e9solution simple des \u00e9quations.<\/p>\n<p>Didactique,\u00a0<em>Echanges de chaleur et d&#8217;humidit\u00e9 homme\u2013environnement<\/em>\u00a0pr\u00e9sente des exemples tir\u00e9s du quotidien avant de revenir sur une analyse d\u00e9taill\u00e9e des ph\u00e9nom\u00e8nes de transfert. En convection naturelle ou forc\u00e9e, les m\u00e9thodes int\u00e9grales de d\u00e9termination des coefficients d&#8217;\u00e9change sont revisit\u00e9es afin d\u2019obtenir de bons ordres de grandeur pour des g\u00e9om\u00e9tries complexes \u00e0 partir de quelques donn\u00e9es exp\u00e9rimentales.<\/p>\n","protected":false},"excerpt":{"rendered":"<p>Les analyses physiques fines des \u00e9changes qui entrent en jeu dans les couches textiles et autour du corps humain sont ici associ\u00e9es aux mod\u00e8les physiologiques les plus \u00e9labor\u00e9s. Cet ouvrage propose un mod\u00e8le dynamique g\u00e9n\u00e9ral des transferts de chaleur et d&#8217;humidit\u00e9 \u00e0 travers des couches textiles, incluant conduction, convection, diffusion, capillarit\u00e9 et rayonnement. Les m\u00e9thodes [&hellip;]<\/p>\n","protected":false},"featured_media":198,"template":"","meta":{"_acf_changed":false,"_links_to":"","_links_to_target":""},"product_brand":[],"product_cat":[672],"product_tag":[799,1088,1089,1090,31,196,1091,1092,1093,1094,197,198,199,21,200,22,1095,201,203,204,63,25,172,209,212,38,192,145,28,1096,1097],"class_list":{"0":"post-197","1":"product","2":"type-product","3":"status-publish","4":"has-post-thumbnail","6":"product_cat-mcanique-des-fluides-12506502","7":"product_tag-analyse","8":"product_tag-chaleur","9":"product_tag-corps-humain","10":"product_tag-couches-textiles","11":"product_tag-ebook","12":"product_tag-ebooks","13":"product_tag-echanges","14":"product_tag-echanges-de-chaleur-et-dhumidite-homme-environnement","15":"product_tag-homme-environnement","16":"product_tag-humidite","17":"product_tag-iste","18":"product_tag-iste-edition","19":"product_tag-iste-editions","20":"product_tag-iste-group","21":"product_tag-isteedition","22":"product_tag-istegroup","23":"product_tag-jean-paul-fohr","24":"product_tag-kindle","25":"product_tag-liseuse","26":"product_tag-livre","27":"product_tag-livre-electronique","28":"product_tag-livre-numerique","29":"product_tag-livre-scientifique","30":"product_tag-livres-scientifiques","31":"product_tag-ouvrage","32":"product_tag-ouvrage-numerique","33":"product_tag-ouvrage-science","34":"product_tag-ouvrage-scientifique","35":"product_tag-ouvrage-scientifique-francais","36":"product_tag-physiologiques","37":"product_tag-physiques","39":"first","40":"instock","41":"shipping-taxable","42":"purchasable","43":"product-type-variable"},"acf":[],"yoast_head":"<!-- This site is optimized with the Yoast SEO plugin v27.2 - https:\/\/yoast.com\/product\/yoast-seo-wordpress\/ -->\n<title>Echanges de chaleur et d\u2019humidit\u00e9 homme-environnement - ISTE Group<\/title>\n<meta name=\"description\" content=\"Echanges de chaleur et d&#039;humidit\u00e9 homme-environnement propose un mod\u00e8le dynamique g\u00e9n\u00e9ral des transferts de chaleur et d&#039;humidit\u00e9 \u00e0 travers des couches textiles\" \/>\n<meta name=\"robots\" content=\"index, follow, max-snippet:-1, max-image-preview:large, max-video-preview:-1\" \/>\n<link rel=\"canonical\" href=\"https:\/\/www.istegroup.com\/fr\/produit\/echanges-de-chaleur-et-dhumidite-homme-environnement\/\" \/>\n<meta property=\"og:locale\" content=\"en_US\" \/>\n<meta property=\"og:type\" content=\"article\" \/>\n<meta property=\"og:title\" content=\"Echanges de chaleur et d\u2019humidit\u00e9 homme-environnement - ISTE Group\" \/>\n<meta property=\"og:description\" content=\"Echanges de chaleur et d&#039;humidit\u00e9 homme-environnement propose un mod\u00e8le dynamique g\u00e9n\u00e9ral des transferts de chaleur et d&#039;humidit\u00e9 \u00e0 travers des couches textiles\" \/>\n<meta property=\"og:url\" content=\"https:\/\/www.istegroup.com\/fr\/produit\/echanges-de-chaleur-et-dhumidite-homme-environnement\/\" \/>\n<meta property=\"og:site_name\" content=\"ISTE Group\" \/>\n<meta property=\"article:modified_time\" content=\"2024-01-03T13:38:51+00:00\" \/>\n<meta property=\"og:image\" content=\"https:\/\/www.istegroup.com\/wp-content\/uploads\/2017\/07\/4227473476_1697691204-1.jpg\" \/>\n\t<meta property=\"og:image:width\" content=\"300\" \/>\n\t<meta property=\"og:image:height\" content=\"451\" \/>\n\t<meta property=\"og:image:type\" content=\"image\/jpeg\" \/>\n<meta name=\"twitter:card\" content=\"summary_large_image\" \/>\n<meta name=\"twitter:label1\" content=\"Est. reading time\" \/>\n\t<meta name=\"twitter:data1\" content=\"1 minute\" \/>\n<script type=\"application\/ld+json\" class=\"yoast-schema-graph\">{\"@context\":\"https:\/\/schema.org\",\"@graph\":[{\"@type\":\"WebPage\",\"@id\":\"https:\/\/www.istegroup.com\/fr\/produit\/echanges-de-chaleur-et-dhumidite-homme-environnement\/\",\"url\":\"https:\/\/www.istegroup.com\/fr\/produit\/echanges-de-chaleur-et-dhumidite-homme-environnement\/\",\"name\":\"Echanges de chaleur et d\u2019humidit\u00e9 homme-environnement - ISTE Group\",\"isPartOf\":{\"@id\":\"https:\/\/www.istegroup.com\/#website\"},\"primaryImageOfPage\":{\"@id\":\"https:\/\/www.istegroup.com\/fr\/produit\/echanges-de-chaleur-et-dhumidite-homme-environnement\/#primaryimage\"},\"image\":{\"@id\":\"https:\/\/www.istegroup.com\/fr\/produit\/echanges-de-chaleur-et-dhumidite-homme-environnement\/#primaryimage\"},\"thumbnailUrl\":\"https:\/\/www.istegroup.com\/wp-content\/uploads\/2017\/07\/4227473476_1697691204-1.jpg\",\"datePublished\":\"2017-07-28T09:03:01+00:00\",\"dateModified\":\"2024-01-03T13:38:51+00:00\",\"description\":\"Echanges de chaleur et d'humidit\u00e9 homme-environnement propose un mod\u00e8le dynamique g\u00e9n\u00e9ral des transferts de chaleur et d'humidit\u00e9 \u00e0 travers des couches textiles\",\"breadcrumb\":{\"@id\":\"https:\/\/www.istegroup.com\/fr\/produit\/echanges-de-chaleur-et-dhumidite-homme-environnement\/#breadcrumb\"},\"inLanguage\":\"en-US\",\"potentialAction\":[{\"@type\":\"ReadAction\",\"target\":[\"https:\/\/www.istegroup.com\/fr\/produit\/echanges-de-chaleur-et-dhumidite-homme-environnement\/\"]}]},{\"@type\":\"ImageObject\",\"inLanguage\":\"en-US\",\"@id\":\"https:\/\/www.istegroup.com\/fr\/produit\/echanges-de-chaleur-et-dhumidite-homme-environnement\/#primaryimage\",\"url\":\"https:\/\/www.istegroup.com\/wp-content\/uploads\/2017\/07\/4227473476_1697691204-1.jpg\",\"contentUrl\":\"https:\/\/www.istegroup.com\/wp-content\/uploads\/2017\/07\/4227473476_1697691204-1.jpg\",\"width\":300,\"height\":451,\"caption\":\"Mod\u00e8les et exemples\"},{\"@type\":\"BreadcrumbList\",\"@id\":\"https:\/\/www.istegroup.com\/fr\/produit\/echanges-de-chaleur-et-dhumidite-homme-environnement\/#breadcrumb\",\"itemListElement\":[{\"@type\":\"ListItem\",\"position\":1,\"name\":\"Home\",\"item\":\"https:\/\/www.istegroup.com\/\"},{\"@type\":\"ListItem\",\"position\":2,\"name\":\"Shop\",\"item\":\"https:\/\/www.istegroup.com\/fr\/nouveautes\/\"},{\"@type\":\"ListItem\",\"position\":3,\"name\":\"Echanges de chaleur et d\u2019humidit\u00e9 homme-environnement\"}]},{\"@type\":\"WebSite\",\"@id\":\"https:\/\/www.istegroup.com\/#website\",\"url\":\"https:\/\/www.istegroup.com\/\",\"name\":\"ISTE Group\",\"description\":\"Publishing Knowledge\",\"potentialAction\":[{\"@type\":\"SearchAction\",\"target\":{\"@type\":\"EntryPoint\",\"urlTemplate\":\"https:\/\/www.istegroup.com\/?s={search_term_string}\"},\"query-input\":{\"@type\":\"PropertyValueSpecification\",\"valueRequired\":true,\"valueName\":\"search_term_string\"}}],\"inLanguage\":\"en-US\"}]}<\/script>\n<!-- \/ Yoast SEO plugin. -->","yoast_head_json":{"title":"Echanges de chaleur et d\u2019humidit\u00e9 homme-environnement - ISTE Group","description":"Echanges de chaleur et d'humidit\u00e9 homme-environnement propose un mod\u00e8le dynamique g\u00e9n\u00e9ral des transferts de chaleur et d'humidit\u00e9 \u00e0 travers des couches textiles","robots":{"index":"index","follow":"follow","max-snippet":"max-snippet:-1","max-image-preview":"max-image-preview:large","max-video-preview":"max-video-preview:-1"},"canonical":"https:\/\/www.istegroup.com\/fr\/produit\/echanges-de-chaleur-et-dhumidite-homme-environnement\/","og_locale":"en_US","og_type":"article","og_title":"Echanges de chaleur et d\u2019humidit\u00e9 homme-environnement - ISTE Group","og_description":"Echanges de chaleur et d'humidit\u00e9 homme-environnement propose un mod\u00e8le dynamique g\u00e9n\u00e9ral des transferts de chaleur et d'humidit\u00e9 \u00e0 travers des couches textiles","og_url":"https:\/\/www.istegroup.com\/fr\/produit\/echanges-de-chaleur-et-dhumidite-homme-environnement\/","og_site_name":"ISTE Group","article_modified_time":"2024-01-03T13:38:51+00:00","og_image":[{"width":300,"height":451,"url":"https:\/\/www.istegroup.com\/wp-content\/uploads\/2017\/07\/4227473476_1697691204-1.jpg","type":"image\/jpeg"}],"twitter_card":"summary_large_image","twitter_misc":{"Est. reading time":"1 minute"},"schema":{"@context":"https:\/\/schema.org","@graph":[{"@type":"WebPage","@id":"https:\/\/www.istegroup.com\/fr\/produit\/echanges-de-chaleur-et-dhumidite-homme-environnement\/","url":"https:\/\/www.istegroup.com\/fr\/produit\/echanges-de-chaleur-et-dhumidite-homme-environnement\/","name":"Echanges de chaleur et d\u2019humidit\u00e9 homme-environnement - ISTE Group","isPartOf":{"@id":"https:\/\/www.istegroup.com\/#website"},"primaryImageOfPage":{"@id":"https:\/\/www.istegroup.com\/fr\/produit\/echanges-de-chaleur-et-dhumidite-homme-environnement\/#primaryimage"},"image":{"@id":"https:\/\/www.istegroup.com\/fr\/produit\/echanges-de-chaleur-et-dhumidite-homme-environnement\/#primaryimage"},"thumbnailUrl":"https:\/\/www.istegroup.com\/wp-content\/uploads\/2017\/07\/4227473476_1697691204-1.jpg","datePublished":"2017-07-28T09:03:01+00:00","dateModified":"2024-01-03T13:38:51+00:00","description":"Echanges de chaleur et d'humidit\u00e9 homme-environnement propose un mod\u00e8le dynamique g\u00e9n\u00e9ral des transferts de chaleur et d'humidit\u00e9 \u00e0 travers des couches textiles","breadcrumb":{"@id":"https:\/\/www.istegroup.com\/fr\/produit\/echanges-de-chaleur-et-dhumidite-homme-environnement\/#breadcrumb"},"inLanguage":"en-US","potentialAction":[{"@type":"ReadAction","target":["https:\/\/www.istegroup.com\/fr\/produit\/echanges-de-chaleur-et-dhumidite-homme-environnement\/"]}]},{"@type":"ImageObject","inLanguage":"en-US","@id":"https:\/\/www.istegroup.com\/fr\/produit\/echanges-de-chaleur-et-dhumidite-homme-environnement\/#primaryimage","url":"https:\/\/www.istegroup.com\/wp-content\/uploads\/2017\/07\/4227473476_1697691204-1.jpg","contentUrl":"https:\/\/www.istegroup.com\/wp-content\/uploads\/2017\/07\/4227473476_1697691204-1.jpg","width":300,"height":451,"caption":"Mod\u00e8les et exemples"},{"@type":"BreadcrumbList","@id":"https:\/\/www.istegroup.com\/fr\/produit\/echanges-de-chaleur-et-dhumidite-homme-environnement\/#breadcrumb","itemListElement":[{"@type":"ListItem","position":1,"name":"Home","item":"https:\/\/www.istegroup.com\/"},{"@type":"ListItem","position":2,"name":"Shop","item":"https:\/\/www.istegroup.com\/fr\/nouveautes\/"},{"@type":"ListItem","position":3,"name":"Echanges de chaleur et d\u2019humidit\u00e9 homme-environnement"}]},{"@type":"WebSite","@id":"https:\/\/www.istegroup.com\/#website","url":"https:\/\/www.istegroup.com\/","name":"ISTE Group","description":"Publishing Knowledge","potentialAction":[{"@type":"SearchAction","target":{"@type":"EntryPoint","urlTemplate":"https:\/\/www.istegroup.com\/?s={search_term_string}"},"query-input":{"@type":"PropertyValueSpecification","valueRequired":true,"valueName":"search_term_string"}}],"inLanguage":"en-US"}]}},"_links":{"self":[{"href":"https:\/\/www.istegroup.com\/en\/wp-json\/wp\/v2\/product\/197","targetHints":{"allow":["GET"]}}],"collection":[{"href":"https:\/\/www.istegroup.com\/en\/wp-json\/wp\/v2\/product"}],"about":[{"href":"https:\/\/www.istegroup.com\/en\/wp-json\/wp\/v2\/types\/product"}],"wp:featuredmedia":[{"embeddable":true,"href":"https:\/\/www.istegroup.com\/en\/wp-json\/wp\/v2\/media\/198"}],"wp:attachment":[{"href":"https:\/\/www.istegroup.com\/en\/wp-json\/wp\/v2\/media?parent=197"}],"wp:term":[{"taxonomy":"product_brand","embeddable":true,"href":"https:\/\/www.istegroup.com\/en\/wp-json\/wp\/v2\/product_brand?post=197"},{"taxonomy":"product_cat","embeddable":true,"href":"https:\/\/www.istegroup.com\/en\/wp-json\/wp\/v2\/product_cat?post=197"},{"taxonomy":"product_tag","embeddable":true,"href":"https:\/\/www.istegroup.com\/en\/wp-json\/wp\/v2\/product_tag?post=197"}],"curies":[{"name":"wp","href":"https:\/\/api.w.org\/{rel}","templated":true}]}}