{"id":19564,"date":"2019-04-02T17:37:06","date_gmt":"2019-04-02T16:37:06","guid":{"rendered":"https:\/\/www.istegroup.com\/?post_type=product&#038;p=19564"},"modified":"2024-01-03T13:43:06","modified_gmt":"2024-01-03T13:43:06","slug":"parente-ecologie-et-histoire","status":"publish","type":"product","link":"https:\/\/www.istegroup.com\/en\/produit\/parente-ecologie-et-histoire\/","title":{"rendered":"Parent\u00e9, \u00e9cologie et histoire"},"content":{"rendered":"<p>L\u2019analyse de la parent\u00e9 constitue un enjeu majeur de l\u2019anthropologie sociale. Cependant, le triomphe intellectuel du structuralisme l\u2019a transform\u00e9e en une tour d\u2019ivoire et l\u2019h\u00e9g\u00e9monie m\u00e9thodologique du fonctionnalisme lui a interdit toute comp\u00e9tence historique.<\/p>\n<p><em>Parent\u00e9, \u00e9cologie et histoire<\/em>\u00a0d\u00e9nonce ces bornes anciennes et pourtant tenaces. Il r\u00e9invente le chantier de l\u2019\u00e9tude de la parent\u00e9 \u00e0 partir de perspectives originales. L\u2019\u00e9cologie dans l\u2019histoire et l\u2019histoire comme r\u00e9flexion conjecturale constituent les fondations sur lesquelles la parent\u00e9 humaine peut \u00eatre pens\u00e9e. Qu\u2019elle s\u2019exprime sous la forme de mod\u00e8les syst\u00e9miques ou de pratiques articul\u00e9es, elle devient alors ostensible comme moyen d\u2019action et de transformation de la vie en soci\u00e9t\u00e9.<\/p>\n<p>Les trois cas d\u2019\u00e9tude pr\u00e9sent\u00e9s dans cet ouvrage donnent corps \u00e0 ces nouvelles probl\u00e9matiques. Ils d\u00e9construisent les mod\u00e8les existants pour resituer la question de la parent\u00e9 comme condition et cons\u00e9quence de l\u2019\u00e9volution sociale.<\/p>\n","protected":false},"excerpt":{"rendered":"<p>L\u2019analyse de la parent\u00e9 constitue un enjeu majeur de l\u2019anthropologie sociale. Cependant, le triomphe intellectuel du structuralisme l\u2019a transform\u00e9e en une tour d\u2019ivoire et l\u2019h\u00e9g\u00e9monie m\u00e9thodologique du fonctionnalisme lui a interdit toute comp\u00e9tence historique. Parent\u00e9, \u00e9cologie et histoire\u00a0d\u00e9nonce ces bornes anciennes et pourtant tenaces. Il r\u00e9invente le chantier de l\u2019\u00e9tude de la parent\u00e9 \u00e0 partir [&hellip;]<\/p>\n","protected":false},"featured_media":19572,"template":"","meta":{"_acf_changed":false,"_links_to":"","_links_to_target":""},"product_brand":[],"product_cat":[3262],"product_tag":[],"class_list":{"0":"post-19564","1":"product","2":"type-product","3":"status-publish","4":"has-post-thumbnail","6":"product_cat-non-classe","8":"first","9":"instock","10":"shipping-taxable","11":"purchasable","12":"product-type-variable"},"acf":[],"yoast_head":"<!-- This site is optimized with the Yoast SEO plugin v27.2 - https:\/\/yoast.com\/product\/yoast-seo-wordpress\/ -->\n<title>Parent\u00e9, \u00e9cologie et histoire - ISTE Group<\/title>\n<meta name=\"robots\" content=\"index, follow, max-snippet:-1, max-image-preview:large, max-video-preview:-1\" \/>\n<link rel=\"canonical\" href=\"https:\/\/www.istegroup.com\/fr\/produit\/parente-ecologie-et-histoire\/\" \/>\n<meta property=\"og:locale\" content=\"en_US\" \/>\n<meta property=\"og:type\" content=\"article\" \/>\n<meta property=\"og:title\" content=\"Parent\u00e9, \u00e9cologie et histoire - ISTE Group\" \/>\n<meta property=\"og:description\" content=\"L\u2019analyse de la parent\u00e9 constitue un enjeu majeur de l\u2019anthropologie sociale. Cependant, le triomphe intellectuel du structuralisme l\u2019a transform\u00e9e en une tour d\u2019ivoire et l\u2019h\u00e9g\u00e9monie m\u00e9thodologique du fonctionnalisme lui a interdit toute comp\u00e9tence historique. Parent\u00e9, \u00e9cologie et histoire\u00a0d\u00e9nonce ces bornes anciennes et pourtant tenaces. Il r\u00e9invente le chantier de l\u2019\u00e9tude de la parent\u00e9 \u00e0 partir [&hellip;]\" \/>\n<meta property=\"og:url\" content=\"https:\/\/www.istegroup.com\/fr\/produit\/parente-ecologie-et-histoire\/\" \/>\n<meta property=\"og:site_name\" content=\"ISTE Group\" \/>\n<meta property=\"article:modified_time\" content=\"2024-01-03T13:43:06+00:00\" \/>\n<meta property=\"og:image\" content=\"https:\/\/www.istegroup.com\/wp-content\/uploads\/2019\/04\/Dousset_Front.jpg\" \/>\n\t<meta property=\"og:image:width\" content=\"604\" \/>\n\t<meta property=\"og:image:height\" content=\"910\" \/>\n\t<meta property=\"og:image:type\" content=\"image\/jpeg\" \/>\n<meta name=\"twitter:card\" content=\"summary_large_image\" \/>\n<meta name=\"twitter:label1\" content=\"Est. reading time\" \/>\n\t<meta name=\"twitter:data1\" content=\"1 minute\" \/>\n<script type=\"application\/ld+json\" class=\"yoast-schema-graph\">{\"@context\":\"https:\/\/schema.org\",\"@graph\":[{\"@type\":\"WebPage\",\"@id\":\"https:\/\/www.istegroup.com\/fr\/produit\/parente-ecologie-et-histoire\/\",\"url\":\"https:\/\/www.istegroup.com\/fr\/produit\/parente-ecologie-et-histoire\/\",\"name\":\"Parent\u00e9, \u00e9cologie et histoire - ISTE Group\",\"isPartOf\":{\"@id\":\"https:\/\/www.istegroup.com\/#website\"},\"primaryImageOfPage\":{\"@id\":\"https:\/\/www.istegroup.com\/fr\/produit\/parente-ecologie-et-histoire\/#primaryimage\"},\"image\":{\"@id\":\"https:\/\/www.istegroup.com\/fr\/produit\/parente-ecologie-et-histoire\/#primaryimage\"},\"thumbnailUrl\":\"https:\/\/www.istegroup.com\/wp-content\/uploads\/2019\/04\/Dousset_Front.jpg\",\"datePublished\":\"2019-04-02T16:37:06+00:00\",\"dateModified\":\"2024-01-03T13:43:06+00:00\",\"breadcrumb\":{\"@id\":\"https:\/\/www.istegroup.com\/fr\/produit\/parente-ecologie-et-histoire\/#breadcrumb\"},\"inLanguage\":\"en-US\",\"potentialAction\":[{\"@type\":\"ReadAction\",\"target\":[\"https:\/\/www.istegroup.com\/fr\/produit\/parente-ecologie-et-histoire\/\"]}]},{\"@type\":\"ImageObject\",\"inLanguage\":\"en-US\",\"@id\":\"https:\/\/www.istegroup.com\/fr\/produit\/parente-ecologie-et-histoire\/#primaryimage\",\"url\":\"https:\/\/www.istegroup.com\/wp-content\/uploads\/2019\/04\/Dousset_Front.jpg\",\"contentUrl\":\"https:\/\/www.istegroup.com\/wp-content\/uploads\/2019\/04\/Dousset_Front.jpg\",\"width\":604,\"height\":910,\"caption\":\"Renouvellement des conjectures\"},{\"@type\":\"BreadcrumbList\",\"@id\":\"https:\/\/www.istegroup.com\/fr\/produit\/parente-ecologie-et-histoire\/#breadcrumb\",\"itemListElement\":[{\"@type\":\"ListItem\",\"position\":1,\"name\":\"Home\",\"item\":\"https:\/\/www.istegroup.com\/\"},{\"@type\":\"ListItem\",\"position\":2,\"name\":\"Shop\",\"item\":\"https:\/\/www.istegroup.com\/fr\/nouveautes\/\"},{\"@type\":\"ListItem\",\"position\":3,\"name\":\"Parent\u00e9, \u00e9cologie et histoire\"}]},{\"@type\":\"WebSite\",\"@id\":\"https:\/\/www.istegroup.com\/#website\",\"url\":\"https:\/\/www.istegroup.com\/\",\"name\":\"ISTE Group\",\"description\":\"Publishing Knowledge\",\"potentialAction\":[{\"@type\":\"SearchAction\",\"target\":{\"@type\":\"EntryPoint\",\"urlTemplate\":\"https:\/\/www.istegroup.com\/?s={search_term_string}\"},\"query-input\":{\"@type\":\"PropertyValueSpecification\",\"valueRequired\":true,\"valueName\":\"search_term_string\"}}],\"inLanguage\":\"en-US\"}]}<\/script>\n<!-- \/ Yoast SEO plugin. -->","yoast_head_json":{"title":"Parent\u00e9, \u00e9cologie et histoire - ISTE Group","robots":{"index":"index","follow":"follow","max-snippet":"max-snippet:-1","max-image-preview":"max-image-preview:large","max-video-preview":"max-video-preview:-1"},"canonical":"https:\/\/www.istegroup.com\/fr\/produit\/parente-ecologie-et-histoire\/","og_locale":"en_US","og_type":"article","og_title":"Parent\u00e9, \u00e9cologie et histoire - ISTE Group","og_description":"L\u2019analyse de la parent\u00e9 constitue un enjeu majeur de l\u2019anthropologie sociale. Cependant, le triomphe intellectuel du structuralisme l\u2019a transform\u00e9e en une tour d\u2019ivoire et l\u2019h\u00e9g\u00e9monie m\u00e9thodologique du fonctionnalisme lui a interdit toute comp\u00e9tence historique. Parent\u00e9, \u00e9cologie et histoire\u00a0d\u00e9nonce ces bornes anciennes et pourtant tenaces. Il r\u00e9invente le chantier de l\u2019\u00e9tude de la parent\u00e9 \u00e0 partir [&hellip;]","og_url":"https:\/\/www.istegroup.com\/fr\/produit\/parente-ecologie-et-histoire\/","og_site_name":"ISTE Group","article_modified_time":"2024-01-03T13:43:06+00:00","og_image":[{"width":604,"height":910,"url":"https:\/\/www.istegroup.com\/wp-content\/uploads\/2019\/04\/Dousset_Front.jpg","type":"image\/jpeg"}],"twitter_card":"summary_large_image","twitter_misc":{"Est. reading time":"1 minute"},"schema":{"@context":"https:\/\/schema.org","@graph":[{"@type":"WebPage","@id":"https:\/\/www.istegroup.com\/fr\/produit\/parente-ecologie-et-histoire\/","url":"https:\/\/www.istegroup.com\/fr\/produit\/parente-ecologie-et-histoire\/","name":"Parent\u00e9, \u00e9cologie et histoire - ISTE Group","isPartOf":{"@id":"https:\/\/www.istegroup.com\/#website"},"primaryImageOfPage":{"@id":"https:\/\/www.istegroup.com\/fr\/produit\/parente-ecologie-et-histoire\/#primaryimage"},"image":{"@id":"https:\/\/www.istegroup.com\/fr\/produit\/parente-ecologie-et-histoire\/#primaryimage"},"thumbnailUrl":"https:\/\/www.istegroup.com\/wp-content\/uploads\/2019\/04\/Dousset_Front.jpg","datePublished":"2019-04-02T16:37:06+00:00","dateModified":"2024-01-03T13:43:06+00:00","breadcrumb":{"@id":"https:\/\/www.istegroup.com\/fr\/produit\/parente-ecologie-et-histoire\/#breadcrumb"},"inLanguage":"en-US","potentialAction":[{"@type":"ReadAction","target":["https:\/\/www.istegroup.com\/fr\/produit\/parente-ecologie-et-histoire\/"]}]},{"@type":"ImageObject","inLanguage":"en-US","@id":"https:\/\/www.istegroup.com\/fr\/produit\/parente-ecologie-et-histoire\/#primaryimage","url":"https:\/\/www.istegroup.com\/wp-content\/uploads\/2019\/04\/Dousset_Front.jpg","contentUrl":"https:\/\/www.istegroup.com\/wp-content\/uploads\/2019\/04\/Dousset_Front.jpg","width":604,"height":910,"caption":"Renouvellement des conjectures"},{"@type":"BreadcrumbList","@id":"https:\/\/www.istegroup.com\/fr\/produit\/parente-ecologie-et-histoire\/#breadcrumb","itemListElement":[{"@type":"ListItem","position":1,"name":"Home","item":"https:\/\/www.istegroup.com\/"},{"@type":"ListItem","position":2,"name":"Shop","item":"https:\/\/www.istegroup.com\/fr\/nouveautes\/"},{"@type":"ListItem","position":3,"name":"Parent\u00e9, \u00e9cologie et histoire"}]},{"@type":"WebSite","@id":"https:\/\/www.istegroup.com\/#website","url":"https:\/\/www.istegroup.com\/","name":"ISTE Group","description":"Publishing Knowledge","potentialAction":[{"@type":"SearchAction","target":{"@type":"EntryPoint","urlTemplate":"https:\/\/www.istegroup.com\/?s={search_term_string}"},"query-input":{"@type":"PropertyValueSpecification","valueRequired":true,"valueName":"search_term_string"}}],"inLanguage":"en-US"}]}},"_links":{"self":[{"href":"https:\/\/www.istegroup.com\/en\/wp-json\/wp\/v2\/product\/19564","targetHints":{"allow":["GET"]}}],"collection":[{"href":"https:\/\/www.istegroup.com\/en\/wp-json\/wp\/v2\/product"}],"about":[{"href":"https:\/\/www.istegroup.com\/en\/wp-json\/wp\/v2\/types\/product"}],"wp:featuredmedia":[{"embeddable":true,"href":"https:\/\/www.istegroup.com\/en\/wp-json\/wp\/v2\/media\/19572"}],"wp:attachment":[{"href":"https:\/\/www.istegroup.com\/en\/wp-json\/wp\/v2\/media?parent=19564"}],"wp:term":[{"taxonomy":"product_brand","embeddable":true,"href":"https:\/\/www.istegroup.com\/en\/wp-json\/wp\/v2\/product_brand?post=19564"},{"taxonomy":"product_cat","embeddable":true,"href":"https:\/\/www.istegroup.com\/en\/wp-json\/wp\/v2\/product_cat?post=19564"},{"taxonomy":"product_tag","embeddable":true,"href":"https:\/\/www.istegroup.com\/en\/wp-json\/wp\/v2\/product_tag?post=19564"}],"curies":[{"name":"wp","href":"https:\/\/api.w.org\/{rel}","templated":true}]}}