{"id":19175,"date":"2019-03-20T12:17:03","date_gmt":"2019-03-20T12:17:03","guid":{"rendered":"https:\/\/www.istegroup.com\/?post_type=product&#038;p=19175"},"modified":"2024-01-03T13:43:06","modified_gmt":"2024-01-03T13:43:06","slug":"ecosysteme-de-linformation-en-ligne","status":"publish","type":"product","link":"https:\/\/www.istegroup.com\/en\/produit\/ecosysteme-de-linformation-en-ligne\/","title":{"rendered":"\u00c9cosyst\u00e8me de l\u2019information en ligne"},"content":{"rendered":"<p>Les m\u00e9dias, en particulier les m\u00e9dias en ligne, constituent une industrie en pleine mutation, qui a connu, en l\u2019espace de quelques ann\u00e9es, d\u2019importantes innovations technologiques.<\/p>\n<p>Cet ouvrage dresse un panorama de la recherche acad\u00e9mique sur les \u00e9volutions r\u00e9centes des m\u00e9dias et de la presse. Il adopte une approche originale, en apportant les r\u00e9ponses de la recherche scientifique aux questionnements actuels du secteur, gr\u00e2ce aux expertises crois\u00e9es d\u2019une professeure d\u2019universit\u00e9 et d\u2019une journaliste.\u00a0<em>\u00c9cosyst\u00e8me de l\u2019information en ligne<\/em>\u00a0permet de mieux comprendre cette industrie et d\u2019imaginer son avenir possible, par exemple dans l\u2019utilisation de l\u2019intelligence artificielle.<\/p>\n<p>V\u00e9ritable guide permettant d\u2019appr\u00e9hender les d\u00e9fis de la presse, cet ouvrage a pour objectif d\u2019analyser et de rendre accessible la recherche, notamment anglo-saxonne, aux experts et dirigeants de m\u00e9dias, aux \u00e9tudiants mais aussi au grand public int\u00e9ress\u00e9 par ces th\u00e9matiques.<\/p>\n<p>&nbsp;<\/p>\n<p><strong>La presse en parle<\/strong><\/p>\n<p><em>Manuel de survie pour les sciences de l&#8217;information<\/em><\/p>\n<p>L&#8217;universitaire Dominique Augey et la journaliste Marina Alcaraz publient un ouvrage tr\u00e8s d\u00e9taill\u00e9 pour faire le point sur la recherche sur les m\u00e9dias et les sciences de l&#8217;information.<\/p>\n<p>La presse a-t-elle besoin des annonceurs\u00a0? Quels sont les liens entre presse et politique\u00a0? Les robots sont-ils l&#8217;avenir des m\u00e9dias\u00a0? Ce sont quelques-unes des questions auxquelles l&#8217;universitaire Dominique Augey et la journaliste aux \u00ab\u00a0Echos\u00a0\u00bb Marina Alcaraz apportent les derni\u00e8res r\u00e9ponses de la recherche en sciences de l&#8217;information (&#8230;)\u00a0<a style=\"color: #1e9691\" href=\"https:\/\/www.lesechos.fr\/idees-debats\/livres\/manuel-de-survie-pour-les-sciences-de-linformation-1025352\"><em>Les Echos, <\/em><em>31 mai 2019<\/em><\/a><\/p>\n<p>Voir \u00e9galement :<\/p>\n<p><a style=\"color: #1e9691\" href=\"https:\/\/www.lexpress.fr\/actualite\/medias\/ce-qu-il-y-a-derriere-apple-news-l-appli-qui-veut-revolutionner-la-consommation-d-info_2069489.html\"><em>L&#8217;express, <\/em><em>26 mars 2019<\/em><\/a><\/p>\n<p><a style=\"color: #1e9691\" href=\"https:\/\/www.lexpress.fr\/actualite\/medias\/qu-est-ce-que-m7-ce-groupe-rachete-un-milliard-d-euros-par-canal_2080835.html\"><em>L&#8217;express, <\/em><em>28 <\/em><\/a><em><a style=\"color: #1e9691\" href=\"https:\/\/www.lesechos.fr\/idees-debats\/livres\/manuel-de-survie-pour-les-sciences-de-linformation-1025352\">mai 2019<\/a><\/em><\/p>\n<p><a style=\"color: #1e9691\" href=\"https:\/\/www.rts.ch\/play\/radio\/medialogues\/audio\/le-regard-de-leconomiste-sur-les-medias?id=10493071\"><em>Radio T\u00e9l\u00e9vision Suisse, <\/em><em>22 <\/em><\/a><em><a style=\"color: #1e9691\" href=\"https:\/\/www.rts.ch\/play\/radio\/medialogues\/audio\/le-regard-de-leconomiste-sur-les-medias?id=10493071\">juin 2019<\/a><\/em><\/p>\n<p><a style=\"color: #1e9691\" href=\"https:\/\/www.laprovence.com\/article\/sorties-loisirs\/5652128\/mefiance-fake-news-et-decodage-comment-les-medias-en-ligne-changent-leur-mode-de-fonctionnement\"><em>La Provence, <\/em><em>30 ao\u00fbt\u00a0<\/em><em>2019<\/em><\/a><\/p>\n<p><a style=\"color: #1e9691\" href=\"https:\/\/www.capital.fr\/entreprises-marches\/apple-news-ses-methodes-contestables-pour-attirer-les-lecteurs-1347971\"><em>Capital, 22 ao\u00fbt\u00a0<\/em><em>2019<\/em><\/a><\/p>\n","protected":false},"excerpt":{"rendered":"<h3><em>avec la collaboration de<\/em><br \/>\nMarina Alcaraz, Les\u00a0\u00c9chos, France<\/h3>\n","protected":false},"featured_media":19184,"template":"","meta":{"_acf_changed":false,"_links_to":"","_links_to_target":""},"product_brand":[],"product_cat":[3262],"product_tag":[],"class_list":{"0":"post-19175","1":"product","2":"type-product","3":"status-publish","4":"has-post-thumbnail","6":"product_cat-non-classe","8":"first","9":"instock","10":"shipping-taxable","11":"purchasable","12":"product-type-variable"},"acf":[],"yoast_head":"<!-- This site is optimized with the Yoast SEO plugin v27.2 - https:\/\/yoast.com\/product\/yoast-seo-wordpress\/ -->\n<title>\u00c9cosyst\u00e8me de l\u2019information en ligne - ISTE Group<\/title>\n<meta name=\"description\" content=\"\u00c9cosyst\u00e8me de l\u2019information en ligne dresse un panorama de la recherche acad\u00e9mique sur les \u00e9volutions r\u00e9centes des m\u00e9dias et de la presse.\" \/>\n<meta name=\"robots\" content=\"index, follow, max-snippet:-1, max-image-preview:large, max-video-preview:-1\" \/>\n<link rel=\"canonical\" href=\"https:\/\/www.istegroup.com\/fr\/produit\/ecosysteme-de-linformation-en-ligne\/\" \/>\n<meta property=\"og:locale\" content=\"en_US\" \/>\n<meta property=\"og:type\" content=\"article\" \/>\n<meta property=\"og:title\" content=\"\u00c9cosyst\u00e8me de l\u2019information en ligne - ISTE Group\" \/>\n<meta property=\"og:description\" content=\"\u00c9cosyst\u00e8me de l\u2019information en ligne dresse un panorama de la recherche acad\u00e9mique sur les \u00e9volutions r\u00e9centes des m\u00e9dias et de la presse.\" \/>\n<meta property=\"og:url\" content=\"https:\/\/www.istegroup.com\/fr\/produit\/ecosysteme-de-linformation-en-ligne\/\" \/>\n<meta property=\"og:site_name\" content=\"ISTE Group\" \/>\n<meta property=\"article:modified_time\" content=\"2024-01-03T13:43:06+00:00\" \/>\n<meta property=\"og:image\" content=\"https:\/\/www.istegroup.com\/wp-content\/uploads\/2019\/03\/Augey_Front.jpg\" \/>\n\t<meta property=\"og:image:width\" content=\"605\" \/>\n\t<meta property=\"og:image:height\" content=\"911\" \/>\n\t<meta property=\"og:image:type\" content=\"image\/jpeg\" \/>\n<meta name=\"twitter:card\" content=\"summary_large_image\" \/>\n<meta name=\"twitter:label1\" content=\"Est. reading time\" \/>\n\t<meta name=\"twitter:data1\" content=\"1 minute\" \/>\n<script type=\"application\/ld+json\" class=\"yoast-schema-graph\">{\"@context\":\"https:\/\/schema.org\",\"@graph\":[{\"@type\":\"WebPage\",\"@id\":\"https:\/\/www.istegroup.com\/fr\/produit\/ecosysteme-de-linformation-en-ligne\/\",\"url\":\"https:\/\/www.istegroup.com\/fr\/produit\/ecosysteme-de-linformation-en-ligne\/\",\"name\":\"\u00c9cosyst\u00e8me de l\u2019information en ligne - ISTE Group\",\"isPartOf\":{\"@id\":\"https:\/\/www.istegroup.com\/#website\"},\"primaryImageOfPage\":{\"@id\":\"https:\/\/www.istegroup.com\/fr\/produit\/ecosysteme-de-linformation-en-ligne\/#primaryimage\"},\"image\":{\"@id\":\"https:\/\/www.istegroup.com\/fr\/produit\/ecosysteme-de-linformation-en-ligne\/#primaryimage\"},\"thumbnailUrl\":\"https:\/\/www.istegroup.com\/wp-content\/uploads\/2019\/03\/Augey_Front.jpg\",\"datePublished\":\"2019-03-20T12:17:03+00:00\",\"dateModified\":\"2024-01-03T13:43:06+00:00\",\"description\":\"\u00c9cosyst\u00e8me de l\u2019information en ligne dresse un panorama de la recherche acad\u00e9mique sur les \u00e9volutions r\u00e9centes des m\u00e9dias et de la presse.\",\"breadcrumb\":{\"@id\":\"https:\/\/www.istegroup.com\/fr\/produit\/ecosysteme-de-linformation-en-ligne\/#breadcrumb\"},\"inLanguage\":\"en-US\",\"potentialAction\":[{\"@type\":\"ReadAction\",\"target\":[\"https:\/\/www.istegroup.com\/fr\/produit\/ecosysteme-de-linformation-en-ligne\/\"]}]},{\"@type\":\"ImageObject\",\"inLanguage\":\"en-US\",\"@id\":\"https:\/\/www.istegroup.com\/fr\/produit\/ecosysteme-de-linformation-en-ligne\/#primaryimage\",\"url\":\"https:\/\/www.istegroup.com\/wp-content\/uploads\/2019\/03\/Augey_Front.jpg\",\"contentUrl\":\"https:\/\/www.istegroup.com\/wp-content\/uploads\/2019\/03\/Augey_Front.jpg\",\"width\":605,\"height\":911,\"caption\":\"Smart Presse\"},{\"@type\":\"BreadcrumbList\",\"@id\":\"https:\/\/www.istegroup.com\/fr\/produit\/ecosysteme-de-linformation-en-ligne\/#breadcrumb\",\"itemListElement\":[{\"@type\":\"ListItem\",\"position\":1,\"name\":\"Home\",\"item\":\"https:\/\/www.istegroup.com\/\"},{\"@type\":\"ListItem\",\"position\":2,\"name\":\"Shop\",\"item\":\"https:\/\/www.istegroup.com\/fr\/nouveautes\/\"},{\"@type\":\"ListItem\",\"position\":3,\"name\":\"\u00c9cosyst\u00e8me de l\u2019information en ligne\"}]},{\"@type\":\"WebSite\",\"@id\":\"https:\/\/www.istegroup.com\/#website\",\"url\":\"https:\/\/www.istegroup.com\/\",\"name\":\"ISTE Group\",\"description\":\"Publishing Knowledge\",\"potentialAction\":[{\"@type\":\"SearchAction\",\"target\":{\"@type\":\"EntryPoint\",\"urlTemplate\":\"https:\/\/www.istegroup.com\/?s={search_term_string}\"},\"query-input\":{\"@type\":\"PropertyValueSpecification\",\"valueRequired\":true,\"valueName\":\"search_term_string\"}}],\"inLanguage\":\"en-US\"}]}<\/script>\n<!-- \/ Yoast SEO plugin. -->","yoast_head_json":{"title":"\u00c9cosyst\u00e8me de l\u2019information en ligne - ISTE Group","description":"\u00c9cosyst\u00e8me de l\u2019information en ligne dresse un panorama de la recherche acad\u00e9mique sur les \u00e9volutions r\u00e9centes des m\u00e9dias et de la presse.","robots":{"index":"index","follow":"follow","max-snippet":"max-snippet:-1","max-image-preview":"max-image-preview:large","max-video-preview":"max-video-preview:-1"},"canonical":"https:\/\/www.istegroup.com\/fr\/produit\/ecosysteme-de-linformation-en-ligne\/","og_locale":"en_US","og_type":"article","og_title":"\u00c9cosyst\u00e8me de l\u2019information en ligne - ISTE Group","og_description":"\u00c9cosyst\u00e8me de l\u2019information en ligne dresse un panorama de la recherche acad\u00e9mique sur les \u00e9volutions r\u00e9centes des m\u00e9dias et de la presse.","og_url":"https:\/\/www.istegroup.com\/fr\/produit\/ecosysteme-de-linformation-en-ligne\/","og_site_name":"ISTE Group","article_modified_time":"2024-01-03T13:43:06+00:00","og_image":[{"width":605,"height":911,"url":"https:\/\/www.istegroup.com\/wp-content\/uploads\/2019\/03\/Augey_Front.jpg","type":"image\/jpeg"}],"twitter_card":"summary_large_image","twitter_misc":{"Est. reading time":"1 minute"},"schema":{"@context":"https:\/\/schema.org","@graph":[{"@type":"WebPage","@id":"https:\/\/www.istegroup.com\/fr\/produit\/ecosysteme-de-linformation-en-ligne\/","url":"https:\/\/www.istegroup.com\/fr\/produit\/ecosysteme-de-linformation-en-ligne\/","name":"\u00c9cosyst\u00e8me de l\u2019information en ligne - ISTE Group","isPartOf":{"@id":"https:\/\/www.istegroup.com\/#website"},"primaryImageOfPage":{"@id":"https:\/\/www.istegroup.com\/fr\/produit\/ecosysteme-de-linformation-en-ligne\/#primaryimage"},"image":{"@id":"https:\/\/www.istegroup.com\/fr\/produit\/ecosysteme-de-linformation-en-ligne\/#primaryimage"},"thumbnailUrl":"https:\/\/www.istegroup.com\/wp-content\/uploads\/2019\/03\/Augey_Front.jpg","datePublished":"2019-03-20T12:17:03+00:00","dateModified":"2024-01-03T13:43:06+00:00","description":"\u00c9cosyst\u00e8me de l\u2019information en ligne dresse un panorama de la recherche acad\u00e9mique sur les \u00e9volutions r\u00e9centes des m\u00e9dias et de la presse.","breadcrumb":{"@id":"https:\/\/www.istegroup.com\/fr\/produit\/ecosysteme-de-linformation-en-ligne\/#breadcrumb"},"inLanguage":"en-US","potentialAction":[{"@type":"ReadAction","target":["https:\/\/www.istegroup.com\/fr\/produit\/ecosysteme-de-linformation-en-ligne\/"]}]},{"@type":"ImageObject","inLanguage":"en-US","@id":"https:\/\/www.istegroup.com\/fr\/produit\/ecosysteme-de-linformation-en-ligne\/#primaryimage","url":"https:\/\/www.istegroup.com\/wp-content\/uploads\/2019\/03\/Augey_Front.jpg","contentUrl":"https:\/\/www.istegroup.com\/wp-content\/uploads\/2019\/03\/Augey_Front.jpg","width":605,"height":911,"caption":"Smart Presse"},{"@type":"BreadcrumbList","@id":"https:\/\/www.istegroup.com\/fr\/produit\/ecosysteme-de-linformation-en-ligne\/#breadcrumb","itemListElement":[{"@type":"ListItem","position":1,"name":"Home","item":"https:\/\/www.istegroup.com\/"},{"@type":"ListItem","position":2,"name":"Shop","item":"https:\/\/www.istegroup.com\/fr\/nouveautes\/"},{"@type":"ListItem","position":3,"name":"\u00c9cosyst\u00e8me de l\u2019information en ligne"}]},{"@type":"WebSite","@id":"https:\/\/www.istegroup.com\/#website","url":"https:\/\/www.istegroup.com\/","name":"ISTE Group","description":"Publishing Knowledge","potentialAction":[{"@type":"SearchAction","target":{"@type":"EntryPoint","urlTemplate":"https:\/\/www.istegroup.com\/?s={search_term_string}"},"query-input":{"@type":"PropertyValueSpecification","valueRequired":true,"valueName":"search_term_string"}}],"inLanguage":"en-US"}]}},"_links":{"self":[{"href":"https:\/\/www.istegroup.com\/en\/wp-json\/wp\/v2\/product\/19175","targetHints":{"allow":["GET"]}}],"collection":[{"href":"https:\/\/www.istegroup.com\/en\/wp-json\/wp\/v2\/product"}],"about":[{"href":"https:\/\/www.istegroup.com\/en\/wp-json\/wp\/v2\/types\/product"}],"wp:featuredmedia":[{"embeddable":true,"href":"https:\/\/www.istegroup.com\/en\/wp-json\/wp\/v2\/media\/19184"}],"wp:attachment":[{"href":"https:\/\/www.istegroup.com\/en\/wp-json\/wp\/v2\/media?parent=19175"}],"wp:term":[{"taxonomy":"product_brand","embeddable":true,"href":"https:\/\/www.istegroup.com\/en\/wp-json\/wp\/v2\/product_brand?post=19175"},{"taxonomy":"product_cat","embeddable":true,"href":"https:\/\/www.istegroup.com\/en\/wp-json\/wp\/v2\/product_cat?post=19175"},{"taxonomy":"product_tag","embeddable":true,"href":"https:\/\/www.istegroup.com\/en\/wp-json\/wp\/v2\/product_tag?post=19175"}],"curies":[{"name":"wp","href":"https:\/\/api.w.org\/{rel}","templated":true}]}}