{"id":19144,"date":"2019-03-20T11:45:15","date_gmt":"2019-03-20T11:45:15","guid":{"rendered":"https:\/\/www.istegroup.com\/?post_type=product&#038;p=19144"},"modified":"2024-01-03T13:43:06","modified_gmt":"2024-01-03T13:43:06","slug":"innovation-et-agilite-a-lere-du-numerique","status":"publish","type":"product","link":"https:\/\/www.istegroup.com\/en\/produit\/innovation-et-agilite-a-lere-du-numerique\/","title":{"rendered":"Innovation et agilit\u00e9 \u00e0 l\u2019\u00e8re du num\u00e9rique"},"content":{"rendered":"<p>Les innovations africaines sont en lien direct avec un mod\u00e8le manag\u00e9rial qui correspond parfaitement \u00e0 l\u2019\u00e8re du num\u00e9rique. Certaines entreprises en Afrique n\u2019empruntent pas les sentiers indiqu\u00e9s, mais marchent sur les chemins qu\u2019elles ont choisis.<\/p>\n<p>Le\u00a0<em>jugaad<\/em>, l\u2019innovation frugale,\u00a0<em>l\u2019ethos<\/em>\u00a0m\u00e9diterran\u00e9en, le\u00a0<em>leapfrog<\/em>\u00a0constituent quelques-unes des pratiques manag\u00e9riales identifi\u00e9es et explor\u00e9es dans cet ouvrage. Ces mesures expliquent pourquoi de multiples innovations venues d\u2019Afrique commencent \u00e0 s\u2019exporter \u00e0 l\u2019international. Ces tendances indiquent que les bonnes pratiques manag\u00e9riales et les mod\u00e8les d\u2019innovation viennent \u00e9galement du Sud et non plus exclusivement des \u00c9tats-Unis.<\/p>\n<p>\u00c0 l\u2019heure o\u00f9 de nombreuses entreprises saisissent les opportunit\u00e9s de croissance propos\u00e9es en Afrique, comprendre ces dynamiques rev\u00eat un int\u00e9r\u00eat majeur aux niveaux th\u00e9orique et pratique. Non seulement source de r\u00e9ussite, ces pratiques constituent un nouveau mod\u00e8le de management et d\u2019innovation des entreprises \u00e0 l\u2019\u00e8re du num\u00e9rique que l\u2019Afrique met \u00e0 disposition.<\/p>\n","protected":false},"excerpt":{"rendered":"<p>Les innovations africaines sont en lien direct avec un mod\u00e8le manag\u00e9rial qui correspond parfaitement \u00e0 l\u2019\u00e8re du num\u00e9rique. Certaines entreprises en Afrique n\u2019empruntent pas les sentiers indiqu\u00e9s, mais marchent sur les chemins qu\u2019elles ont choisis. Le\u00a0jugaad, l\u2019innovation frugale,\u00a0l\u2019ethos\u00a0m\u00e9diterran\u00e9en, le\u00a0leapfrog\u00a0constituent quelques-unes des pratiques manag\u00e9riales identifi\u00e9es et explor\u00e9es dans cet ouvrage. Ces mesures expliquent pourquoi de multiples [&hellip;]<\/p>\n","protected":false},"featured_media":19153,"template":"","meta":{"_acf_changed":false,"_links_to":"","_links_to_target":""},"product_brand":[],"product_cat":[3262],"product_tag":[],"class_list":{"0":"post-19144","1":"product","2":"type-product","3":"status-publish","4":"has-post-thumbnail","6":"product_cat-non-classe","8":"first","9":"instock","10":"shipping-taxable","11":"purchasable","12":"product-type-variable"},"acf":[],"yoast_head":"<!-- This site is optimized with the Yoast SEO plugin v27.2 - https:\/\/yoast.com\/product\/yoast-seo-wordpress\/ -->\n<title>Innovation et agilit\u00e9 \u00e0 l\u2019\u00e8re du num\u00e9rique - ISTE Group<\/title>\n<meta name=\"robots\" content=\"index, follow, max-snippet:-1, max-image-preview:large, max-video-preview:-1\" \/>\n<link rel=\"canonical\" href=\"https:\/\/www.istegroup.com\/en\/produit\/innovation-et-agilite-a-lere-du-numerique\/\" \/>\n<meta property=\"og:locale\" content=\"en_US\" \/>\n<meta property=\"og:type\" content=\"article\" \/>\n<meta property=\"og:title\" content=\"Innovation et agilit\u00e9 \u00e0 l\u2019\u00e8re du num\u00e9rique - ISTE Group\" \/>\n<meta property=\"og:description\" content=\"Les innovations africaines sont en lien direct avec un mod\u00e8le manag\u00e9rial qui correspond parfaitement \u00e0 l\u2019\u00e8re du num\u00e9rique. Certaines entreprises en Afrique n\u2019empruntent pas les sentiers indiqu\u00e9s, mais marchent sur les chemins qu\u2019elles ont choisis. Le\u00a0jugaad, l\u2019innovation frugale,\u00a0l\u2019ethos\u00a0m\u00e9diterran\u00e9en, le\u00a0leapfrog\u00a0constituent quelques-unes des pratiques manag\u00e9riales identifi\u00e9es et explor\u00e9es dans cet ouvrage. Ces mesures expliquent pourquoi de multiples [&hellip;]\" \/>\n<meta property=\"og:url\" content=\"https:\/\/www.istegroup.com\/en\/produit\/innovation-et-agilite-a-lere-du-numerique\/\" \/>\n<meta property=\"og:site_name\" content=\"ISTE Group\" \/>\n<meta property=\"article:modified_time\" content=\"2024-01-03T13:43:06+00:00\" \/>\n<meta property=\"og:image\" content=\"https:\/\/www.istegroup.com\/wp-content\/uploads\/2019\/03\/Frimousse_Front.jpg\" \/>\n\t<meta property=\"og:image:width\" content=\"603\" \/>\n\t<meta property=\"og:image:height\" content=\"910\" \/>\n\t<meta property=\"og:image:type\" content=\"image\/jpeg\" \/>\n<meta name=\"twitter:card\" content=\"summary_large_image\" \/>\n<meta name=\"twitter:label1\" content=\"Est. reading time\" \/>\n\t<meta name=\"twitter:data1\" content=\"1 minute\" \/>\n<script type=\"application\/ld+json\" class=\"yoast-schema-graph\">{\"@context\":\"https:\/\/schema.org\",\"@graph\":[{\"@type\":\"WebPage\",\"@id\":\"https:\/\/www.istegroup.com\/en\/produit\/innovation-et-agilite-a-lere-du-numerique\/\",\"url\":\"https:\/\/www.istegroup.com\/en\/produit\/innovation-et-agilite-a-lere-du-numerique\/\",\"name\":\"Innovation et agilit\u00e9 \u00e0 l\u2019\u00e8re du num\u00e9rique - ISTE Group\",\"isPartOf\":{\"@id\":\"https:\/\/www.istegroup.com\/#website\"},\"primaryImageOfPage\":{\"@id\":\"https:\/\/www.istegroup.com\/en\/produit\/innovation-et-agilite-a-lere-du-numerique\/#primaryimage\"},\"image\":{\"@id\":\"https:\/\/www.istegroup.com\/en\/produit\/innovation-et-agilite-a-lere-du-numerique\/#primaryimage\"},\"thumbnailUrl\":\"https:\/\/www.istegroup.com\/wp-content\/uploads\/2019\/03\/Frimousse_Front.jpg\",\"datePublished\":\"2019-03-20T11:45:15+00:00\",\"dateModified\":\"2024-01-03T13:43:06+00:00\",\"breadcrumb\":{\"@id\":\"https:\/\/www.istegroup.com\/en\/produit\/innovation-et-agilite-a-lere-du-numerique\/#breadcrumb\"},\"inLanguage\":\"en-US\",\"potentialAction\":[{\"@type\":\"ReadAction\",\"target\":[\"https:\/\/www.istegroup.com\/en\/produit\/innovation-et-agilite-a-lere-du-numerique\/\"]}]},{\"@type\":\"ImageObject\",\"inLanguage\":\"en-US\",\"@id\":\"https:\/\/www.istegroup.com\/en\/produit\/innovation-et-agilite-a-lere-du-numerique\/#primaryimage\",\"url\":\"https:\/\/www.istegroup.com\/wp-content\/uploads\/2019\/03\/Frimousse_Front.jpg\",\"contentUrl\":\"https:\/\/www.istegroup.com\/wp-content\/uploads\/2019\/03\/Frimousse_Front.jpg\",\"width\":603,\"height\":910,\"caption\":\"L'Afrique, laboratoire du monde de demain\"},{\"@type\":\"BreadcrumbList\",\"@id\":\"https:\/\/www.istegroup.com\/en\/produit\/innovation-et-agilite-a-lere-du-numerique\/#breadcrumb\",\"itemListElement\":[{\"@type\":\"ListItem\",\"position\":1,\"name\":\"Home\",\"item\":\"https:\/\/www.istegroup.com\/\"},{\"@type\":\"ListItem\",\"position\":2,\"name\":\"Shop\",\"item\":\"https:\/\/www.istegroup.com\/fr\/nouveautes\/\"},{\"@type\":\"ListItem\",\"position\":3,\"name\":\"Innovation et agilit\u00e9 \u00e0 l\u2019\u00e8re du num\u00e9rique\"}]},{\"@type\":\"WebSite\",\"@id\":\"https:\/\/www.istegroup.com\/#website\",\"url\":\"https:\/\/www.istegroup.com\/\",\"name\":\"ISTE Group\",\"description\":\"Publishing Knowledge\",\"potentialAction\":[{\"@type\":\"SearchAction\",\"target\":{\"@type\":\"EntryPoint\",\"urlTemplate\":\"https:\/\/www.istegroup.com\/?s={search_term_string}\"},\"query-input\":{\"@type\":\"PropertyValueSpecification\",\"valueRequired\":true,\"valueName\":\"search_term_string\"}}],\"inLanguage\":\"en-US\"}]}<\/script>\n<!-- \/ Yoast SEO plugin. -->","yoast_head_json":{"title":"Innovation et agilit\u00e9 \u00e0 l\u2019\u00e8re du num\u00e9rique - ISTE Group","robots":{"index":"index","follow":"follow","max-snippet":"max-snippet:-1","max-image-preview":"max-image-preview:large","max-video-preview":"max-video-preview:-1"},"canonical":"https:\/\/www.istegroup.com\/en\/produit\/innovation-et-agilite-a-lere-du-numerique\/","og_locale":"en_US","og_type":"article","og_title":"Innovation et agilit\u00e9 \u00e0 l\u2019\u00e8re du num\u00e9rique - ISTE Group","og_description":"Les innovations africaines sont en lien direct avec un mod\u00e8le manag\u00e9rial qui correspond parfaitement \u00e0 l\u2019\u00e8re du num\u00e9rique. Certaines entreprises en Afrique n\u2019empruntent pas les sentiers indiqu\u00e9s, mais marchent sur les chemins qu\u2019elles ont choisis. Le\u00a0jugaad, l\u2019innovation frugale,\u00a0l\u2019ethos\u00a0m\u00e9diterran\u00e9en, le\u00a0leapfrog\u00a0constituent quelques-unes des pratiques manag\u00e9riales identifi\u00e9es et explor\u00e9es dans cet ouvrage. Ces mesures expliquent pourquoi de multiples [&hellip;]","og_url":"https:\/\/www.istegroup.com\/en\/produit\/innovation-et-agilite-a-lere-du-numerique\/","og_site_name":"ISTE Group","article_modified_time":"2024-01-03T13:43:06+00:00","og_image":[{"width":603,"height":910,"url":"https:\/\/www.istegroup.com\/wp-content\/uploads\/2019\/03\/Frimousse_Front.jpg","type":"image\/jpeg"}],"twitter_card":"summary_large_image","twitter_misc":{"Est. reading time":"1 minute"},"schema":{"@context":"https:\/\/schema.org","@graph":[{"@type":"WebPage","@id":"https:\/\/www.istegroup.com\/en\/produit\/innovation-et-agilite-a-lere-du-numerique\/","url":"https:\/\/www.istegroup.com\/en\/produit\/innovation-et-agilite-a-lere-du-numerique\/","name":"Innovation et agilit\u00e9 \u00e0 l\u2019\u00e8re du num\u00e9rique - ISTE Group","isPartOf":{"@id":"https:\/\/www.istegroup.com\/#website"},"primaryImageOfPage":{"@id":"https:\/\/www.istegroup.com\/en\/produit\/innovation-et-agilite-a-lere-du-numerique\/#primaryimage"},"image":{"@id":"https:\/\/www.istegroup.com\/en\/produit\/innovation-et-agilite-a-lere-du-numerique\/#primaryimage"},"thumbnailUrl":"https:\/\/www.istegroup.com\/wp-content\/uploads\/2019\/03\/Frimousse_Front.jpg","datePublished":"2019-03-20T11:45:15+00:00","dateModified":"2024-01-03T13:43:06+00:00","breadcrumb":{"@id":"https:\/\/www.istegroup.com\/en\/produit\/innovation-et-agilite-a-lere-du-numerique\/#breadcrumb"},"inLanguage":"en-US","potentialAction":[{"@type":"ReadAction","target":["https:\/\/www.istegroup.com\/en\/produit\/innovation-et-agilite-a-lere-du-numerique\/"]}]},{"@type":"ImageObject","inLanguage":"en-US","@id":"https:\/\/www.istegroup.com\/en\/produit\/innovation-et-agilite-a-lere-du-numerique\/#primaryimage","url":"https:\/\/www.istegroup.com\/wp-content\/uploads\/2019\/03\/Frimousse_Front.jpg","contentUrl":"https:\/\/www.istegroup.com\/wp-content\/uploads\/2019\/03\/Frimousse_Front.jpg","width":603,"height":910,"caption":"L'Afrique, laboratoire du monde de demain"},{"@type":"BreadcrumbList","@id":"https:\/\/www.istegroup.com\/en\/produit\/innovation-et-agilite-a-lere-du-numerique\/#breadcrumb","itemListElement":[{"@type":"ListItem","position":1,"name":"Home","item":"https:\/\/www.istegroup.com\/"},{"@type":"ListItem","position":2,"name":"Shop","item":"https:\/\/www.istegroup.com\/fr\/nouveautes\/"},{"@type":"ListItem","position":3,"name":"Innovation et agilit\u00e9 \u00e0 l\u2019\u00e8re du num\u00e9rique"}]},{"@type":"WebSite","@id":"https:\/\/www.istegroup.com\/#website","url":"https:\/\/www.istegroup.com\/","name":"ISTE Group","description":"Publishing Knowledge","potentialAction":[{"@type":"SearchAction","target":{"@type":"EntryPoint","urlTemplate":"https:\/\/www.istegroup.com\/?s={search_term_string}"},"query-input":{"@type":"PropertyValueSpecification","valueRequired":true,"valueName":"search_term_string"}}],"inLanguage":"en-US"}]}},"_links":{"self":[{"href":"https:\/\/www.istegroup.com\/en\/wp-json\/wp\/v2\/product\/19144","targetHints":{"allow":["GET"]}}],"collection":[{"href":"https:\/\/www.istegroup.com\/en\/wp-json\/wp\/v2\/product"}],"about":[{"href":"https:\/\/www.istegroup.com\/en\/wp-json\/wp\/v2\/types\/product"}],"wp:featuredmedia":[{"embeddable":true,"href":"https:\/\/www.istegroup.com\/en\/wp-json\/wp\/v2\/media\/19153"}],"wp:attachment":[{"href":"https:\/\/www.istegroup.com\/en\/wp-json\/wp\/v2\/media?parent=19144"}],"wp:term":[{"taxonomy":"product_brand","embeddable":true,"href":"https:\/\/www.istegroup.com\/en\/wp-json\/wp\/v2\/product_brand?post=19144"},{"taxonomy":"product_cat","embeddable":true,"href":"https:\/\/www.istegroup.com\/en\/wp-json\/wp\/v2\/product_cat?post=19144"},{"taxonomy":"product_tag","embeddable":true,"href":"https:\/\/www.istegroup.com\/en\/wp-json\/wp\/v2\/product_tag?post=19144"}],"curies":[{"name":"wp","href":"https:\/\/api.w.org\/{rel}","templated":true}]}}