{"id":19133,"date":"2019-03-20T11:38:09","date_gmt":"2019-03-20T11:38:09","guid":{"rendered":"https:\/\/www.istegroup.com\/?post_type=product&#038;p=19133"},"modified":"2024-01-03T13:43:06","modified_gmt":"2024-01-03T13:43:06","slug":"information-connaissance-et-creativite-agile","status":"publish","type":"product","link":"https:\/\/www.istegroup.com\/en\/produit\/information-connaissance-et-creativite-agile\/","title":{"rendered":"Information, connaissance et cr\u00e9ativit\u00e9 agile"},"content":{"rendered":"<p><em>Information, connaissance et cr\u00e9ativit\u00e9 agile<\/em>\u00a0a pour but d\u2019\u00e9clairer l\u2019entrepreneur ou toute personne qui cherche \u00e0 rendre un processus d\u2019innovation plus agile, c\u2019est-\u00e0-dire qui souhaite rendre une organisation capable de r\u00e9agir et de s\u2019adapter rapidement aux changements de son environnement.<\/p>\n<p>La cr\u00e9ativit\u00e9 est ici consid\u00e9r\u00e9e comme un syst\u00e8me destin\u00e9 \u00e0 l\u2019innovation produit. Elle est envisag\u00e9e au niveau de la phase d\u2019id\u00e9ation, mais aussi en amont et en aval de celle-ci. Cet ouvrage offre un ensemble d\u2019outils ainsi qu\u2019une m\u00e9thode afin d\u2019estimer l\u2019agilit\u00e9 d\u2019une organisation pour g\u00e9n\u00e9rer et transformer des id\u00e9es en solutions nouvelles et adapt\u00e9es \u00e0 leurs usagers.<\/p>\n<p>Il pr\u00e9sente pour cela des m\u00e9thodologies de veille strat\u00e9gique et de compr\u00e9hension de probl\u00e8mes, des outils de partage et de mise en forme visuelle d\u2019informations, des conseils d\u2019animation d\u2019ateliers de cr\u00e9ativit\u00e9, des techniques de g\u00e9n\u00e9ration d\u2019id\u00e9es et des outils de visualisation et de cartographie d\u2019id\u00e9es, d\u2019informations et de connaissances.<\/p>\n","protected":false},"excerpt":{"rendered":"<p>Information, connaissance et cr\u00e9ativit\u00e9 agile\u00a0a pour but d\u2019\u00e9clairer l\u2019entrepreneur ou toute personne qui cherche \u00e0 rendre un processus d\u2019innovation plus agile, c\u2019est-\u00e0-dire qui souhaite rendre une organisation capable de r\u00e9agir et de s\u2019adapter rapidement aux changements de son environnement. La cr\u00e9ativit\u00e9 est ici consid\u00e9r\u00e9e comme un syst\u00e8me destin\u00e9 \u00e0 l\u2019innovation produit. Elle est envisag\u00e9e au [&hellip;]<\/p>\n","protected":false},"featured_media":19143,"template":"","meta":{"_acf_changed":false,"_links_to":"","_links_to_target":""},"product_brand":[],"product_cat":[3262],"product_tag":[],"class_list":{"0":"post-19133","1":"product","2":"type-product","3":"status-publish","4":"has-post-thumbnail","6":"product_cat-non-classe","8":"first","9":"instock","10":"shipping-taxable","11":"purchasable","12":"product-type-variable"},"acf":[],"yoast_head":"<!-- This site is optimized with the Yoast SEO plugin v27.2 - https:\/\/yoast.com\/product\/yoast-seo-wordpress\/ -->\n<title>Information, connaissance et cr\u00e9ativit\u00e9 agile - ISTE Group<\/title>\n<meta name=\"robots\" content=\"index, follow, max-snippet:-1, max-image-preview:large, max-video-preview:-1\" \/>\n<link rel=\"canonical\" href=\"https:\/\/www.istegroup.com\/en\/produit\/information-connaissance-et-creativite-agile\/\" \/>\n<meta property=\"og:locale\" content=\"en_US\" \/>\n<meta property=\"og:type\" content=\"article\" \/>\n<meta property=\"og:title\" content=\"Information, connaissance et cr\u00e9ativit\u00e9 agile - ISTE Group\" \/>\n<meta property=\"og:description\" content=\"Information, connaissance et cr\u00e9ativit\u00e9 agile\u00a0a pour but d\u2019\u00e9clairer l\u2019entrepreneur ou toute personne qui cherche \u00e0 rendre un processus d\u2019innovation plus agile, c\u2019est-\u00e0-dire qui souhaite rendre une organisation capable de r\u00e9agir et de s\u2019adapter rapidement aux changements de son environnement. La cr\u00e9ativit\u00e9 est ici consid\u00e9r\u00e9e comme un syst\u00e8me destin\u00e9 \u00e0 l\u2019innovation produit. Elle est envisag\u00e9e au [&hellip;]\" \/>\n<meta property=\"og:url\" content=\"https:\/\/www.istegroup.com\/en\/produit\/information-connaissance-et-creativite-agile\/\" \/>\n<meta property=\"og:site_name\" content=\"ISTE Group\" \/>\n<meta property=\"article:modified_time\" content=\"2024-01-03T13:43:06+00:00\" \/>\n<meta property=\"og:image\" content=\"https:\/\/www.istegroup.com\/wp-content\/uploads\/2019\/03\/Goria_Front.jpg\" \/>\n\t<meta property=\"og:image:width\" content=\"608\" \/>\n\t<meta property=\"og:image:height\" content=\"911\" \/>\n\t<meta property=\"og:image:type\" content=\"image\/jpeg\" \/>\n<meta name=\"twitter:card\" content=\"summary_large_image\" \/>\n<meta name=\"twitter:label1\" content=\"Est. reading time\" \/>\n\t<meta name=\"twitter:data1\" content=\"1 minute\" \/>\n<script type=\"application\/ld+json\" class=\"yoast-schema-graph\">{\"@context\":\"https:\/\/schema.org\",\"@graph\":[{\"@type\":\"WebPage\",\"@id\":\"https:\/\/www.istegroup.com\/en\/produit\/information-connaissance-et-creativite-agile\/\",\"url\":\"https:\/\/www.istegroup.com\/en\/produit\/information-connaissance-et-creativite-agile\/\",\"name\":\"Information, connaissance et cr\u00e9ativit\u00e9 agile - ISTE Group\",\"isPartOf\":{\"@id\":\"https:\/\/www.istegroup.com\/#website\"},\"primaryImageOfPage\":{\"@id\":\"https:\/\/www.istegroup.com\/en\/produit\/information-connaissance-et-creativite-agile\/#primaryimage\"},\"image\":{\"@id\":\"https:\/\/www.istegroup.com\/en\/produit\/information-connaissance-et-creativite-agile\/#primaryimage\"},\"thumbnailUrl\":\"https:\/\/www.istegroup.com\/wp-content\/uploads\/2019\/03\/Goria_Front.jpg\",\"datePublished\":\"2019-03-20T11:38:09+00:00\",\"dateModified\":\"2024-01-03T13:43:06+00:00\",\"breadcrumb\":{\"@id\":\"https:\/\/www.istegroup.com\/en\/produit\/information-connaissance-et-creativite-agile\/#breadcrumb\"},\"inLanguage\":\"en-US\",\"potentialAction\":[{\"@type\":\"ReadAction\",\"target\":[\"https:\/\/www.istegroup.com\/en\/produit\/information-connaissance-et-creativite-agile\/\"]}]},{\"@type\":\"ImageObject\",\"inLanguage\":\"en-US\",\"@id\":\"https:\/\/www.istegroup.com\/en\/produit\/information-connaissance-et-creativite-agile\/#primaryimage\",\"url\":\"https:\/\/www.istegroup.com\/wp-content\/uploads\/2019\/03\/Goria_Front.jpg\",\"contentUrl\":\"https:\/\/www.istegroup.com\/wp-content\/uploads\/2019\/03\/Goria_Front.jpg\",\"width\":608,\"height\":911,\"caption\":\"Information, connaissance et cr\u00e9ativit\u00e9 agile\"},{\"@type\":\"BreadcrumbList\",\"@id\":\"https:\/\/www.istegroup.com\/en\/produit\/information-connaissance-et-creativite-agile\/#breadcrumb\",\"itemListElement\":[{\"@type\":\"ListItem\",\"position\":1,\"name\":\"Home\",\"item\":\"https:\/\/www.istegroup.com\/\"},{\"@type\":\"ListItem\",\"position\":2,\"name\":\"Shop\",\"item\":\"https:\/\/www.istegroup.com\/fr\/nouveautes\/\"},{\"@type\":\"ListItem\",\"position\":3,\"name\":\"Information, connaissance et cr\u00e9ativit\u00e9 agile\"}]},{\"@type\":\"WebSite\",\"@id\":\"https:\/\/www.istegroup.com\/#website\",\"url\":\"https:\/\/www.istegroup.com\/\",\"name\":\"ISTE Group\",\"description\":\"Publishing Knowledge\",\"potentialAction\":[{\"@type\":\"SearchAction\",\"target\":{\"@type\":\"EntryPoint\",\"urlTemplate\":\"https:\/\/www.istegroup.com\/?s={search_term_string}\"},\"query-input\":{\"@type\":\"PropertyValueSpecification\",\"valueRequired\":true,\"valueName\":\"search_term_string\"}}],\"inLanguage\":\"en-US\"}]}<\/script>\n<!-- \/ Yoast SEO plugin. -->","yoast_head_json":{"title":"Information, connaissance et cr\u00e9ativit\u00e9 agile - ISTE Group","robots":{"index":"index","follow":"follow","max-snippet":"max-snippet:-1","max-image-preview":"max-image-preview:large","max-video-preview":"max-video-preview:-1"},"canonical":"https:\/\/www.istegroup.com\/en\/produit\/information-connaissance-et-creativite-agile\/","og_locale":"en_US","og_type":"article","og_title":"Information, connaissance et cr\u00e9ativit\u00e9 agile - ISTE Group","og_description":"Information, connaissance et cr\u00e9ativit\u00e9 agile\u00a0a pour but d\u2019\u00e9clairer l\u2019entrepreneur ou toute personne qui cherche \u00e0 rendre un processus d\u2019innovation plus agile, c\u2019est-\u00e0-dire qui souhaite rendre une organisation capable de r\u00e9agir et de s\u2019adapter rapidement aux changements de son environnement. La cr\u00e9ativit\u00e9 est ici consid\u00e9r\u00e9e comme un syst\u00e8me destin\u00e9 \u00e0 l\u2019innovation produit. Elle est envisag\u00e9e au [&hellip;]","og_url":"https:\/\/www.istegroup.com\/en\/produit\/information-connaissance-et-creativite-agile\/","og_site_name":"ISTE Group","article_modified_time":"2024-01-03T13:43:06+00:00","og_image":[{"width":608,"height":911,"url":"https:\/\/www.istegroup.com\/wp-content\/uploads\/2019\/03\/Goria_Front.jpg","type":"image\/jpeg"}],"twitter_card":"summary_large_image","twitter_misc":{"Est. reading time":"1 minute"},"schema":{"@context":"https:\/\/schema.org","@graph":[{"@type":"WebPage","@id":"https:\/\/www.istegroup.com\/en\/produit\/information-connaissance-et-creativite-agile\/","url":"https:\/\/www.istegroup.com\/en\/produit\/information-connaissance-et-creativite-agile\/","name":"Information, connaissance et cr\u00e9ativit\u00e9 agile - ISTE Group","isPartOf":{"@id":"https:\/\/www.istegroup.com\/#website"},"primaryImageOfPage":{"@id":"https:\/\/www.istegroup.com\/en\/produit\/information-connaissance-et-creativite-agile\/#primaryimage"},"image":{"@id":"https:\/\/www.istegroup.com\/en\/produit\/information-connaissance-et-creativite-agile\/#primaryimage"},"thumbnailUrl":"https:\/\/www.istegroup.com\/wp-content\/uploads\/2019\/03\/Goria_Front.jpg","datePublished":"2019-03-20T11:38:09+00:00","dateModified":"2024-01-03T13:43:06+00:00","breadcrumb":{"@id":"https:\/\/www.istegroup.com\/en\/produit\/information-connaissance-et-creativite-agile\/#breadcrumb"},"inLanguage":"en-US","potentialAction":[{"@type":"ReadAction","target":["https:\/\/www.istegroup.com\/en\/produit\/information-connaissance-et-creativite-agile\/"]}]},{"@type":"ImageObject","inLanguage":"en-US","@id":"https:\/\/www.istegroup.com\/en\/produit\/information-connaissance-et-creativite-agile\/#primaryimage","url":"https:\/\/www.istegroup.com\/wp-content\/uploads\/2019\/03\/Goria_Front.jpg","contentUrl":"https:\/\/www.istegroup.com\/wp-content\/uploads\/2019\/03\/Goria_Front.jpg","width":608,"height":911,"caption":"Information, connaissance et cr\u00e9ativit\u00e9 agile"},{"@type":"BreadcrumbList","@id":"https:\/\/www.istegroup.com\/en\/produit\/information-connaissance-et-creativite-agile\/#breadcrumb","itemListElement":[{"@type":"ListItem","position":1,"name":"Home","item":"https:\/\/www.istegroup.com\/"},{"@type":"ListItem","position":2,"name":"Shop","item":"https:\/\/www.istegroup.com\/fr\/nouveautes\/"},{"@type":"ListItem","position":3,"name":"Information, connaissance et cr\u00e9ativit\u00e9 agile"}]},{"@type":"WebSite","@id":"https:\/\/www.istegroup.com\/#website","url":"https:\/\/www.istegroup.com\/","name":"ISTE Group","description":"Publishing Knowledge","potentialAction":[{"@type":"SearchAction","target":{"@type":"EntryPoint","urlTemplate":"https:\/\/www.istegroup.com\/?s={search_term_string}"},"query-input":{"@type":"PropertyValueSpecification","valueRequired":true,"valueName":"search_term_string"}}],"inLanguage":"en-US"}]}},"_links":{"self":[{"href":"https:\/\/www.istegroup.com\/en\/wp-json\/wp\/v2\/product\/19133","targetHints":{"allow":["GET"]}}],"collection":[{"href":"https:\/\/www.istegroup.com\/en\/wp-json\/wp\/v2\/product"}],"about":[{"href":"https:\/\/www.istegroup.com\/en\/wp-json\/wp\/v2\/types\/product"}],"wp:featuredmedia":[{"embeddable":true,"href":"https:\/\/www.istegroup.com\/en\/wp-json\/wp\/v2\/media\/19143"}],"wp:attachment":[{"href":"https:\/\/www.istegroup.com\/en\/wp-json\/wp\/v2\/media?parent=19133"}],"wp:term":[{"taxonomy":"product_brand","embeddable":true,"href":"https:\/\/www.istegroup.com\/en\/wp-json\/wp\/v2\/product_brand?post=19133"},{"taxonomy":"product_cat","embeddable":true,"href":"https:\/\/www.istegroup.com\/en\/wp-json\/wp\/v2\/product_cat?post=19133"},{"taxonomy":"product_tag","embeddable":true,"href":"https:\/\/www.istegroup.com\/en\/wp-json\/wp\/v2\/product_tag?post=19133"}],"curies":[{"name":"wp","href":"https:\/\/api.w.org\/{rel}","templated":true}]}}