{"id":19121,"date":"2019-03-20T10:47:54","date_gmt":"2019-03-20T10:47:54","guid":{"rendered":"https:\/\/www.istegroup.com\/?post_type=product&#038;p=19121"},"modified":"2024-01-03T13:43:06","modified_gmt":"2024-01-03T13:43:06","slug":"transport-et-urbanisme","status":"publish","type":"product","link":"https:\/\/www.istegroup.com\/en\/produit\/transport-et-urbanisme\/","title":{"rendered":"Transport et urbanisme"},"content":{"rendered":"<p>Dans un contexte o\u00f9 le changement climatique nous oblige \u00e0 repenser nos repr\u00e9sentations,\u00a0<em>Transport et urbanisme\u00a0<\/em>explore diff\u00e9rentes pistes pour progresser vers une ville plus \u00e9conome en \u00e9nergie et plus respectueuse de l\u2019environnement.<\/p>\n<p>La planification urbaine a jusqu\u2019ici beaucoup p\u00e2ti du cloisonnement des connaissances et des pratiques. \u00c0 partir de ce constat, cet ouvrage a \u00e9t\u00e9 con\u00e7u comme un dialogue entre transport et urbanisme, mais aussi entre sciences de l\u2019ing\u00e9nieur et sciences sociales. L\u2019analyse syst\u00e9mique et l\u2019approche historique int\u00e9grant les enseignements des deux derniers si\u00e8cles constituent au plan m\u00e9thodologique le cadre dans lequel se d\u00e9ploie ce dialogue.<\/p>\n<p>Cet ouvrage s\u2019appuie sur des exemples de bonnes pratiques, identifie un ensemble de leviers d\u2019actions et propose une m\u00e9thode originale pour orienter et accompagner la transition urbaine qui laisse une large part d\u2019initiative aux acteurs concern\u00e9s.<\/p>\n<p>&nbsp;<\/p>\n<p><strong>La presse en parle<\/strong><\/p>\n<p><a style=\"color: #1e9691\" href=\"https:\/\/www.rts.ch\/info\/monde\/10534581-les-metros-lignes-de-vie.html#chap01\"><em>Radio T\u00e9l\u00e9vision Suisse, <\/em><em>24 juin 2019<\/em><\/a><\/p>\n","protected":false},"excerpt":{"rendered":"<p>Dans un contexte o\u00f9 le changement climatique nous oblige \u00e0 repenser nos repr\u00e9sentations,\u00a0Transport et urbanisme\u00a0explore diff\u00e9rentes pistes pour progresser vers une ville plus \u00e9conome en \u00e9nergie et plus respectueuse de l\u2019environnement. La planification urbaine a jusqu\u2019ici beaucoup p\u00e2ti du cloisonnement des connaissances et des pratiques. \u00c0 partir de ce constat, cet ouvrage a \u00e9t\u00e9 con\u00e7u [&hellip;]<\/p>\n","protected":false},"featured_media":19130,"template":"","meta":{"_acf_changed":false,"_links_to":"","_links_to_target":""},"product_brand":[],"product_cat":[3262],"product_tag":[],"class_list":{"0":"post-19121","1":"product","2":"type-product","3":"status-publish","4":"has-post-thumbnail","6":"product_cat-non-classe","8":"first","9":"instock","10":"shipping-taxable","11":"purchasable","12":"product-type-variable"},"acf":[],"yoast_head":"<!-- This site is optimized with the Yoast SEO plugin v27.2 - https:\/\/yoast.com\/product\/yoast-seo-wordpress\/ -->\n<title>Transport et urbanisme - ISTE Group<\/title>\n<meta name=\"description\" content=\"Transport et urbanisme\u00a0explore diff\u00e9rentes pistes pour progresser vers une ville plus \u00e9conome en \u00e9nergie et plus respectueuse de l\u2019environnement.\" \/>\n<meta name=\"robots\" content=\"index, follow, max-snippet:-1, max-image-preview:large, max-video-preview:-1\" \/>\n<link rel=\"canonical\" href=\"https:\/\/www.istegroup.com\/fr\/produit\/transport-et-urbanisme\/\" \/>\n<meta property=\"og:locale\" content=\"en_US\" \/>\n<meta property=\"og:type\" content=\"article\" \/>\n<meta property=\"og:title\" content=\"Transport et urbanisme - ISTE Group\" \/>\n<meta property=\"og:description\" content=\"Transport et urbanisme\u00a0explore diff\u00e9rentes pistes pour progresser vers une ville plus \u00e9conome en \u00e9nergie et plus respectueuse de l\u2019environnement.\" \/>\n<meta property=\"og:url\" content=\"https:\/\/www.istegroup.com\/fr\/produit\/transport-et-urbanisme\/\" \/>\n<meta property=\"og:site_name\" content=\"ISTE Group\" \/>\n<meta property=\"article:modified_time\" content=\"2024-01-03T13:43:06+00:00\" \/>\n<meta property=\"og:image\" content=\"https:\/\/www.istegroup.com\/wp-content\/uploads\/2019\/03\/Laterrasse_Front.jpg\" \/>\n\t<meta property=\"og:image:width\" content=\"602\" \/>\n\t<meta property=\"og:image:height\" content=\"911\" \/>\n\t<meta property=\"og:image:type\" content=\"image\/jpeg\" \/>\n<meta name=\"twitter:card\" content=\"summary_large_image\" \/>\n<meta name=\"twitter:label1\" content=\"Est. reading time\" \/>\n\t<meta name=\"twitter:data1\" content=\"1 minute\" \/>\n<script type=\"application\/ld+json\" class=\"yoast-schema-graph\">{\"@context\":\"https:\/\/schema.org\",\"@graph\":[{\"@type\":\"WebPage\",\"@id\":\"https:\/\/www.istegroup.com\/fr\/produit\/transport-et-urbanisme\/\",\"url\":\"https:\/\/www.istegroup.com\/fr\/produit\/transport-et-urbanisme\/\",\"name\":\"Transport et urbanisme - ISTE Group\",\"isPartOf\":{\"@id\":\"https:\/\/www.istegroup.com\/#website\"},\"primaryImageOfPage\":{\"@id\":\"https:\/\/www.istegroup.com\/fr\/produit\/transport-et-urbanisme\/#primaryimage\"},\"image\":{\"@id\":\"https:\/\/www.istegroup.com\/fr\/produit\/transport-et-urbanisme\/#primaryimage\"},\"thumbnailUrl\":\"https:\/\/www.istegroup.com\/wp-content\/uploads\/2019\/03\/Laterrasse_Front.jpg\",\"datePublished\":\"2019-03-20T10:47:54+00:00\",\"dateModified\":\"2024-01-03T13:43:06+00:00\",\"description\":\"Transport et urbanisme\u00a0explore diff\u00e9rentes pistes pour progresser vers une ville plus \u00e9conome en \u00e9nergie et plus respectueuse de l\u2019environnement.\",\"breadcrumb\":{\"@id\":\"https:\/\/www.istegroup.com\/fr\/produit\/transport-et-urbanisme\/#breadcrumb\"},\"inLanguage\":\"en-US\",\"potentialAction\":[{\"@type\":\"ReadAction\",\"target\":[\"https:\/\/www.istegroup.com\/fr\/produit\/transport-et-urbanisme\/\"]}]},{\"@type\":\"ImageObject\",\"inLanguage\":\"en-US\",\"@id\":\"https:\/\/www.istegroup.com\/fr\/produit\/transport-et-urbanisme\/#primaryimage\",\"url\":\"https:\/\/www.istegroup.com\/wp-content\/uploads\/2019\/03\/Laterrasse_Front.jpg\",\"contentUrl\":\"https:\/\/www.istegroup.com\/wp-content\/uploads\/2019\/03\/Laterrasse_Front.jpg\",\"width\":602,\"height\":911,\"caption\":\"La ville en qu\u00eate de d\u00e9veloppement soutenable\"},{\"@type\":\"BreadcrumbList\",\"@id\":\"https:\/\/www.istegroup.com\/fr\/produit\/transport-et-urbanisme\/#breadcrumb\",\"itemListElement\":[{\"@type\":\"ListItem\",\"position\":1,\"name\":\"Home\",\"item\":\"https:\/\/www.istegroup.com\/\"},{\"@type\":\"ListItem\",\"position\":2,\"name\":\"Shop\",\"item\":\"https:\/\/www.istegroup.com\/fr\/nouveautes\/\"},{\"@type\":\"ListItem\",\"position\":3,\"name\":\"Transport et urbanisme\"}]},{\"@type\":\"WebSite\",\"@id\":\"https:\/\/www.istegroup.com\/#website\",\"url\":\"https:\/\/www.istegroup.com\/\",\"name\":\"ISTE Group\",\"description\":\"Publishing Knowledge\",\"potentialAction\":[{\"@type\":\"SearchAction\",\"target\":{\"@type\":\"EntryPoint\",\"urlTemplate\":\"https:\/\/www.istegroup.com\/?s={search_term_string}\"},\"query-input\":{\"@type\":\"PropertyValueSpecification\",\"valueRequired\":true,\"valueName\":\"search_term_string\"}}],\"inLanguage\":\"en-US\"}]}<\/script>\n<!-- \/ Yoast SEO plugin. -->","yoast_head_json":{"title":"Transport et urbanisme - ISTE Group","description":"Transport et urbanisme\u00a0explore diff\u00e9rentes pistes pour progresser vers une ville plus \u00e9conome en \u00e9nergie et plus respectueuse de l\u2019environnement.","robots":{"index":"index","follow":"follow","max-snippet":"max-snippet:-1","max-image-preview":"max-image-preview:large","max-video-preview":"max-video-preview:-1"},"canonical":"https:\/\/www.istegroup.com\/fr\/produit\/transport-et-urbanisme\/","og_locale":"en_US","og_type":"article","og_title":"Transport et urbanisme - ISTE Group","og_description":"Transport et urbanisme\u00a0explore diff\u00e9rentes pistes pour progresser vers une ville plus \u00e9conome en \u00e9nergie et plus respectueuse de l\u2019environnement.","og_url":"https:\/\/www.istegroup.com\/fr\/produit\/transport-et-urbanisme\/","og_site_name":"ISTE Group","article_modified_time":"2024-01-03T13:43:06+00:00","og_image":[{"width":602,"height":911,"url":"https:\/\/www.istegroup.com\/wp-content\/uploads\/2019\/03\/Laterrasse_Front.jpg","type":"image\/jpeg"}],"twitter_card":"summary_large_image","twitter_misc":{"Est. reading time":"1 minute"},"schema":{"@context":"https:\/\/schema.org","@graph":[{"@type":"WebPage","@id":"https:\/\/www.istegroup.com\/fr\/produit\/transport-et-urbanisme\/","url":"https:\/\/www.istegroup.com\/fr\/produit\/transport-et-urbanisme\/","name":"Transport et urbanisme - ISTE Group","isPartOf":{"@id":"https:\/\/www.istegroup.com\/#website"},"primaryImageOfPage":{"@id":"https:\/\/www.istegroup.com\/fr\/produit\/transport-et-urbanisme\/#primaryimage"},"image":{"@id":"https:\/\/www.istegroup.com\/fr\/produit\/transport-et-urbanisme\/#primaryimage"},"thumbnailUrl":"https:\/\/www.istegroup.com\/wp-content\/uploads\/2019\/03\/Laterrasse_Front.jpg","datePublished":"2019-03-20T10:47:54+00:00","dateModified":"2024-01-03T13:43:06+00:00","description":"Transport et urbanisme\u00a0explore diff\u00e9rentes pistes pour progresser vers une ville plus \u00e9conome en \u00e9nergie et plus respectueuse de l\u2019environnement.","breadcrumb":{"@id":"https:\/\/www.istegroup.com\/fr\/produit\/transport-et-urbanisme\/#breadcrumb"},"inLanguage":"en-US","potentialAction":[{"@type":"ReadAction","target":["https:\/\/www.istegroup.com\/fr\/produit\/transport-et-urbanisme\/"]}]},{"@type":"ImageObject","inLanguage":"en-US","@id":"https:\/\/www.istegroup.com\/fr\/produit\/transport-et-urbanisme\/#primaryimage","url":"https:\/\/www.istegroup.com\/wp-content\/uploads\/2019\/03\/Laterrasse_Front.jpg","contentUrl":"https:\/\/www.istegroup.com\/wp-content\/uploads\/2019\/03\/Laterrasse_Front.jpg","width":602,"height":911,"caption":"La ville en qu\u00eate de d\u00e9veloppement soutenable"},{"@type":"BreadcrumbList","@id":"https:\/\/www.istegroup.com\/fr\/produit\/transport-et-urbanisme\/#breadcrumb","itemListElement":[{"@type":"ListItem","position":1,"name":"Home","item":"https:\/\/www.istegroup.com\/"},{"@type":"ListItem","position":2,"name":"Shop","item":"https:\/\/www.istegroup.com\/fr\/nouveautes\/"},{"@type":"ListItem","position":3,"name":"Transport et urbanisme"}]},{"@type":"WebSite","@id":"https:\/\/www.istegroup.com\/#website","url":"https:\/\/www.istegroup.com\/","name":"ISTE Group","description":"Publishing Knowledge","potentialAction":[{"@type":"SearchAction","target":{"@type":"EntryPoint","urlTemplate":"https:\/\/www.istegroup.com\/?s={search_term_string}"},"query-input":{"@type":"PropertyValueSpecification","valueRequired":true,"valueName":"search_term_string"}}],"inLanguage":"en-US"}]}},"_links":{"self":[{"href":"https:\/\/www.istegroup.com\/en\/wp-json\/wp\/v2\/product\/19121","targetHints":{"allow":["GET"]}}],"collection":[{"href":"https:\/\/www.istegroup.com\/en\/wp-json\/wp\/v2\/product"}],"about":[{"href":"https:\/\/www.istegroup.com\/en\/wp-json\/wp\/v2\/types\/product"}],"wp:featuredmedia":[{"embeddable":true,"href":"https:\/\/www.istegroup.com\/en\/wp-json\/wp\/v2\/media\/19130"}],"wp:attachment":[{"href":"https:\/\/www.istegroup.com\/en\/wp-json\/wp\/v2\/media?parent=19121"}],"wp:term":[{"taxonomy":"product_brand","embeddable":true,"href":"https:\/\/www.istegroup.com\/en\/wp-json\/wp\/v2\/product_brand?post=19121"},{"taxonomy":"product_cat","embeddable":true,"href":"https:\/\/www.istegroup.com\/en\/wp-json\/wp\/v2\/product_cat?post=19121"},{"taxonomy":"product_tag","embeddable":true,"href":"https:\/\/www.istegroup.com\/en\/wp-json\/wp\/v2\/product_tag?post=19121"}],"curies":[{"name":"wp","href":"https:\/\/api.w.org\/{rel}","templated":true}]}}