{"id":19108,"date":"2019-03-20T10:26:14","date_gmt":"2019-03-20T10:26:14","guid":{"rendered":"https:\/\/www.istegroup.com\/?post_type=product&#038;p=19108"},"modified":"2024-01-03T13:43:06","modified_gmt":"2024-01-03T13:43:06","slug":"management-des-situations-extremes","status":"publish","type":"product","link":"https:\/\/www.istegroup.com\/en\/produit\/management-des-situations-extremes\/","title":{"rendered":"Management des situations extr\u00eames"},"content":{"rendered":"<p>Alors que l\u2019extr\u00eame s\u2019invite plus fr\u00e9quemment dans nos soci\u00e9t\u00e9s, dans nos \u00e9conomies, dans nos organisations et prend des formes vari\u00e9es (innovation de rupture, urgence climatique, crise financi\u00e8re, sport \u00e0 risque), un programme ambitieux s\u2019engage au XXIe si\u00e8cle dans l\u2019agenda des sciences de gestion autour de l\u2019inconnu, de l\u2019\u00e9volutivit\u00e9, de l\u2019incertitude et du risque.<\/p>\n<p><em>Management des situations extr\u00eames<\/em>\u00a0pr\u00e9sente les travaux de recherche issus du colloque organis\u00e9 dans le cadre du Centre culturel international de Cerisy en 2016. Il t\u00e9moigne de l\u2019existence d\u2019une communaut\u00e9 francophone internationale qui rassemble, autour des sciences de gestion, diff\u00e9rentes disciplines \u00e9tudiant le concept de management des situations extr\u00eames.<\/p>\n<p>\u00c0 travers l\u2019analyse de terrains vari\u00e9s (exp\u00e9ditions polaires et en haute montagne, services secours incendie, projets d\u2019exploration dans le domaine militaire, industries cr\u00e9atives, etc.), cet ouvrage offre une premi\u00e8re grammaire de l\u2019extr\u00eame. Il pr\u00e9sente une heuristique du management de ces situations, notamment en termes de construction de sens, d\u2019ambidextrie organisationnelle et d\u2019expansion des connaissances.<\/p>\n","protected":false},"excerpt":{"rendered":"<p>Alors que l\u2019extr\u00eame s\u2019invite plus fr\u00e9quemment dans nos soci\u00e9t\u00e9s, dans nos \u00e9conomies, dans nos organisations et prend des formes vari\u00e9es (innovation de rupture, urgence climatique, crise financi\u00e8re, sport \u00e0 risque), un programme ambitieux s\u2019engage au XXIe si\u00e8cle dans l\u2019agenda des sciences de gestion autour de l\u2019inconnu, de l\u2019\u00e9volutivit\u00e9, de l\u2019incertitude et du risque. Management des [&hellip;]<\/p>\n","protected":false},"featured_media":19119,"template":"","meta":{"_acf_changed":false,"_links_to":"","_links_to_target":""},"product_brand":[],"product_cat":[3262],"product_tag":[],"class_list":{"0":"post-19108","1":"product","2":"type-product","3":"status-publish","4":"has-post-thumbnail","6":"product_cat-non-classe","8":"first","9":"instock","10":"shipping-taxable","11":"purchasable","12":"product-type-variable"},"acf":[],"yoast_head":"<!-- This site is optimized with the Yoast SEO plugin v27.2 - https:\/\/yoast.com\/product\/yoast-seo-wordpress\/ -->\n<title>Management des situations extr\u00eames - ISTE Group<\/title>\n<meta name=\"description\" content=\"Management des situations extr\u00eames\u00a0pr\u00e9sente les travaux de recherche issus du colloque organis\u00e9 dans le cadre du Centre culturel international de Cerisy en 2016.\" \/>\n<meta name=\"robots\" content=\"index, follow, max-snippet:-1, max-image-preview:large, max-video-preview:-1\" \/>\n<link rel=\"canonical\" href=\"https:\/\/www.istegroup.com\/en\/produit\/management-des-situations-extremes\/\" \/>\n<meta property=\"og:locale\" content=\"en_US\" \/>\n<meta property=\"og:type\" content=\"article\" \/>\n<meta property=\"og:title\" content=\"Management des situations extr\u00eames - ISTE Group\" \/>\n<meta property=\"og:description\" content=\"Management des situations extr\u00eames\u00a0pr\u00e9sente les travaux de recherche issus du colloque organis\u00e9 dans le cadre du Centre culturel international de Cerisy en 2016.\" \/>\n<meta property=\"og:url\" content=\"https:\/\/www.istegroup.com\/en\/produit\/management-des-situations-extremes\/\" \/>\n<meta property=\"og:site_name\" content=\"ISTE Group\" \/>\n<meta property=\"article:modified_time\" content=\"2024-01-03T13:43:06+00:00\" \/>\n<meta property=\"og:image\" content=\"https:\/\/www.istegroup.com\/wp-content\/uploads\/2019\/03\/Li\u00e8vre_Front-scaled.jpg\" \/>\n\t<meta property=\"og:image:width\" content=\"1693\" \/>\n\t<meta property=\"og:image:height\" content=\"2560\" \/>\n\t<meta property=\"og:image:type\" content=\"image\/jpeg\" \/>\n<meta name=\"twitter:card\" content=\"summary_large_image\" \/>\n<meta name=\"twitter:label1\" content=\"Est. reading time\" \/>\n\t<meta name=\"twitter:data1\" content=\"1 minute\" \/>\n<script type=\"application\/ld+json\" class=\"yoast-schema-graph\">{\"@context\":\"https:\/\/schema.org\",\"@graph\":[{\"@type\":\"WebPage\",\"@id\":\"https:\/\/www.istegroup.com\/en\/produit\/management-des-situations-extremes\/\",\"url\":\"https:\/\/www.istegroup.com\/en\/produit\/management-des-situations-extremes\/\",\"name\":\"Management des situations extr\u00eames - ISTE Group\",\"isPartOf\":{\"@id\":\"https:\/\/www.istegroup.com\/#website\"},\"primaryImageOfPage\":{\"@id\":\"https:\/\/www.istegroup.com\/en\/produit\/management-des-situations-extremes\/#primaryimage\"},\"image\":{\"@id\":\"https:\/\/www.istegroup.com\/en\/produit\/management-des-situations-extremes\/#primaryimage\"},\"thumbnailUrl\":\"https:\/\/www.istegroup.com\/wp-content\/uploads\/2019\/03\/Li\u00e8vre_Front-scaled.jpg\",\"datePublished\":\"2019-03-20T10:26:14+00:00\",\"dateModified\":\"2024-01-03T13:43:06+00:00\",\"description\":\"Management des situations extr\u00eames\u00a0pr\u00e9sente les travaux de recherche issus du colloque organis\u00e9 dans le cadre du Centre culturel international de Cerisy en 2016.\",\"breadcrumb\":{\"@id\":\"https:\/\/www.istegroup.com\/en\/produit\/management-des-situations-extremes\/#breadcrumb\"},\"inLanguage\":\"en-US\",\"potentialAction\":[{\"@type\":\"ReadAction\",\"target\":[\"https:\/\/www.istegroup.com\/en\/produit\/management-des-situations-extremes\/\"]}]},{\"@type\":\"ImageObject\",\"inLanguage\":\"en-US\",\"@id\":\"https:\/\/www.istegroup.com\/en\/produit\/management-des-situations-extremes\/#primaryimage\",\"url\":\"https:\/\/www.istegroup.com\/wp-content\/uploads\/2019\/03\/Li\u00e8vre_Front-scaled.jpg\",\"contentUrl\":\"https:\/\/www.istegroup.com\/wp-content\/uploads\/2019\/03\/Li\u00e8vre_Front-scaled.jpg\",\"width\":1693,\"height\":2560,\"caption\":\"Des exp\u00e9ditions polaires aux organisations orient\u00e9es exploration Colloque de Cerisy\"},{\"@type\":\"BreadcrumbList\",\"@id\":\"https:\/\/www.istegroup.com\/en\/produit\/management-des-situations-extremes\/#breadcrumb\",\"itemListElement\":[{\"@type\":\"ListItem\",\"position\":1,\"name\":\"Home\",\"item\":\"https:\/\/www.istegroup.com\/\"},{\"@type\":\"ListItem\",\"position\":2,\"name\":\"Shop\",\"item\":\"https:\/\/www.istegroup.com\/fr\/nouveautes\/\"},{\"@type\":\"ListItem\",\"position\":3,\"name\":\"Management des situations extr\u00eames\"}]},{\"@type\":\"WebSite\",\"@id\":\"https:\/\/www.istegroup.com\/#website\",\"url\":\"https:\/\/www.istegroup.com\/\",\"name\":\"ISTE Group\",\"description\":\"Publishing Knowledge\",\"potentialAction\":[{\"@type\":\"SearchAction\",\"target\":{\"@type\":\"EntryPoint\",\"urlTemplate\":\"https:\/\/www.istegroup.com\/?s={search_term_string}\"},\"query-input\":{\"@type\":\"PropertyValueSpecification\",\"valueRequired\":true,\"valueName\":\"search_term_string\"}}],\"inLanguage\":\"en-US\"}]}<\/script>\n<!-- \/ Yoast SEO plugin. -->","yoast_head_json":{"title":"Management des situations extr\u00eames - ISTE Group","description":"Management des situations extr\u00eames\u00a0pr\u00e9sente les travaux de recherche issus du colloque organis\u00e9 dans le cadre du Centre culturel international de Cerisy en 2016.","robots":{"index":"index","follow":"follow","max-snippet":"max-snippet:-1","max-image-preview":"max-image-preview:large","max-video-preview":"max-video-preview:-1"},"canonical":"https:\/\/www.istegroup.com\/en\/produit\/management-des-situations-extremes\/","og_locale":"en_US","og_type":"article","og_title":"Management des situations extr\u00eames - ISTE Group","og_description":"Management des situations extr\u00eames\u00a0pr\u00e9sente les travaux de recherche issus du colloque organis\u00e9 dans le cadre du Centre culturel international de Cerisy en 2016.","og_url":"https:\/\/www.istegroup.com\/en\/produit\/management-des-situations-extremes\/","og_site_name":"ISTE Group","article_modified_time":"2024-01-03T13:43:06+00:00","og_image":[{"width":1693,"height":2560,"url":"https:\/\/www.istegroup.com\/wp-content\/uploads\/2019\/03\/Li\u00e8vre_Front-scaled.jpg","type":"image\/jpeg"}],"twitter_card":"summary_large_image","twitter_misc":{"Est. reading time":"1 minute"},"schema":{"@context":"https:\/\/schema.org","@graph":[{"@type":"WebPage","@id":"https:\/\/www.istegroup.com\/en\/produit\/management-des-situations-extremes\/","url":"https:\/\/www.istegroup.com\/en\/produit\/management-des-situations-extremes\/","name":"Management des situations extr\u00eames - ISTE Group","isPartOf":{"@id":"https:\/\/www.istegroup.com\/#website"},"primaryImageOfPage":{"@id":"https:\/\/www.istegroup.com\/en\/produit\/management-des-situations-extremes\/#primaryimage"},"image":{"@id":"https:\/\/www.istegroup.com\/en\/produit\/management-des-situations-extremes\/#primaryimage"},"thumbnailUrl":"https:\/\/www.istegroup.com\/wp-content\/uploads\/2019\/03\/Li\u00e8vre_Front-scaled.jpg","datePublished":"2019-03-20T10:26:14+00:00","dateModified":"2024-01-03T13:43:06+00:00","description":"Management des situations extr\u00eames\u00a0pr\u00e9sente les travaux de recherche issus du colloque organis\u00e9 dans le cadre du Centre culturel international de Cerisy en 2016.","breadcrumb":{"@id":"https:\/\/www.istegroup.com\/en\/produit\/management-des-situations-extremes\/#breadcrumb"},"inLanguage":"en-US","potentialAction":[{"@type":"ReadAction","target":["https:\/\/www.istegroup.com\/en\/produit\/management-des-situations-extremes\/"]}]},{"@type":"ImageObject","inLanguage":"en-US","@id":"https:\/\/www.istegroup.com\/en\/produit\/management-des-situations-extremes\/#primaryimage","url":"https:\/\/www.istegroup.com\/wp-content\/uploads\/2019\/03\/Li\u00e8vre_Front-scaled.jpg","contentUrl":"https:\/\/www.istegroup.com\/wp-content\/uploads\/2019\/03\/Li\u00e8vre_Front-scaled.jpg","width":1693,"height":2560,"caption":"Des exp\u00e9ditions polaires aux organisations orient\u00e9es exploration Colloque de Cerisy"},{"@type":"BreadcrumbList","@id":"https:\/\/www.istegroup.com\/en\/produit\/management-des-situations-extremes\/#breadcrumb","itemListElement":[{"@type":"ListItem","position":1,"name":"Home","item":"https:\/\/www.istegroup.com\/"},{"@type":"ListItem","position":2,"name":"Shop","item":"https:\/\/www.istegroup.com\/fr\/nouveautes\/"},{"@type":"ListItem","position":3,"name":"Management des situations extr\u00eames"}]},{"@type":"WebSite","@id":"https:\/\/www.istegroup.com\/#website","url":"https:\/\/www.istegroup.com\/","name":"ISTE Group","description":"Publishing Knowledge","potentialAction":[{"@type":"SearchAction","target":{"@type":"EntryPoint","urlTemplate":"https:\/\/www.istegroup.com\/?s={search_term_string}"},"query-input":{"@type":"PropertyValueSpecification","valueRequired":true,"valueName":"search_term_string"}}],"inLanguage":"en-US"}]}},"_links":{"self":[{"href":"https:\/\/www.istegroup.com\/en\/wp-json\/wp\/v2\/product\/19108","targetHints":{"allow":["GET"]}}],"collection":[{"href":"https:\/\/www.istegroup.com\/en\/wp-json\/wp\/v2\/product"}],"about":[{"href":"https:\/\/www.istegroup.com\/en\/wp-json\/wp\/v2\/types\/product"}],"wp:featuredmedia":[{"embeddable":true,"href":"https:\/\/www.istegroup.com\/en\/wp-json\/wp\/v2\/media\/19119"}],"wp:attachment":[{"href":"https:\/\/www.istegroup.com\/en\/wp-json\/wp\/v2\/media?parent=19108"}],"wp:term":[{"taxonomy":"product_brand","embeddable":true,"href":"https:\/\/www.istegroup.com\/en\/wp-json\/wp\/v2\/product_brand?post=19108"},{"taxonomy":"product_cat","embeddable":true,"href":"https:\/\/www.istegroup.com\/en\/wp-json\/wp\/v2\/product_cat?post=19108"},{"taxonomy":"product_tag","embeddable":true,"href":"https:\/\/www.istegroup.com\/en\/wp-json\/wp\/v2\/product_tag?post=19108"}],"curies":[{"name":"wp","href":"https:\/\/api.w.org\/{rel}","templated":true}]}}