{"id":191,"date":"2017-07-28T11:02:42","date_gmt":"2017-07-28T09:02:42","guid":{"rendered":"https:\/\/iste.yhello.co\/product\/dynemicine-a-uncialamycine-et-analogues\/"},"modified":"2024-01-03T13:38:47","modified_gmt":"2024-01-03T13:38:47","slug":"dynemicine-a-uncialamycine-et-analogues","status":"publish","type":"product","link":"https:\/\/www.istegroup.com\/en\/produit\/dynemicine-a-uncialamycine-et-analogues\/","title":{"rendered":"Dyn\u00e9micine A, uncialamycine et analogues"},"content":{"rendered":"<p>Les \u00e8nediynes comptent parmi les produits naturels les plus actifs en termes de cytotoxicit\u00e9 et d\u2019activit\u00e9 antibact\u00e9rienne, leur conf\u00e9rant un potentiel important pour le d\u00e9veloppement de traitements anticanc\u00e9reux dans le futur. Cependant, ils sont peu abondants et peuvent \u00eatre rapidement d\u00e9grad\u00e9s au moment des op\u00e9rations d\u2019isolement. L\u2019une des solutions pour contourner ces difficult\u00e9s est d\u2019avoir recours \u00e0 la synth\u00e8se totale comme voie d\u2019acc\u00e8s.<\/p>\n<p>Dans cet ouvrage sont pr\u00e9sent\u00e9s la dyn\u00e9micine A et l\u2019uncialamycine, deux \u00e8nediynes naturels de structures voisines dont les synth\u00e8ses totales ont \u00e9t\u00e9 accomplies, ainsi que la pr\u00e9paration d\u2019analogues structuraux \u00e0 des fins d\u2019optimisation de l\u2019activit\u00e9 anti-cancer. Les strat\u00e9gies de synth\u00e8se retenues sont mises en avant, tandis que les \u00e9tudes des activit\u00e9s biologiques sont donn\u00e9es afin de faire ressortir les \u00e9l\u00e9ments structuraux des compos\u00e9s essentiels \u00e0 ces activit\u00e9s.<\/p>\n","protected":false},"excerpt":{"rendered":"<p>Les \u00e8nediynes comptent parmi les produits naturels les plus actifs en termes de cytotoxicit\u00e9 et d\u2019activit\u00e9 antibact\u00e9rienne, leur conf\u00e9rant un potentiel important pour le d\u00e9veloppement de traitements anticanc\u00e9reux dans le futur. Cependant, ils sont peu abondants et peuvent \u00eatre rapidement d\u00e9grad\u00e9s au moment des op\u00e9rations d\u2019isolement. L\u2019une des solutions pour contourner ces difficult\u00e9s est d\u2019avoir [&hellip;]<\/p>\n","protected":false},"featured_media":192,"template":"","meta":{"_acf_changed":false,"_links_to":"","_links_to_target":""},"product_brand":[],"product_cat":[657,675],"product_tag":[1066,1067,1068,1069,31,196,1076,1070,197,198,199,21,200,22,201,203,204,63,25,172,209,1071,212,38,192,145,28,1072,1073,1074,1075],"class_list":{"0":"post-191","1":"product","2":"type-product","3":"status-publish","4":"has-post-thumbnail","6":"product_cat-chimie-molculaire-verte-mdicinale-et-pharmaceutique-11476895","7":"product_cat-nouveauts-12519446","8":"product_tag-activites-biologiques","9":"product_tag-analogues","10":"product_tag-daniel-best","11":"product_tag-dynemicine-a","12":"product_tag-ebook","13":"product_tag-ebooks","14":"product_tag-enediyne","15":"product_tag-isolement","16":"product_tag-iste","17":"product_tag-iste-edition","18":"product_tag-iste-editions","19":"product_tag-iste-group","20":"product_tag-isteedition","21":"product_tag-istegroup","22":"product_tag-kindle","23":"product_tag-liseuse","24":"product_tag-livre","25":"product_tag-livre-electronique","26":"product_tag-livre-numerique","27":"product_tag-livre-scientifique","28":"product_tag-livres-scientifiques","29":"product_tag-mickael-jean","30":"product_tag-ouvrage","31":"product_tag-ouvrage-numerique","32":"product_tag-ouvrage-science","33":"product_tag-ouvrage-scientifique","34":"product_tag-ouvrage-scientifique-francais","35":"product_tag-pierre-van-de-weghe","36":"product_tag-synthese","37":"product_tag-uncialamycine","38":"product_tag-uncialamycine-et-analogues","40":"first","41":"instock","42":"shipping-taxable","43":"purchasable","44":"product-type-variable"},"acf":[],"yoast_head":"<!-- This site is optimized with the Yoast SEO plugin v27.2 - https:\/\/yoast.com\/product\/yoast-seo-wordpress\/ -->\n<title>Dyn\u00e9micine A, uncialamycine et analogues - ISTE Group<\/title>\n<meta name=\"description\" content=\"Dans cet ouvrage sont pr\u00e9sent\u00e9s la dyn\u00e9micine A et l\u2019uncialamycine, deux \u00e8nediynes naturels de structures voisines dont les synth\u00e8ses totales ont \u00e9t\u00e9 accomplies\" \/>\n<meta name=\"robots\" content=\"index, follow, max-snippet:-1, max-image-preview:large, max-video-preview:-1\" \/>\n<link rel=\"canonical\" href=\"https:\/\/www.istegroup.com\/fr\/produit\/dynemicine-a-uncialamycine-et-analogues\/\" \/>\n<meta property=\"og:locale\" content=\"en_US\" \/>\n<meta property=\"og:type\" content=\"article\" \/>\n<meta property=\"og:title\" content=\"Dyn\u00e9micine A, uncialamycine et analogues - ISTE Group\" \/>\n<meta property=\"og:description\" content=\"Dans cet ouvrage sont pr\u00e9sent\u00e9s la dyn\u00e9micine A et l\u2019uncialamycine, deux \u00e8nediynes naturels de structures voisines dont les synth\u00e8ses totales ont \u00e9t\u00e9 accomplies\" \/>\n<meta property=\"og:url\" content=\"https:\/\/www.istegroup.com\/fr\/produit\/dynemicine-a-uncialamycine-et-analogues\/\" \/>\n<meta property=\"og:site_name\" content=\"ISTE Group\" \/>\n<meta property=\"article:modified_time\" content=\"2024-01-03T13:38:47+00:00\" \/>\n<meta property=\"og:image\" content=\"https:\/\/www.istegroup.com\/wp-content\/uploads\/2017\/07\/11263429700_4642465284-1.jpg\" \/>\n\t<meta property=\"og:image:width\" content=\"1361\" \/>\n\t<meta property=\"og:image:height\" content=\"2048\" \/>\n\t<meta property=\"og:image:type\" content=\"image\/jpeg\" \/>\n<meta name=\"twitter:card\" content=\"summary_large_image\" \/>\n<meta name=\"twitter:label1\" content=\"Est. reading time\" \/>\n\t<meta name=\"twitter:data1\" content=\"1 minute\" \/>\n<script type=\"application\/ld+json\" class=\"yoast-schema-graph\">{\"@context\":\"https:\/\/schema.org\",\"@graph\":[{\"@type\":\"WebPage\",\"@id\":\"https:\/\/www.istegroup.com\/fr\/produit\/dynemicine-a-uncialamycine-et-analogues\/\",\"url\":\"https:\/\/www.istegroup.com\/fr\/produit\/dynemicine-a-uncialamycine-et-analogues\/\",\"name\":\"Dyn\u00e9micine A, uncialamycine et analogues - ISTE Group\",\"isPartOf\":{\"@id\":\"https:\/\/www.istegroup.com\/#website\"},\"primaryImageOfPage\":{\"@id\":\"https:\/\/www.istegroup.com\/fr\/produit\/dynemicine-a-uncialamycine-et-analogues\/#primaryimage\"},\"image\":{\"@id\":\"https:\/\/www.istegroup.com\/fr\/produit\/dynemicine-a-uncialamycine-et-analogues\/#primaryimage\"},\"thumbnailUrl\":\"https:\/\/www.istegroup.com\/wp-content\/uploads\/2017\/07\/11263429700_4642465284-1.jpg\",\"datePublished\":\"2017-07-28T09:02:42+00:00\",\"dateModified\":\"2024-01-03T13:38:47+00:00\",\"description\":\"Dans cet ouvrage sont pr\u00e9sent\u00e9s la dyn\u00e9micine A et l\u2019uncialamycine, deux \u00e8nediynes naturels de structures voisines dont les synth\u00e8ses totales ont \u00e9t\u00e9 accomplies\",\"breadcrumb\":{\"@id\":\"https:\/\/www.istegroup.com\/fr\/produit\/dynemicine-a-uncialamycine-et-analogues\/#breadcrumb\"},\"inLanguage\":\"en-US\",\"potentialAction\":[{\"@type\":\"ReadAction\",\"target\":[\"https:\/\/www.istegroup.com\/fr\/produit\/dynemicine-a-uncialamycine-et-analogues\/\"]}]},{\"@type\":\"ImageObject\",\"inLanguage\":\"en-US\",\"@id\":\"https:\/\/www.istegroup.com\/fr\/produit\/dynemicine-a-uncialamycine-et-analogues\/#primaryimage\",\"url\":\"https:\/\/www.istegroup.com\/wp-content\/uploads\/2017\/07\/11263429700_4642465284-1.jpg\",\"contentUrl\":\"https:\/\/www.istegroup.com\/wp-content\/uploads\/2017\/07\/11263429700_4642465284-1.jpg\",\"width\":1361,\"height\":2048,\"caption\":\"Isolement, activit\u00e9s biologiques et synth\u00e8ses\"},{\"@type\":\"BreadcrumbList\",\"@id\":\"https:\/\/www.istegroup.com\/fr\/produit\/dynemicine-a-uncialamycine-et-analogues\/#breadcrumb\",\"itemListElement\":[{\"@type\":\"ListItem\",\"position\":1,\"name\":\"Home\",\"item\":\"https:\/\/www.istegroup.com\/\"},{\"@type\":\"ListItem\",\"position\":2,\"name\":\"Shop\",\"item\":\"https:\/\/www.istegroup.com\/fr\/nouveautes\/\"},{\"@type\":\"ListItem\",\"position\":3,\"name\":\"Dyn\u00e9micine A, uncialamycine et analogues\"}]},{\"@type\":\"WebSite\",\"@id\":\"https:\/\/www.istegroup.com\/#website\",\"url\":\"https:\/\/www.istegroup.com\/\",\"name\":\"ISTE Group\",\"description\":\"Publishing Knowledge\",\"potentialAction\":[{\"@type\":\"SearchAction\",\"target\":{\"@type\":\"EntryPoint\",\"urlTemplate\":\"https:\/\/www.istegroup.com\/?s={search_term_string}\"},\"query-input\":{\"@type\":\"PropertyValueSpecification\",\"valueRequired\":true,\"valueName\":\"search_term_string\"}}],\"inLanguage\":\"en-US\"}]}<\/script>\n<!-- \/ Yoast SEO plugin. -->","yoast_head_json":{"title":"Dyn\u00e9micine A, uncialamycine et analogues - ISTE Group","description":"Dans cet ouvrage sont pr\u00e9sent\u00e9s la dyn\u00e9micine A et l\u2019uncialamycine, deux \u00e8nediynes naturels de structures voisines dont les synth\u00e8ses totales ont \u00e9t\u00e9 accomplies","robots":{"index":"index","follow":"follow","max-snippet":"max-snippet:-1","max-image-preview":"max-image-preview:large","max-video-preview":"max-video-preview:-1"},"canonical":"https:\/\/www.istegroup.com\/fr\/produit\/dynemicine-a-uncialamycine-et-analogues\/","og_locale":"en_US","og_type":"article","og_title":"Dyn\u00e9micine A, uncialamycine et analogues - ISTE Group","og_description":"Dans cet ouvrage sont pr\u00e9sent\u00e9s la dyn\u00e9micine A et l\u2019uncialamycine, deux \u00e8nediynes naturels de structures voisines dont les synth\u00e8ses totales ont \u00e9t\u00e9 accomplies","og_url":"https:\/\/www.istegroup.com\/fr\/produit\/dynemicine-a-uncialamycine-et-analogues\/","og_site_name":"ISTE Group","article_modified_time":"2024-01-03T13:38:47+00:00","og_image":[{"width":1361,"height":2048,"url":"https:\/\/www.istegroup.com\/wp-content\/uploads\/2017\/07\/11263429700_4642465284-1.jpg","type":"image\/jpeg"}],"twitter_card":"summary_large_image","twitter_misc":{"Est. reading time":"1 minute"},"schema":{"@context":"https:\/\/schema.org","@graph":[{"@type":"WebPage","@id":"https:\/\/www.istegroup.com\/fr\/produit\/dynemicine-a-uncialamycine-et-analogues\/","url":"https:\/\/www.istegroup.com\/fr\/produit\/dynemicine-a-uncialamycine-et-analogues\/","name":"Dyn\u00e9micine A, uncialamycine et analogues - ISTE Group","isPartOf":{"@id":"https:\/\/www.istegroup.com\/#website"},"primaryImageOfPage":{"@id":"https:\/\/www.istegroup.com\/fr\/produit\/dynemicine-a-uncialamycine-et-analogues\/#primaryimage"},"image":{"@id":"https:\/\/www.istegroup.com\/fr\/produit\/dynemicine-a-uncialamycine-et-analogues\/#primaryimage"},"thumbnailUrl":"https:\/\/www.istegroup.com\/wp-content\/uploads\/2017\/07\/11263429700_4642465284-1.jpg","datePublished":"2017-07-28T09:02:42+00:00","dateModified":"2024-01-03T13:38:47+00:00","description":"Dans cet ouvrage sont pr\u00e9sent\u00e9s la dyn\u00e9micine A et l\u2019uncialamycine, deux \u00e8nediynes naturels de structures voisines dont les synth\u00e8ses totales ont \u00e9t\u00e9 accomplies","breadcrumb":{"@id":"https:\/\/www.istegroup.com\/fr\/produit\/dynemicine-a-uncialamycine-et-analogues\/#breadcrumb"},"inLanguage":"en-US","potentialAction":[{"@type":"ReadAction","target":["https:\/\/www.istegroup.com\/fr\/produit\/dynemicine-a-uncialamycine-et-analogues\/"]}]},{"@type":"ImageObject","inLanguage":"en-US","@id":"https:\/\/www.istegroup.com\/fr\/produit\/dynemicine-a-uncialamycine-et-analogues\/#primaryimage","url":"https:\/\/www.istegroup.com\/wp-content\/uploads\/2017\/07\/11263429700_4642465284-1.jpg","contentUrl":"https:\/\/www.istegroup.com\/wp-content\/uploads\/2017\/07\/11263429700_4642465284-1.jpg","width":1361,"height":2048,"caption":"Isolement, activit\u00e9s biologiques et synth\u00e8ses"},{"@type":"BreadcrumbList","@id":"https:\/\/www.istegroup.com\/fr\/produit\/dynemicine-a-uncialamycine-et-analogues\/#breadcrumb","itemListElement":[{"@type":"ListItem","position":1,"name":"Home","item":"https:\/\/www.istegroup.com\/"},{"@type":"ListItem","position":2,"name":"Shop","item":"https:\/\/www.istegroup.com\/fr\/nouveautes\/"},{"@type":"ListItem","position":3,"name":"Dyn\u00e9micine A, uncialamycine et analogues"}]},{"@type":"WebSite","@id":"https:\/\/www.istegroup.com\/#website","url":"https:\/\/www.istegroup.com\/","name":"ISTE Group","description":"Publishing Knowledge","potentialAction":[{"@type":"SearchAction","target":{"@type":"EntryPoint","urlTemplate":"https:\/\/www.istegroup.com\/?s={search_term_string}"},"query-input":{"@type":"PropertyValueSpecification","valueRequired":true,"valueName":"search_term_string"}}],"inLanguage":"en-US"}]}},"_links":{"self":[{"href":"https:\/\/www.istegroup.com\/en\/wp-json\/wp\/v2\/product\/191","targetHints":{"allow":["GET"]}}],"collection":[{"href":"https:\/\/www.istegroup.com\/en\/wp-json\/wp\/v2\/product"}],"about":[{"href":"https:\/\/www.istegroup.com\/en\/wp-json\/wp\/v2\/types\/product"}],"wp:featuredmedia":[{"embeddable":true,"href":"https:\/\/www.istegroup.com\/en\/wp-json\/wp\/v2\/media\/192"}],"wp:attachment":[{"href":"https:\/\/www.istegroup.com\/en\/wp-json\/wp\/v2\/media?parent=191"}],"wp:term":[{"taxonomy":"product_brand","embeddable":true,"href":"https:\/\/www.istegroup.com\/en\/wp-json\/wp\/v2\/product_brand?post=191"},{"taxonomy":"product_cat","embeddable":true,"href":"https:\/\/www.istegroup.com\/en\/wp-json\/wp\/v2\/product_cat?post=191"},{"taxonomy":"product_tag","embeddable":true,"href":"https:\/\/www.istegroup.com\/en\/wp-json\/wp\/v2\/product_tag?post=191"}],"curies":[{"name":"wp","href":"https:\/\/api.w.org\/{rel}","templated":true}]}}