{"id":18450,"date":"2019-03-05T12:10:32","date_gmt":"2019-03-05T12:10:32","guid":{"rendered":"https:\/\/www.istegroup.com\/?post_type=product&#038;p=18450"},"modified":"2024-01-03T13:43:06","modified_gmt":"2024-01-03T13:43:06","slug":"lembarras-du-choix-des-produits-1","status":"publish","type":"product","link":"https:\/\/www.istegroup.com\/en\/produit\/lembarras-du-choix-des-produits-1\/","title":{"rendered":"L\u2019embarras du choix des produits 1"},"content":{"rendered":"<p>L\u2019information sur les produits demeure aujourd\u2019hui trop commerciale (labels, publicit\u00e9, sites internet, vendeurs) ou technique (descriptifs, presse sp\u00e9cialis\u00e9e, mesures en laboratoire). Elle est souvent dispers\u00e9e, h\u00e9t\u00e9rog\u00e8ne et partielle. Le meilleur rapport qualit\u00e9\/prix donn\u00e9 par les organismes de consommateurs, trop simpliste, rec\u00e8le aussi des possibilit\u00e9s de mauvais choix.<\/p>\n<p><em>L\u2019embarras du choix des produits 1<\/em>\u00a0expose l\u2019\u00e9cart qui existe entre la r\u00e9alit\u00e9 des qualit\u00e9s d\u2019usage et d\u2019environnement des produits et la perception que le client en a. Soumis \u00e0 une d\u00e9sinformation pouvant aller jusqu\u2019\u00e0 l\u2019escroquerie, le consommateur-acheteur est la victime de la n\u00e9cessit\u00e9 \u00e9conomique des entreprises.<\/p>\n<p>Offrant un point de vue original sur le monde du marketing, de la publicit\u00e9 et de la vente, cet ouvrage propose un panorama des difficult\u00e9s pour le client-usager de trouver le produit dont il a r\u00e9ellement l\u2019utilit\u00e9, dans un monde satur\u00e9 d\u2019informations.<\/p>\n","protected":false},"excerpt":{"rendered":"<p>L\u2019information sur les produits demeure aujourd\u2019hui trop commerciale (labels, publicit\u00e9, sites internet, vendeurs) ou technique (descriptifs, presse sp\u00e9cialis\u00e9e, mesures en laboratoire). Elle est souvent dispers\u00e9e, h\u00e9t\u00e9rog\u00e8ne et partielle. Le meilleur rapport qualit\u00e9\/prix donn\u00e9 par les organismes de consommateurs, trop simpliste, rec\u00e8le aussi des possibilit\u00e9s de mauvais choix. L\u2019embarras du choix des produits 1\u00a0expose l\u2019\u00e9cart qui [&hellip;]<\/p>\n","protected":false},"featured_media":18454,"template":"","meta":{"_acf_changed":false,"_links_to":"","_links_to_target":""},"product_brand":[],"product_cat":[3262],"product_tag":[],"class_list":{"0":"post-18450","1":"product","2":"type-product","3":"status-publish","4":"has-post-thumbnail","6":"product_cat-non-classe","8":"first","9":"instock","10":"shipping-taxable","11":"purchasable","12":"product-type-variable"},"acf":[],"yoast_head":"<!-- This site is optimized with the Yoast SEO plugin v27.2 - https:\/\/yoast.com\/product\/yoast-seo-wordpress\/ -->\n<title>L\u2019embarras du choix des produits 1 - ISTE Group<\/title>\n<meta name=\"description\" content=\"L\u2019embarras du choix des produits 1\u00a0expose l\u2019\u00e9cart qui existe entre la r\u00e9alit\u00e9 des qualit\u00e9s d\u2019usage et d\u2019environnement des produits et la perception que le client en a.\" \/>\n<meta name=\"robots\" content=\"index, follow, max-snippet:-1, max-image-preview:large, max-video-preview:-1\" \/>\n<link rel=\"canonical\" href=\"https:\/\/www.istegroup.com\/en\/produit\/lembarras-du-choix-des-produits-1\/\" \/>\n<meta property=\"og:locale\" content=\"en_US\" \/>\n<meta property=\"og:type\" content=\"article\" \/>\n<meta property=\"og:title\" content=\"L\u2019embarras du choix des produits 1 - ISTE Group\" \/>\n<meta property=\"og:description\" content=\"L\u2019embarras du choix des produits 1\u00a0expose l\u2019\u00e9cart qui existe entre la r\u00e9alit\u00e9 des qualit\u00e9s d\u2019usage et d\u2019environnement des produits et la perception que le client en a.\" \/>\n<meta property=\"og:url\" content=\"https:\/\/www.istegroup.com\/en\/produit\/lembarras-du-choix-des-produits-1\/\" \/>\n<meta property=\"og:site_name\" content=\"ISTE Group\" \/>\n<meta property=\"article:modified_time\" content=\"2024-01-03T13:43:06+00:00\" \/>\n<meta property=\"og:image\" content=\"https:\/\/www.istegroup.com\/wp-content\/uploads\/2019\/03\/Millot-1_Front-scaled.jpg\" \/>\n\t<meta property=\"og:image:width\" content=\"1700\" \/>\n\t<meta property=\"og:image:height\" content=\"2560\" \/>\n\t<meta property=\"og:image:type\" content=\"image\/jpeg\" \/>\n<meta name=\"twitter:card\" content=\"summary_large_image\" \/>\n<meta name=\"twitter:label1\" content=\"Est. reading time\" \/>\n\t<meta name=\"twitter:data1\" content=\"1 minute\" \/>\n<script type=\"application\/ld+json\" class=\"yoast-schema-graph\">{\"@context\":\"https:\/\/schema.org\",\"@graph\":[{\"@type\":\"WebPage\",\"@id\":\"https:\/\/www.istegroup.com\/en\/produit\/lembarras-du-choix-des-produits-1\/\",\"url\":\"https:\/\/www.istegroup.com\/en\/produit\/lembarras-du-choix-des-produits-1\/\",\"name\":\"L\u2019embarras du choix des produits 1 - ISTE Group\",\"isPartOf\":{\"@id\":\"https:\/\/www.istegroup.com\/#website\"},\"primaryImageOfPage\":{\"@id\":\"https:\/\/www.istegroup.com\/en\/produit\/lembarras-du-choix-des-produits-1\/#primaryimage\"},\"image\":{\"@id\":\"https:\/\/www.istegroup.com\/en\/produit\/lembarras-du-choix-des-produits-1\/#primaryimage\"},\"thumbnailUrl\":\"https:\/\/www.istegroup.com\/wp-content\/uploads\/2019\/03\/Millot-1_Front-scaled.jpg\",\"datePublished\":\"2019-03-05T12:10:32+00:00\",\"dateModified\":\"2024-01-03T13:43:06+00:00\",\"description\":\"L\u2019embarras du choix des produits 1\u00a0expose l\u2019\u00e9cart qui existe entre la r\u00e9alit\u00e9 des qualit\u00e9s d\u2019usage et d\u2019environnement des produits et la perception que le client en a.\",\"breadcrumb\":{\"@id\":\"https:\/\/www.istegroup.com\/en\/produit\/lembarras-du-choix-des-produits-1\/#breadcrumb\"},\"inLanguage\":\"en-US\",\"potentialAction\":[{\"@type\":\"ReadAction\",\"target\":[\"https:\/\/www.istegroup.com\/en\/produit\/lembarras-du-choix-des-produits-1\/\"]}]},{\"@type\":\"ImageObject\",\"inLanguage\":\"en-US\",\"@id\":\"https:\/\/www.istegroup.com\/en\/produit\/lembarras-du-choix-des-produits-1\/#primaryimage\",\"url\":\"https:\/\/www.istegroup.com\/wp-content\/uploads\/2019\/03\/Millot-1_Front-scaled.jpg\",\"contentUrl\":\"https:\/\/www.istegroup.com\/wp-content\/uploads\/2019\/03\/Millot-1_Front-scaled.jpg\",\"width\":1700,\"height\":2560,\"caption\":\"Comment consommer diff\u00e9remment\"},{\"@type\":\"BreadcrumbList\",\"@id\":\"https:\/\/www.istegroup.com\/en\/produit\/lembarras-du-choix-des-produits-1\/#breadcrumb\",\"itemListElement\":[{\"@type\":\"ListItem\",\"position\":1,\"name\":\"Home\",\"item\":\"https:\/\/www.istegroup.com\/\"},{\"@type\":\"ListItem\",\"position\":2,\"name\":\"Shop\",\"item\":\"https:\/\/www.istegroup.com\/fr\/nouveautes\/\"},{\"@type\":\"ListItem\",\"position\":3,\"name\":\"L\u2019embarras du choix des produits 1\"}]},{\"@type\":\"WebSite\",\"@id\":\"https:\/\/www.istegroup.com\/#website\",\"url\":\"https:\/\/www.istegroup.com\/\",\"name\":\"ISTE Group\",\"description\":\"Publishing Knowledge\",\"potentialAction\":[{\"@type\":\"SearchAction\",\"target\":{\"@type\":\"EntryPoint\",\"urlTemplate\":\"https:\/\/www.istegroup.com\/?s={search_term_string}\"},\"query-input\":{\"@type\":\"PropertyValueSpecification\",\"valueRequired\":true,\"valueName\":\"search_term_string\"}}],\"inLanguage\":\"en-US\"}]}<\/script>\n<!-- \/ Yoast SEO plugin. -->","yoast_head_json":{"title":"L\u2019embarras du choix des produits 1 - ISTE Group","description":"L\u2019embarras du choix des produits 1\u00a0expose l\u2019\u00e9cart qui existe entre la r\u00e9alit\u00e9 des qualit\u00e9s d\u2019usage et d\u2019environnement des produits et la perception que le client en a.","robots":{"index":"index","follow":"follow","max-snippet":"max-snippet:-1","max-image-preview":"max-image-preview:large","max-video-preview":"max-video-preview:-1"},"canonical":"https:\/\/www.istegroup.com\/en\/produit\/lembarras-du-choix-des-produits-1\/","og_locale":"en_US","og_type":"article","og_title":"L\u2019embarras du choix des produits 1 - ISTE Group","og_description":"L\u2019embarras du choix des produits 1\u00a0expose l\u2019\u00e9cart qui existe entre la r\u00e9alit\u00e9 des qualit\u00e9s d\u2019usage et d\u2019environnement des produits et la perception que le client en a.","og_url":"https:\/\/www.istegroup.com\/en\/produit\/lembarras-du-choix-des-produits-1\/","og_site_name":"ISTE Group","article_modified_time":"2024-01-03T13:43:06+00:00","og_image":[{"width":1700,"height":2560,"url":"https:\/\/www.istegroup.com\/wp-content\/uploads\/2019\/03\/Millot-1_Front-scaled.jpg","type":"image\/jpeg"}],"twitter_card":"summary_large_image","twitter_misc":{"Est. reading time":"1 minute"},"schema":{"@context":"https:\/\/schema.org","@graph":[{"@type":"WebPage","@id":"https:\/\/www.istegroup.com\/en\/produit\/lembarras-du-choix-des-produits-1\/","url":"https:\/\/www.istegroup.com\/en\/produit\/lembarras-du-choix-des-produits-1\/","name":"L\u2019embarras du choix des produits 1 - ISTE Group","isPartOf":{"@id":"https:\/\/www.istegroup.com\/#website"},"primaryImageOfPage":{"@id":"https:\/\/www.istegroup.com\/en\/produit\/lembarras-du-choix-des-produits-1\/#primaryimage"},"image":{"@id":"https:\/\/www.istegroup.com\/en\/produit\/lembarras-du-choix-des-produits-1\/#primaryimage"},"thumbnailUrl":"https:\/\/www.istegroup.com\/wp-content\/uploads\/2019\/03\/Millot-1_Front-scaled.jpg","datePublished":"2019-03-05T12:10:32+00:00","dateModified":"2024-01-03T13:43:06+00:00","description":"L\u2019embarras du choix des produits 1\u00a0expose l\u2019\u00e9cart qui existe entre la r\u00e9alit\u00e9 des qualit\u00e9s d\u2019usage et d\u2019environnement des produits et la perception que le client en a.","breadcrumb":{"@id":"https:\/\/www.istegroup.com\/en\/produit\/lembarras-du-choix-des-produits-1\/#breadcrumb"},"inLanguage":"en-US","potentialAction":[{"@type":"ReadAction","target":["https:\/\/www.istegroup.com\/en\/produit\/lembarras-du-choix-des-produits-1\/"]}]},{"@type":"ImageObject","inLanguage":"en-US","@id":"https:\/\/www.istegroup.com\/en\/produit\/lembarras-du-choix-des-produits-1\/#primaryimage","url":"https:\/\/www.istegroup.com\/wp-content\/uploads\/2019\/03\/Millot-1_Front-scaled.jpg","contentUrl":"https:\/\/www.istegroup.com\/wp-content\/uploads\/2019\/03\/Millot-1_Front-scaled.jpg","width":1700,"height":2560,"caption":"Comment consommer diff\u00e9remment"},{"@type":"BreadcrumbList","@id":"https:\/\/www.istegroup.com\/en\/produit\/lembarras-du-choix-des-produits-1\/#breadcrumb","itemListElement":[{"@type":"ListItem","position":1,"name":"Home","item":"https:\/\/www.istegroup.com\/"},{"@type":"ListItem","position":2,"name":"Shop","item":"https:\/\/www.istegroup.com\/fr\/nouveautes\/"},{"@type":"ListItem","position":3,"name":"L\u2019embarras du choix des produits 1"}]},{"@type":"WebSite","@id":"https:\/\/www.istegroup.com\/#website","url":"https:\/\/www.istegroup.com\/","name":"ISTE Group","description":"Publishing Knowledge","potentialAction":[{"@type":"SearchAction","target":{"@type":"EntryPoint","urlTemplate":"https:\/\/www.istegroup.com\/?s={search_term_string}"},"query-input":{"@type":"PropertyValueSpecification","valueRequired":true,"valueName":"search_term_string"}}],"inLanguage":"en-US"}]}},"_links":{"self":[{"href":"https:\/\/www.istegroup.com\/en\/wp-json\/wp\/v2\/product\/18450","targetHints":{"allow":["GET"]}}],"collection":[{"href":"https:\/\/www.istegroup.com\/en\/wp-json\/wp\/v2\/product"}],"about":[{"href":"https:\/\/www.istegroup.com\/en\/wp-json\/wp\/v2\/types\/product"}],"wp:featuredmedia":[{"embeddable":true,"href":"https:\/\/www.istegroup.com\/en\/wp-json\/wp\/v2\/media\/18454"}],"wp:attachment":[{"href":"https:\/\/www.istegroup.com\/en\/wp-json\/wp\/v2\/media?parent=18450"}],"wp:term":[{"taxonomy":"product_brand","embeddable":true,"href":"https:\/\/www.istegroup.com\/en\/wp-json\/wp\/v2\/product_brand?post=18450"},{"taxonomy":"product_cat","embeddable":true,"href":"https:\/\/www.istegroup.com\/en\/wp-json\/wp\/v2\/product_cat?post=18450"},{"taxonomy":"product_tag","embeddable":true,"href":"https:\/\/www.istegroup.com\/en\/wp-json\/wp\/v2\/product_tag?post=18450"}],"curies":[{"name":"wp","href":"https:\/\/api.w.org\/{rel}","templated":true}]}}