{"id":181,"date":"2017-07-28T11:02:15","date_gmt":"2017-07-28T09:02:15","guid":{"rendered":"https:\/\/iste.yhello.co\/product\/diminution-de-la-fatigue-visuelle-en-stereoscopie\/"},"modified":"2024-01-03T13:38:45","modified_gmt":"2024-01-03T13:38:45","slug":"diminution-de-la-fatigue-visuelle-en-stereoscopie","status":"publish","type":"product","link":"https:\/\/www.istegroup.com\/en\/produit\/diminution-de-la-fatigue-visuelle-en-stereoscopie\/","title":{"rendered":"Diminution de la fatigue visuelle en st\u00e9r\u00e9oscopie"},"content":{"rendered":"<p>Les proc\u00e9d\u00e9s st\u00e9r\u00e9oscopiques, qui permettent de reproduire la perception du relief, sont de plus en plus utilis\u00e9s en r\u00e9alit\u00e9 virtuelle et dans les divertissements ; en marge de leur succ\u00e8s, des questions se posent cependant sur la fatigue visuelle qu\u2019ils peuvent engendrer, de plus en plus ressentie par les utilisateurs. Cet ouvrage explique les grands principes de la vision st\u00e9r\u00e9oscopique et les raisons pour lesquelles celle-ci peut \u00eatre source de fatigue.<\/p>\n<p>Il se d\u00e9coupe en quatre parties : la premi\u00e8re d\u00e9taille le fonctionnement naturel de la vision, la seconde \u00e9tudie la reproduction technique de la perception en relief et la troisi\u00e8me est consacr\u00e9e aux causes de la fatigue st\u00e9r\u00e9oscopique. Enfin, la derni\u00e8re partie propose deux techniques de r\u00e9duction des contraintes visuelles bas\u00e9es sur une modification des stimuli pour amener \u00e0 une r\u00e9duction du conflit entre accommodation et vergence : l\u2019une consiste \u00e0 modifier l\u2019image pour rel\u00e2cher l\u2019accommodation en gardant le relief ; l\u2019autre propose de modifier le relief en conservant l\u2019accommodation.<\/p>\n","protected":false},"excerpt":{"rendered":"<p>Les proc\u00e9d\u00e9s st\u00e9r\u00e9oscopiques, qui permettent de reproduire la perception du relief, sont de plus en plus utilis\u00e9s en r\u00e9alit\u00e9 virtuelle et dans les divertissements ; en marge de leur succ\u00e8s, des questions se posent cependant sur la fatigue visuelle qu\u2019ils peuvent engendrer, de plus en plus ressentie par les utilisateurs. Cet ouvrage explique les grands [&hellip;]<\/p>\n","protected":false},"featured_media":182,"template":"","meta":{"_acf_changed":false,"_links_to":"","_links_to_target":""},"product_brand":[],"product_cat":[667,675],"product_tag":[1034,31,1035,608,197,198,199,21,200,22,201,1036,203,204,63,25,172,209,212,38,145,28,1037,1038,1039,1040,253,1041],"class_list":{"0":"post-181","1":"product","2":"type-product","3":"status-publish","4":"has-post-thumbnail","6":"product_cat-informatique-12506482","7":"product_cat-nouveauts-12519446","8":"product_tag-diminution-de-la-fatigue-visuelle-en-stereoscopie","9":"product_tag-ebook","10":"product_tag-fatigue-visuelle","11":"product_tag-informatique","12":"product_tag-iste","13":"product_tag-iste-edition","14":"product_tag-iste-editions","15":"product_tag-iste-group","16":"product_tag-isteedition","17":"product_tag-istegroup","18":"product_tag-kindle","19":"product_tag-laure-leroy","20":"product_tag-liseuse","21":"product_tag-livre","22":"product_tag-livre-electronique","23":"product_tag-livre-numerique","24":"product_tag-livre-scientifique","25":"product_tag-livres-scientifiques","26":"product_tag-ouvrage","27":"product_tag-ouvrage-numerique","28":"product_tag-ouvrage-scientifique","29":"product_tag-ouvrage-scientifique-francais","30":"product_tag-perception","31":"product_tag-perception-du-relief","32":"product_tag-realite-virtuelle","33":"product_tag-stereoscopie","34":"product_tag-technologie","35":"product_tag-vision","37":"first","38":"instock","39":"shipping-taxable","40":"purchasable","41":"product-type-variable"},"acf":[],"yoast_head":"<!-- This site is optimized with the Yoast SEO plugin v27.2 - https:\/\/yoast.com\/product\/yoast-seo-wordpress\/ -->\n<title>Diminution de la fatigue visuelle en st\u00e9r\u00e9oscopie - ISTE Group<\/title>\n<meta name=\"description\" content=\"Cet ouvrage explique les grands principes de la vision st\u00e9r\u00e9oscopique et les raisons pour lesquelles celle-ci peut \u00eatre source de fatigue.\" \/>\n<meta name=\"robots\" content=\"index, follow, max-snippet:-1, max-image-preview:large, max-video-preview:-1\" \/>\n<link rel=\"canonical\" href=\"https:\/\/www.istegroup.com\/fr\/produit\/diminution-de-la-fatigue-visuelle-en-stereoscopie\/\" \/>\n<meta property=\"og:locale\" content=\"en_US\" \/>\n<meta property=\"og:type\" content=\"article\" \/>\n<meta property=\"og:title\" content=\"Diminution de la fatigue visuelle en st\u00e9r\u00e9oscopie - ISTE Group\" \/>\n<meta property=\"og:description\" content=\"Cet ouvrage explique les grands principes de la vision st\u00e9r\u00e9oscopique et les raisons pour lesquelles celle-ci peut \u00eatre source de fatigue.\" \/>\n<meta property=\"og:url\" content=\"https:\/\/www.istegroup.com\/fr\/produit\/diminution-de-la-fatigue-visuelle-en-stereoscopie\/\" \/>\n<meta property=\"og:site_name\" content=\"ISTE Group\" \/>\n<meta property=\"article:modified_time\" content=\"2024-01-03T13:38:45+00:00\" \/>\n<meta property=\"og:image\" content=\"https:\/\/www.istegroup.com\/wp-content\/uploads\/2017\/07\/11205348484_4624371268-1.jpg\" \/>\n\t<meta property=\"og:image:width\" content=\"1366\" \/>\n\t<meta property=\"og:image:height\" content=\"2048\" \/>\n\t<meta property=\"og:image:type\" content=\"image\/jpeg\" \/>\n<meta name=\"twitter:card\" content=\"summary_large_image\" \/>\n<meta name=\"twitter:label1\" content=\"Est. reading time\" \/>\n\t<meta name=\"twitter:data1\" content=\"1 minute\" \/>\n<script type=\"application\/ld+json\" class=\"yoast-schema-graph\">{\"@context\":\"https:\/\/schema.org\",\"@graph\":[{\"@type\":\"WebPage\",\"@id\":\"https:\/\/www.istegroup.com\/fr\/produit\/diminution-de-la-fatigue-visuelle-en-stereoscopie\/\",\"url\":\"https:\/\/www.istegroup.com\/fr\/produit\/diminution-de-la-fatigue-visuelle-en-stereoscopie\/\",\"name\":\"Diminution de la fatigue visuelle en st\u00e9r\u00e9oscopie - ISTE Group\",\"isPartOf\":{\"@id\":\"https:\/\/www.istegroup.com\/#website\"},\"primaryImageOfPage\":{\"@id\":\"https:\/\/www.istegroup.com\/fr\/produit\/diminution-de-la-fatigue-visuelle-en-stereoscopie\/#primaryimage\"},\"image\":{\"@id\":\"https:\/\/www.istegroup.com\/fr\/produit\/diminution-de-la-fatigue-visuelle-en-stereoscopie\/#primaryimage\"},\"thumbnailUrl\":\"https:\/\/www.istegroup.com\/wp-content\/uploads\/2017\/07\/11205348484_4624371268-1.jpg\",\"datePublished\":\"2017-07-28T09:02:15+00:00\",\"dateModified\":\"2024-01-03T13:38:45+00:00\",\"description\":\"Cet ouvrage explique les grands principes de la vision st\u00e9r\u00e9oscopique et les raisons pour lesquelles celle-ci peut \u00eatre source de fatigue.\",\"breadcrumb\":{\"@id\":\"https:\/\/www.istegroup.com\/fr\/produit\/diminution-de-la-fatigue-visuelle-en-stereoscopie\/#breadcrumb\"},\"inLanguage\":\"en-US\",\"potentialAction\":[{\"@type\":\"ReadAction\",\"target\":[\"https:\/\/www.istegroup.com\/fr\/produit\/diminution-de-la-fatigue-visuelle-en-stereoscopie\/\"]}]},{\"@type\":\"ImageObject\",\"inLanguage\":\"en-US\",\"@id\":\"https:\/\/www.istegroup.com\/fr\/produit\/diminution-de-la-fatigue-visuelle-en-stereoscopie\/#primaryimage\",\"url\":\"https:\/\/www.istegroup.com\/wp-content\/uploads\/2017\/07\/11205348484_4624371268-1.jpg\",\"contentUrl\":\"https:\/\/www.istegroup.com\/wp-content\/uploads\/2017\/07\/11205348484_4624371268-1.jpg\",\"width\":1366,\"height\":2048,\"caption\":\"Diminution de la fatigue visuelle en st\u00e9r\u00e9oscopie\"},{\"@type\":\"BreadcrumbList\",\"@id\":\"https:\/\/www.istegroup.com\/fr\/produit\/diminution-de-la-fatigue-visuelle-en-stereoscopie\/#breadcrumb\",\"itemListElement\":[{\"@type\":\"ListItem\",\"position\":1,\"name\":\"Home\",\"item\":\"https:\/\/www.istegroup.com\/\"},{\"@type\":\"ListItem\",\"position\":2,\"name\":\"Shop\",\"item\":\"https:\/\/www.istegroup.com\/fr\/nouveautes\/\"},{\"@type\":\"ListItem\",\"position\":3,\"name\":\"Diminution de la fatigue visuelle en st\u00e9r\u00e9oscopie\"}]},{\"@type\":\"WebSite\",\"@id\":\"https:\/\/www.istegroup.com\/#website\",\"url\":\"https:\/\/www.istegroup.com\/\",\"name\":\"ISTE Group\",\"description\":\"Publishing Knowledge\",\"potentialAction\":[{\"@type\":\"SearchAction\",\"target\":{\"@type\":\"EntryPoint\",\"urlTemplate\":\"https:\/\/www.istegroup.com\/?s={search_term_string}\"},\"query-input\":{\"@type\":\"PropertyValueSpecification\",\"valueRequired\":true,\"valueName\":\"search_term_string\"}}],\"inLanguage\":\"en-US\"}]}<\/script>\n<!-- \/ Yoast SEO plugin. -->","yoast_head_json":{"title":"Diminution de la fatigue visuelle en st\u00e9r\u00e9oscopie - ISTE Group","description":"Cet ouvrage explique les grands principes de la vision st\u00e9r\u00e9oscopique et les raisons pour lesquelles celle-ci peut \u00eatre source de fatigue.","robots":{"index":"index","follow":"follow","max-snippet":"max-snippet:-1","max-image-preview":"max-image-preview:large","max-video-preview":"max-video-preview:-1"},"canonical":"https:\/\/www.istegroup.com\/fr\/produit\/diminution-de-la-fatigue-visuelle-en-stereoscopie\/","og_locale":"en_US","og_type":"article","og_title":"Diminution de la fatigue visuelle en st\u00e9r\u00e9oscopie - ISTE Group","og_description":"Cet ouvrage explique les grands principes de la vision st\u00e9r\u00e9oscopique et les raisons pour lesquelles celle-ci peut \u00eatre source de fatigue.","og_url":"https:\/\/www.istegroup.com\/fr\/produit\/diminution-de-la-fatigue-visuelle-en-stereoscopie\/","og_site_name":"ISTE Group","article_modified_time":"2024-01-03T13:38:45+00:00","og_image":[{"width":1366,"height":2048,"url":"https:\/\/www.istegroup.com\/wp-content\/uploads\/2017\/07\/11205348484_4624371268-1.jpg","type":"image\/jpeg"}],"twitter_card":"summary_large_image","twitter_misc":{"Est. reading time":"1 minute"},"schema":{"@context":"https:\/\/schema.org","@graph":[{"@type":"WebPage","@id":"https:\/\/www.istegroup.com\/fr\/produit\/diminution-de-la-fatigue-visuelle-en-stereoscopie\/","url":"https:\/\/www.istegroup.com\/fr\/produit\/diminution-de-la-fatigue-visuelle-en-stereoscopie\/","name":"Diminution de la fatigue visuelle en st\u00e9r\u00e9oscopie - ISTE Group","isPartOf":{"@id":"https:\/\/www.istegroup.com\/#website"},"primaryImageOfPage":{"@id":"https:\/\/www.istegroup.com\/fr\/produit\/diminution-de-la-fatigue-visuelle-en-stereoscopie\/#primaryimage"},"image":{"@id":"https:\/\/www.istegroup.com\/fr\/produit\/diminution-de-la-fatigue-visuelle-en-stereoscopie\/#primaryimage"},"thumbnailUrl":"https:\/\/www.istegroup.com\/wp-content\/uploads\/2017\/07\/11205348484_4624371268-1.jpg","datePublished":"2017-07-28T09:02:15+00:00","dateModified":"2024-01-03T13:38:45+00:00","description":"Cet ouvrage explique les grands principes de la vision st\u00e9r\u00e9oscopique et les raisons pour lesquelles celle-ci peut \u00eatre source de fatigue.","breadcrumb":{"@id":"https:\/\/www.istegroup.com\/fr\/produit\/diminution-de-la-fatigue-visuelle-en-stereoscopie\/#breadcrumb"},"inLanguage":"en-US","potentialAction":[{"@type":"ReadAction","target":["https:\/\/www.istegroup.com\/fr\/produit\/diminution-de-la-fatigue-visuelle-en-stereoscopie\/"]}]},{"@type":"ImageObject","inLanguage":"en-US","@id":"https:\/\/www.istegroup.com\/fr\/produit\/diminution-de-la-fatigue-visuelle-en-stereoscopie\/#primaryimage","url":"https:\/\/www.istegroup.com\/wp-content\/uploads\/2017\/07\/11205348484_4624371268-1.jpg","contentUrl":"https:\/\/www.istegroup.com\/wp-content\/uploads\/2017\/07\/11205348484_4624371268-1.jpg","width":1366,"height":2048,"caption":"Diminution de la fatigue visuelle en st\u00e9r\u00e9oscopie"},{"@type":"BreadcrumbList","@id":"https:\/\/www.istegroup.com\/fr\/produit\/diminution-de-la-fatigue-visuelle-en-stereoscopie\/#breadcrumb","itemListElement":[{"@type":"ListItem","position":1,"name":"Home","item":"https:\/\/www.istegroup.com\/"},{"@type":"ListItem","position":2,"name":"Shop","item":"https:\/\/www.istegroup.com\/fr\/nouveautes\/"},{"@type":"ListItem","position":3,"name":"Diminution de la fatigue visuelle en st\u00e9r\u00e9oscopie"}]},{"@type":"WebSite","@id":"https:\/\/www.istegroup.com\/#website","url":"https:\/\/www.istegroup.com\/","name":"ISTE Group","description":"Publishing Knowledge","potentialAction":[{"@type":"SearchAction","target":{"@type":"EntryPoint","urlTemplate":"https:\/\/www.istegroup.com\/?s={search_term_string}"},"query-input":{"@type":"PropertyValueSpecification","valueRequired":true,"valueName":"search_term_string"}}],"inLanguage":"en-US"}]}},"_links":{"self":[{"href":"https:\/\/www.istegroup.com\/en\/wp-json\/wp\/v2\/product\/181","targetHints":{"allow":["GET"]}}],"collection":[{"href":"https:\/\/www.istegroup.com\/en\/wp-json\/wp\/v2\/product"}],"about":[{"href":"https:\/\/www.istegroup.com\/en\/wp-json\/wp\/v2\/types\/product"}],"wp:featuredmedia":[{"embeddable":true,"href":"https:\/\/www.istegroup.com\/en\/wp-json\/wp\/v2\/media\/182"}],"wp:attachment":[{"href":"https:\/\/www.istegroup.com\/en\/wp-json\/wp\/v2\/media?parent=181"}],"wp:term":[{"taxonomy":"product_brand","embeddable":true,"href":"https:\/\/www.istegroup.com\/en\/wp-json\/wp\/v2\/product_brand?post=181"},{"taxonomy":"product_cat","embeddable":true,"href":"https:\/\/www.istegroup.com\/en\/wp-json\/wp\/v2\/product_cat?post=181"},{"taxonomy":"product_tag","embeddable":true,"href":"https:\/\/www.istegroup.com\/en\/wp-json\/wp\/v2\/product_tag?post=181"}],"curies":[{"name":"wp","href":"https:\/\/api.w.org\/{rel}","templated":true}]}}