{"id":18009,"date":"2019-02-25T10:24:44","date_gmt":"2019-02-25T10:24:44","guid":{"rendered":"https:\/\/www.istegroup.com\/?post_type=product&#038;p=18009"},"modified":"2024-01-03T13:43:02","modified_gmt":"2024-01-03T13:43:02","slug":"methodes-dactivation-en-sonochimie","status":"publish","type":"product","link":"https:\/\/www.istegroup.com\/en\/produit\/methodes-dactivation-en-sonochimie\/","title":{"rendered":"M\u00e9thodes d\u2019activation en sonochimie"},"content":{"rendered":"<p><em>M\u00e9thodes d\u2019activation en sonochimie<\/em>\u00a0traite des am\u00e9liorations r\u00e9centes en sonochimie et dans les r\u00e9actions hyperbare.<\/p>\n<p>La sonochimie, une m\u00e9thode simple \u00e0 utiliser, permet d\u2019effectuer des r\u00e9actions chimiques sous ultrasons sans apport ext\u00e9rieur de chaleur, de r\u00e9actifs, de catalyseurs. Elle conduit \u00e0 des rendements \u00e9lev\u00e9s et \u00e0 la production d\u2019un minimum de d\u00e9chets. L\u2019ouvrage fait un tour d\u2019horizon des principales applications de la sonochimie en chimie organique verte, se concentrant tout particuli\u00e8rement sur les travaux publi\u00e9s ces derni\u00e8res ann\u00e9es.<\/p>\n<p>La chimie sous haute pression, quant \u00e0 elle, offre des solutions innovantes aux probl\u00e8mes de synth\u00e8se et donne acc\u00e8s \u00e0 de nouveaux produits ou \u00e0 l\u2019\u00e9lucidation des m\u00e9canismes r\u00e9actionnels. L\u2019ouvrage pr\u00e9sente les caract\u00e9ristiques de l\u2019activation hyperbare, qui permettent de l\u2019int\u00e9grer \u00e0 l\u2019arsenal des outils de la chimie verte, telles que la diminution du co\u00fbt \u00e9nerg\u00e9tique et des sous-produits, ou la possibilit\u00e9 d\u2019utilisation des substrats st\u00e9riquement encombr\u00e9s g\u00e9n\u00e9ralement inertes.<\/p>\n","protected":false},"excerpt":{"rendered":"<p>M\u00e9thodes d\u2019activation en sonochimie\u00a0traite des am\u00e9liorations r\u00e9centes en sonochimie et dans les r\u00e9actions hyperbare. La sonochimie, une m\u00e9thode simple \u00e0 utiliser, permet d\u2019effectuer des r\u00e9actions chimiques sous ultrasons sans apport ext\u00e9rieur de chaleur, de r\u00e9actifs, de catalyseurs. Elle conduit \u00e0 des rendements \u00e9lev\u00e9s et \u00e0 la production d\u2019un minimum de d\u00e9chets. L\u2019ouvrage fait un tour [&hellip;]<\/p>\n","protected":false},"featured_media":18012,"template":"","meta":{"_acf_changed":false,"_links_to":"","_links_to_target":""},"product_brand":[],"product_cat":[3262],"product_tag":[],"class_list":{"0":"post-18009","1":"product","2":"type-product","3":"status-publish","4":"has-post-thumbnail","6":"product_cat-non-classe","8":"first","9":"instock","10":"shipping-taxable","11":"purchasable","12":"product-type-variable"},"acf":[],"yoast_head":"<!-- This site is optimized with the Yoast SEO plugin v27.2 - https:\/\/yoast.com\/product\/yoast-seo-wordpress\/ -->\n<title>M\u00e9thodes d\u2019activation en sonochimie - ISTE Group<\/title>\n<meta name=\"robots\" content=\"index, follow, max-snippet:-1, max-image-preview:large, max-video-preview:-1\" \/>\n<link rel=\"canonical\" href=\"https:\/\/www.istegroup.com\/en\/produit\/methodes-dactivation-en-sonochimie\/\" \/>\n<meta property=\"og:locale\" content=\"en_US\" \/>\n<meta property=\"og:type\" content=\"article\" \/>\n<meta property=\"og:title\" content=\"M\u00e9thodes d\u2019activation en sonochimie - ISTE Group\" \/>\n<meta property=\"og:description\" content=\"M\u00e9thodes d\u2019activation en sonochimie\u00a0traite des am\u00e9liorations r\u00e9centes en sonochimie et dans les r\u00e9actions hyperbare. La sonochimie, une m\u00e9thode simple \u00e0 utiliser, permet d\u2019effectuer des r\u00e9actions chimiques sous ultrasons sans apport ext\u00e9rieur de chaleur, de r\u00e9actifs, de catalyseurs. Elle conduit \u00e0 des rendements \u00e9lev\u00e9s et \u00e0 la production d\u2019un minimum de d\u00e9chets. L\u2019ouvrage fait un tour [&hellip;]\" \/>\n<meta property=\"og:url\" content=\"https:\/\/www.istegroup.com\/en\/produit\/methodes-dactivation-en-sonochimie\/\" \/>\n<meta property=\"og:site_name\" content=\"ISTE Group\" \/>\n<meta property=\"article:modified_time\" content=\"2024-01-03T13:43:02+00:00\" \/>\n<meta property=\"og:image\" content=\"https:\/\/www.istegroup.com\/wp-content\/uploads\/2019\/02\/Malacria-Goddard-2_Front.jpg\" \/>\n\t<meta property=\"og:image:width\" content=\"607\" \/>\n\t<meta property=\"og:image:height\" content=\"916\" \/>\n\t<meta property=\"og:image:type\" content=\"image\/jpeg\" \/>\n<meta name=\"twitter:card\" content=\"summary_large_image\" \/>\n<meta name=\"twitter:label1\" content=\"Est. reading time\" \/>\n\t<meta name=\"twitter:data1\" content=\"1 minute\" \/>\n<script type=\"application\/ld+json\" class=\"yoast-schema-graph\">{\"@context\":\"https:\/\/schema.org\",\"@graph\":[{\"@type\":\"WebPage\",\"@id\":\"https:\/\/www.istegroup.com\/en\/produit\/methodes-dactivation-en-sonochimie\/\",\"url\":\"https:\/\/www.istegroup.com\/en\/produit\/methodes-dactivation-en-sonochimie\/\",\"name\":\"M\u00e9thodes d\u2019activation en sonochimie - ISTE Group\",\"isPartOf\":{\"@id\":\"https:\/\/www.istegroup.com\/#website\"},\"primaryImageOfPage\":{\"@id\":\"https:\/\/www.istegroup.com\/en\/produit\/methodes-dactivation-en-sonochimie\/#primaryimage\"},\"image\":{\"@id\":\"https:\/\/www.istegroup.com\/en\/produit\/methodes-dactivation-en-sonochimie\/#primaryimage\"},\"thumbnailUrl\":\"https:\/\/www.istegroup.com\/wp-content\/uploads\/2019\/02\/Malacria-Goddard-2_Front.jpg\",\"datePublished\":\"2019-02-25T10:24:44+00:00\",\"dateModified\":\"2024-01-03T13:43:02+00:00\",\"breadcrumb\":{\"@id\":\"https:\/\/www.istegroup.com\/en\/produit\/methodes-dactivation-en-sonochimie\/#breadcrumb\"},\"inLanguage\":\"en-US\",\"potentialAction\":[{\"@type\":\"ReadAction\",\"target\":[\"https:\/\/www.istegroup.com\/en\/produit\/methodes-dactivation-en-sonochimie\/\"]}]},{\"@type\":\"ImageObject\",\"inLanguage\":\"en-US\",\"@id\":\"https:\/\/www.istegroup.com\/en\/produit\/methodes-dactivation-en-sonochimie\/#primaryimage\",\"url\":\"https:\/\/www.istegroup.com\/wp-content\/uploads\/2019\/02\/Malacria-Goddard-2_Front.jpg\",\"contentUrl\":\"https:\/\/www.istegroup.com\/wp-content\/uploads\/2019\/02\/Malacria-Goddard-2_Front.jpg\",\"width\":607,\"height\":916,\"caption\":\"M\u00e9thodes d\u2019activation en sonochimie\"},{\"@type\":\"BreadcrumbList\",\"@id\":\"https:\/\/www.istegroup.com\/en\/produit\/methodes-dactivation-en-sonochimie\/#breadcrumb\",\"itemListElement\":[{\"@type\":\"ListItem\",\"position\":1,\"name\":\"Home\",\"item\":\"https:\/\/www.istegroup.com\/\"},{\"@type\":\"ListItem\",\"position\":2,\"name\":\"Shop\",\"item\":\"https:\/\/www.istegroup.com\/fr\/nouveautes\/\"},{\"@type\":\"ListItem\",\"position\":3,\"name\":\"M\u00e9thodes d\u2019activation en sonochimie\"}]},{\"@type\":\"WebSite\",\"@id\":\"https:\/\/www.istegroup.com\/#website\",\"url\":\"https:\/\/www.istegroup.com\/\",\"name\":\"ISTE Group\",\"description\":\"Publishing Knowledge\",\"potentialAction\":[{\"@type\":\"SearchAction\",\"target\":{\"@type\":\"EntryPoint\",\"urlTemplate\":\"https:\/\/www.istegroup.com\/?s={search_term_string}\"},\"query-input\":{\"@type\":\"PropertyValueSpecification\",\"valueRequired\":true,\"valueName\":\"search_term_string\"}}],\"inLanguage\":\"en-US\"}]}<\/script>\n<!-- \/ Yoast SEO plugin. -->","yoast_head_json":{"title":"M\u00e9thodes d\u2019activation en sonochimie - ISTE Group","robots":{"index":"index","follow":"follow","max-snippet":"max-snippet:-1","max-image-preview":"max-image-preview:large","max-video-preview":"max-video-preview:-1"},"canonical":"https:\/\/www.istegroup.com\/en\/produit\/methodes-dactivation-en-sonochimie\/","og_locale":"en_US","og_type":"article","og_title":"M\u00e9thodes d\u2019activation en sonochimie - ISTE Group","og_description":"M\u00e9thodes d\u2019activation en sonochimie\u00a0traite des am\u00e9liorations r\u00e9centes en sonochimie et dans les r\u00e9actions hyperbare. La sonochimie, une m\u00e9thode simple \u00e0 utiliser, permet d\u2019effectuer des r\u00e9actions chimiques sous ultrasons sans apport ext\u00e9rieur de chaleur, de r\u00e9actifs, de catalyseurs. Elle conduit \u00e0 des rendements \u00e9lev\u00e9s et \u00e0 la production d\u2019un minimum de d\u00e9chets. L\u2019ouvrage fait un tour [&hellip;]","og_url":"https:\/\/www.istegroup.com\/en\/produit\/methodes-dactivation-en-sonochimie\/","og_site_name":"ISTE Group","article_modified_time":"2024-01-03T13:43:02+00:00","og_image":[{"width":607,"height":916,"url":"https:\/\/www.istegroup.com\/wp-content\/uploads\/2019\/02\/Malacria-Goddard-2_Front.jpg","type":"image\/jpeg"}],"twitter_card":"summary_large_image","twitter_misc":{"Est. reading time":"1 minute"},"schema":{"@context":"https:\/\/schema.org","@graph":[{"@type":"WebPage","@id":"https:\/\/www.istegroup.com\/en\/produit\/methodes-dactivation-en-sonochimie\/","url":"https:\/\/www.istegroup.com\/en\/produit\/methodes-dactivation-en-sonochimie\/","name":"M\u00e9thodes d\u2019activation en sonochimie - ISTE Group","isPartOf":{"@id":"https:\/\/www.istegroup.com\/#website"},"primaryImageOfPage":{"@id":"https:\/\/www.istegroup.com\/en\/produit\/methodes-dactivation-en-sonochimie\/#primaryimage"},"image":{"@id":"https:\/\/www.istegroup.com\/en\/produit\/methodes-dactivation-en-sonochimie\/#primaryimage"},"thumbnailUrl":"https:\/\/www.istegroup.com\/wp-content\/uploads\/2019\/02\/Malacria-Goddard-2_Front.jpg","datePublished":"2019-02-25T10:24:44+00:00","dateModified":"2024-01-03T13:43:02+00:00","breadcrumb":{"@id":"https:\/\/www.istegroup.com\/en\/produit\/methodes-dactivation-en-sonochimie\/#breadcrumb"},"inLanguage":"en-US","potentialAction":[{"@type":"ReadAction","target":["https:\/\/www.istegroup.com\/en\/produit\/methodes-dactivation-en-sonochimie\/"]}]},{"@type":"ImageObject","inLanguage":"en-US","@id":"https:\/\/www.istegroup.com\/en\/produit\/methodes-dactivation-en-sonochimie\/#primaryimage","url":"https:\/\/www.istegroup.com\/wp-content\/uploads\/2019\/02\/Malacria-Goddard-2_Front.jpg","contentUrl":"https:\/\/www.istegroup.com\/wp-content\/uploads\/2019\/02\/Malacria-Goddard-2_Front.jpg","width":607,"height":916,"caption":"M\u00e9thodes d\u2019activation en sonochimie"},{"@type":"BreadcrumbList","@id":"https:\/\/www.istegroup.com\/en\/produit\/methodes-dactivation-en-sonochimie\/#breadcrumb","itemListElement":[{"@type":"ListItem","position":1,"name":"Home","item":"https:\/\/www.istegroup.com\/"},{"@type":"ListItem","position":2,"name":"Shop","item":"https:\/\/www.istegroup.com\/fr\/nouveautes\/"},{"@type":"ListItem","position":3,"name":"M\u00e9thodes d\u2019activation en sonochimie"}]},{"@type":"WebSite","@id":"https:\/\/www.istegroup.com\/#website","url":"https:\/\/www.istegroup.com\/","name":"ISTE Group","description":"Publishing Knowledge","potentialAction":[{"@type":"SearchAction","target":{"@type":"EntryPoint","urlTemplate":"https:\/\/www.istegroup.com\/?s={search_term_string}"},"query-input":{"@type":"PropertyValueSpecification","valueRequired":true,"valueName":"search_term_string"}}],"inLanguage":"en-US"}]}},"_links":{"self":[{"href":"https:\/\/www.istegroup.com\/en\/wp-json\/wp\/v2\/product\/18009","targetHints":{"allow":["GET"]}}],"collection":[{"href":"https:\/\/www.istegroup.com\/en\/wp-json\/wp\/v2\/product"}],"about":[{"href":"https:\/\/www.istegroup.com\/en\/wp-json\/wp\/v2\/types\/product"}],"wp:featuredmedia":[{"embeddable":true,"href":"https:\/\/www.istegroup.com\/en\/wp-json\/wp\/v2\/media\/18012"}],"wp:attachment":[{"href":"https:\/\/www.istegroup.com\/en\/wp-json\/wp\/v2\/media?parent=18009"}],"wp:term":[{"taxonomy":"product_brand","embeddable":true,"href":"https:\/\/www.istegroup.com\/en\/wp-json\/wp\/v2\/product_brand?post=18009"},{"taxonomy":"product_cat","embeddable":true,"href":"https:\/\/www.istegroup.com\/en\/wp-json\/wp\/v2\/product_cat?post=18009"},{"taxonomy":"product_tag","embeddable":true,"href":"https:\/\/www.istegroup.com\/en\/wp-json\/wp\/v2\/product_tag?post=18009"}],"curies":[{"name":"wp","href":"https:\/\/api.w.org\/{rel}","templated":true}]}}