{"id":17996,"date":"2019-02-25T10:16:54","date_gmt":"2019-02-25T10:16:54","guid":{"rendered":"https:\/\/www.istegroup.com\/?post_type=product&#038;p=17996"},"modified":"2024-01-03T13:43:02","modified_gmt":"2024-01-03T13:43:02","slug":"reactions-multicomposants-en-diversite-moleculaire","status":"publish","type":"product","link":"https:\/\/www.istegroup.com\/en\/produit\/reactions-multicomposants-en-diversite-moleculaire\/","title":{"rendered":"R\u00e9actions multicomposants en diversit\u00e9 mol\u00e9culaire"},"content":{"rendered":"<p>Tr\u00e8s utiles pour une synth\u00e8se orient\u00e9e vers la diversit\u00e9 mol\u00e9culaire, les r\u00e9actions multicomposants offrent un acc\u00e8s rapide \u00e0 une grande vari\u00e9t\u00e9 de mol\u00e9cules complexes, d\u2019int\u00e9r\u00eat biologique notamment.<\/p>\n<p>Cet ouvrage analyse ces r\u00e9actions, qu\u2019elles soient r\u00e9alis\u00e9es en catalyse organom\u00e9tallique, par voie ionique ou en condition radicalaire. Il met en exergue le grand int\u00e9r\u00eat des m\u00e9thodes bas\u00e9es sur les r\u00e9actions monotopes (cascades, tandems ou domino), dont l\u2019efficacit\u00e9 est illustr\u00e9e aussi bien dans le domaine acad\u00e9mique qu\u2019industriel. Il pr\u00e9sente \u00e9galement la pr\u00e9paration efficace de mol\u00e9cules complexes d\u2019utilit\u00e9 biologique.<\/p>\n<p>Les r\u00e9actions multicomposants sont donc en phase avec le concept d\u2019\u00e9conomie d\u2019atomes et celui d\u2019\u00e9conomie d\u2019\u00e9tapes, d\u00e9sormais cl\u00e9s dans tout processus, allant de l\u2019\u00e9chelle du laboratoire \u00e0 celle du pilote. Les crit\u00e8res essentiels de la\u00a0<em>Green Chemistry<\/em>\u00a0sont ainsi remplis.<\/p>\n","protected":false},"excerpt":{"rendered":"<p>Tr\u00e8s utiles pour une synth\u00e8se orient\u00e9e vers la diversit\u00e9 mol\u00e9culaire, les r\u00e9actions multicomposants offrent un acc\u00e8s rapide \u00e0 une grande vari\u00e9t\u00e9 de mol\u00e9cules complexes, d\u2019int\u00e9r\u00eat biologique notamment. Cet ouvrage analyse ces r\u00e9actions, qu\u2019elles soient r\u00e9alis\u00e9es en catalyse organom\u00e9tallique, par voie ionique ou en condition radicalaire. Il met en exergue le grand int\u00e9r\u00eat des m\u00e9thodes bas\u00e9es [&hellip;]<\/p>\n","protected":false},"featured_media":18008,"template":"","meta":{"_acf_changed":false,"_links_to":"","_links_to_target":""},"product_brand":[],"product_cat":[3262],"product_tag":[],"class_list":{"0":"post-17996","1":"product","2":"type-product","3":"status-publish","4":"has-post-thumbnail","6":"product_cat-non-classe","8":"first","9":"instock","10":"shipping-taxable","11":"purchasable","12":"product-type-variable"},"acf":[],"yoast_head":"<!-- This site is optimized with the Yoast SEO plugin v27.2 - https:\/\/yoast.com\/product\/yoast-seo-wordpress\/ -->\n<title>R\u00e9actions multicomposants en diversit\u00e9 mol\u00e9culaire - ISTE Group<\/title>\n<meta name=\"description\" content=\"R\u00e9actions multicomposants en diversit\u00e9 mol\u00e9culaire analyse ces r\u00e9actions, qu\u2019elles soient r\u00e9alis\u00e9es en catalyse organom\u00e9tallique, par voie ionique ou en condition radicalaire.\" \/>\n<meta name=\"robots\" content=\"index, follow, max-snippet:-1, max-image-preview:large, max-video-preview:-1\" \/>\n<link rel=\"canonical\" href=\"https:\/\/www.istegroup.com\/fr\/produit\/reactions-multicomposants-en-diversite-moleculaire\/\" \/>\n<meta property=\"og:locale\" content=\"en_US\" \/>\n<meta property=\"og:type\" content=\"article\" \/>\n<meta property=\"og:title\" content=\"R\u00e9actions multicomposants en diversit\u00e9 mol\u00e9culaire - ISTE Group\" \/>\n<meta property=\"og:description\" content=\"R\u00e9actions multicomposants en diversit\u00e9 mol\u00e9culaire analyse ces r\u00e9actions, qu\u2019elles soient r\u00e9alis\u00e9es en catalyse organom\u00e9tallique, par voie ionique ou en condition radicalaire.\" \/>\n<meta property=\"og:url\" content=\"https:\/\/www.istegroup.com\/fr\/produit\/reactions-multicomposants-en-diversite-moleculaire\/\" \/>\n<meta property=\"og:site_name\" content=\"ISTE Group\" \/>\n<meta property=\"article:modified_time\" content=\"2024-01-03T13:43:02+00:00\" \/>\n<meta property=\"og:image\" content=\"https:\/\/www.istegroup.com\/wp-content\/uploads\/2019\/02\/Malacria-Goddard-1_Front.jpg\" \/>\n\t<meta property=\"og:image:width\" content=\"607\" \/>\n\t<meta property=\"og:image:height\" content=\"913\" \/>\n\t<meta property=\"og:image:type\" content=\"image\/jpeg\" \/>\n<meta name=\"twitter:card\" content=\"summary_large_image\" \/>\n<meta name=\"twitter:label1\" content=\"Est. reading time\" \/>\n\t<meta name=\"twitter:data1\" content=\"1 minute\" \/>\n<script type=\"application\/ld+json\" class=\"yoast-schema-graph\">{\"@context\":\"https:\/\/schema.org\",\"@graph\":[{\"@type\":\"WebPage\",\"@id\":\"https:\/\/www.istegroup.com\/fr\/produit\/reactions-multicomposants-en-diversite-moleculaire\/\",\"url\":\"https:\/\/www.istegroup.com\/fr\/produit\/reactions-multicomposants-en-diversite-moleculaire\/\",\"name\":\"R\u00e9actions multicomposants en diversit\u00e9 mol\u00e9culaire - ISTE Group\",\"isPartOf\":{\"@id\":\"https:\/\/www.istegroup.com\/#website\"},\"primaryImageOfPage\":{\"@id\":\"https:\/\/www.istegroup.com\/fr\/produit\/reactions-multicomposants-en-diversite-moleculaire\/#primaryimage\"},\"image\":{\"@id\":\"https:\/\/www.istegroup.com\/fr\/produit\/reactions-multicomposants-en-diversite-moleculaire\/#primaryimage\"},\"thumbnailUrl\":\"https:\/\/www.istegroup.com\/wp-content\/uploads\/2019\/02\/Malacria-Goddard-1_Front.jpg\",\"datePublished\":\"2019-02-25T10:16:54+00:00\",\"dateModified\":\"2024-01-03T13:43:02+00:00\",\"description\":\"R\u00e9actions multicomposants en diversit\u00e9 mol\u00e9culaire analyse ces r\u00e9actions, qu\u2019elles soient r\u00e9alis\u00e9es en catalyse organom\u00e9tallique, par voie ionique ou en condition radicalaire.\",\"breadcrumb\":{\"@id\":\"https:\/\/www.istegroup.com\/fr\/produit\/reactions-multicomposants-en-diversite-moleculaire\/#breadcrumb\"},\"inLanguage\":\"en-US\",\"potentialAction\":[{\"@type\":\"ReadAction\",\"target\":[\"https:\/\/www.istegroup.com\/fr\/produit\/reactions-multicomposants-en-diversite-moleculaire\/\"]}]},{\"@type\":\"ImageObject\",\"inLanguage\":\"en-US\",\"@id\":\"https:\/\/www.istegroup.com\/fr\/produit\/reactions-multicomposants-en-diversite-moleculaire\/#primaryimage\",\"url\":\"https:\/\/www.istegroup.com\/wp-content\/uploads\/2019\/02\/Malacria-Goddard-1_Front.jpg\",\"contentUrl\":\"https:\/\/www.istegroup.com\/wp-content\/uploads\/2019\/02\/Malacria-Goddard-1_Front.jpg\",\"width\":607,\"height\":913,\"caption\":\"R\u00e9actions multicomposants en diversit\u00e9 mol\u00e9culaire\"},{\"@type\":\"BreadcrumbList\",\"@id\":\"https:\/\/www.istegroup.com\/fr\/produit\/reactions-multicomposants-en-diversite-moleculaire\/#breadcrumb\",\"itemListElement\":[{\"@type\":\"ListItem\",\"position\":1,\"name\":\"Home\",\"item\":\"https:\/\/www.istegroup.com\/\"},{\"@type\":\"ListItem\",\"position\":2,\"name\":\"Shop\",\"item\":\"https:\/\/www.istegroup.com\/fr\/nouveautes\/\"},{\"@type\":\"ListItem\",\"position\":3,\"name\":\"R\u00e9actions multicomposants en diversit\u00e9 mol\u00e9culaire\"}]},{\"@type\":\"WebSite\",\"@id\":\"https:\/\/www.istegroup.com\/#website\",\"url\":\"https:\/\/www.istegroup.com\/\",\"name\":\"ISTE Group\",\"description\":\"Publishing Knowledge\",\"potentialAction\":[{\"@type\":\"SearchAction\",\"target\":{\"@type\":\"EntryPoint\",\"urlTemplate\":\"https:\/\/www.istegroup.com\/?s={search_term_string}\"},\"query-input\":{\"@type\":\"PropertyValueSpecification\",\"valueRequired\":true,\"valueName\":\"search_term_string\"}}],\"inLanguage\":\"en-US\"}]}<\/script>\n<!-- \/ Yoast SEO plugin. -->","yoast_head_json":{"title":"R\u00e9actions multicomposants en diversit\u00e9 mol\u00e9culaire - ISTE Group","description":"R\u00e9actions multicomposants en diversit\u00e9 mol\u00e9culaire analyse ces r\u00e9actions, qu\u2019elles soient r\u00e9alis\u00e9es en catalyse organom\u00e9tallique, par voie ionique ou en condition radicalaire.","robots":{"index":"index","follow":"follow","max-snippet":"max-snippet:-1","max-image-preview":"max-image-preview:large","max-video-preview":"max-video-preview:-1"},"canonical":"https:\/\/www.istegroup.com\/fr\/produit\/reactions-multicomposants-en-diversite-moleculaire\/","og_locale":"en_US","og_type":"article","og_title":"R\u00e9actions multicomposants en diversit\u00e9 mol\u00e9culaire - ISTE Group","og_description":"R\u00e9actions multicomposants en diversit\u00e9 mol\u00e9culaire analyse ces r\u00e9actions, qu\u2019elles soient r\u00e9alis\u00e9es en catalyse organom\u00e9tallique, par voie ionique ou en condition radicalaire.","og_url":"https:\/\/www.istegroup.com\/fr\/produit\/reactions-multicomposants-en-diversite-moleculaire\/","og_site_name":"ISTE Group","article_modified_time":"2024-01-03T13:43:02+00:00","og_image":[{"width":607,"height":913,"url":"https:\/\/www.istegroup.com\/wp-content\/uploads\/2019\/02\/Malacria-Goddard-1_Front.jpg","type":"image\/jpeg"}],"twitter_card":"summary_large_image","twitter_misc":{"Est. reading time":"1 minute"},"schema":{"@context":"https:\/\/schema.org","@graph":[{"@type":"WebPage","@id":"https:\/\/www.istegroup.com\/fr\/produit\/reactions-multicomposants-en-diversite-moleculaire\/","url":"https:\/\/www.istegroup.com\/fr\/produit\/reactions-multicomposants-en-diversite-moleculaire\/","name":"R\u00e9actions multicomposants en diversit\u00e9 mol\u00e9culaire - ISTE Group","isPartOf":{"@id":"https:\/\/www.istegroup.com\/#website"},"primaryImageOfPage":{"@id":"https:\/\/www.istegroup.com\/fr\/produit\/reactions-multicomposants-en-diversite-moleculaire\/#primaryimage"},"image":{"@id":"https:\/\/www.istegroup.com\/fr\/produit\/reactions-multicomposants-en-diversite-moleculaire\/#primaryimage"},"thumbnailUrl":"https:\/\/www.istegroup.com\/wp-content\/uploads\/2019\/02\/Malacria-Goddard-1_Front.jpg","datePublished":"2019-02-25T10:16:54+00:00","dateModified":"2024-01-03T13:43:02+00:00","description":"R\u00e9actions multicomposants en diversit\u00e9 mol\u00e9culaire analyse ces r\u00e9actions, qu\u2019elles soient r\u00e9alis\u00e9es en catalyse organom\u00e9tallique, par voie ionique ou en condition radicalaire.","breadcrumb":{"@id":"https:\/\/www.istegroup.com\/fr\/produit\/reactions-multicomposants-en-diversite-moleculaire\/#breadcrumb"},"inLanguage":"en-US","potentialAction":[{"@type":"ReadAction","target":["https:\/\/www.istegroup.com\/fr\/produit\/reactions-multicomposants-en-diversite-moleculaire\/"]}]},{"@type":"ImageObject","inLanguage":"en-US","@id":"https:\/\/www.istegroup.com\/fr\/produit\/reactions-multicomposants-en-diversite-moleculaire\/#primaryimage","url":"https:\/\/www.istegroup.com\/wp-content\/uploads\/2019\/02\/Malacria-Goddard-1_Front.jpg","contentUrl":"https:\/\/www.istegroup.com\/wp-content\/uploads\/2019\/02\/Malacria-Goddard-1_Front.jpg","width":607,"height":913,"caption":"R\u00e9actions multicomposants en diversit\u00e9 mol\u00e9culaire"},{"@type":"BreadcrumbList","@id":"https:\/\/www.istegroup.com\/fr\/produit\/reactions-multicomposants-en-diversite-moleculaire\/#breadcrumb","itemListElement":[{"@type":"ListItem","position":1,"name":"Home","item":"https:\/\/www.istegroup.com\/"},{"@type":"ListItem","position":2,"name":"Shop","item":"https:\/\/www.istegroup.com\/fr\/nouveautes\/"},{"@type":"ListItem","position":3,"name":"R\u00e9actions multicomposants en diversit\u00e9 mol\u00e9culaire"}]},{"@type":"WebSite","@id":"https:\/\/www.istegroup.com\/#website","url":"https:\/\/www.istegroup.com\/","name":"ISTE Group","description":"Publishing Knowledge","potentialAction":[{"@type":"SearchAction","target":{"@type":"EntryPoint","urlTemplate":"https:\/\/www.istegroup.com\/?s={search_term_string}"},"query-input":{"@type":"PropertyValueSpecification","valueRequired":true,"valueName":"search_term_string"}}],"inLanguage":"en-US"}]}},"_links":{"self":[{"href":"https:\/\/www.istegroup.com\/en\/wp-json\/wp\/v2\/product\/17996","targetHints":{"allow":["GET"]}}],"collection":[{"href":"https:\/\/www.istegroup.com\/en\/wp-json\/wp\/v2\/product"}],"about":[{"href":"https:\/\/www.istegroup.com\/en\/wp-json\/wp\/v2\/types\/product"}],"wp:featuredmedia":[{"embeddable":true,"href":"https:\/\/www.istegroup.com\/en\/wp-json\/wp\/v2\/media\/18008"}],"wp:attachment":[{"href":"https:\/\/www.istegroup.com\/en\/wp-json\/wp\/v2\/media?parent=17996"}],"wp:term":[{"taxonomy":"product_brand","embeddable":true,"href":"https:\/\/www.istegroup.com\/en\/wp-json\/wp\/v2\/product_brand?post=17996"},{"taxonomy":"product_cat","embeddable":true,"href":"https:\/\/www.istegroup.com\/en\/wp-json\/wp\/v2\/product_cat?post=17996"},{"taxonomy":"product_tag","embeddable":true,"href":"https:\/\/www.istegroup.com\/en\/wp-json\/wp\/v2\/product_tag?post=17996"}],"curies":[{"name":"wp","href":"https:\/\/api.w.org\/{rel}","templated":true}]}}