{"id":17988,"date":"2019-02-25T09:58:24","date_gmt":"2019-02-25T09:58:24","guid":{"rendered":"https:\/\/www.istegroup.com\/?post_type=product&#038;p=17988"},"modified":"2024-01-03T13:43:02","modified_gmt":"2024-01-03T13:43:02","slug":"lhumain-a-lepreuve-de-la-telemedecine","status":"publish","type":"product","link":"https:\/\/www.istegroup.com\/en\/produit\/lhumain-a-lepreuve-de-la-telemedecine\/","title":{"rendered":"L\u2019humain \u00e0 l\u2019\u00e9preuve de la t\u00e9l\u00e9m\u00e9decine"},"content":{"rendered":"<p>La t\u00e9l\u00e9m\u00e9decine apporte une r\u00e9ponse concr\u00e8te aux probl\u00e8mes rencontr\u00e9s dans le secteur de la sant\u00e9 : in\u00e9galit\u00e9s d\u2019acc\u00e8s aux soins, disparit\u00e9s des ressources m\u00e9dicales, d\u00e9cloisonnement des syst\u00e8mes et contraintes \u00e9conomiques. Son essor s\u2019appuie sur une volont\u00e9 croissante de d\u00e9velopper des approches coordonn\u00e9es, transversales et pluridisciplinaires afin d\u2019optimiser l\u2019acc\u00e8s aux soins et leur qualit\u00e9.<\/p>\n<p>Fond\u00e9 sur un imp\u00e9ratif de r\u00e9duction des co\u00fbts et l\u2019aide au d\u00e9veloppement de solutions de t\u00e9l\u00e9sant\u00e9, le mod\u00e8le \u00e9conomique de la t\u00e9l\u00e9m\u00e9decine contemporaine fait cependant craindre l\u2019av\u00e8nement d\u2019une m\u00e9decine impersonnelle et consum\u00e9riste qui privil\u00e9gierait une logique de rentabilit\u00e9 \u00e0 une approche humaine du soin.<\/p>\n<p><em>L\u2019humain \u00e0 l\u2019\u00e9preuve de la t\u00e9l\u00e9m\u00e9decine<\/em>\u00a0pr\u00e9sente une \u00e9thique relationnelle qui s\u2019inspire d\u2019approches centr\u00e9es-patient tenant compte de l\u2019int\u00e9r\u00eat du patient chronique concret (diab\u00e9tique, insuffisant cardiaque et r\u00e9nal). Il apporte, \u00e0 partir d\u2019\u00e9tudes de cas, un \u00e9clairage sur les enjeux \u00e9thiques et \u00e9pist\u00e9mologiques de la r\u00e9conciliation (attendue par les acteurs) des valeurs humaines et des pratiques innovantes du soin \u00e0 distance.<\/p>\n","protected":false},"excerpt":{"rendered":"<p>La t\u00e9l\u00e9m\u00e9decine apporte une r\u00e9ponse concr\u00e8te aux probl\u00e8mes rencontr\u00e9s dans le secteur de la sant\u00e9 : in\u00e9galit\u00e9s d\u2019acc\u00e8s aux soins, disparit\u00e9s des ressources m\u00e9dicales, d\u00e9cloisonnement des syst\u00e8mes et contraintes \u00e9conomiques. Son essor s\u2019appuie sur une volont\u00e9 croissante de d\u00e9velopper des approches coordonn\u00e9es, transversales et pluridisciplinaires afin d\u2019optimiser l\u2019acc\u00e8s aux soins et leur qualit\u00e9. Fond\u00e9 sur [&hellip;]<\/p>\n","protected":false},"featured_media":17994,"template":"","meta":{"_acf_changed":false,"_links_to":"","_links_to_target":""},"product_brand":[],"product_cat":[3262],"product_tag":[],"class_list":{"0":"post-17988","1":"product","2":"type-product","3":"status-publish","4":"has-post-thumbnail","6":"product_cat-non-classe","8":"first","9":"instock","10":"shipping-taxable","11":"purchasable","12":"product-type-variable"},"acf":[],"yoast_head":"<!-- This site is optimized with the Yoast SEO plugin v27.2 - https:\/\/yoast.com\/product\/yoast-seo-wordpress\/ -->\n<title>L\u2019humain \u00e0 l\u2019\u00e9preuve de la t\u00e9l\u00e9m\u00e9decine - ISTE Group<\/title>\n<meta name=\"description\" content=\"L\u2019humain \u00e0 l\u2019\u00e9preuve de la t\u00e9l\u00e9m\u00e9decine\u00a0pr\u00e9sente une \u00e9thique relationnelle qui s\u2019inspire d\u2019approches centr\u00e9es-patient tenant compte de l\u2019int\u00e9r\u00eat du patient chronique concret.\" \/>\n<meta name=\"robots\" content=\"index, follow, max-snippet:-1, max-image-preview:large, max-video-preview:-1\" \/>\n<link rel=\"canonical\" href=\"https:\/\/www.istegroup.com\/fr\/produit\/lhumain-a-lepreuve-de-la-telemedecine\/\" \/>\n<meta property=\"og:locale\" content=\"en_US\" \/>\n<meta property=\"og:type\" content=\"article\" \/>\n<meta property=\"og:title\" content=\"L\u2019humain \u00e0 l\u2019\u00e9preuve de la t\u00e9l\u00e9m\u00e9decine - ISTE Group\" \/>\n<meta property=\"og:description\" content=\"L\u2019humain \u00e0 l\u2019\u00e9preuve de la t\u00e9l\u00e9m\u00e9decine\u00a0pr\u00e9sente une \u00e9thique relationnelle qui s\u2019inspire d\u2019approches centr\u00e9es-patient tenant compte de l\u2019int\u00e9r\u00eat du patient chronique concret.\" \/>\n<meta property=\"og:url\" content=\"https:\/\/www.istegroup.com\/fr\/produit\/lhumain-a-lepreuve-de-la-telemedecine\/\" \/>\n<meta property=\"og:site_name\" content=\"ISTE Group\" \/>\n<meta property=\"article:modified_time\" content=\"2024-01-03T13:43:02+00:00\" \/>\n<meta property=\"og:image\" content=\"https:\/\/www.istegroup.com\/wp-content\/uploads\/2019\/02\/Bardy_Front.jpg\" \/>\n\t<meta property=\"og:image:width\" content=\"604\" \/>\n\t<meta property=\"og:image:height\" content=\"910\" \/>\n\t<meta property=\"og:image:type\" content=\"image\/jpeg\" \/>\n<meta name=\"twitter:card\" content=\"summary_large_image\" \/>\n<meta name=\"twitter:label1\" content=\"Est. reading time\" \/>\n\t<meta name=\"twitter:data1\" content=\"1 minute\" \/>\n<script type=\"application\/ld+json\" class=\"yoast-schema-graph\">{\"@context\":\"https:\/\/schema.org\",\"@graph\":[{\"@type\":\"WebPage\",\"@id\":\"https:\/\/www.istegroup.com\/fr\/produit\/lhumain-a-lepreuve-de-la-telemedecine\/\",\"url\":\"https:\/\/www.istegroup.com\/fr\/produit\/lhumain-a-lepreuve-de-la-telemedecine\/\",\"name\":\"L\u2019humain \u00e0 l\u2019\u00e9preuve de la t\u00e9l\u00e9m\u00e9decine - ISTE Group\",\"isPartOf\":{\"@id\":\"https:\/\/www.istegroup.com\/#website\"},\"primaryImageOfPage\":{\"@id\":\"https:\/\/www.istegroup.com\/fr\/produit\/lhumain-a-lepreuve-de-la-telemedecine\/#primaryimage\"},\"image\":{\"@id\":\"https:\/\/www.istegroup.com\/fr\/produit\/lhumain-a-lepreuve-de-la-telemedecine\/#primaryimage\"},\"thumbnailUrl\":\"https:\/\/www.istegroup.com\/wp-content\/uploads\/2019\/02\/Bardy_Front.jpg\",\"datePublished\":\"2019-02-25T09:58:24+00:00\",\"dateModified\":\"2024-01-03T13:43:02+00:00\",\"description\":\"L\u2019humain \u00e0 l\u2019\u00e9preuve de la t\u00e9l\u00e9m\u00e9decine\u00a0pr\u00e9sente une \u00e9thique relationnelle qui s\u2019inspire d\u2019approches centr\u00e9es-patient tenant compte de l\u2019int\u00e9r\u00eat du patient chronique concret.\",\"breadcrumb\":{\"@id\":\"https:\/\/www.istegroup.com\/fr\/produit\/lhumain-a-lepreuve-de-la-telemedecine\/#breadcrumb\"},\"inLanguage\":\"en-US\",\"potentialAction\":[{\"@type\":\"ReadAction\",\"target\":[\"https:\/\/www.istegroup.com\/fr\/produit\/lhumain-a-lepreuve-de-la-telemedecine\/\"]}]},{\"@type\":\"ImageObject\",\"inLanguage\":\"en-US\",\"@id\":\"https:\/\/www.istegroup.com\/fr\/produit\/lhumain-a-lepreuve-de-la-telemedecine\/#primaryimage\",\"url\":\"https:\/\/www.istegroup.com\/wp-content\/uploads\/2019\/02\/Bardy_Front.jpg\",\"contentUrl\":\"https:\/\/www.istegroup.com\/wp-content\/uploads\/2019\/02\/Bardy_Front.jpg\",\"width\":604,\"height\":910,\"caption\":\"Pour une \u00e9thique du t\u00e9l\u00e9soin sensible \u00e0 la personne\"},{\"@type\":\"BreadcrumbList\",\"@id\":\"https:\/\/www.istegroup.com\/fr\/produit\/lhumain-a-lepreuve-de-la-telemedecine\/#breadcrumb\",\"itemListElement\":[{\"@type\":\"ListItem\",\"position\":1,\"name\":\"Home\",\"item\":\"https:\/\/www.istegroup.com\/\"},{\"@type\":\"ListItem\",\"position\":2,\"name\":\"Shop\",\"item\":\"https:\/\/www.istegroup.com\/fr\/nouveautes\/\"},{\"@type\":\"ListItem\",\"position\":3,\"name\":\"L\u2019humain \u00e0 l\u2019\u00e9preuve de la t\u00e9l\u00e9m\u00e9decine\"}]},{\"@type\":\"WebSite\",\"@id\":\"https:\/\/www.istegroup.com\/#website\",\"url\":\"https:\/\/www.istegroup.com\/\",\"name\":\"ISTE Group\",\"description\":\"Publishing Knowledge\",\"potentialAction\":[{\"@type\":\"SearchAction\",\"target\":{\"@type\":\"EntryPoint\",\"urlTemplate\":\"https:\/\/www.istegroup.com\/?s={search_term_string}\"},\"query-input\":{\"@type\":\"PropertyValueSpecification\",\"valueRequired\":true,\"valueName\":\"search_term_string\"}}],\"inLanguage\":\"en-US\"}]}<\/script>\n<!-- \/ Yoast SEO plugin. -->","yoast_head_json":{"title":"L\u2019humain \u00e0 l\u2019\u00e9preuve de la t\u00e9l\u00e9m\u00e9decine - ISTE Group","description":"L\u2019humain \u00e0 l\u2019\u00e9preuve de la t\u00e9l\u00e9m\u00e9decine\u00a0pr\u00e9sente une \u00e9thique relationnelle qui s\u2019inspire d\u2019approches centr\u00e9es-patient tenant compte de l\u2019int\u00e9r\u00eat du patient chronique concret.","robots":{"index":"index","follow":"follow","max-snippet":"max-snippet:-1","max-image-preview":"max-image-preview:large","max-video-preview":"max-video-preview:-1"},"canonical":"https:\/\/www.istegroup.com\/fr\/produit\/lhumain-a-lepreuve-de-la-telemedecine\/","og_locale":"en_US","og_type":"article","og_title":"L\u2019humain \u00e0 l\u2019\u00e9preuve de la t\u00e9l\u00e9m\u00e9decine - ISTE Group","og_description":"L\u2019humain \u00e0 l\u2019\u00e9preuve de la t\u00e9l\u00e9m\u00e9decine\u00a0pr\u00e9sente une \u00e9thique relationnelle qui s\u2019inspire d\u2019approches centr\u00e9es-patient tenant compte de l\u2019int\u00e9r\u00eat du patient chronique concret.","og_url":"https:\/\/www.istegroup.com\/fr\/produit\/lhumain-a-lepreuve-de-la-telemedecine\/","og_site_name":"ISTE Group","article_modified_time":"2024-01-03T13:43:02+00:00","og_image":[{"width":604,"height":910,"url":"https:\/\/www.istegroup.com\/wp-content\/uploads\/2019\/02\/Bardy_Front.jpg","type":"image\/jpeg"}],"twitter_card":"summary_large_image","twitter_misc":{"Est. reading time":"1 minute"},"schema":{"@context":"https:\/\/schema.org","@graph":[{"@type":"WebPage","@id":"https:\/\/www.istegroup.com\/fr\/produit\/lhumain-a-lepreuve-de-la-telemedecine\/","url":"https:\/\/www.istegroup.com\/fr\/produit\/lhumain-a-lepreuve-de-la-telemedecine\/","name":"L\u2019humain \u00e0 l\u2019\u00e9preuve de la t\u00e9l\u00e9m\u00e9decine - ISTE Group","isPartOf":{"@id":"https:\/\/www.istegroup.com\/#website"},"primaryImageOfPage":{"@id":"https:\/\/www.istegroup.com\/fr\/produit\/lhumain-a-lepreuve-de-la-telemedecine\/#primaryimage"},"image":{"@id":"https:\/\/www.istegroup.com\/fr\/produit\/lhumain-a-lepreuve-de-la-telemedecine\/#primaryimage"},"thumbnailUrl":"https:\/\/www.istegroup.com\/wp-content\/uploads\/2019\/02\/Bardy_Front.jpg","datePublished":"2019-02-25T09:58:24+00:00","dateModified":"2024-01-03T13:43:02+00:00","description":"L\u2019humain \u00e0 l\u2019\u00e9preuve de la t\u00e9l\u00e9m\u00e9decine\u00a0pr\u00e9sente une \u00e9thique relationnelle qui s\u2019inspire d\u2019approches centr\u00e9es-patient tenant compte de l\u2019int\u00e9r\u00eat du patient chronique concret.","breadcrumb":{"@id":"https:\/\/www.istegroup.com\/fr\/produit\/lhumain-a-lepreuve-de-la-telemedecine\/#breadcrumb"},"inLanguage":"en-US","potentialAction":[{"@type":"ReadAction","target":["https:\/\/www.istegroup.com\/fr\/produit\/lhumain-a-lepreuve-de-la-telemedecine\/"]}]},{"@type":"ImageObject","inLanguage":"en-US","@id":"https:\/\/www.istegroup.com\/fr\/produit\/lhumain-a-lepreuve-de-la-telemedecine\/#primaryimage","url":"https:\/\/www.istegroup.com\/wp-content\/uploads\/2019\/02\/Bardy_Front.jpg","contentUrl":"https:\/\/www.istegroup.com\/wp-content\/uploads\/2019\/02\/Bardy_Front.jpg","width":604,"height":910,"caption":"Pour une \u00e9thique du t\u00e9l\u00e9soin sensible \u00e0 la personne"},{"@type":"BreadcrumbList","@id":"https:\/\/www.istegroup.com\/fr\/produit\/lhumain-a-lepreuve-de-la-telemedecine\/#breadcrumb","itemListElement":[{"@type":"ListItem","position":1,"name":"Home","item":"https:\/\/www.istegroup.com\/"},{"@type":"ListItem","position":2,"name":"Shop","item":"https:\/\/www.istegroup.com\/fr\/nouveautes\/"},{"@type":"ListItem","position":3,"name":"L\u2019humain \u00e0 l\u2019\u00e9preuve de la t\u00e9l\u00e9m\u00e9decine"}]},{"@type":"WebSite","@id":"https:\/\/www.istegroup.com\/#website","url":"https:\/\/www.istegroup.com\/","name":"ISTE Group","description":"Publishing Knowledge","potentialAction":[{"@type":"SearchAction","target":{"@type":"EntryPoint","urlTemplate":"https:\/\/www.istegroup.com\/?s={search_term_string}"},"query-input":{"@type":"PropertyValueSpecification","valueRequired":true,"valueName":"search_term_string"}}],"inLanguage":"en-US"}]}},"_links":{"self":[{"href":"https:\/\/www.istegroup.com\/en\/wp-json\/wp\/v2\/product\/17988","targetHints":{"allow":["GET"]}}],"collection":[{"href":"https:\/\/www.istegroup.com\/en\/wp-json\/wp\/v2\/product"}],"about":[{"href":"https:\/\/www.istegroup.com\/en\/wp-json\/wp\/v2\/types\/product"}],"wp:featuredmedia":[{"embeddable":true,"href":"https:\/\/www.istegroup.com\/en\/wp-json\/wp\/v2\/media\/17994"}],"wp:attachment":[{"href":"https:\/\/www.istegroup.com\/en\/wp-json\/wp\/v2\/media?parent=17988"}],"wp:term":[{"taxonomy":"product_brand","embeddable":true,"href":"https:\/\/www.istegroup.com\/en\/wp-json\/wp\/v2\/product_brand?post=17988"},{"taxonomy":"product_cat","embeddable":true,"href":"https:\/\/www.istegroup.com\/en\/wp-json\/wp\/v2\/product_cat?post=17988"},{"taxonomy":"product_tag","embeddable":true,"href":"https:\/\/www.istegroup.com\/en\/wp-json\/wp\/v2\/product_tag?post=17988"}],"curies":[{"name":"wp","href":"https:\/\/api.w.org\/{rel}","templated":true}]}}