{"id":17980,"date":"2019-02-25T09:47:53","date_gmt":"2019-02-25T09:47:53","guid":{"rendered":"https:\/\/www.istegroup.com\/?post_type=product&#038;p=17980"},"modified":"2024-01-03T13:43:02","modified_gmt":"2024-01-03T13:43:02","slug":"organisation-de-lefficience-des-soins","status":"publish","type":"product","link":"https:\/\/www.istegroup.com\/en\/produit\/organisation-de-lefficience-des-soins\/","title":{"rendered":"Organisation de l\u2019efficience des soins"},"content":{"rendered":"<p>L&#8217;efficience est un composant important de la mesure de la performance. C&#8217;est l&#8217;optimisation de la consommation des ressources utilis\u00e9es pour la production d&#8217;un r\u00e9sultat.<\/p>\n<p>De cette conception est n\u00e9e l\u2019id\u00e9e de cet ouvrage d\u00e9di\u00e9 \u00e0 l\u2019efficience appliqu\u00e9e au monde de la sant\u00e9. Les collaborations entre m\u00e9decins et ing\u00e9nieurs sont en effet de plus en plus nombreuses, mais l\u2019application du g\u00e9nie industriel et de la recherche op\u00e9rationnelle aux syst\u00e8mes de sant\u00e9 reste encore mal connue du monde m\u00e9dical. C\u2019est pourquoi cet ouvrage offre un espace de r\u00e9flexion \u00e0 partir d\u2019exemples concrets issus de collaborations m\u00e9decins-ing\u00e9nieurs.<\/p>\n<p><em>Organisation de l\u2019efficience des soins<\/em> s\u2019appuie sur une s\u00e9rie de travaux pr\u00e9sent\u00e9s lors des journ\u00e9es organis\u00e9es par le Centre ing\u00e9nierie et sant\u00e9 de l\u2019\u00c9cole nationale sup\u00e9rieure des mines de Saint-\u00c9tienne. Il analyse comment l\u2019ing\u00e9nierie peut se mettre au service de la sant\u00e9 et apporte des \u00e9l\u00e9ments de r\u00e9flexion sur l\u2019interaction possible entre ces deux disciplines.<\/p>\n","protected":false},"excerpt":{"rendered":"<p>L&#8217;efficience est un composant important de la mesure de la performance. C&#8217;est l&#8217;optimisation de la consommation des ressources utilis\u00e9es pour la production d&#8217;un r\u00e9sultat. De cette conception est n\u00e9e l\u2019id\u00e9e de cet ouvrage d\u00e9di\u00e9 \u00e0 l\u2019efficience appliqu\u00e9e au monde de la sant\u00e9. Les collaborations entre m\u00e9decins et ing\u00e9nieurs sont en effet de plus en plus [&hellip;]<\/p>\n","protected":false},"featured_media":17987,"template":"","meta":{"_acf_changed":false,"_links_to":"","_links_to_target":""},"product_brand":[],"product_cat":[3262],"product_tag":[],"class_list":{"0":"post-17980","1":"product","2":"type-product","3":"status-publish","4":"has-post-thumbnail","6":"product_cat-non-classe","8":"first","9":"instock","10":"shipping-taxable","11":"purchasable","12":"product-type-variable"},"acf":[],"yoast_head":"<!-- This site is optimized with the Yoast SEO plugin v27.2 - https:\/\/yoast.com\/product\/yoast-seo-wordpress\/ -->\n<title>Organisation de l\u2019efficience des soins - ISTE Group<\/title>\n<meta name=\"description\" content=\"Organisation de l\u2019efficience des soins s\u2019appuie sur une s\u00e9rie de travaux pr\u00e9sent\u00e9s lors des journ\u00e9es organis\u00e9es par le Centre ing\u00e9nierie et sant\u00e9 de l\u2019\u00c9cole nationale sup\u00e9rieure des mines de Saint-\u00c9tienne.\" \/>\n<meta name=\"robots\" content=\"index, follow, max-snippet:-1, max-image-preview:large, max-video-preview:-1\" \/>\n<link rel=\"canonical\" href=\"https:\/\/www.istegroup.com\/fr\/produit\/organisation-de-lefficience-des-soins\/\" \/>\n<meta property=\"og:locale\" content=\"en_US\" \/>\n<meta property=\"og:type\" content=\"article\" \/>\n<meta property=\"og:title\" content=\"Organisation de l\u2019efficience des soins - ISTE Group\" \/>\n<meta property=\"og:description\" content=\"Organisation de l\u2019efficience des soins s\u2019appuie sur une s\u00e9rie de travaux pr\u00e9sent\u00e9s lors des journ\u00e9es organis\u00e9es par le Centre ing\u00e9nierie et sant\u00e9 de l\u2019\u00c9cole nationale sup\u00e9rieure des mines de Saint-\u00c9tienne.\" \/>\n<meta property=\"og:url\" content=\"https:\/\/www.istegroup.com\/fr\/produit\/organisation-de-lefficience-des-soins\/\" \/>\n<meta property=\"og:site_name\" content=\"ISTE Group\" \/>\n<meta property=\"article:modified_time\" content=\"2024-01-03T13:43:02+00:00\" \/>\n<meta property=\"og:image\" content=\"https:\/\/www.istegroup.com\/wp-content\/uploads\/2019\/02\/Sarazin_Front.jpg\" \/>\n\t<meta property=\"og:image:width\" content=\"604\" \/>\n\t<meta property=\"og:image:height\" content=\"908\" \/>\n\t<meta property=\"og:image:type\" content=\"image\/jpeg\" \/>\n<meta name=\"twitter:card\" content=\"summary_large_image\" \/>\n<meta name=\"twitter:label1\" content=\"Est. reading time\" \/>\n\t<meta name=\"twitter:data1\" content=\"1 minute\" \/>\n<script type=\"application\/ld+json\" class=\"yoast-schema-graph\">{\"@context\":\"https:\/\/schema.org\",\"@graph\":[{\"@type\":\"WebPage\",\"@id\":\"https:\/\/www.istegroup.com\/fr\/produit\/organisation-de-lefficience-des-soins\/\",\"url\":\"https:\/\/www.istegroup.com\/fr\/produit\/organisation-de-lefficience-des-soins\/\",\"name\":\"Organisation de l\u2019efficience des soins - ISTE Group\",\"isPartOf\":{\"@id\":\"https:\/\/www.istegroup.com\/#website\"},\"primaryImageOfPage\":{\"@id\":\"https:\/\/www.istegroup.com\/fr\/produit\/organisation-de-lefficience-des-soins\/#primaryimage\"},\"image\":{\"@id\":\"https:\/\/www.istegroup.com\/fr\/produit\/organisation-de-lefficience-des-soins\/#primaryimage\"},\"thumbnailUrl\":\"https:\/\/www.istegroup.com\/wp-content\/uploads\/2019\/02\/Sarazin_Front.jpg\",\"datePublished\":\"2019-02-25T09:47:53+00:00\",\"dateModified\":\"2024-01-03T13:43:02+00:00\",\"description\":\"Organisation de l\u2019efficience des soins s\u2019appuie sur une s\u00e9rie de travaux pr\u00e9sent\u00e9s lors des journ\u00e9es organis\u00e9es par le Centre ing\u00e9nierie et sant\u00e9 de l\u2019\u00c9cole nationale sup\u00e9rieure des mines de Saint-\u00c9tienne.\",\"breadcrumb\":{\"@id\":\"https:\/\/www.istegroup.com\/fr\/produit\/organisation-de-lefficience-des-soins\/#breadcrumb\"},\"inLanguage\":\"en-US\",\"potentialAction\":[{\"@type\":\"ReadAction\",\"target\":[\"https:\/\/www.istegroup.com\/fr\/produit\/organisation-de-lefficience-des-soins\/\"]}]},{\"@type\":\"ImageObject\",\"inLanguage\":\"en-US\",\"@id\":\"https:\/\/www.istegroup.com\/fr\/produit\/organisation-de-lefficience-des-soins\/#primaryimage\",\"url\":\"https:\/\/www.istegroup.com\/wp-content\/uploads\/2019\/02\/Sarazin_Front.jpg\",\"contentUrl\":\"https:\/\/www.istegroup.com\/wp-content\/uploads\/2019\/02\/Sarazin_Front.jpg\",\"width\":604,\"height\":908,\"caption\":\"L\u2019ing\u00e9nierie au service de la sant\u00e9\"},{\"@type\":\"BreadcrumbList\",\"@id\":\"https:\/\/www.istegroup.com\/fr\/produit\/organisation-de-lefficience-des-soins\/#breadcrumb\",\"itemListElement\":[{\"@type\":\"ListItem\",\"position\":1,\"name\":\"Home\",\"item\":\"https:\/\/www.istegroup.com\/\"},{\"@type\":\"ListItem\",\"position\":2,\"name\":\"Shop\",\"item\":\"https:\/\/www.istegroup.com\/fr\/nouveautes\/\"},{\"@type\":\"ListItem\",\"position\":3,\"name\":\"Organisation de l\u2019efficience des soins\"}]},{\"@type\":\"WebSite\",\"@id\":\"https:\/\/www.istegroup.com\/#website\",\"url\":\"https:\/\/www.istegroup.com\/\",\"name\":\"ISTE Group\",\"description\":\"Publishing Knowledge\",\"potentialAction\":[{\"@type\":\"SearchAction\",\"target\":{\"@type\":\"EntryPoint\",\"urlTemplate\":\"https:\/\/www.istegroup.com\/?s={search_term_string}\"},\"query-input\":{\"@type\":\"PropertyValueSpecification\",\"valueRequired\":true,\"valueName\":\"search_term_string\"}}],\"inLanguage\":\"en-US\"}]}<\/script>\n<!-- \/ Yoast SEO plugin. -->","yoast_head_json":{"title":"Organisation de l\u2019efficience des soins - ISTE Group","description":"Organisation de l\u2019efficience des soins s\u2019appuie sur une s\u00e9rie de travaux pr\u00e9sent\u00e9s lors des journ\u00e9es organis\u00e9es par le Centre ing\u00e9nierie et sant\u00e9 de l\u2019\u00c9cole nationale sup\u00e9rieure des mines de Saint-\u00c9tienne.","robots":{"index":"index","follow":"follow","max-snippet":"max-snippet:-1","max-image-preview":"max-image-preview:large","max-video-preview":"max-video-preview:-1"},"canonical":"https:\/\/www.istegroup.com\/fr\/produit\/organisation-de-lefficience-des-soins\/","og_locale":"en_US","og_type":"article","og_title":"Organisation de l\u2019efficience des soins - ISTE Group","og_description":"Organisation de l\u2019efficience des soins s\u2019appuie sur une s\u00e9rie de travaux pr\u00e9sent\u00e9s lors des journ\u00e9es organis\u00e9es par le Centre ing\u00e9nierie et sant\u00e9 de l\u2019\u00c9cole nationale sup\u00e9rieure des mines de Saint-\u00c9tienne.","og_url":"https:\/\/www.istegroup.com\/fr\/produit\/organisation-de-lefficience-des-soins\/","og_site_name":"ISTE Group","article_modified_time":"2024-01-03T13:43:02+00:00","og_image":[{"width":604,"height":908,"url":"https:\/\/www.istegroup.com\/wp-content\/uploads\/2019\/02\/Sarazin_Front.jpg","type":"image\/jpeg"}],"twitter_card":"summary_large_image","twitter_misc":{"Est. reading time":"1 minute"},"schema":{"@context":"https:\/\/schema.org","@graph":[{"@type":"WebPage","@id":"https:\/\/www.istegroup.com\/fr\/produit\/organisation-de-lefficience-des-soins\/","url":"https:\/\/www.istegroup.com\/fr\/produit\/organisation-de-lefficience-des-soins\/","name":"Organisation de l\u2019efficience des soins - ISTE Group","isPartOf":{"@id":"https:\/\/www.istegroup.com\/#website"},"primaryImageOfPage":{"@id":"https:\/\/www.istegroup.com\/fr\/produit\/organisation-de-lefficience-des-soins\/#primaryimage"},"image":{"@id":"https:\/\/www.istegroup.com\/fr\/produit\/organisation-de-lefficience-des-soins\/#primaryimage"},"thumbnailUrl":"https:\/\/www.istegroup.com\/wp-content\/uploads\/2019\/02\/Sarazin_Front.jpg","datePublished":"2019-02-25T09:47:53+00:00","dateModified":"2024-01-03T13:43:02+00:00","description":"Organisation de l\u2019efficience des soins s\u2019appuie sur une s\u00e9rie de travaux pr\u00e9sent\u00e9s lors des journ\u00e9es organis\u00e9es par le Centre ing\u00e9nierie et sant\u00e9 de l\u2019\u00c9cole nationale sup\u00e9rieure des mines de Saint-\u00c9tienne.","breadcrumb":{"@id":"https:\/\/www.istegroup.com\/fr\/produit\/organisation-de-lefficience-des-soins\/#breadcrumb"},"inLanguage":"en-US","potentialAction":[{"@type":"ReadAction","target":["https:\/\/www.istegroup.com\/fr\/produit\/organisation-de-lefficience-des-soins\/"]}]},{"@type":"ImageObject","inLanguage":"en-US","@id":"https:\/\/www.istegroup.com\/fr\/produit\/organisation-de-lefficience-des-soins\/#primaryimage","url":"https:\/\/www.istegroup.com\/wp-content\/uploads\/2019\/02\/Sarazin_Front.jpg","contentUrl":"https:\/\/www.istegroup.com\/wp-content\/uploads\/2019\/02\/Sarazin_Front.jpg","width":604,"height":908,"caption":"L\u2019ing\u00e9nierie au service de la sant\u00e9"},{"@type":"BreadcrumbList","@id":"https:\/\/www.istegroup.com\/fr\/produit\/organisation-de-lefficience-des-soins\/#breadcrumb","itemListElement":[{"@type":"ListItem","position":1,"name":"Home","item":"https:\/\/www.istegroup.com\/"},{"@type":"ListItem","position":2,"name":"Shop","item":"https:\/\/www.istegroup.com\/fr\/nouveautes\/"},{"@type":"ListItem","position":3,"name":"Organisation de l\u2019efficience des soins"}]},{"@type":"WebSite","@id":"https:\/\/www.istegroup.com\/#website","url":"https:\/\/www.istegroup.com\/","name":"ISTE Group","description":"Publishing Knowledge","potentialAction":[{"@type":"SearchAction","target":{"@type":"EntryPoint","urlTemplate":"https:\/\/www.istegroup.com\/?s={search_term_string}"},"query-input":{"@type":"PropertyValueSpecification","valueRequired":true,"valueName":"search_term_string"}}],"inLanguage":"en-US"}]}},"_links":{"self":[{"href":"https:\/\/www.istegroup.com\/en\/wp-json\/wp\/v2\/product\/17980","targetHints":{"allow":["GET"]}}],"collection":[{"href":"https:\/\/www.istegroup.com\/en\/wp-json\/wp\/v2\/product"}],"about":[{"href":"https:\/\/www.istegroup.com\/en\/wp-json\/wp\/v2\/types\/product"}],"wp:featuredmedia":[{"embeddable":true,"href":"https:\/\/www.istegroup.com\/en\/wp-json\/wp\/v2\/media\/17987"}],"wp:attachment":[{"href":"https:\/\/www.istegroup.com\/en\/wp-json\/wp\/v2\/media?parent=17980"}],"wp:term":[{"taxonomy":"product_brand","embeddable":true,"href":"https:\/\/www.istegroup.com\/en\/wp-json\/wp\/v2\/product_brand?post=17980"},{"taxonomy":"product_cat","embeddable":true,"href":"https:\/\/www.istegroup.com\/en\/wp-json\/wp\/v2\/product_cat?post=17980"},{"taxonomy":"product_tag","embeddable":true,"href":"https:\/\/www.istegroup.com\/en\/wp-json\/wp\/v2\/product_tag?post=17980"}],"curies":[{"name":"wp","href":"https:\/\/api.w.org\/{rel}","templated":true}]}}