{"id":177,"date":"2016-07-01T10:43:03","date_gmt":"2016-07-01T08:43:03","guid":{"rendered":"https:\/\/iste.yhello.co\/product\/defauts-a-lechelle-nanometrique-en-lumiere-polarisee\/"},"modified":"2024-01-03T13:38:45","modified_gmt":"2024-01-03T13:38:45","slug":"defauts-a-lechelle-nanometrique-en-lumiere-polarisee","status":"publish","type":"product","link":"https:\/\/www.istegroup.com\/en\/produit\/defauts-a-lechelle-nanometrique-en-lumiere-polarisee\/","title":{"rendered":"D\u00e9fauts \u00e0 l\u2019\u00e9chelle nanom\u00e9trique en lumi\u00e8re polaris\u00e9e"},"content":{"rendered":"<p>La s\u00e9rie\u00a0<em>Fiabilit\u00e9 des syst\u00e8mes multiphysiques<\/em>\u00a0s\u2019int\u00e9resse aux avanc\u00e9es de la recherche et de l\u2019industrie appliqu\u00e9es aux domaines de l\u2019optimisation, de la fiabilit\u00e9 et de la prise en compte des incertitudes des syst\u00e8mes. Ce couplage est \u00e0 la base de la comp\u00e9titivit\u00e9 des entreprises dans les secteurs de l\u2019automobile, de l\u2019a\u00e9ronautique, du g\u00e9nie civil ou de la d\u00e9fense.<\/p>\n<p>Par son approche interdisciplinaire, la m\u00e9catronique permet l\u2019int\u00e9gration en synergie de la m\u00e9canique, de l\u2019\u00e9lectronique, de l\u2019automatique et de l\u2019informatique dans la conception et la fabrication d\u2019un produit en vue d\u2019optimiser sa fonctionnalit\u00e9.<\/p>\n<p>Cet ouvrage \u00e9tudie la d\u00e9tection des d\u00e9fauts de mat\u00e9riaux par la lumi\u00e8re polaris\u00e9e \u00e0 partir d\u2019une analyse optimis\u00e9e des donn\u00e9es exp\u00e9rimentales bas\u00e9e sur des mod\u00e8les statistiques et th\u00e9oriques. Les m\u00e9thodes mises en oeuvre dans le cadre de recherches fondamentales sur les mat\u00e9riaux innovants sont explicitement d\u00e9crites.<\/p>\n<p><em>D\u00e9fauts \u00e0 l\u2019\u00e9chelle nanom\u00e9trique en lumi\u00e8re polaris\u00e9e\u00a0<\/em>d\u00e9veloppe \u00e9galement les diff\u00e9rentes th\u00e9ories sur la lumi\u00e8re, ses \u00e9tats de polarisation et son interaction avec la mati\u00e8re. Il pr\u00e9sente les techniques optiques de type sonde et pompe-sonde qui permettent de caract\u00e9riser les d\u00e9fauts des mat\u00e9riaux susceptibles d\u2019impacter la performance d\u2019un produit.<\/p>\n","protected":false},"excerpt":{"rendered":"<p>La s\u00e9rie\u00a0Fiabilit\u00e9 des syst\u00e8mes multiphysiques\u00a0s\u2019int\u00e9resse aux avanc\u00e9es de la recherche et de l\u2019industrie appliqu\u00e9es aux domaines de l\u2019optimisation, de la fiabilit\u00e9 et de la prise en compte des incertitudes des syst\u00e8mes. Ce couplage est \u00e0 la base de la comp\u00e9titivit\u00e9 des entreprises dans les secteurs de l\u2019automobile, de l\u2019a\u00e9ronautique, du g\u00e9nie civil ou de la [&hellip;]<\/p>\n","protected":false},"featured_media":178,"template":"","meta":{"_acf_changed":false,"_links_to":"","_links_to_target":""},"product_brand":[],"product_cat":[664,675,692],"product_tag":[152,817,1024,31,196,1033,276,386,1025,608,197,198,199,21,1026,200,22,1027,63,25,172,1028,1029,161,1030,212,38,192,28,1031,1032,253],"class_list":{"0":"post-177","1":"product","2":"type-product","3":"status-publish","4":"has-post-thumbnail","6":"product_cat-gnie-mcanique-et-mcanique-des-solides-12506462","7":"product_cat-nouveauts-12519446","8":"product_cat-srie-fiabilit-des-systmes-multiphysiques-185854340","9":"product_tag-abdelkhalak-el-hami","10":"product_tag-automatique","11":"product_tag-defauts-a-lechelle-nanometrique-en-lumiere-polarisee","12":"product_tag-ebook","13":"product_tag-ebooks","14":"product_tag-echelle-nanometrique","15":"product_tag-electronique","16":"product_tag-fiabilite","17":"product_tag-fonctionnalite","18":"product_tag-informatique","19":"product_tag-iste","20":"product_tag-iste-edition","21":"product_tag-iste-editions","22":"product_tag-iste-group","23":"product_tag-iste-groupe","24":"product_tag-isteedition","25":"product_tag-istegroup","26":"product_tag-istegroupe","27":"product_tag-livre-electronique","28":"product_tag-livre-numerique","29":"product_tag-livre-scientifique","30":"product_tag-lumiere-polarisee","31":"product_tag-materiaux-innovants","32":"product_tag-mecanique","33":"product_tag-mecatronique","34":"product_tag-ouvrage","35":"product_tag-ouvrage-numerique","36":"product_tag-ouvrage-science","37":"product_tag-ouvrage-scientifique-francais","38":"product_tag-philippe-pougnet","39":"product_tag-pierre-richard-dahoo","40":"product_tag-technologie","42":"first","43":"instock","44":"shipping-taxable","45":"purchasable","46":"product-type-variable"},"acf":[],"yoast_head":"<!-- This site is optimized with the Yoast SEO plugin v27.2 - https:\/\/yoast.com\/product\/yoast-seo-wordpress\/ -->\n<title>D\u00e9fauts \u00e0 l\u2019\u00e9chelle nanom\u00e9trique en lumi\u00e8re polaris\u00e9e - ISTE Group<\/title>\n<meta name=\"description\" content=\"D\u00e9fauts \u00e0 l\u2019\u00e9chelle nanom\u00e9trique en lumi\u00e8re polaris\u00e9e \u00e9tudie la d\u00e9tection des d\u00e9fauts de mat\u00e9riaux par la lumi\u00e8re polaris\u00e9e.\" \/>\n<meta name=\"robots\" content=\"index, follow, max-snippet:-1, max-image-preview:large, max-video-preview:-1\" \/>\n<link rel=\"canonical\" href=\"https:\/\/www.istegroup.com\/fr\/produit\/defauts-a-lechelle-nanometrique-en-lumiere-polarisee\/\" \/>\n<meta property=\"og:locale\" content=\"en_US\" \/>\n<meta property=\"og:type\" content=\"article\" \/>\n<meta property=\"og:title\" content=\"D\u00e9fauts \u00e0 l\u2019\u00e9chelle nanom\u00e9trique en lumi\u00e8re polaris\u00e9e - ISTE Group\" \/>\n<meta property=\"og:description\" content=\"D\u00e9fauts \u00e0 l\u2019\u00e9chelle nanom\u00e9trique en lumi\u00e8re polaris\u00e9e \u00e9tudie la d\u00e9tection des d\u00e9fauts de mat\u00e9riaux par la lumi\u00e8re polaris\u00e9e.\" \/>\n<meta property=\"og:url\" content=\"https:\/\/www.istegroup.com\/fr\/produit\/defauts-a-lechelle-nanometrique-en-lumiere-polarisee\/\" \/>\n<meta property=\"og:site_name\" content=\"ISTE Group\" \/>\n<meta property=\"article:modified_time\" content=\"2024-01-03T13:38:45+00:00\" \/>\n<meta property=\"og:image\" content=\"https:\/\/www.istegroup.com\/wp-content\/uploads\/2017\/07\/13654820996_6221405316-1.jpg\" \/>\n\t<meta property=\"og:image:width\" content=\"1361\" \/>\n\t<meta property=\"og:image:height\" content=\"2048\" \/>\n\t<meta property=\"og:image:type\" content=\"image\/jpeg\" \/>\n<meta name=\"twitter:card\" content=\"summary_large_image\" \/>\n<meta name=\"twitter:label1\" content=\"Est. reading time\" \/>\n\t<meta name=\"twitter:data1\" content=\"1 minute\" \/>\n<script type=\"application\/ld+json\" class=\"yoast-schema-graph\">{\"@context\":\"https:\/\/schema.org\",\"@graph\":[{\"@type\":\"WebPage\",\"@id\":\"https:\/\/www.istegroup.com\/fr\/produit\/defauts-a-lechelle-nanometrique-en-lumiere-polarisee\/\",\"url\":\"https:\/\/www.istegroup.com\/fr\/produit\/defauts-a-lechelle-nanometrique-en-lumiere-polarisee\/\",\"name\":\"D\u00e9fauts \u00e0 l\u2019\u00e9chelle nanom\u00e9trique en lumi\u00e8re polaris\u00e9e - ISTE Group\",\"isPartOf\":{\"@id\":\"https:\/\/www.istegroup.com\/#website\"},\"primaryImageOfPage\":{\"@id\":\"https:\/\/www.istegroup.com\/fr\/produit\/defauts-a-lechelle-nanometrique-en-lumiere-polarisee\/#primaryimage\"},\"image\":{\"@id\":\"https:\/\/www.istegroup.com\/fr\/produit\/defauts-a-lechelle-nanometrique-en-lumiere-polarisee\/#primaryimage\"},\"thumbnailUrl\":\"https:\/\/www.istegroup.com\/wp-content\/uploads\/2017\/07\/13654820996_6221405316-1.jpg\",\"datePublished\":\"2016-07-01T08:43:03+00:00\",\"dateModified\":\"2024-01-03T13:38:45+00:00\",\"description\":\"D\u00e9fauts \u00e0 l\u2019\u00e9chelle nanom\u00e9trique en lumi\u00e8re polaris\u00e9e \u00e9tudie la d\u00e9tection des d\u00e9fauts de mat\u00e9riaux par la lumi\u00e8re polaris\u00e9e.\",\"breadcrumb\":{\"@id\":\"https:\/\/www.istegroup.com\/fr\/produit\/defauts-a-lechelle-nanometrique-en-lumiere-polarisee\/#breadcrumb\"},\"inLanguage\":\"en-US\",\"potentialAction\":[{\"@type\":\"ReadAction\",\"target\":[\"https:\/\/www.istegroup.com\/fr\/produit\/defauts-a-lechelle-nanometrique-en-lumiere-polarisee\/\"]}]},{\"@type\":\"ImageObject\",\"inLanguage\":\"en-US\",\"@id\":\"https:\/\/www.istegroup.com\/fr\/produit\/defauts-a-lechelle-nanometrique-en-lumiere-polarisee\/#primaryimage\",\"url\":\"https:\/\/www.istegroup.com\/wp-content\/uploads\/2017\/07\/13654820996_6221405316-1.jpg\",\"contentUrl\":\"https:\/\/www.istegroup.com\/wp-content\/uploads\/2017\/07\/13654820996_6221405316-1.jpg\",\"width\":1361,\"height\":2048,\"caption\":\"D\u00e9fauts \u00e0 l\u2019\u00e9chelle nanom\u00e9trique en lumi\u00e8re polaris\u00e9e\"},{\"@type\":\"BreadcrumbList\",\"@id\":\"https:\/\/www.istegroup.com\/fr\/produit\/defauts-a-lechelle-nanometrique-en-lumiere-polarisee\/#breadcrumb\",\"itemListElement\":[{\"@type\":\"ListItem\",\"position\":1,\"name\":\"Home\",\"item\":\"https:\/\/www.istegroup.com\/\"},{\"@type\":\"ListItem\",\"position\":2,\"name\":\"Shop\",\"item\":\"https:\/\/www.istegroup.com\/fr\/nouveautes\/\"},{\"@type\":\"ListItem\",\"position\":3,\"name\":\"D\u00e9fauts \u00e0 l\u2019\u00e9chelle nanom\u00e9trique en lumi\u00e8re polaris\u00e9e\"}]},{\"@type\":\"WebSite\",\"@id\":\"https:\/\/www.istegroup.com\/#website\",\"url\":\"https:\/\/www.istegroup.com\/\",\"name\":\"ISTE Group\",\"description\":\"Publishing Knowledge\",\"potentialAction\":[{\"@type\":\"SearchAction\",\"target\":{\"@type\":\"EntryPoint\",\"urlTemplate\":\"https:\/\/www.istegroup.com\/?s={search_term_string}\"},\"query-input\":{\"@type\":\"PropertyValueSpecification\",\"valueRequired\":true,\"valueName\":\"search_term_string\"}}],\"inLanguage\":\"en-US\"}]}<\/script>\n<!-- \/ Yoast SEO plugin. -->","yoast_head_json":{"title":"D\u00e9fauts \u00e0 l\u2019\u00e9chelle nanom\u00e9trique en lumi\u00e8re polaris\u00e9e - ISTE Group","description":"D\u00e9fauts \u00e0 l\u2019\u00e9chelle nanom\u00e9trique en lumi\u00e8re polaris\u00e9e \u00e9tudie la d\u00e9tection des d\u00e9fauts de mat\u00e9riaux par la lumi\u00e8re polaris\u00e9e.","robots":{"index":"index","follow":"follow","max-snippet":"max-snippet:-1","max-image-preview":"max-image-preview:large","max-video-preview":"max-video-preview:-1"},"canonical":"https:\/\/www.istegroup.com\/fr\/produit\/defauts-a-lechelle-nanometrique-en-lumiere-polarisee\/","og_locale":"en_US","og_type":"article","og_title":"D\u00e9fauts \u00e0 l\u2019\u00e9chelle nanom\u00e9trique en lumi\u00e8re polaris\u00e9e - ISTE Group","og_description":"D\u00e9fauts \u00e0 l\u2019\u00e9chelle nanom\u00e9trique en lumi\u00e8re polaris\u00e9e \u00e9tudie la d\u00e9tection des d\u00e9fauts de mat\u00e9riaux par la lumi\u00e8re polaris\u00e9e.","og_url":"https:\/\/www.istegroup.com\/fr\/produit\/defauts-a-lechelle-nanometrique-en-lumiere-polarisee\/","og_site_name":"ISTE Group","article_modified_time":"2024-01-03T13:38:45+00:00","og_image":[{"width":1361,"height":2048,"url":"https:\/\/www.istegroup.com\/wp-content\/uploads\/2017\/07\/13654820996_6221405316-1.jpg","type":"image\/jpeg"}],"twitter_card":"summary_large_image","twitter_misc":{"Est. reading time":"1 minute"},"schema":{"@context":"https:\/\/schema.org","@graph":[{"@type":"WebPage","@id":"https:\/\/www.istegroup.com\/fr\/produit\/defauts-a-lechelle-nanometrique-en-lumiere-polarisee\/","url":"https:\/\/www.istegroup.com\/fr\/produit\/defauts-a-lechelle-nanometrique-en-lumiere-polarisee\/","name":"D\u00e9fauts \u00e0 l\u2019\u00e9chelle nanom\u00e9trique en lumi\u00e8re polaris\u00e9e - ISTE Group","isPartOf":{"@id":"https:\/\/www.istegroup.com\/#website"},"primaryImageOfPage":{"@id":"https:\/\/www.istegroup.com\/fr\/produit\/defauts-a-lechelle-nanometrique-en-lumiere-polarisee\/#primaryimage"},"image":{"@id":"https:\/\/www.istegroup.com\/fr\/produit\/defauts-a-lechelle-nanometrique-en-lumiere-polarisee\/#primaryimage"},"thumbnailUrl":"https:\/\/www.istegroup.com\/wp-content\/uploads\/2017\/07\/13654820996_6221405316-1.jpg","datePublished":"2016-07-01T08:43:03+00:00","dateModified":"2024-01-03T13:38:45+00:00","description":"D\u00e9fauts \u00e0 l\u2019\u00e9chelle nanom\u00e9trique en lumi\u00e8re polaris\u00e9e \u00e9tudie la d\u00e9tection des d\u00e9fauts de mat\u00e9riaux par la lumi\u00e8re polaris\u00e9e.","breadcrumb":{"@id":"https:\/\/www.istegroup.com\/fr\/produit\/defauts-a-lechelle-nanometrique-en-lumiere-polarisee\/#breadcrumb"},"inLanguage":"en-US","potentialAction":[{"@type":"ReadAction","target":["https:\/\/www.istegroup.com\/fr\/produit\/defauts-a-lechelle-nanometrique-en-lumiere-polarisee\/"]}]},{"@type":"ImageObject","inLanguage":"en-US","@id":"https:\/\/www.istegroup.com\/fr\/produit\/defauts-a-lechelle-nanometrique-en-lumiere-polarisee\/#primaryimage","url":"https:\/\/www.istegroup.com\/wp-content\/uploads\/2017\/07\/13654820996_6221405316-1.jpg","contentUrl":"https:\/\/www.istegroup.com\/wp-content\/uploads\/2017\/07\/13654820996_6221405316-1.jpg","width":1361,"height":2048,"caption":"D\u00e9fauts \u00e0 l\u2019\u00e9chelle nanom\u00e9trique en lumi\u00e8re polaris\u00e9e"},{"@type":"BreadcrumbList","@id":"https:\/\/www.istegroup.com\/fr\/produit\/defauts-a-lechelle-nanometrique-en-lumiere-polarisee\/#breadcrumb","itemListElement":[{"@type":"ListItem","position":1,"name":"Home","item":"https:\/\/www.istegroup.com\/"},{"@type":"ListItem","position":2,"name":"Shop","item":"https:\/\/www.istegroup.com\/fr\/nouveautes\/"},{"@type":"ListItem","position":3,"name":"D\u00e9fauts \u00e0 l\u2019\u00e9chelle nanom\u00e9trique en lumi\u00e8re polaris\u00e9e"}]},{"@type":"WebSite","@id":"https:\/\/www.istegroup.com\/#website","url":"https:\/\/www.istegroup.com\/","name":"ISTE Group","description":"Publishing Knowledge","potentialAction":[{"@type":"SearchAction","target":{"@type":"EntryPoint","urlTemplate":"https:\/\/www.istegroup.com\/?s={search_term_string}"},"query-input":{"@type":"PropertyValueSpecification","valueRequired":true,"valueName":"search_term_string"}}],"inLanguage":"en-US"}]}},"_links":{"self":[{"href":"https:\/\/www.istegroup.com\/en\/wp-json\/wp\/v2\/product\/177","targetHints":{"allow":["GET"]}}],"collection":[{"href":"https:\/\/www.istegroup.com\/en\/wp-json\/wp\/v2\/product"}],"about":[{"href":"https:\/\/www.istegroup.com\/en\/wp-json\/wp\/v2\/types\/product"}],"wp:featuredmedia":[{"embeddable":true,"href":"https:\/\/www.istegroup.com\/en\/wp-json\/wp\/v2\/media\/178"}],"wp:attachment":[{"href":"https:\/\/www.istegroup.com\/en\/wp-json\/wp\/v2\/media?parent=177"}],"wp:term":[{"taxonomy":"product_brand","embeddable":true,"href":"https:\/\/www.istegroup.com\/en\/wp-json\/wp\/v2\/product_brand?post=177"},{"taxonomy":"product_cat","embeddable":true,"href":"https:\/\/www.istegroup.com\/en\/wp-json\/wp\/v2\/product_cat?post=177"},{"taxonomy":"product_tag","embeddable":true,"href":"https:\/\/www.istegroup.com\/en\/wp-json\/wp\/v2\/product_tag?post=177"}],"curies":[{"name":"wp","href":"https:\/\/api.w.org\/{rel}","templated":true}]}}