{"id":17600,"date":"2019-02-12T15:36:24","date_gmt":"2019-02-12T15:36:24","guid":{"rendered":"https:\/\/www.istegroup.com\/?post_type=product&#038;p=17600"},"modified":"2024-01-03T13:43:02","modified_gmt":"2024-01-03T13:43:02","slug":"analyse-des-opinions-dans-les-interactions","status":"publish","type":"product","link":"https:\/\/www.istegroup.com\/en\/produit\/analyse-des-opinions-dans-les-interactions\/","title":{"rendered":"Analyse des opinions dans les interactions"},"content":{"rendered":"<p>L\u2019int\u00e9r\u00eat des grandes entreprises telles qu\u2019Amazon, Microsoft, Google et Apple envers les assistants virtuels interactifs et le d\u00e9veloppement du domaine de la robotique sociale met actuellement les recherches en informatique affective et sociale sur le devant de la sc\u00e8ne.<\/p>\n<p><em>Analyse des opinions dans les interactions<\/em>\u00a0pr\u00e9sente des m\u00e9thodes issues de l\u2019intelligence artificielle (combinaison de techniques d\u2019apprentissage automatique et approches symboliques) et du traitement automatique du langage naturel et de l\u2019informatique affective (analyse et synth\u00e8se de signaux socio-\u00e9motionnels).<\/p>\n<p>Il explore l&#8217;analyse des opinions dans les interactions humain-humain et s\u2019attaque au d\u00e9fi moins explor\u00e9, mais pourtant crucial, de l\u2019ancrage des m\u00e9thodes d\u2019analyse des opinions des utilisateurs dans le contexte de l\u2019interaction humain-agent. Il illustre \u00e9galement la mise en place d\u2019une strat\u00e9gie de s\u00e9lection et de g\u00e9n\u00e9ration des \u00e9nonc\u00e9s de l\u2019agent en r\u00e9ponse \u00e0 l\u2019opinion de l\u2019utilisateur et ouvre des perspectives sur la g\u00e9n\u00e9ration multimodale chez l&#8217;agent d&#8217;\u00e9nonc\u00e9s porteurs d&#8217;attitudes.<\/p>\n","protected":false},"excerpt":{"rendered":"<p>L\u2019int\u00e9r\u00eat des grandes entreprises telles qu\u2019Amazon, Microsoft, Google et Apple envers les assistants virtuels interactifs et le d\u00e9veloppement du domaine de la robotique sociale met actuellement les recherches en informatique affective et sociale sur le devant de la sc\u00e8ne. Analyse des opinions dans les interactions\u00a0pr\u00e9sente des m\u00e9thodes issues de l\u2019intelligence artificielle (combinaison de techniques d\u2019apprentissage [&hellip;]<\/p>\n","protected":false},"featured_media":17607,"template":"","meta":{"_acf_changed":false,"_links_to":"","_links_to_target":""},"product_brand":[],"product_cat":[3262],"product_tag":[],"class_list":{"0":"post-17600","1":"product","2":"type-product","3":"status-publish","4":"has-post-thumbnail","6":"product_cat-non-classe","8":"first","9":"instock","10":"shipping-taxable","11":"purchasable","12":"product-type-variable"},"acf":[],"yoast_head":"<!-- This site is optimized with the Yoast SEO plugin v27.2 - https:\/\/yoast.com\/product\/yoast-seo-wordpress\/ -->\n<title>Analyse des opinions dans les interactions - ISTE Group<\/title>\n<meta name=\"description\" content=\"Analyse des opinions dans les interactions\u00a0pr\u00e9sente des m\u00e9thodes issues de l\u2019intelligence artificielle et du traitement automatique du langage naturel et de l\u2019informatique affective.\" \/>\n<meta name=\"robots\" content=\"index, follow, max-snippet:-1, max-image-preview:large, max-video-preview:-1\" \/>\n<link rel=\"canonical\" href=\"https:\/\/www.istegroup.com\/fr\/produit\/analyse-des-opinions-dans-les-interactions\/\" \/>\n<meta property=\"og:locale\" content=\"en_US\" \/>\n<meta property=\"og:type\" content=\"article\" \/>\n<meta property=\"og:title\" content=\"Analyse des opinions dans les interactions - ISTE Group\" \/>\n<meta property=\"og:description\" content=\"Analyse des opinions dans les interactions\u00a0pr\u00e9sente des m\u00e9thodes issues de l\u2019intelligence artificielle et du traitement automatique du langage naturel et de l\u2019informatique affective.\" \/>\n<meta property=\"og:url\" content=\"https:\/\/www.istegroup.com\/fr\/produit\/analyse-des-opinions-dans-les-interactions\/\" \/>\n<meta property=\"og:site_name\" content=\"ISTE Group\" \/>\n<meta property=\"article:modified_time\" content=\"2024-01-03T13:43:02+00:00\" \/>\n<meta property=\"og:image\" content=\"https:\/\/www.istegroup.com\/wp-content\/uploads\/2019\/02\/Clavel_Front-scaled.jpg\" \/>\n\t<meta property=\"og:image:width\" content=\"1596\" \/>\n\t<meta property=\"og:image:height\" content=\"2560\" \/>\n\t<meta property=\"og:image:type\" content=\"image\/jpeg\" \/>\n<meta name=\"twitter:card\" content=\"summary_large_image\" \/>\n<meta name=\"twitter:label1\" content=\"Est. reading time\" \/>\n\t<meta name=\"twitter:data1\" content=\"1 minute\" \/>\n<script type=\"application\/ld+json\" class=\"yoast-schema-graph\">{\"@context\":\"https:\/\/schema.org\",\"@graph\":[{\"@type\":\"WebPage\",\"@id\":\"https:\/\/www.istegroup.com\/fr\/produit\/analyse-des-opinions-dans-les-interactions\/\",\"url\":\"https:\/\/www.istegroup.com\/fr\/produit\/analyse-des-opinions-dans-les-interactions\/\",\"name\":\"Analyse des opinions dans les interactions - ISTE Group\",\"isPartOf\":{\"@id\":\"https:\/\/www.istegroup.com\/#website\"},\"primaryImageOfPage\":{\"@id\":\"https:\/\/www.istegroup.com\/fr\/produit\/analyse-des-opinions-dans-les-interactions\/#primaryimage\"},\"image\":{\"@id\":\"https:\/\/www.istegroup.com\/fr\/produit\/analyse-des-opinions-dans-les-interactions\/#primaryimage\"},\"thumbnailUrl\":\"https:\/\/www.istegroup.com\/wp-content\/uploads\/2019\/02\/Clavel_Front-scaled.jpg\",\"datePublished\":\"2019-02-12T15:36:24+00:00\",\"dateModified\":\"2024-01-03T13:43:02+00:00\",\"description\":\"Analyse des opinions dans les interactions\u00a0pr\u00e9sente des m\u00e9thodes issues de l\u2019intelligence artificielle et du traitement automatique du langage naturel et de l\u2019informatique affective.\",\"breadcrumb\":{\"@id\":\"https:\/\/www.istegroup.com\/fr\/produit\/analyse-des-opinions-dans-les-interactions\/#breadcrumb\"},\"inLanguage\":\"en-US\",\"potentialAction\":[{\"@type\":\"ReadAction\",\"target\":[\"https:\/\/www.istegroup.com\/fr\/produit\/analyse-des-opinions-dans-les-interactions\/\"]}]},{\"@type\":\"ImageObject\",\"inLanguage\":\"en-US\",\"@id\":\"https:\/\/www.istegroup.com\/fr\/produit\/analyse-des-opinions-dans-les-interactions\/#primaryimage\",\"url\":\"https:\/\/www.istegroup.com\/wp-content\/uploads\/2019\/02\/Clavel_Front-scaled.jpg\",\"contentUrl\":\"https:\/\/www.istegroup.com\/wp-content\/uploads\/2019\/02\/Clavel_Front-scaled.jpg\",\"width\":1596,\"height\":2560,\"caption\":\"De la fouille de donn\u00e9es \u00e0 l\u2019interaction humain-agent\"},{\"@type\":\"BreadcrumbList\",\"@id\":\"https:\/\/www.istegroup.com\/fr\/produit\/analyse-des-opinions-dans-les-interactions\/#breadcrumb\",\"itemListElement\":[{\"@type\":\"ListItem\",\"position\":1,\"name\":\"Home\",\"item\":\"https:\/\/www.istegroup.com\/\"},{\"@type\":\"ListItem\",\"position\":2,\"name\":\"Shop\",\"item\":\"https:\/\/www.istegroup.com\/fr\/nouveautes\/\"},{\"@type\":\"ListItem\",\"position\":3,\"name\":\"Analyse des opinions dans les interactions\"}]},{\"@type\":\"WebSite\",\"@id\":\"https:\/\/www.istegroup.com\/#website\",\"url\":\"https:\/\/www.istegroup.com\/\",\"name\":\"ISTE Group\",\"description\":\"Publishing Knowledge\",\"potentialAction\":[{\"@type\":\"SearchAction\",\"target\":{\"@type\":\"EntryPoint\",\"urlTemplate\":\"https:\/\/www.istegroup.com\/?s={search_term_string}\"},\"query-input\":{\"@type\":\"PropertyValueSpecification\",\"valueRequired\":true,\"valueName\":\"search_term_string\"}}],\"inLanguage\":\"en-US\"}]}<\/script>\n<!-- \/ Yoast SEO plugin. -->","yoast_head_json":{"title":"Analyse des opinions dans les interactions - ISTE Group","description":"Analyse des opinions dans les interactions\u00a0pr\u00e9sente des m\u00e9thodes issues de l\u2019intelligence artificielle et du traitement automatique du langage naturel et de l\u2019informatique affective.","robots":{"index":"index","follow":"follow","max-snippet":"max-snippet:-1","max-image-preview":"max-image-preview:large","max-video-preview":"max-video-preview:-1"},"canonical":"https:\/\/www.istegroup.com\/fr\/produit\/analyse-des-opinions-dans-les-interactions\/","og_locale":"en_US","og_type":"article","og_title":"Analyse des opinions dans les interactions - ISTE Group","og_description":"Analyse des opinions dans les interactions\u00a0pr\u00e9sente des m\u00e9thodes issues de l\u2019intelligence artificielle et du traitement automatique du langage naturel et de l\u2019informatique affective.","og_url":"https:\/\/www.istegroup.com\/fr\/produit\/analyse-des-opinions-dans-les-interactions\/","og_site_name":"ISTE Group","article_modified_time":"2024-01-03T13:43:02+00:00","og_image":[{"width":1596,"height":2560,"url":"https:\/\/www.istegroup.com\/wp-content\/uploads\/2019\/02\/Clavel_Front-scaled.jpg","type":"image\/jpeg"}],"twitter_card":"summary_large_image","twitter_misc":{"Est. reading time":"1 minute"},"schema":{"@context":"https:\/\/schema.org","@graph":[{"@type":"WebPage","@id":"https:\/\/www.istegroup.com\/fr\/produit\/analyse-des-opinions-dans-les-interactions\/","url":"https:\/\/www.istegroup.com\/fr\/produit\/analyse-des-opinions-dans-les-interactions\/","name":"Analyse des opinions dans les interactions - ISTE Group","isPartOf":{"@id":"https:\/\/www.istegroup.com\/#website"},"primaryImageOfPage":{"@id":"https:\/\/www.istegroup.com\/fr\/produit\/analyse-des-opinions-dans-les-interactions\/#primaryimage"},"image":{"@id":"https:\/\/www.istegroup.com\/fr\/produit\/analyse-des-opinions-dans-les-interactions\/#primaryimage"},"thumbnailUrl":"https:\/\/www.istegroup.com\/wp-content\/uploads\/2019\/02\/Clavel_Front-scaled.jpg","datePublished":"2019-02-12T15:36:24+00:00","dateModified":"2024-01-03T13:43:02+00:00","description":"Analyse des opinions dans les interactions\u00a0pr\u00e9sente des m\u00e9thodes issues de l\u2019intelligence artificielle et du traitement automatique du langage naturel et de l\u2019informatique affective.","breadcrumb":{"@id":"https:\/\/www.istegroup.com\/fr\/produit\/analyse-des-opinions-dans-les-interactions\/#breadcrumb"},"inLanguage":"en-US","potentialAction":[{"@type":"ReadAction","target":["https:\/\/www.istegroup.com\/fr\/produit\/analyse-des-opinions-dans-les-interactions\/"]}]},{"@type":"ImageObject","inLanguage":"en-US","@id":"https:\/\/www.istegroup.com\/fr\/produit\/analyse-des-opinions-dans-les-interactions\/#primaryimage","url":"https:\/\/www.istegroup.com\/wp-content\/uploads\/2019\/02\/Clavel_Front-scaled.jpg","contentUrl":"https:\/\/www.istegroup.com\/wp-content\/uploads\/2019\/02\/Clavel_Front-scaled.jpg","width":1596,"height":2560,"caption":"De la fouille de donn\u00e9es \u00e0 l\u2019interaction humain-agent"},{"@type":"BreadcrumbList","@id":"https:\/\/www.istegroup.com\/fr\/produit\/analyse-des-opinions-dans-les-interactions\/#breadcrumb","itemListElement":[{"@type":"ListItem","position":1,"name":"Home","item":"https:\/\/www.istegroup.com\/"},{"@type":"ListItem","position":2,"name":"Shop","item":"https:\/\/www.istegroup.com\/fr\/nouveautes\/"},{"@type":"ListItem","position":3,"name":"Analyse des opinions dans les interactions"}]},{"@type":"WebSite","@id":"https:\/\/www.istegroup.com\/#website","url":"https:\/\/www.istegroup.com\/","name":"ISTE Group","description":"Publishing Knowledge","potentialAction":[{"@type":"SearchAction","target":{"@type":"EntryPoint","urlTemplate":"https:\/\/www.istegroup.com\/?s={search_term_string}"},"query-input":{"@type":"PropertyValueSpecification","valueRequired":true,"valueName":"search_term_string"}}],"inLanguage":"en-US"}]}},"_links":{"self":[{"href":"https:\/\/www.istegroup.com\/en\/wp-json\/wp\/v2\/product\/17600","targetHints":{"allow":["GET"]}}],"collection":[{"href":"https:\/\/www.istegroup.com\/en\/wp-json\/wp\/v2\/product"}],"about":[{"href":"https:\/\/www.istegroup.com\/en\/wp-json\/wp\/v2\/types\/product"}],"wp:featuredmedia":[{"embeddable":true,"href":"https:\/\/www.istegroup.com\/en\/wp-json\/wp\/v2\/media\/17607"}],"wp:attachment":[{"href":"https:\/\/www.istegroup.com\/en\/wp-json\/wp\/v2\/media?parent=17600"}],"wp:term":[{"taxonomy":"product_brand","embeddable":true,"href":"https:\/\/www.istegroup.com\/en\/wp-json\/wp\/v2\/product_brand?post=17600"},{"taxonomy":"product_cat","embeddable":true,"href":"https:\/\/www.istegroup.com\/en\/wp-json\/wp\/v2\/product_cat?post=17600"},{"taxonomy":"product_tag","embeddable":true,"href":"https:\/\/www.istegroup.com\/en\/wp-json\/wp\/v2\/product_tag?post=17600"}],"curies":[{"name":"wp","href":"https:\/\/api.w.org\/{rel}","templated":true}]}}