{"id":17141,"date":"2019-01-24T09:57:32","date_gmt":"2019-01-24T09:57:32","guid":{"rendered":"https:\/\/www.istegroup.com\/?post_type=product&#038;p=17141"},"modified":"2024-01-03T13:43:01","modified_gmt":"2024-01-03T13:43:01","slug":"la-sante-connectee-citoyenne","status":"publish","type":"product","link":"https:\/\/www.istegroup.com\/en\/produit\/la-sante-connectee-citoyenne\/","title":{"rendered":"La sant\u00e9 connect\u00e9e citoyenne"},"content":{"rendered":"<p>Les objets connect\u00e9s sont de plus en plus pr\u00e9sents dans le secteur de la sant\u00e9. Cependant, cette avanc\u00e9e ne pose pas que des probl\u00e8mes m\u00e9dicaux ou techniques.<\/p>\n<p>Cet ouvrage envisage la sant\u00e9 connect\u00e9e du point de vue du citoyen et de la soci\u00e9t\u00e9. Il analyse les enjeux associ\u00e9s et pr\u00e9sente des approches fond\u00e9es sur les sciences humaines et sociales afin d\u2019identifier les d\u00e9fis \u00e0 r\u00e9soudre pour que les objets connect\u00e9s deviennent des contributeurs efficaces de la sant\u00e9 et du bien-\u00eatre. Il d\u00e9crit \u00e9galement les difficult\u00e9s rencontr\u00e9es \u00e0 partir d\u2019objets et services existants et offre des pistes pour les r\u00e9soudre.<\/p>\n<p>La sant\u00e9 connect\u00e9e citoyenne expose des \u00e9l\u00e9ments fond\u00e9s sur des cas expos\u00e9s par des membres du Forum LLSA, \u00e9galement engag\u00e9s dans la co-conception et l\u2019\u00e9valuation des usages des solutions connect\u00e9es.<\/p>\n","protected":false},"excerpt":{"rendered":"<p>Les objets connect\u00e9s sont de plus en plus pr\u00e9sents dans le secteur de la sant\u00e9. Cependant, cette avanc\u00e9e ne pose pas que des probl\u00e8mes m\u00e9dicaux ou techniques. Cet ouvrage envisage la sant\u00e9 connect\u00e9e du point de vue du citoyen et de la soci\u00e9t\u00e9. Il analyse les enjeux associ\u00e9s et pr\u00e9sente des approches fond\u00e9es sur les [&hellip;]<\/p>\n","protected":false},"featured_media":17146,"template":"","meta":{"_acf_changed":false,"_links_to":"","_links_to_target":""},"product_brand":[],"product_cat":[3262],"product_tag":[],"class_list":{"0":"post-17141","1":"product","2":"type-product","3":"status-publish","4":"has-post-thumbnail","6":"product_cat-non-classe","8":"first","9":"instock","10":"shipping-taxable","11":"purchasable","12":"product-type-variable"},"acf":[],"yoast_head":"<!-- This site is optimized with the Yoast SEO plugin v27.2 - https:\/\/yoast.com\/product\/yoast-seo-wordpress\/ -->\n<title>La sant\u00e9 connect\u00e9e citoyenne - ISTE Group<\/title>\n<meta name=\"description\" content=\"Cet ouvrage envisage la sant\u00e9 connect\u00e9e du point de vue du citoyen et de la soci\u00e9t\u00e9.\" \/>\n<meta name=\"robots\" content=\"index, follow, max-snippet:-1, max-image-preview:large, max-video-preview:-1\" \/>\n<link rel=\"canonical\" href=\"https:\/\/www.istegroup.com\/fr\/produit\/la-sante-connectee-citoyenne\/\" \/>\n<meta property=\"og:locale\" content=\"en_US\" \/>\n<meta property=\"og:type\" content=\"article\" \/>\n<meta property=\"og:title\" content=\"La sant\u00e9 connect\u00e9e citoyenne - ISTE Group\" \/>\n<meta property=\"og:description\" content=\"Cet ouvrage envisage la sant\u00e9 connect\u00e9e du point de vue du citoyen et de la soci\u00e9t\u00e9.\" \/>\n<meta property=\"og:url\" content=\"https:\/\/www.istegroup.com\/fr\/produit\/la-sante-connectee-citoyenne\/\" \/>\n<meta property=\"og:site_name\" content=\"ISTE Group\" \/>\n<meta property=\"article:modified_time\" content=\"2024-01-03T13:43:01+00:00\" \/>\n<meta property=\"og:image\" content=\"https:\/\/www.istegroup.com\/wp-content\/uploads\/2019\/01\/Picard_Front.jpg\" \/>\n\t<meta property=\"og:image:width\" content=\"603\" \/>\n\t<meta property=\"og:image:height\" content=\"908\" \/>\n\t<meta property=\"og:image:type\" content=\"image\/jpeg\" \/>\n<meta name=\"twitter:card\" content=\"summary_large_image\" \/>\n<meta name=\"twitter:label1\" content=\"Est. reading time\" \/>\n\t<meta name=\"twitter:data1\" content=\"1 minute\" \/>\n<script type=\"application\/ld+json\" class=\"yoast-schema-graph\">{\"@context\":\"https:\/\/schema.org\",\"@graph\":[{\"@type\":\"WebPage\",\"@id\":\"https:\/\/www.istegroup.com\/fr\/produit\/la-sante-connectee-citoyenne\/\",\"url\":\"https:\/\/www.istegroup.com\/fr\/produit\/la-sante-connectee-citoyenne\/\",\"name\":\"La sant\u00e9 connect\u00e9e citoyenne - ISTE Group\",\"isPartOf\":{\"@id\":\"https:\/\/www.istegroup.com\/#website\"},\"primaryImageOfPage\":{\"@id\":\"https:\/\/www.istegroup.com\/fr\/produit\/la-sante-connectee-citoyenne\/#primaryimage\"},\"image\":{\"@id\":\"https:\/\/www.istegroup.com\/fr\/produit\/la-sante-connectee-citoyenne\/#primaryimage\"},\"thumbnailUrl\":\"https:\/\/www.istegroup.com\/wp-content\/uploads\/2019\/01\/Picard_Front.jpg\",\"datePublished\":\"2019-01-24T09:57:32+00:00\",\"dateModified\":\"2024-01-03T13:43:01+00:00\",\"description\":\"Cet ouvrage envisage la sant\u00e9 connect\u00e9e du point de vue du citoyen et de la soci\u00e9t\u00e9.\",\"breadcrumb\":{\"@id\":\"https:\/\/www.istegroup.com\/fr\/produit\/la-sante-connectee-citoyenne\/#breadcrumb\"},\"inLanguage\":\"en-US\",\"potentialAction\":[{\"@type\":\"ReadAction\",\"target\":[\"https:\/\/www.istegroup.com\/fr\/produit\/la-sante-connectee-citoyenne\/\"]}]},{\"@type\":\"ImageObject\",\"inLanguage\":\"en-US\",\"@id\":\"https:\/\/www.istegroup.com\/fr\/produit\/la-sante-connectee-citoyenne\/#primaryimage\",\"url\":\"https:\/\/www.istegroup.com\/wp-content\/uploads\/2019\/01\/Picard_Front.jpg\",\"contentUrl\":\"https:\/\/www.istegroup.com\/wp-content\/uploads\/2019\/01\/Picard_Front.jpg\",\"width\":603,\"height\":908,\"caption\":\"La sant\u00e9 connect\u00e9e citoyenne\"},{\"@type\":\"BreadcrumbList\",\"@id\":\"https:\/\/www.istegroup.com\/fr\/produit\/la-sante-connectee-citoyenne\/#breadcrumb\",\"itemListElement\":[{\"@type\":\"ListItem\",\"position\":1,\"name\":\"Home\",\"item\":\"https:\/\/www.istegroup.com\/\"},{\"@type\":\"ListItem\",\"position\":2,\"name\":\"Shop\",\"item\":\"https:\/\/www.istegroup.com\/fr\/nouveautes\/\"},{\"@type\":\"ListItem\",\"position\":3,\"name\":\"La sant\u00e9 connect\u00e9e citoyenne\"}]},{\"@type\":\"WebSite\",\"@id\":\"https:\/\/www.istegroup.com\/#website\",\"url\":\"https:\/\/www.istegroup.com\/\",\"name\":\"ISTE Group\",\"description\":\"Publishing Knowledge\",\"potentialAction\":[{\"@type\":\"SearchAction\",\"target\":{\"@type\":\"EntryPoint\",\"urlTemplate\":\"https:\/\/www.istegroup.com\/?s={search_term_string}\"},\"query-input\":{\"@type\":\"PropertyValueSpecification\",\"valueRequired\":true,\"valueName\":\"search_term_string\"}}],\"inLanguage\":\"en-US\"}]}<\/script>\n<!-- \/ Yoast SEO plugin. -->","yoast_head_json":{"title":"La sant\u00e9 connect\u00e9e citoyenne - ISTE Group","description":"Cet ouvrage envisage la sant\u00e9 connect\u00e9e du point de vue du citoyen et de la soci\u00e9t\u00e9.","robots":{"index":"index","follow":"follow","max-snippet":"max-snippet:-1","max-image-preview":"max-image-preview:large","max-video-preview":"max-video-preview:-1"},"canonical":"https:\/\/www.istegroup.com\/fr\/produit\/la-sante-connectee-citoyenne\/","og_locale":"en_US","og_type":"article","og_title":"La sant\u00e9 connect\u00e9e citoyenne - ISTE Group","og_description":"Cet ouvrage envisage la sant\u00e9 connect\u00e9e du point de vue du citoyen et de la soci\u00e9t\u00e9.","og_url":"https:\/\/www.istegroup.com\/fr\/produit\/la-sante-connectee-citoyenne\/","og_site_name":"ISTE Group","article_modified_time":"2024-01-03T13:43:01+00:00","og_image":[{"width":603,"height":908,"url":"https:\/\/www.istegroup.com\/wp-content\/uploads\/2019\/01\/Picard_Front.jpg","type":"image\/jpeg"}],"twitter_card":"summary_large_image","twitter_misc":{"Est. reading time":"1 minute"},"schema":{"@context":"https:\/\/schema.org","@graph":[{"@type":"WebPage","@id":"https:\/\/www.istegroup.com\/fr\/produit\/la-sante-connectee-citoyenne\/","url":"https:\/\/www.istegroup.com\/fr\/produit\/la-sante-connectee-citoyenne\/","name":"La sant\u00e9 connect\u00e9e citoyenne - ISTE Group","isPartOf":{"@id":"https:\/\/www.istegroup.com\/#website"},"primaryImageOfPage":{"@id":"https:\/\/www.istegroup.com\/fr\/produit\/la-sante-connectee-citoyenne\/#primaryimage"},"image":{"@id":"https:\/\/www.istegroup.com\/fr\/produit\/la-sante-connectee-citoyenne\/#primaryimage"},"thumbnailUrl":"https:\/\/www.istegroup.com\/wp-content\/uploads\/2019\/01\/Picard_Front.jpg","datePublished":"2019-01-24T09:57:32+00:00","dateModified":"2024-01-03T13:43:01+00:00","description":"Cet ouvrage envisage la sant\u00e9 connect\u00e9e du point de vue du citoyen et de la soci\u00e9t\u00e9.","breadcrumb":{"@id":"https:\/\/www.istegroup.com\/fr\/produit\/la-sante-connectee-citoyenne\/#breadcrumb"},"inLanguage":"en-US","potentialAction":[{"@type":"ReadAction","target":["https:\/\/www.istegroup.com\/fr\/produit\/la-sante-connectee-citoyenne\/"]}]},{"@type":"ImageObject","inLanguage":"en-US","@id":"https:\/\/www.istegroup.com\/fr\/produit\/la-sante-connectee-citoyenne\/#primaryimage","url":"https:\/\/www.istegroup.com\/wp-content\/uploads\/2019\/01\/Picard_Front.jpg","contentUrl":"https:\/\/www.istegroup.com\/wp-content\/uploads\/2019\/01\/Picard_Front.jpg","width":603,"height":908,"caption":"La sant\u00e9 connect\u00e9e citoyenne"},{"@type":"BreadcrumbList","@id":"https:\/\/www.istegroup.com\/fr\/produit\/la-sante-connectee-citoyenne\/#breadcrumb","itemListElement":[{"@type":"ListItem","position":1,"name":"Home","item":"https:\/\/www.istegroup.com\/"},{"@type":"ListItem","position":2,"name":"Shop","item":"https:\/\/www.istegroup.com\/fr\/nouveautes\/"},{"@type":"ListItem","position":3,"name":"La sant\u00e9 connect\u00e9e citoyenne"}]},{"@type":"WebSite","@id":"https:\/\/www.istegroup.com\/#website","url":"https:\/\/www.istegroup.com\/","name":"ISTE Group","description":"Publishing Knowledge","potentialAction":[{"@type":"SearchAction","target":{"@type":"EntryPoint","urlTemplate":"https:\/\/www.istegroup.com\/?s={search_term_string}"},"query-input":{"@type":"PropertyValueSpecification","valueRequired":true,"valueName":"search_term_string"}}],"inLanguage":"en-US"}]}},"_links":{"self":[{"href":"https:\/\/www.istegroup.com\/en\/wp-json\/wp\/v2\/product\/17141","targetHints":{"allow":["GET"]}}],"collection":[{"href":"https:\/\/www.istegroup.com\/en\/wp-json\/wp\/v2\/product"}],"about":[{"href":"https:\/\/www.istegroup.com\/en\/wp-json\/wp\/v2\/types\/product"}],"wp:featuredmedia":[{"embeddable":true,"href":"https:\/\/www.istegroup.com\/en\/wp-json\/wp\/v2\/media\/17146"}],"wp:attachment":[{"href":"https:\/\/www.istegroup.com\/en\/wp-json\/wp\/v2\/media?parent=17141"}],"wp:term":[{"taxonomy":"product_brand","embeddable":true,"href":"https:\/\/www.istegroup.com\/en\/wp-json\/wp\/v2\/product_brand?post=17141"},{"taxonomy":"product_cat","embeddable":true,"href":"https:\/\/www.istegroup.com\/en\/wp-json\/wp\/v2\/product_cat?post=17141"},{"taxonomy":"product_tag","embeddable":true,"href":"https:\/\/www.istegroup.com\/en\/wp-json\/wp\/v2\/product_tag?post=17141"}],"curies":[{"name":"wp","href":"https:\/\/api.w.org\/{rel}","templated":true}]}}