{"id":17134,"date":"2019-01-24T09:51:39","date_gmt":"2019-01-24T09:51:39","guid":{"rendered":"https:\/\/www.istegroup.com\/?post_type=product&#038;p=17134"},"modified":"2024-01-03T13:43:01","modified_gmt":"2024-01-03T13:43:01","slug":"hybridation-diagnostic-et-pronostic-de-piles-a-combustible","status":"publish","type":"product","link":"https:\/\/www.istegroup.com\/en\/produit\/hybridation-diagnostic-et-pronostic-de-piles-a-combustible\/","title":{"rendered":"Hybridation, diagnostic et pronostic de piles \u00e0 combustible"},"content":{"rendered":"<p>L\u2019hydrog\u00e8ne, l\u2019\u00e9l\u00e9ment le plus abondant dans l\u2019Univers, a d\u00e9finitivement sa place dans le bouquet \u00e9nerg\u00e9tique du futur et plus particuli\u00e8rement dans la technologie des piles \u00e0 combustible (PAC).<\/p>\n<p>Parmi les diff\u00e9rents types de PAC, cet ouvrage \u00e9tudie la technologie PEMFC (<em>Proton Exchange Membrane Fuel Cell<\/em>) qui offre des perspectives remarquables pour les applications transports et stationnaires. N\u00e9anmoins, de nombreux verrous technologiques et scientifiques restent \u00e0 lever pour atteindre un niveau industriel de d\u00e9veloppement.<\/p>\n<p><em>Hybridation, diagnostic et pronostic de piles \u00e0 combustible\u00a0<\/em>pr\u00e9sente ces verrous et examine les solutions qui permettraient de rendre cette technologie plus fiable \u00e0 court terme. Trois axes principaux sont \u00e9tudi\u00e9s : le premier concerne le syst\u00e8me des PAC et sa mise en oeuvre exp\u00e9rimentale, le deuxi\u00e8me traite de l\u2019hybridation des g\u00e9n\u00e9rateurs PAC et le dernier analyse les diagnostics et pronostics des PAC.<\/p>\n","protected":false},"excerpt":{"rendered":"<p>L\u2019hydrog\u00e8ne, l\u2019\u00e9l\u00e9ment le plus abondant dans l\u2019Univers, a d\u00e9finitivement sa place dans le bouquet \u00e9nerg\u00e9tique du futur et plus particuli\u00e8rement dans la technologie des piles \u00e0 combustible (PAC). Parmi les diff\u00e9rents types de PAC, cet ouvrage \u00e9tudie la technologie PEMFC (Proton Exchange Membrane Fuel Cell) qui offre des perspectives remarquables pour les applications transports et [&hellip;]<\/p>\n","protected":false},"featured_media":17140,"template":"","meta":{"_acf_changed":false,"_links_to":"","_links_to_target":""},"product_brand":[],"product_cat":[3262],"product_tag":[],"class_list":{"0":"post-17134","1":"product","2":"type-product","3":"status-publish","4":"has-post-thumbnail","6":"product_cat-non-classe","8":"first","9":"instock","10":"shipping-taxable","11":"purchasable","12":"product-type-variable"},"acf":[],"yoast_head":"<!-- This site is optimized with the Yoast SEO plugin v27.2 - https:\/\/yoast.com\/product\/yoast-seo-wordpress\/ -->\n<title>Hybridation, diagnostic et pronostic de piles \u00e0 combustible - ISTE Group<\/title>\n<meta name=\"description\" content=\"Hybridation, diagnostic et pronostic de piles \u00e0 combustible\u00a0pr\u00e9sente ces verrous et examine les solutions qui permettraient de rendre cette technologie plus fiable \u00e0 court terme.\" \/>\n<meta name=\"robots\" content=\"index, follow, max-snippet:-1, max-image-preview:large, max-video-preview:-1\" \/>\n<link rel=\"canonical\" href=\"https:\/\/www.istegroup.com\/en\/produit\/hybridation-diagnostic-et-pronostic-de-piles-a-combustible\/\" \/>\n<meta property=\"og:locale\" content=\"en_US\" \/>\n<meta property=\"og:type\" content=\"article\" \/>\n<meta property=\"og:title\" content=\"Hybridation, diagnostic et pronostic de piles \u00e0 combustible - ISTE Group\" \/>\n<meta property=\"og:description\" content=\"Hybridation, diagnostic et pronostic de piles \u00e0 combustible\u00a0pr\u00e9sente ces verrous et examine les solutions qui permettraient de rendre cette technologie plus fiable \u00e0 court terme.\" \/>\n<meta property=\"og:url\" content=\"https:\/\/www.istegroup.com\/en\/produit\/hybridation-diagnostic-et-pronostic-de-piles-a-combustible\/\" \/>\n<meta property=\"og:site_name\" content=\"ISTE Group\" \/>\n<meta property=\"article:modified_time\" content=\"2024-01-03T13:43:01+00:00\" \/>\n<meta property=\"og:image\" content=\"https:\/\/www.istegroup.com\/wp-content\/uploads\/2019\/01\/Jeme\u00ef_Front.jpg\" \/>\n\t<meta property=\"og:image:width\" content=\"603\" \/>\n\t<meta property=\"og:image:height\" content=\"910\" \/>\n\t<meta property=\"og:image:type\" content=\"image\/jpeg\" \/>\n<meta name=\"twitter:card\" content=\"summary_large_image\" \/>\n<meta name=\"twitter:label1\" content=\"Est. reading time\" \/>\n\t<meta name=\"twitter:data1\" content=\"1 minute\" \/>\n<script type=\"application\/ld+json\" class=\"yoast-schema-graph\">{\"@context\":\"https:\/\/schema.org\",\"@graph\":[{\"@type\":\"WebPage\",\"@id\":\"https:\/\/www.istegroup.com\/en\/produit\/hybridation-diagnostic-et-pronostic-de-piles-a-combustible\/\",\"url\":\"https:\/\/www.istegroup.com\/en\/produit\/hybridation-diagnostic-et-pronostic-de-piles-a-combustible\/\",\"name\":\"Hybridation, diagnostic et pronostic de piles \u00e0 combustible - ISTE Group\",\"isPartOf\":{\"@id\":\"https:\/\/www.istegroup.com\/#website\"},\"primaryImageOfPage\":{\"@id\":\"https:\/\/www.istegroup.com\/en\/produit\/hybridation-diagnostic-et-pronostic-de-piles-a-combustible\/#primaryimage\"},\"image\":{\"@id\":\"https:\/\/www.istegroup.com\/en\/produit\/hybridation-diagnostic-et-pronostic-de-piles-a-combustible\/#primaryimage\"},\"thumbnailUrl\":\"https:\/\/www.istegroup.com\/wp-content\/uploads\/2019\/01\/Jeme\u00ef_Front.jpg\",\"datePublished\":\"2019-01-24T09:51:39+00:00\",\"dateModified\":\"2024-01-03T13:43:01+00:00\",\"description\":\"Hybridation, diagnostic et pronostic de piles \u00e0 combustible\u00a0pr\u00e9sente ces verrous et examine les solutions qui permettraient de rendre cette technologie plus fiable \u00e0 court terme.\",\"breadcrumb\":{\"@id\":\"https:\/\/www.istegroup.com\/en\/produit\/hybridation-diagnostic-et-pronostic-de-piles-a-combustible\/#breadcrumb\"},\"inLanguage\":\"en-US\",\"potentialAction\":[{\"@type\":\"ReadAction\",\"target\":[\"https:\/\/www.istegroup.com\/en\/produit\/hybridation-diagnostic-et-pronostic-de-piles-a-combustible\/\"]}]},{\"@type\":\"ImageObject\",\"inLanguage\":\"en-US\",\"@id\":\"https:\/\/www.istegroup.com\/en\/produit\/hybridation-diagnostic-et-pronostic-de-piles-a-combustible\/#primaryimage\",\"url\":\"https:\/\/www.istegroup.com\/wp-content\/uploads\/2019\/01\/Jeme\u00ef_Front.jpg\",\"contentUrl\":\"https:\/\/www.istegroup.com\/wp-content\/uploads\/2019\/01\/Jeme\u00ef_Front.jpg\",\"width\":603,\"height\":910,\"caption\":\"Durabilit\u00e9 et fiabilit\u00e9\"},{\"@type\":\"BreadcrumbList\",\"@id\":\"https:\/\/www.istegroup.com\/en\/produit\/hybridation-diagnostic-et-pronostic-de-piles-a-combustible\/#breadcrumb\",\"itemListElement\":[{\"@type\":\"ListItem\",\"position\":1,\"name\":\"Home\",\"item\":\"https:\/\/www.istegroup.com\/\"},{\"@type\":\"ListItem\",\"position\":2,\"name\":\"Shop\",\"item\":\"https:\/\/www.istegroup.com\/fr\/nouveautes\/\"},{\"@type\":\"ListItem\",\"position\":3,\"name\":\"Hybridation, diagnostic et pronostic de piles \u00e0 combustible\"}]},{\"@type\":\"WebSite\",\"@id\":\"https:\/\/www.istegroup.com\/#website\",\"url\":\"https:\/\/www.istegroup.com\/\",\"name\":\"ISTE Group\",\"description\":\"Publishing Knowledge\",\"potentialAction\":[{\"@type\":\"SearchAction\",\"target\":{\"@type\":\"EntryPoint\",\"urlTemplate\":\"https:\/\/www.istegroup.com\/?s={search_term_string}\"},\"query-input\":{\"@type\":\"PropertyValueSpecification\",\"valueRequired\":true,\"valueName\":\"search_term_string\"}}],\"inLanguage\":\"en-US\"}]}<\/script>\n<!-- \/ Yoast SEO plugin. -->","yoast_head_json":{"title":"Hybridation, diagnostic et pronostic de piles \u00e0 combustible - ISTE Group","description":"Hybridation, diagnostic et pronostic de piles \u00e0 combustible\u00a0pr\u00e9sente ces verrous et examine les solutions qui permettraient de rendre cette technologie plus fiable \u00e0 court terme.","robots":{"index":"index","follow":"follow","max-snippet":"max-snippet:-1","max-image-preview":"max-image-preview:large","max-video-preview":"max-video-preview:-1"},"canonical":"https:\/\/www.istegroup.com\/en\/produit\/hybridation-diagnostic-et-pronostic-de-piles-a-combustible\/","og_locale":"en_US","og_type":"article","og_title":"Hybridation, diagnostic et pronostic de piles \u00e0 combustible - ISTE Group","og_description":"Hybridation, diagnostic et pronostic de piles \u00e0 combustible\u00a0pr\u00e9sente ces verrous et examine les solutions qui permettraient de rendre cette technologie plus fiable \u00e0 court terme.","og_url":"https:\/\/www.istegroup.com\/en\/produit\/hybridation-diagnostic-et-pronostic-de-piles-a-combustible\/","og_site_name":"ISTE Group","article_modified_time":"2024-01-03T13:43:01+00:00","og_image":[{"width":603,"height":910,"url":"https:\/\/www.istegroup.com\/wp-content\/uploads\/2019\/01\/Jeme\u00ef_Front.jpg","type":"image\/jpeg"}],"twitter_card":"summary_large_image","twitter_misc":{"Est. reading time":"1 minute"},"schema":{"@context":"https:\/\/schema.org","@graph":[{"@type":"WebPage","@id":"https:\/\/www.istegroup.com\/en\/produit\/hybridation-diagnostic-et-pronostic-de-piles-a-combustible\/","url":"https:\/\/www.istegroup.com\/en\/produit\/hybridation-diagnostic-et-pronostic-de-piles-a-combustible\/","name":"Hybridation, diagnostic et pronostic de piles \u00e0 combustible - ISTE Group","isPartOf":{"@id":"https:\/\/www.istegroup.com\/#website"},"primaryImageOfPage":{"@id":"https:\/\/www.istegroup.com\/en\/produit\/hybridation-diagnostic-et-pronostic-de-piles-a-combustible\/#primaryimage"},"image":{"@id":"https:\/\/www.istegroup.com\/en\/produit\/hybridation-diagnostic-et-pronostic-de-piles-a-combustible\/#primaryimage"},"thumbnailUrl":"https:\/\/www.istegroup.com\/wp-content\/uploads\/2019\/01\/Jeme\u00ef_Front.jpg","datePublished":"2019-01-24T09:51:39+00:00","dateModified":"2024-01-03T13:43:01+00:00","description":"Hybridation, diagnostic et pronostic de piles \u00e0 combustible\u00a0pr\u00e9sente ces verrous et examine les solutions qui permettraient de rendre cette technologie plus fiable \u00e0 court terme.","breadcrumb":{"@id":"https:\/\/www.istegroup.com\/en\/produit\/hybridation-diagnostic-et-pronostic-de-piles-a-combustible\/#breadcrumb"},"inLanguage":"en-US","potentialAction":[{"@type":"ReadAction","target":["https:\/\/www.istegroup.com\/en\/produit\/hybridation-diagnostic-et-pronostic-de-piles-a-combustible\/"]}]},{"@type":"ImageObject","inLanguage":"en-US","@id":"https:\/\/www.istegroup.com\/en\/produit\/hybridation-diagnostic-et-pronostic-de-piles-a-combustible\/#primaryimage","url":"https:\/\/www.istegroup.com\/wp-content\/uploads\/2019\/01\/Jeme\u00ef_Front.jpg","contentUrl":"https:\/\/www.istegroup.com\/wp-content\/uploads\/2019\/01\/Jeme\u00ef_Front.jpg","width":603,"height":910,"caption":"Durabilit\u00e9 et fiabilit\u00e9"},{"@type":"BreadcrumbList","@id":"https:\/\/www.istegroup.com\/en\/produit\/hybridation-diagnostic-et-pronostic-de-piles-a-combustible\/#breadcrumb","itemListElement":[{"@type":"ListItem","position":1,"name":"Home","item":"https:\/\/www.istegroup.com\/"},{"@type":"ListItem","position":2,"name":"Shop","item":"https:\/\/www.istegroup.com\/fr\/nouveautes\/"},{"@type":"ListItem","position":3,"name":"Hybridation, diagnostic et pronostic de piles \u00e0 combustible"}]},{"@type":"WebSite","@id":"https:\/\/www.istegroup.com\/#website","url":"https:\/\/www.istegroup.com\/","name":"ISTE Group","description":"Publishing Knowledge","potentialAction":[{"@type":"SearchAction","target":{"@type":"EntryPoint","urlTemplate":"https:\/\/www.istegroup.com\/?s={search_term_string}"},"query-input":{"@type":"PropertyValueSpecification","valueRequired":true,"valueName":"search_term_string"}}],"inLanguage":"en-US"}]}},"_links":{"self":[{"href":"https:\/\/www.istegroup.com\/en\/wp-json\/wp\/v2\/product\/17134","targetHints":{"allow":["GET"]}}],"collection":[{"href":"https:\/\/www.istegroup.com\/en\/wp-json\/wp\/v2\/product"}],"about":[{"href":"https:\/\/www.istegroup.com\/en\/wp-json\/wp\/v2\/types\/product"}],"wp:featuredmedia":[{"embeddable":true,"href":"https:\/\/www.istegroup.com\/en\/wp-json\/wp\/v2\/media\/17140"}],"wp:attachment":[{"href":"https:\/\/www.istegroup.com\/en\/wp-json\/wp\/v2\/media?parent=17134"}],"wp:term":[{"taxonomy":"product_brand","embeddable":true,"href":"https:\/\/www.istegroup.com\/en\/wp-json\/wp\/v2\/product_brand?post=17134"},{"taxonomy":"product_cat","embeddable":true,"href":"https:\/\/www.istegroup.com\/en\/wp-json\/wp\/v2\/product_cat?post=17134"},{"taxonomy":"product_tag","embeddable":true,"href":"https:\/\/www.istegroup.com\/en\/wp-json\/wp\/v2\/product_tag?post=17134"}],"curies":[{"name":"wp","href":"https:\/\/api.w.org\/{rel}","templated":true}]}}