{"id":17124,"date":"2019-01-24T09:46:06","date_gmt":"2019-01-24T09:46:06","guid":{"rendered":"https:\/\/www.istegroup.com\/?post_type=product&#038;p=17124"},"modified":"2024-04-08T15:29:17","modified_gmt":"2024-04-08T14:29:17","slug":"geophysique-appliquee-pour-tous-2","status":"publish","type":"product","link":"https:\/\/www.istegroup.com\/en\/produit\/geophysique-appliquee-pour-tous-2\/","title":{"rendered":"G\u00e9ophysique appliqu\u00e9e pour tous 2"},"content":{"rendered":"<p>Rendre le sol transparent, tel est le programme de la g\u00e9ophysique appliqu\u00e9e qui caract\u00e9rise la g\u00e9om\u00e9trie du proche sous-sol. Car si nos yeux sont incapables de traverser la surface du sol, les courants \u00e9lectriques peuvent parcourir facilement les mat\u00e9riaux terrestres.<\/p>\n<p>Ce deuxi\u00e8me volume de\u00a0<em>G\u00e9ophysique appliqu\u00e9e pour tous\u00a0<\/em>examine le champ magn\u00e9tique dans son utilisation en prospection au sol, avec une m\u00e9thode passive qui mesure les perturbations du champ magn\u00e9tique terrestre cr\u00e9\u00e9es par des h\u00e9t\u00e9rog\u00e9n\u00e9it\u00e9s. Il pr\u00e9sente \u00e9galement le Slingram, une m\u00e9thode \u00e9lectromagn\u00e9tique \u00e0 induction. Cette m\u00e9thode active provoque des courants de Foucault qui g\u00e9n\u00e8rent \u00e0 leur tour un champ magn\u00e9tique secondaire donnant\u00a0<em>in fine\u00a0<\/em>la conductivit\u00e9 \u00e9lectrique.<\/p>\n<p>Cet ouvrage pr\u00e9sente des sch\u00e9mas \u00e9lectroniques afin d\u2019aider le lecteur \u00e0 construire ses propres appareils.<\/p>\n","protected":false},"excerpt":{"rendered":"<p class=\"qtranxs-available-languages-message qtranxs-available-languages-message-en\">Sorry, this entry is only available in <a href=\"https:\/\/www.istegroup.com\/fr\/wp-json\/wp\/v2\/product\/17124\" class=\"qtranxs-available-language-link qtranxs-available-language-link-fr\" title=\"FR\">FR<\/a>.<\/p>\n","protected":false},"featured_media":17133,"template":"","meta":{"_acf_changed":false,"_links_to":"","_links_to_target":""},"product_brand":[],"product_cat":[3262],"product_tag":[],"class_list":{"0":"post-17124","1":"product","2":"type-product","3":"status-publish","4":"has-post-thumbnail","6":"product_cat-non-classe","8":"first","9":"instock","10":"shipping-taxable","11":"purchasable","12":"product-type-variable"},"acf":[],"yoast_head":"<!-- This site is optimized with the Yoast SEO plugin v27.2 - https:\/\/yoast.com\/product\/yoast-seo-wordpress\/ -->\n<title>G\u00e9ophysique appliqu\u00e9e pour tous 2 - ISTE Group<\/title>\n<meta name=\"description\" content=\"G\u00e9ophysique appliqu\u00e9e pour tous\u00a0examine le champ magn\u00e9tique dans son utilisation en prospection au sol, avec une m\u00e9thode passive qui mesure les perturbations du champ magn\u00e9tique terrestre cr\u00e9\u00e9es par des h\u00e9t\u00e9rog\u00e9n\u00e9it\u00e9s.\" \/>\n<meta name=\"robots\" content=\"index, follow, max-snippet:-1, max-image-preview:large, max-video-preview:-1\" \/>\n<link rel=\"canonical\" href=\"https:\/\/www.istegroup.com\/fr\/produit\/geophysique-appliquee-pour-tous-2\/\" \/>\n<meta property=\"og:locale\" content=\"en_US\" \/>\n<meta property=\"og:type\" content=\"article\" \/>\n<meta property=\"og:title\" content=\"G\u00e9ophysique appliqu\u00e9e pour tous 2 - ISTE Group\" \/>\n<meta property=\"og:description\" content=\"G\u00e9ophysique appliqu\u00e9e pour tous\u00a0examine le champ magn\u00e9tique dans son utilisation en prospection au sol, avec une m\u00e9thode passive qui mesure les perturbations du champ magn\u00e9tique terrestre cr\u00e9\u00e9es par des h\u00e9t\u00e9rog\u00e9n\u00e9it\u00e9s.\" \/>\n<meta property=\"og:url\" content=\"https:\/\/www.istegroup.com\/fr\/produit\/geophysique-appliquee-pour-tous-2\/\" \/>\n<meta property=\"og:site_name\" content=\"ISTE Group\" \/>\n<meta property=\"article:modified_time\" content=\"2024-04-08T14:29:17+00:00\" \/>\n<meta property=\"og:image\" content=\"https:\/\/www.istegroup.com\/wp-content\/uploads\/2019\/01\/Florsch-2_Front.jpg\" \/>\n\t<meta property=\"og:image:width\" content=\"608\" \/>\n\t<meta property=\"og:image:height\" content=\"910\" \/>\n\t<meta property=\"og:image:type\" content=\"image\/jpeg\" \/>\n<meta name=\"twitter:card\" content=\"summary_large_image\" \/>\n<meta name=\"twitter:label1\" content=\"Est. reading time\" \/>\n\t<meta name=\"twitter:data1\" content=\"1 minute\" \/>\n<script type=\"application\/ld+json\" class=\"yoast-schema-graph\">{\"@context\":\"https:\/\/schema.org\",\"@graph\":[{\"@type\":\"WebPage\",\"@id\":\"https:\/\/www.istegroup.com\/fr\/produit\/geophysique-appliquee-pour-tous-2\/\",\"url\":\"https:\/\/www.istegroup.com\/fr\/produit\/geophysique-appliquee-pour-tous-2\/\",\"name\":\"G\u00e9ophysique appliqu\u00e9e pour tous 2 - ISTE Group\",\"isPartOf\":{\"@id\":\"https:\/\/www.istegroup.com\/#website\"},\"primaryImageOfPage\":{\"@id\":\"https:\/\/www.istegroup.com\/fr\/produit\/geophysique-appliquee-pour-tous-2\/#primaryimage\"},\"image\":{\"@id\":\"https:\/\/www.istegroup.com\/fr\/produit\/geophysique-appliquee-pour-tous-2\/#primaryimage\"},\"thumbnailUrl\":\"https:\/\/www.istegroup.com\/wp-content\/uploads\/2019\/01\/Florsch-2_Front.jpg\",\"datePublished\":\"2019-01-24T09:46:06+00:00\",\"dateModified\":\"2024-04-08T14:29:17+00:00\",\"description\":\"G\u00e9ophysique appliqu\u00e9e pour tous\u00a0examine le champ magn\u00e9tique dans son utilisation en prospection au sol, avec une m\u00e9thode passive qui mesure les perturbations du champ magn\u00e9tique terrestre cr\u00e9\u00e9es par des h\u00e9t\u00e9rog\u00e9n\u00e9it\u00e9s.\",\"breadcrumb\":{\"@id\":\"https:\/\/www.istegroup.com\/fr\/produit\/geophysique-appliquee-pour-tous-2\/#breadcrumb\"},\"inLanguage\":\"en-US\",\"potentialAction\":[{\"@type\":\"ReadAction\",\"target\":[\"https:\/\/www.istegroup.com\/fr\/produit\/geophysique-appliquee-pour-tous-2\/\"]}]},{\"@type\":\"ImageObject\",\"inLanguage\":\"en-US\",\"@id\":\"https:\/\/www.istegroup.com\/fr\/produit\/geophysique-appliquee-pour-tous-2\/#primaryimage\",\"url\":\"https:\/\/www.istegroup.com\/wp-content\/uploads\/2019\/01\/Florsch-2_Front.jpg\",\"contentUrl\":\"https:\/\/www.istegroup.com\/wp-content\/uploads\/2019\/01\/Florsch-2_Front.jpg\",\"width\":608,\"height\":910,\"caption\":\"M\u00e9thodes magn\u00e9tiques et Slingram\"},{\"@type\":\"BreadcrumbList\",\"@id\":\"https:\/\/www.istegroup.com\/fr\/produit\/geophysique-appliquee-pour-tous-2\/#breadcrumb\",\"itemListElement\":[{\"@type\":\"ListItem\",\"position\":1,\"name\":\"Home\",\"item\":\"https:\/\/www.istegroup.com\/\"},{\"@type\":\"ListItem\",\"position\":2,\"name\":\"Shop\",\"item\":\"https:\/\/www.istegroup.com\/fr\/nouveautes\/\"},{\"@type\":\"ListItem\",\"position\":3,\"name\":\"G\u00e9ophysique appliqu\u00e9e pour tous 2\"}]},{\"@type\":\"WebSite\",\"@id\":\"https:\/\/www.istegroup.com\/#website\",\"url\":\"https:\/\/www.istegroup.com\/\",\"name\":\"ISTE Group\",\"description\":\"Publishing Knowledge\",\"potentialAction\":[{\"@type\":\"SearchAction\",\"target\":{\"@type\":\"EntryPoint\",\"urlTemplate\":\"https:\/\/www.istegroup.com\/?s={search_term_string}\"},\"query-input\":{\"@type\":\"PropertyValueSpecification\",\"valueRequired\":true,\"valueName\":\"search_term_string\"}}],\"inLanguage\":\"en-US\"}]}<\/script>\n<!-- \/ Yoast SEO plugin. -->","yoast_head_json":{"title":"G\u00e9ophysique appliqu\u00e9e pour tous 2 - ISTE Group","description":"G\u00e9ophysique appliqu\u00e9e pour tous\u00a0examine le champ magn\u00e9tique dans son utilisation en prospection au sol, avec une m\u00e9thode passive qui mesure les perturbations du champ magn\u00e9tique terrestre cr\u00e9\u00e9es par des h\u00e9t\u00e9rog\u00e9n\u00e9it\u00e9s.","robots":{"index":"index","follow":"follow","max-snippet":"max-snippet:-1","max-image-preview":"max-image-preview:large","max-video-preview":"max-video-preview:-1"},"canonical":"https:\/\/www.istegroup.com\/fr\/produit\/geophysique-appliquee-pour-tous-2\/","og_locale":"en_US","og_type":"article","og_title":"G\u00e9ophysique appliqu\u00e9e pour tous 2 - ISTE Group","og_description":"G\u00e9ophysique appliqu\u00e9e pour tous\u00a0examine le champ magn\u00e9tique dans son utilisation en prospection au sol, avec une m\u00e9thode passive qui mesure les perturbations du champ magn\u00e9tique terrestre cr\u00e9\u00e9es par des h\u00e9t\u00e9rog\u00e9n\u00e9it\u00e9s.","og_url":"https:\/\/www.istegroup.com\/fr\/produit\/geophysique-appliquee-pour-tous-2\/","og_site_name":"ISTE Group","article_modified_time":"2024-04-08T14:29:17+00:00","og_image":[{"width":608,"height":910,"url":"https:\/\/www.istegroup.com\/wp-content\/uploads\/2019\/01\/Florsch-2_Front.jpg","type":"image\/jpeg"}],"twitter_card":"summary_large_image","twitter_misc":{"Est. reading time":"1 minute"},"schema":{"@context":"https:\/\/schema.org","@graph":[{"@type":"WebPage","@id":"https:\/\/www.istegroup.com\/fr\/produit\/geophysique-appliquee-pour-tous-2\/","url":"https:\/\/www.istegroup.com\/fr\/produit\/geophysique-appliquee-pour-tous-2\/","name":"G\u00e9ophysique appliqu\u00e9e pour tous 2 - ISTE Group","isPartOf":{"@id":"https:\/\/www.istegroup.com\/#website"},"primaryImageOfPage":{"@id":"https:\/\/www.istegroup.com\/fr\/produit\/geophysique-appliquee-pour-tous-2\/#primaryimage"},"image":{"@id":"https:\/\/www.istegroup.com\/fr\/produit\/geophysique-appliquee-pour-tous-2\/#primaryimage"},"thumbnailUrl":"https:\/\/www.istegroup.com\/wp-content\/uploads\/2019\/01\/Florsch-2_Front.jpg","datePublished":"2019-01-24T09:46:06+00:00","dateModified":"2024-04-08T14:29:17+00:00","description":"G\u00e9ophysique appliqu\u00e9e pour tous\u00a0examine le champ magn\u00e9tique dans son utilisation en prospection au sol, avec une m\u00e9thode passive qui mesure les perturbations du champ magn\u00e9tique terrestre cr\u00e9\u00e9es par des h\u00e9t\u00e9rog\u00e9n\u00e9it\u00e9s.","breadcrumb":{"@id":"https:\/\/www.istegroup.com\/fr\/produit\/geophysique-appliquee-pour-tous-2\/#breadcrumb"},"inLanguage":"en-US","potentialAction":[{"@type":"ReadAction","target":["https:\/\/www.istegroup.com\/fr\/produit\/geophysique-appliquee-pour-tous-2\/"]}]},{"@type":"ImageObject","inLanguage":"en-US","@id":"https:\/\/www.istegroup.com\/fr\/produit\/geophysique-appliquee-pour-tous-2\/#primaryimage","url":"https:\/\/www.istegroup.com\/wp-content\/uploads\/2019\/01\/Florsch-2_Front.jpg","contentUrl":"https:\/\/www.istegroup.com\/wp-content\/uploads\/2019\/01\/Florsch-2_Front.jpg","width":608,"height":910,"caption":"M\u00e9thodes magn\u00e9tiques et Slingram"},{"@type":"BreadcrumbList","@id":"https:\/\/www.istegroup.com\/fr\/produit\/geophysique-appliquee-pour-tous-2\/#breadcrumb","itemListElement":[{"@type":"ListItem","position":1,"name":"Home","item":"https:\/\/www.istegroup.com\/"},{"@type":"ListItem","position":2,"name":"Shop","item":"https:\/\/www.istegroup.com\/fr\/nouveautes\/"},{"@type":"ListItem","position":3,"name":"G\u00e9ophysique appliqu\u00e9e pour tous 2"}]},{"@type":"WebSite","@id":"https:\/\/www.istegroup.com\/#website","url":"https:\/\/www.istegroup.com\/","name":"ISTE Group","description":"Publishing Knowledge","potentialAction":[{"@type":"SearchAction","target":{"@type":"EntryPoint","urlTemplate":"https:\/\/www.istegroup.com\/?s={search_term_string}"},"query-input":{"@type":"PropertyValueSpecification","valueRequired":true,"valueName":"search_term_string"}}],"inLanguage":"en-US"}]}},"_links":{"self":[{"href":"https:\/\/www.istegroup.com\/en\/wp-json\/wp\/v2\/product\/17124","targetHints":{"allow":["GET"]}}],"collection":[{"href":"https:\/\/www.istegroup.com\/en\/wp-json\/wp\/v2\/product"}],"about":[{"href":"https:\/\/www.istegroup.com\/en\/wp-json\/wp\/v2\/types\/product"}],"wp:featuredmedia":[{"embeddable":true,"href":"https:\/\/www.istegroup.com\/en\/wp-json\/wp\/v2\/media\/17133"}],"wp:attachment":[{"href":"https:\/\/www.istegroup.com\/en\/wp-json\/wp\/v2\/media?parent=17124"}],"wp:term":[{"taxonomy":"product_brand","embeddable":true,"href":"https:\/\/www.istegroup.com\/en\/wp-json\/wp\/v2\/product_brand?post=17124"},{"taxonomy":"product_cat","embeddable":true,"href":"https:\/\/www.istegroup.com\/en\/wp-json\/wp\/v2\/product_cat?post=17124"},{"taxonomy":"product_tag","embeddable":true,"href":"https:\/\/www.istegroup.com\/en\/wp-json\/wp\/v2\/product_tag?post=17124"}],"curies":[{"name":"wp","href":"https:\/\/api.w.org\/{rel}","templated":true}]}}