{"id":17118,"date":"2019-01-24T09:27:51","date_gmt":"2019-01-24T09:27:51","guid":{"rendered":"https:\/\/www.istegroup.com\/?post_type=product&#038;p=17118"},"modified":"2024-01-03T13:42:55","modified_gmt":"2024-01-03T13:42:55","slug":"cybersecurite-des-systemes-industriels","status":"publish","type":"product","link":"https:\/\/www.istegroup.com\/en\/produit\/cybersecurite-des-systemes-industriels\/","title":{"rendered":"Cybers\u00e9curit\u00e9 des syst\u00e8mes industriels"},"content":{"rendered":"<p>La ma\u00eetrise de la cybers\u00e9curit\u00e9 des syst\u00e8mes industriels est une question cruciale.<\/p>\n<p>Pour mettre en oeuvre des solutions pertinentes, le responsable industriel doit conna\u00eetre le fonctionnement des syst\u00e8mes informatiques, des r\u00e9seaux de communication et des syst\u00e8mes de contr\u00f4le-commande. II doit aussi comprendre les m\u00e9thodes utilis\u00e9es par les attaquants, conna\u00eetre les normes et la r\u00e9glementation, ainsi que les solutions de s\u00e9curisation qui s\u2019offrent \u00e0 lui.<\/p>\n<p><em>Cybers\u00e9curit\u00e9 des syst\u00e8mes industriels<\/em>\u00a0pr\u00e9sente ces diff\u00e9rents points au lecteur pour lui permettre de ma\u00eetriser la cybers\u00e9curit\u00e9 de son installation. Il traite de ces questions \u00e0 la fois pour les syst\u00e8mes \u00e0 architecture classique de type SCADA et pour les syst\u00e8mes industriels IIoT, \u00e0 base d\u2019Internet des objets.<\/p>\n<p>&nbsp;<\/p>\n<p><strong>La presse en parle<\/strong><\/p>\n<p>(&#8230;) A conseiller donc \u00e0 tous les professionnels des syst\u00e8mes de contr\u00f4le et au-del\u00e0 \u00e0 ceux qui souhaitent remettre \u00e0 jour leurs notions fondamentales sur la cybers\u00e9curit\u00e9 et les m\u00e9thodes de pr\u00e9vention les plus efficaces pour contrer les cyberattaques en milieu industriel.<br \/>\n<a style=\"color: #1e9691\" href=\"https:\/\/www.see.asso.fr\/revue-numero\/27107_ree-2019-4\"><em>Revue de l&#8217;Electricit\u00e9 et de l&#8217;Electronique (REE)<\/em><\/a><\/p>\n","protected":false},"excerpt":{"rendered":"<p>La ma\u00eetrise de la cybers\u00e9curit\u00e9 des syst\u00e8mes industriels est une question cruciale. Pour mettre en oeuvre des solutions pertinentes, le responsable industriel doit conna\u00eetre le fonctionnement des syst\u00e8mes informatiques, des r\u00e9seaux de communication et des syst\u00e8mes de contr\u00f4le-commande. II doit aussi comprendre les m\u00e9thodes utilis\u00e9es par les attaquants, conna\u00eetre les normes et la r\u00e9glementation, ainsi [&hellip;]<\/p>\n","protected":false},"featured_media":17123,"template":"","meta":{"_acf_changed":false,"_links_to":"","_links_to_target":""},"product_brand":[],"product_cat":[3262],"product_tag":[],"class_list":{"0":"post-17118","1":"product","2":"type-product","3":"status-publish","4":"has-post-thumbnail","6":"product_cat-non-classe","8":"first","9":"instock","10":"shipping-taxable","11":"purchasable","12":"product-type-variable"},"acf":[],"yoast_head":"<!-- This site is optimized with the Yoast SEO plugin v27.2 - https:\/\/yoast.com\/product\/yoast-seo-wordpress\/ -->\n<title>Cybers\u00e9curit\u00e9 des syst\u00e8mes industriels - ISTE Group<\/title>\n<meta name=\"description\" content=\"Cybers\u00e9curit\u00e9 des syst\u00e8mes industriels\u00a0pr\u00e9sente ces diff\u00e9rents points au lecteur pour lui permettre de ma\u00eetriser la cybers\u00e9curit\u00e9 de son installation.\" \/>\n<meta name=\"robots\" content=\"index, follow, max-snippet:-1, max-image-preview:large, max-video-preview:-1\" \/>\n<link rel=\"canonical\" href=\"https:\/\/www.istegroup.com\/fr\/produit\/cybersecurite-des-systemes-industriels\/\" \/>\n<meta property=\"og:locale\" content=\"en_US\" \/>\n<meta property=\"og:type\" content=\"article\" \/>\n<meta property=\"og:title\" content=\"Cybers\u00e9curit\u00e9 des syst\u00e8mes industriels - ISTE Group\" \/>\n<meta property=\"og:description\" content=\"Cybers\u00e9curit\u00e9 des syst\u00e8mes industriels\u00a0pr\u00e9sente ces diff\u00e9rents points au lecteur pour lui permettre de ma\u00eetriser la cybers\u00e9curit\u00e9 de son installation.\" \/>\n<meta property=\"og:url\" content=\"https:\/\/www.istegroup.com\/fr\/produit\/cybersecurite-des-systemes-industriels\/\" \/>\n<meta property=\"og:site_name\" content=\"ISTE Group\" \/>\n<meta property=\"article:modified_time\" content=\"2024-01-03T13:42:55+00:00\" \/>\n<meta property=\"og:image\" content=\"https:\/\/www.istegroup.com\/wp-content\/uploads\/2019\/01\/Flaus_Front.jpg\" \/>\n\t<meta property=\"og:image:width\" content=\"604\" \/>\n\t<meta property=\"og:image:height\" content=\"909\" \/>\n\t<meta property=\"og:image:type\" content=\"image\/jpeg\" \/>\n<meta name=\"twitter:card\" content=\"summary_large_image\" \/>\n<meta name=\"twitter:label1\" content=\"Est. reading time\" \/>\n\t<meta name=\"twitter:data1\" content=\"1 minute\" \/>\n<script type=\"application\/ld+json\" class=\"yoast-schema-graph\">{\"@context\":\"https:\/\/schema.org\",\"@graph\":[{\"@type\":\"WebPage\",\"@id\":\"https:\/\/www.istegroup.com\/fr\/produit\/cybersecurite-des-systemes-industriels\/\",\"url\":\"https:\/\/www.istegroup.com\/fr\/produit\/cybersecurite-des-systemes-industriels\/\",\"name\":\"Cybers\u00e9curit\u00e9 des syst\u00e8mes industriels - ISTE Group\",\"isPartOf\":{\"@id\":\"https:\/\/www.istegroup.com\/#website\"},\"primaryImageOfPage\":{\"@id\":\"https:\/\/www.istegroup.com\/fr\/produit\/cybersecurite-des-systemes-industriels\/#primaryimage\"},\"image\":{\"@id\":\"https:\/\/www.istegroup.com\/fr\/produit\/cybersecurite-des-systemes-industriels\/#primaryimage\"},\"thumbnailUrl\":\"https:\/\/www.istegroup.com\/wp-content\/uploads\/2019\/01\/Flaus_Front.jpg\",\"datePublished\":\"2019-01-24T09:27:51+00:00\",\"dateModified\":\"2024-01-03T13:42:55+00:00\",\"description\":\"Cybers\u00e9curit\u00e9 des syst\u00e8mes industriels\u00a0pr\u00e9sente ces diff\u00e9rents points au lecteur pour lui permettre de ma\u00eetriser la cybers\u00e9curit\u00e9 de son installation.\",\"breadcrumb\":{\"@id\":\"https:\/\/www.istegroup.com\/fr\/produit\/cybersecurite-des-systemes-industriels\/#breadcrumb\"},\"inLanguage\":\"en-US\",\"potentialAction\":[{\"@type\":\"ReadAction\",\"target\":[\"https:\/\/www.istegroup.com\/fr\/produit\/cybersecurite-des-systemes-industriels\/\"]}]},{\"@type\":\"ImageObject\",\"inLanguage\":\"en-US\",\"@id\":\"https:\/\/www.istegroup.com\/fr\/produit\/cybersecurite-des-systemes-industriels\/#primaryimage\",\"url\":\"https:\/\/www.istegroup.com\/wp-content\/uploads\/2019\/01\/Flaus_Front.jpg\",\"contentUrl\":\"https:\/\/www.istegroup.com\/wp-content\/uploads\/2019\/01\/Flaus_Front.jpg\",\"width\":604,\"height\":909,\"caption\":\"Cybers\u00e9curit\u00e9 des syst\u00e8mes industriels\"},{\"@type\":\"BreadcrumbList\",\"@id\":\"https:\/\/www.istegroup.com\/fr\/produit\/cybersecurite-des-systemes-industriels\/#breadcrumb\",\"itemListElement\":[{\"@type\":\"ListItem\",\"position\":1,\"name\":\"Home\",\"item\":\"https:\/\/www.istegroup.com\/\"},{\"@type\":\"ListItem\",\"position\":2,\"name\":\"Shop\",\"item\":\"https:\/\/www.istegroup.com\/fr\/nouveautes\/\"},{\"@type\":\"ListItem\",\"position\":3,\"name\":\"Cybers\u00e9curit\u00e9 des syst\u00e8mes industriels\"}]},{\"@type\":\"WebSite\",\"@id\":\"https:\/\/www.istegroup.com\/#website\",\"url\":\"https:\/\/www.istegroup.com\/\",\"name\":\"ISTE Group\",\"description\":\"Publishing Knowledge\",\"potentialAction\":[{\"@type\":\"SearchAction\",\"target\":{\"@type\":\"EntryPoint\",\"urlTemplate\":\"https:\/\/www.istegroup.com\/?s={search_term_string}\"},\"query-input\":{\"@type\":\"PropertyValueSpecification\",\"valueRequired\":true,\"valueName\":\"search_term_string\"}}],\"inLanguage\":\"en-US\"}]}<\/script>\n<!-- \/ Yoast SEO plugin. -->","yoast_head_json":{"title":"Cybers\u00e9curit\u00e9 des syst\u00e8mes industriels - ISTE Group","description":"Cybers\u00e9curit\u00e9 des syst\u00e8mes industriels\u00a0pr\u00e9sente ces diff\u00e9rents points au lecteur pour lui permettre de ma\u00eetriser la cybers\u00e9curit\u00e9 de son installation.","robots":{"index":"index","follow":"follow","max-snippet":"max-snippet:-1","max-image-preview":"max-image-preview:large","max-video-preview":"max-video-preview:-1"},"canonical":"https:\/\/www.istegroup.com\/fr\/produit\/cybersecurite-des-systemes-industriels\/","og_locale":"en_US","og_type":"article","og_title":"Cybers\u00e9curit\u00e9 des syst\u00e8mes industriels - ISTE Group","og_description":"Cybers\u00e9curit\u00e9 des syst\u00e8mes industriels\u00a0pr\u00e9sente ces diff\u00e9rents points au lecteur pour lui permettre de ma\u00eetriser la cybers\u00e9curit\u00e9 de son installation.","og_url":"https:\/\/www.istegroup.com\/fr\/produit\/cybersecurite-des-systemes-industriels\/","og_site_name":"ISTE Group","article_modified_time":"2024-01-03T13:42:55+00:00","og_image":[{"width":604,"height":909,"url":"https:\/\/www.istegroup.com\/wp-content\/uploads\/2019\/01\/Flaus_Front.jpg","type":"image\/jpeg"}],"twitter_card":"summary_large_image","twitter_misc":{"Est. reading time":"1 minute"},"schema":{"@context":"https:\/\/schema.org","@graph":[{"@type":"WebPage","@id":"https:\/\/www.istegroup.com\/fr\/produit\/cybersecurite-des-systemes-industriels\/","url":"https:\/\/www.istegroup.com\/fr\/produit\/cybersecurite-des-systemes-industriels\/","name":"Cybers\u00e9curit\u00e9 des syst\u00e8mes industriels - ISTE Group","isPartOf":{"@id":"https:\/\/www.istegroup.com\/#website"},"primaryImageOfPage":{"@id":"https:\/\/www.istegroup.com\/fr\/produit\/cybersecurite-des-systemes-industriels\/#primaryimage"},"image":{"@id":"https:\/\/www.istegroup.com\/fr\/produit\/cybersecurite-des-systemes-industriels\/#primaryimage"},"thumbnailUrl":"https:\/\/www.istegroup.com\/wp-content\/uploads\/2019\/01\/Flaus_Front.jpg","datePublished":"2019-01-24T09:27:51+00:00","dateModified":"2024-01-03T13:42:55+00:00","description":"Cybers\u00e9curit\u00e9 des syst\u00e8mes industriels\u00a0pr\u00e9sente ces diff\u00e9rents points au lecteur pour lui permettre de ma\u00eetriser la cybers\u00e9curit\u00e9 de son installation.","breadcrumb":{"@id":"https:\/\/www.istegroup.com\/fr\/produit\/cybersecurite-des-systemes-industriels\/#breadcrumb"},"inLanguage":"en-US","potentialAction":[{"@type":"ReadAction","target":["https:\/\/www.istegroup.com\/fr\/produit\/cybersecurite-des-systemes-industriels\/"]}]},{"@type":"ImageObject","inLanguage":"en-US","@id":"https:\/\/www.istegroup.com\/fr\/produit\/cybersecurite-des-systemes-industriels\/#primaryimage","url":"https:\/\/www.istegroup.com\/wp-content\/uploads\/2019\/01\/Flaus_Front.jpg","contentUrl":"https:\/\/www.istegroup.com\/wp-content\/uploads\/2019\/01\/Flaus_Front.jpg","width":604,"height":909,"caption":"Cybers\u00e9curit\u00e9 des syst\u00e8mes industriels"},{"@type":"BreadcrumbList","@id":"https:\/\/www.istegroup.com\/fr\/produit\/cybersecurite-des-systemes-industriels\/#breadcrumb","itemListElement":[{"@type":"ListItem","position":1,"name":"Home","item":"https:\/\/www.istegroup.com\/"},{"@type":"ListItem","position":2,"name":"Shop","item":"https:\/\/www.istegroup.com\/fr\/nouveautes\/"},{"@type":"ListItem","position":3,"name":"Cybers\u00e9curit\u00e9 des syst\u00e8mes industriels"}]},{"@type":"WebSite","@id":"https:\/\/www.istegroup.com\/#website","url":"https:\/\/www.istegroup.com\/","name":"ISTE Group","description":"Publishing Knowledge","potentialAction":[{"@type":"SearchAction","target":{"@type":"EntryPoint","urlTemplate":"https:\/\/www.istegroup.com\/?s={search_term_string}"},"query-input":{"@type":"PropertyValueSpecification","valueRequired":true,"valueName":"search_term_string"}}],"inLanguage":"en-US"}]}},"_links":{"self":[{"href":"https:\/\/www.istegroup.com\/en\/wp-json\/wp\/v2\/product\/17118","targetHints":{"allow":["GET"]}}],"collection":[{"href":"https:\/\/www.istegroup.com\/en\/wp-json\/wp\/v2\/product"}],"about":[{"href":"https:\/\/www.istegroup.com\/en\/wp-json\/wp\/v2\/types\/product"}],"wp:featuredmedia":[{"embeddable":true,"href":"https:\/\/www.istegroup.com\/en\/wp-json\/wp\/v2\/media\/17123"}],"wp:attachment":[{"href":"https:\/\/www.istegroup.com\/en\/wp-json\/wp\/v2\/media?parent=17118"}],"wp:term":[{"taxonomy":"product_brand","embeddable":true,"href":"https:\/\/www.istegroup.com\/en\/wp-json\/wp\/v2\/product_brand?post=17118"},{"taxonomy":"product_cat","embeddable":true,"href":"https:\/\/www.istegroup.com\/en\/wp-json\/wp\/v2\/product_cat?post=17118"},{"taxonomy":"product_tag","embeddable":true,"href":"https:\/\/www.istegroup.com\/en\/wp-json\/wp\/v2\/product_tag?post=17118"}],"curies":[{"name":"wp","href":"https:\/\/api.w.org\/{rel}","templated":true}]}}