{"id":17095,"date":"2019-01-24T09:08:23","date_gmt":"2019-01-24T09:08:23","guid":{"rendered":"https:\/\/www.istegroup.com\/?post_type=product&#038;p=17095"},"modified":"2024-01-03T13:42:55","modified_gmt":"2024-01-03T13:42:55","slug":"wearables-textiles-et-vetements-intelligents","status":"publish","type":"product","link":"https:\/\/www.istegroup.com\/en\/produit\/wearables-textiles-et-vetements-intelligents\/","title":{"rendered":"Wearables, textiles et v\u00eatements intelligents"},"content":{"rendered":"<p>L\u2019int\u00e9r\u00eat industriel pour les textiles intelligents et plus largement les v\u00eatements intelligents est croissant. Cet ouvrage met l\u2019accent sur les aspects concrets de ce domaine et s\u2019adresse aux lecteurs qui souhaitent se familiariser avec la complexit\u00e9 des questions entourant les textiles intelligents et les applications de v\u00eatements intelligents, ainsi qu\u2019aux concepteurs de produits.<\/p>\n<p>La premi\u00e8re partie expose de mani\u00e8re concr\u00e8te et d\u00e9taill\u00e9e les termes, march\u00e9s, tendances, normalisation, r\u00e9glementation, donn\u00e9es \u00e0 caract\u00e8re personnel, contraintes de s\u00e9curit\u00e9. La deuxi\u00e8me partie pr\u00e9sente de nombreuses sp\u00e9cificit\u00e9s techniques et physiques (optique, \u00e9lectrique, \u00e9lectronique) et des exemples de\u00a0<em>wearables<\/em>\u00a0classiques, de fibres, de textiles et de tissus intelligents utilis\u00e9s pour l\u2019habillement professionnel, sportif, bien-\u00eatre, mode, s\u00e9curit\u00e9 (EPI) et m\u00e9dical. La derni\u00e8re partie d\u00e9veloppe les technologies, les composants et les aspects de connectivit\u00e9 qui sont et seront utilis\u00e9s dans ce segment de march\u00e9 et pr\u00e9sente en d\u00e9tail les aspects \u00e9conomiques et de co\u00fbts des\u00a0<em>wearables<\/em>\u00a0et des v\u00eatements intelligents.<\/p>\n","protected":false},"excerpt":{"rendered":"<p>L\u2019int\u00e9r\u00eat industriel pour les textiles intelligents et plus largement les v\u00eatements intelligents est croissant. Cet ouvrage met l\u2019accent sur les aspects concrets de ce domaine et s\u2019adresse aux lecteurs qui souhaitent se familiariser avec la complexit\u00e9 des questions entourant les textiles intelligents et les applications de v\u00eatements intelligents, ainsi qu\u2019aux concepteurs de produits. La premi\u00e8re [&hellip;]<\/p>\n","protected":false},"featured_media":17103,"template":"","meta":{"_acf_changed":false,"_links_to":"","_links_to_target":""},"product_brand":[],"product_cat":[3262],"product_tag":[],"class_list":{"0":"post-17095","1":"product","2":"type-product","3":"status-publish","4":"has-post-thumbnail","6":"product_cat-non-classe","8":"first","9":"instock","10":"shipping-taxable","11":"purchasable","12":"product-type-variable"},"acf":[],"yoast_head":"<!-- This site is optimized with the Yoast SEO plugin v27.2 - https:\/\/yoast.com\/product\/yoast-seo-wordpress\/ -->\n<title>Wearables, textiles et v\u00eatements intelligents - ISTE Group<\/title>\n<meta name=\"description\" content=\"Cet ouvrage s\u2019adresse aux lecteurs qui souhaitent se familiariser avec la complexit\u00e9 des questions entourant les textiles intelligents et les applications de v\u00eatements intelligents.\" \/>\n<meta name=\"robots\" content=\"index, follow, max-snippet:-1, max-image-preview:large, max-video-preview:-1\" \/>\n<link rel=\"canonical\" href=\"https:\/\/www.istegroup.com\/fr\/produit\/wearables-textiles-et-vetements-intelligents\/\" \/>\n<meta property=\"og:locale\" content=\"en_US\" \/>\n<meta property=\"og:type\" content=\"article\" \/>\n<meta property=\"og:title\" content=\"Wearables, textiles et v\u00eatements intelligents - ISTE Group\" \/>\n<meta property=\"og:description\" content=\"Cet ouvrage s\u2019adresse aux lecteurs qui souhaitent se familiariser avec la complexit\u00e9 des questions entourant les textiles intelligents et les applications de v\u00eatements intelligents.\" \/>\n<meta property=\"og:url\" content=\"https:\/\/www.istegroup.com\/fr\/produit\/wearables-textiles-et-vetements-intelligents\/\" \/>\n<meta property=\"og:site_name\" content=\"ISTE Group\" \/>\n<meta property=\"article:modified_time\" content=\"2024-01-03T13:42:55+00:00\" \/>\n<meta property=\"og:image\" content=\"https:\/\/www.istegroup.com\/wp-content\/uploads\/2019\/01\/Paret_Front.jpg\" \/>\n\t<meta property=\"og:image:width\" content=\"606\" \/>\n\t<meta property=\"og:image:height\" content=\"909\" \/>\n\t<meta property=\"og:image:type\" content=\"image\/jpeg\" \/>\n<meta name=\"twitter:card\" content=\"summary_large_image\" \/>\n<meta name=\"twitter:label1\" content=\"Est. reading time\" \/>\n\t<meta name=\"twitter:data1\" content=\"1 minute\" \/>\n<script type=\"application\/ld+json\" class=\"yoast-schema-graph\">{\"@context\":\"https:\/\/schema.org\",\"@graph\":[{\"@type\":\"WebPage\",\"@id\":\"https:\/\/www.istegroup.com\/fr\/produit\/wearables-textiles-et-vetements-intelligents\/\",\"url\":\"https:\/\/www.istegroup.com\/fr\/produit\/wearables-textiles-et-vetements-intelligents\/\",\"name\":\"Wearables, textiles et v\u00eatements intelligents - ISTE Group\",\"isPartOf\":{\"@id\":\"https:\/\/www.istegroup.com\/#website\"},\"primaryImageOfPage\":{\"@id\":\"https:\/\/www.istegroup.com\/fr\/produit\/wearables-textiles-et-vetements-intelligents\/#primaryimage\"},\"image\":{\"@id\":\"https:\/\/www.istegroup.com\/fr\/produit\/wearables-textiles-et-vetements-intelligents\/#primaryimage\"},\"thumbnailUrl\":\"https:\/\/www.istegroup.com\/wp-content\/uploads\/2019\/01\/Paret_Front.jpg\",\"datePublished\":\"2019-01-24T09:08:23+00:00\",\"dateModified\":\"2024-01-03T13:42:55+00:00\",\"description\":\"Cet ouvrage s\u2019adresse aux lecteurs qui souhaitent se familiariser avec la complexit\u00e9 des questions entourant les textiles intelligents et les applications de v\u00eatements intelligents.\",\"breadcrumb\":{\"@id\":\"https:\/\/www.istegroup.com\/fr\/produit\/wearables-textiles-et-vetements-intelligents\/#breadcrumb\"},\"inLanguage\":\"en-US\",\"potentialAction\":[{\"@type\":\"ReadAction\",\"target\":[\"https:\/\/www.istegroup.com\/fr\/produit\/wearables-textiles-et-vetements-intelligents\/\"]}]},{\"@type\":\"ImageObject\",\"inLanguage\":\"en-US\",\"@id\":\"https:\/\/www.istegroup.com\/fr\/produit\/wearables-textiles-et-vetements-intelligents\/#primaryimage\",\"url\":\"https:\/\/www.istegroup.com\/wp-content\/uploads\/2019\/01\/Paret_Front.jpg\",\"contentUrl\":\"https:\/\/www.istegroup.com\/wp-content\/uploads\/2019\/01\/Paret_Front.jpg\",\"width\":606,\"height\":909,\"caption\":\"Wearables, textiles et v\u00eatements intelligents\"},{\"@type\":\"BreadcrumbList\",\"@id\":\"https:\/\/www.istegroup.com\/fr\/produit\/wearables-textiles-et-vetements-intelligents\/#breadcrumb\",\"itemListElement\":[{\"@type\":\"ListItem\",\"position\":1,\"name\":\"Home\",\"item\":\"https:\/\/www.istegroup.com\/\"},{\"@type\":\"ListItem\",\"position\":2,\"name\":\"Shop\",\"item\":\"https:\/\/www.istegroup.com\/fr\/nouveautes\/\"},{\"@type\":\"ListItem\",\"position\":3,\"name\":\"Wearables, textiles et v\u00eatements intelligents\"}]},{\"@type\":\"WebSite\",\"@id\":\"https:\/\/www.istegroup.com\/#website\",\"url\":\"https:\/\/www.istegroup.com\/\",\"name\":\"ISTE Group\",\"description\":\"Publishing Knowledge\",\"potentialAction\":[{\"@type\":\"SearchAction\",\"target\":{\"@type\":\"EntryPoint\",\"urlTemplate\":\"https:\/\/www.istegroup.com\/?s={search_term_string}\"},\"query-input\":{\"@type\":\"PropertyValueSpecification\",\"valueRequired\":true,\"valueName\":\"search_term_string\"}}],\"inLanguage\":\"en-US\"}]}<\/script>\n<!-- \/ Yoast SEO plugin. -->","yoast_head_json":{"title":"Wearables, textiles et v\u00eatements intelligents - ISTE Group","description":"Cet ouvrage s\u2019adresse aux lecteurs qui souhaitent se familiariser avec la complexit\u00e9 des questions entourant les textiles intelligents et les applications de v\u00eatements intelligents.","robots":{"index":"index","follow":"follow","max-snippet":"max-snippet:-1","max-image-preview":"max-image-preview:large","max-video-preview":"max-video-preview:-1"},"canonical":"https:\/\/www.istegroup.com\/fr\/produit\/wearables-textiles-et-vetements-intelligents\/","og_locale":"en_US","og_type":"article","og_title":"Wearables, textiles et v\u00eatements intelligents - ISTE Group","og_description":"Cet ouvrage s\u2019adresse aux lecteurs qui souhaitent se familiariser avec la complexit\u00e9 des questions entourant les textiles intelligents et les applications de v\u00eatements intelligents.","og_url":"https:\/\/www.istegroup.com\/fr\/produit\/wearables-textiles-et-vetements-intelligents\/","og_site_name":"ISTE Group","article_modified_time":"2024-01-03T13:42:55+00:00","og_image":[{"width":606,"height":909,"url":"https:\/\/www.istegroup.com\/wp-content\/uploads\/2019\/01\/Paret_Front.jpg","type":"image\/jpeg"}],"twitter_card":"summary_large_image","twitter_misc":{"Est. reading time":"1 minute"},"schema":{"@context":"https:\/\/schema.org","@graph":[{"@type":"WebPage","@id":"https:\/\/www.istegroup.com\/fr\/produit\/wearables-textiles-et-vetements-intelligents\/","url":"https:\/\/www.istegroup.com\/fr\/produit\/wearables-textiles-et-vetements-intelligents\/","name":"Wearables, textiles et v\u00eatements intelligents - ISTE Group","isPartOf":{"@id":"https:\/\/www.istegroup.com\/#website"},"primaryImageOfPage":{"@id":"https:\/\/www.istegroup.com\/fr\/produit\/wearables-textiles-et-vetements-intelligents\/#primaryimage"},"image":{"@id":"https:\/\/www.istegroup.com\/fr\/produit\/wearables-textiles-et-vetements-intelligents\/#primaryimage"},"thumbnailUrl":"https:\/\/www.istegroup.com\/wp-content\/uploads\/2019\/01\/Paret_Front.jpg","datePublished":"2019-01-24T09:08:23+00:00","dateModified":"2024-01-03T13:42:55+00:00","description":"Cet ouvrage s\u2019adresse aux lecteurs qui souhaitent se familiariser avec la complexit\u00e9 des questions entourant les textiles intelligents et les applications de v\u00eatements intelligents.","breadcrumb":{"@id":"https:\/\/www.istegroup.com\/fr\/produit\/wearables-textiles-et-vetements-intelligents\/#breadcrumb"},"inLanguage":"en-US","potentialAction":[{"@type":"ReadAction","target":["https:\/\/www.istegroup.com\/fr\/produit\/wearables-textiles-et-vetements-intelligents\/"]}]},{"@type":"ImageObject","inLanguage":"en-US","@id":"https:\/\/www.istegroup.com\/fr\/produit\/wearables-textiles-et-vetements-intelligents\/#primaryimage","url":"https:\/\/www.istegroup.com\/wp-content\/uploads\/2019\/01\/Paret_Front.jpg","contentUrl":"https:\/\/www.istegroup.com\/wp-content\/uploads\/2019\/01\/Paret_Front.jpg","width":606,"height":909,"caption":"Wearables, textiles et v\u00eatements intelligents"},{"@type":"BreadcrumbList","@id":"https:\/\/www.istegroup.com\/fr\/produit\/wearables-textiles-et-vetements-intelligents\/#breadcrumb","itemListElement":[{"@type":"ListItem","position":1,"name":"Home","item":"https:\/\/www.istegroup.com\/"},{"@type":"ListItem","position":2,"name":"Shop","item":"https:\/\/www.istegroup.com\/fr\/nouveautes\/"},{"@type":"ListItem","position":3,"name":"Wearables, textiles et v\u00eatements intelligents"}]},{"@type":"WebSite","@id":"https:\/\/www.istegroup.com\/#website","url":"https:\/\/www.istegroup.com\/","name":"ISTE Group","description":"Publishing Knowledge","potentialAction":[{"@type":"SearchAction","target":{"@type":"EntryPoint","urlTemplate":"https:\/\/www.istegroup.com\/?s={search_term_string}"},"query-input":{"@type":"PropertyValueSpecification","valueRequired":true,"valueName":"search_term_string"}}],"inLanguage":"en-US"}]}},"_links":{"self":[{"href":"https:\/\/www.istegroup.com\/en\/wp-json\/wp\/v2\/product\/17095","targetHints":{"allow":["GET"]}}],"collection":[{"href":"https:\/\/www.istegroup.com\/en\/wp-json\/wp\/v2\/product"}],"about":[{"href":"https:\/\/www.istegroup.com\/en\/wp-json\/wp\/v2\/types\/product"}],"wp:featuredmedia":[{"embeddable":true,"href":"https:\/\/www.istegroup.com\/en\/wp-json\/wp\/v2\/media\/17103"}],"wp:attachment":[{"href":"https:\/\/www.istegroup.com\/en\/wp-json\/wp\/v2\/media?parent=17095"}],"wp:term":[{"taxonomy":"product_brand","embeddable":true,"href":"https:\/\/www.istegroup.com\/en\/wp-json\/wp\/v2\/product_brand?post=17095"},{"taxonomy":"product_cat","embeddable":true,"href":"https:\/\/www.istegroup.com\/en\/wp-json\/wp\/v2\/product_cat?post=17095"},{"taxonomy":"product_tag","embeddable":true,"href":"https:\/\/www.istegroup.com\/en\/wp-json\/wp\/v2\/product_tag?post=17095"}],"curies":[{"name":"wp","href":"https:\/\/api.w.org\/{rel}","templated":true}]}}