{"id":17078,"date":"2019-01-23T15:10:06","date_gmt":"2019-01-23T15:10:06","guid":{"rendered":"https:\/\/www.istegroup.com\/?post_type=product&#038;p=17078"},"modified":"2024-01-03T13:42:54","modified_gmt":"2024-01-03T13:42:54","slug":"a-la-decouverte-des-odeurs","status":"publish","type":"product","link":"https:\/\/www.istegroup.com\/en\/produit\/a-la-decouverte-des-odeurs\/","title":{"rendered":"\u00c0 la d\u00e9couverte des odeurs"},"content":{"rendered":"<p>Il est fr\u00e9quent de lire que l\u2019odorat est un sens m\u00e9connu dans l\u2019esp\u00e8ce humaine et il a effectivement \u00e9t\u00e9 longtemps n\u00e9glig\u00e9 par les scientifiques. Toutefois, \u00e0 partir de la fin du XXe si\u00e8cle, les \u00e9tudes se sont multipli\u00e9es et aujourd\u2019hui le syst\u00e8me olfactif est relativement bien d\u00e9crit, tant du point de vue de sa structure que de son fonctionnement.<\/p>\n<p>Les scientifiques se pr\u00e9occupent d\u00e9sormais des questions fonctionnelles li\u00e9es \u00e0 l\u2019odorat et s\u2019interrogent sur le r\u00f4le des odeurs dans la communication interpersonnelle, dans les processus de prise alimentaire, dans l\u2019aide au diagnostic de certaines pathologies, et dans beaucoup d\u2019autres domaines. Les pr\u00e9mices de ces connaissances sont aussi passionnantes que foisonnantes et de nombreuses disciplines s\u2019y int\u00e9ressent : psychologie, physiologie, g\u00e9n\u00e9tique, neurosciences, ing\u00e9nierie\u2026<\/p>\n<p>Cet ouvrage illustre et analyse, sous forme de chroniques scientifiques, l\u2019\u00e9tat actuel des avanc\u00e9es de la recherche \u00e0 propos des odeurs qui nous entourent et de la fa\u00e7on dont elles influencent notre relation au monde.<\/p>\n","protected":false},"excerpt":{"rendered":"<p>Il est fr\u00e9quent de lire que l\u2019odorat est un sens m\u00e9connu dans l\u2019esp\u00e8ce humaine et il a effectivement \u00e9t\u00e9 longtemps n\u00e9glig\u00e9 par les scientifiques. Toutefois, \u00e0 partir de la fin du XXe si\u00e8cle, les \u00e9tudes se sont multipli\u00e9es et aujourd\u2019hui le syst\u00e8me olfactif est relativement bien d\u00e9crit, tant du point de vue de sa structure [&hellip;]<\/p>\n","protected":false},"featured_media":17086,"template":"","meta":{"_acf_changed":false,"_links_to":"","_links_to_target":""},"product_brand":[],"product_cat":[3262],"product_tag":[],"class_list":{"0":"post-17078","1":"product","2":"type-product","3":"status-publish","4":"has-post-thumbnail","6":"product_cat-non-classe","8":"first","9":"instock","10":"shipping-taxable","11":"purchasable","12":"product-type-variable"},"acf":[],"yoast_head":"<!-- This site is optimized with the Yoast SEO plugin v27.2 - https:\/\/yoast.com\/product\/yoast-seo-wordpress\/ -->\n<title>\u00c0 la d\u00e9couverte des odeurs - ISTE Group<\/title>\n<meta name=\"description\" content=\"Cet ouvrage illustre et analyse, sous forme de chroniques scientifiques, l\u2019\u00e9tat actuel des avanc\u00e9es de la recherche \u00e0 propos des odeurs qui nous entourent et de la fa\u00e7on dont elles influencent notre relation au monde.\" \/>\n<meta name=\"robots\" content=\"index, follow, max-snippet:-1, max-image-preview:large, max-video-preview:-1\" \/>\n<link rel=\"canonical\" href=\"https:\/\/www.istegroup.com\/en\/produit\/a-la-decouverte-des-odeurs\/\" \/>\n<meta property=\"og:locale\" content=\"en_US\" \/>\n<meta property=\"og:type\" content=\"article\" \/>\n<meta property=\"og:title\" content=\"\u00c0 la d\u00e9couverte des odeurs - ISTE Group\" \/>\n<meta property=\"og:description\" content=\"Cet ouvrage illustre et analyse, sous forme de chroniques scientifiques, l\u2019\u00e9tat actuel des avanc\u00e9es de la recherche \u00e0 propos des odeurs qui nous entourent et de la fa\u00e7on dont elles influencent notre relation au monde.\" \/>\n<meta property=\"og:url\" content=\"https:\/\/www.istegroup.com\/en\/produit\/a-la-decouverte-des-odeurs\/\" \/>\n<meta property=\"og:site_name\" content=\"ISTE Group\" \/>\n<meta property=\"article:modified_time\" content=\"2024-01-03T13:42:54+00:00\" \/>\n<meta property=\"og:image\" content=\"https:\/\/www.istegroup.com\/wp-content\/uploads\/2019\/01\/Brand_Front.jpg\" \/>\n\t<meta property=\"og:image:width\" content=\"604\" \/>\n\t<meta property=\"og:image:height\" content=\"910\" \/>\n\t<meta property=\"og:image:type\" content=\"image\/jpeg\" \/>\n<meta name=\"twitter:card\" content=\"summary_large_image\" \/>\n<meta name=\"twitter:label1\" content=\"Est. reading time\" \/>\n\t<meta name=\"twitter:data1\" content=\"1 minute\" \/>\n<script type=\"application\/ld+json\" class=\"yoast-schema-graph\">{\"@context\":\"https:\/\/schema.org\",\"@graph\":[{\"@type\":\"WebPage\",\"@id\":\"https:\/\/www.istegroup.com\/en\/produit\/a-la-decouverte-des-odeurs\/\",\"url\":\"https:\/\/www.istegroup.com\/en\/produit\/a-la-decouverte-des-odeurs\/\",\"name\":\"\u00c0 la d\u00e9couverte des odeurs - ISTE Group\",\"isPartOf\":{\"@id\":\"https:\/\/www.istegroup.com\/#website\"},\"primaryImageOfPage\":{\"@id\":\"https:\/\/www.istegroup.com\/en\/produit\/a-la-decouverte-des-odeurs\/#primaryimage\"},\"image\":{\"@id\":\"https:\/\/www.istegroup.com\/en\/produit\/a-la-decouverte-des-odeurs\/#primaryimage\"},\"thumbnailUrl\":\"https:\/\/www.istegroup.com\/wp-content\/uploads\/2019\/01\/Brand_Front.jpg\",\"datePublished\":\"2019-01-23T15:10:06+00:00\",\"dateModified\":\"2024-01-03T13:42:54+00:00\",\"description\":\"Cet ouvrage illustre et analyse, sous forme de chroniques scientifiques, l\u2019\u00e9tat actuel des avanc\u00e9es de la recherche \u00e0 propos des odeurs qui nous entourent et de la fa\u00e7on dont elles influencent notre relation au monde.\",\"breadcrumb\":{\"@id\":\"https:\/\/www.istegroup.com\/en\/produit\/a-la-decouverte-des-odeurs\/#breadcrumb\"},\"inLanguage\":\"en-US\",\"potentialAction\":[{\"@type\":\"ReadAction\",\"target\":[\"https:\/\/www.istegroup.com\/en\/produit\/a-la-decouverte-des-odeurs\/\"]}]},{\"@type\":\"ImageObject\",\"inLanguage\":\"en-US\",\"@id\":\"https:\/\/www.istegroup.com\/en\/produit\/a-la-decouverte-des-odeurs\/#primaryimage\",\"url\":\"https:\/\/www.istegroup.com\/wp-content\/uploads\/2019\/01\/Brand_Front.jpg\",\"contentUrl\":\"https:\/\/www.istegroup.com\/wp-content\/uploads\/2019\/01\/Brand_Front.jpg\",\"width\":604,\"height\":910,\"caption\":\"\u00c0 la d\u00e9couverte des odeurs\"},{\"@type\":\"BreadcrumbList\",\"@id\":\"https:\/\/www.istegroup.com\/en\/produit\/a-la-decouverte-des-odeurs\/#breadcrumb\",\"itemListElement\":[{\"@type\":\"ListItem\",\"position\":1,\"name\":\"Home\",\"item\":\"https:\/\/www.istegroup.com\/\"},{\"@type\":\"ListItem\",\"position\":2,\"name\":\"Shop\",\"item\":\"https:\/\/www.istegroup.com\/fr\/nouveautes\/\"},{\"@type\":\"ListItem\",\"position\":3,\"name\":\"\u00c0 la d\u00e9couverte des odeurs\"}]},{\"@type\":\"WebSite\",\"@id\":\"https:\/\/www.istegroup.com\/#website\",\"url\":\"https:\/\/www.istegroup.com\/\",\"name\":\"ISTE Group\",\"description\":\"Publishing Knowledge\",\"potentialAction\":[{\"@type\":\"SearchAction\",\"target\":{\"@type\":\"EntryPoint\",\"urlTemplate\":\"https:\/\/www.istegroup.com\/?s={search_term_string}\"},\"query-input\":{\"@type\":\"PropertyValueSpecification\",\"valueRequired\":true,\"valueName\":\"search_term_string\"}}],\"inLanguage\":\"en-US\"}]}<\/script>\n<!-- \/ Yoast SEO plugin. -->","yoast_head_json":{"title":"\u00c0 la d\u00e9couverte des odeurs - ISTE Group","description":"Cet ouvrage illustre et analyse, sous forme de chroniques scientifiques, l\u2019\u00e9tat actuel des avanc\u00e9es de la recherche \u00e0 propos des odeurs qui nous entourent et de la fa\u00e7on dont elles influencent notre relation au monde.","robots":{"index":"index","follow":"follow","max-snippet":"max-snippet:-1","max-image-preview":"max-image-preview:large","max-video-preview":"max-video-preview:-1"},"canonical":"https:\/\/www.istegroup.com\/en\/produit\/a-la-decouverte-des-odeurs\/","og_locale":"en_US","og_type":"article","og_title":"\u00c0 la d\u00e9couverte des odeurs - ISTE Group","og_description":"Cet ouvrage illustre et analyse, sous forme de chroniques scientifiques, l\u2019\u00e9tat actuel des avanc\u00e9es de la recherche \u00e0 propos des odeurs qui nous entourent et de la fa\u00e7on dont elles influencent notre relation au monde.","og_url":"https:\/\/www.istegroup.com\/en\/produit\/a-la-decouverte-des-odeurs\/","og_site_name":"ISTE Group","article_modified_time":"2024-01-03T13:42:54+00:00","og_image":[{"width":604,"height":910,"url":"https:\/\/www.istegroup.com\/wp-content\/uploads\/2019\/01\/Brand_Front.jpg","type":"image\/jpeg"}],"twitter_card":"summary_large_image","twitter_misc":{"Est. reading time":"1 minute"},"schema":{"@context":"https:\/\/schema.org","@graph":[{"@type":"WebPage","@id":"https:\/\/www.istegroup.com\/en\/produit\/a-la-decouverte-des-odeurs\/","url":"https:\/\/www.istegroup.com\/en\/produit\/a-la-decouverte-des-odeurs\/","name":"\u00c0 la d\u00e9couverte des odeurs - ISTE Group","isPartOf":{"@id":"https:\/\/www.istegroup.com\/#website"},"primaryImageOfPage":{"@id":"https:\/\/www.istegroup.com\/en\/produit\/a-la-decouverte-des-odeurs\/#primaryimage"},"image":{"@id":"https:\/\/www.istegroup.com\/en\/produit\/a-la-decouverte-des-odeurs\/#primaryimage"},"thumbnailUrl":"https:\/\/www.istegroup.com\/wp-content\/uploads\/2019\/01\/Brand_Front.jpg","datePublished":"2019-01-23T15:10:06+00:00","dateModified":"2024-01-03T13:42:54+00:00","description":"Cet ouvrage illustre et analyse, sous forme de chroniques scientifiques, l\u2019\u00e9tat actuel des avanc\u00e9es de la recherche \u00e0 propos des odeurs qui nous entourent et de la fa\u00e7on dont elles influencent notre relation au monde.","breadcrumb":{"@id":"https:\/\/www.istegroup.com\/en\/produit\/a-la-decouverte-des-odeurs\/#breadcrumb"},"inLanguage":"en-US","potentialAction":[{"@type":"ReadAction","target":["https:\/\/www.istegroup.com\/en\/produit\/a-la-decouverte-des-odeurs\/"]}]},{"@type":"ImageObject","inLanguage":"en-US","@id":"https:\/\/www.istegroup.com\/en\/produit\/a-la-decouverte-des-odeurs\/#primaryimage","url":"https:\/\/www.istegroup.com\/wp-content\/uploads\/2019\/01\/Brand_Front.jpg","contentUrl":"https:\/\/www.istegroup.com\/wp-content\/uploads\/2019\/01\/Brand_Front.jpg","width":604,"height":910,"caption":"\u00c0 la d\u00e9couverte des odeurs"},{"@type":"BreadcrumbList","@id":"https:\/\/www.istegroup.com\/en\/produit\/a-la-decouverte-des-odeurs\/#breadcrumb","itemListElement":[{"@type":"ListItem","position":1,"name":"Home","item":"https:\/\/www.istegroup.com\/"},{"@type":"ListItem","position":2,"name":"Shop","item":"https:\/\/www.istegroup.com\/fr\/nouveautes\/"},{"@type":"ListItem","position":3,"name":"\u00c0 la d\u00e9couverte des odeurs"}]},{"@type":"WebSite","@id":"https:\/\/www.istegroup.com\/#website","url":"https:\/\/www.istegroup.com\/","name":"ISTE Group","description":"Publishing Knowledge","potentialAction":[{"@type":"SearchAction","target":{"@type":"EntryPoint","urlTemplate":"https:\/\/www.istegroup.com\/?s={search_term_string}"},"query-input":{"@type":"PropertyValueSpecification","valueRequired":true,"valueName":"search_term_string"}}],"inLanguage":"en-US"}]}},"_links":{"self":[{"href":"https:\/\/www.istegroup.com\/en\/wp-json\/wp\/v2\/product\/17078","targetHints":{"allow":["GET"]}}],"collection":[{"href":"https:\/\/www.istegroup.com\/en\/wp-json\/wp\/v2\/product"}],"about":[{"href":"https:\/\/www.istegroup.com\/en\/wp-json\/wp\/v2\/types\/product"}],"wp:featuredmedia":[{"embeddable":true,"href":"https:\/\/www.istegroup.com\/en\/wp-json\/wp\/v2\/media\/17086"}],"wp:attachment":[{"href":"https:\/\/www.istegroup.com\/en\/wp-json\/wp\/v2\/media?parent=17078"}],"wp:term":[{"taxonomy":"product_brand","embeddable":true,"href":"https:\/\/www.istegroup.com\/en\/wp-json\/wp\/v2\/product_brand?post=17078"},{"taxonomy":"product_cat","embeddable":true,"href":"https:\/\/www.istegroup.com\/en\/wp-json\/wp\/v2\/product_cat?post=17078"},{"taxonomy":"product_tag","embeddable":true,"href":"https:\/\/www.istegroup.com\/en\/wp-json\/wp\/v2\/product_tag?post=17078"}],"curies":[{"name":"wp","href":"https:\/\/api.w.org\/{rel}","templated":true}]}}