{"id":17065,"date":"2019-01-23T15:02:12","date_gmt":"2019-01-23T15:02:12","guid":{"rendered":"https:\/\/www.istegroup.com\/?post_type=product&#038;p=17065"},"modified":"2024-01-03T13:42:54","modified_gmt":"2024-01-03T13:42:54","slug":"les-accidents-nucleaires-militaires","status":"publish","type":"product","link":"https:\/\/www.istegroup.com\/en\/produit\/les-accidents-nucleaires-militaires\/","title":{"rendered":"Les accidents nucl\u00e9aires militaires"},"content":{"rendered":"<p>D\u00e8s ses d\u00e9buts, l\u2019utilisation de l\u2019\u00e9nergie atomique \u00e0 des fins militaires a donn\u00e9 lieu \u00e0 des accidents nucl\u00e9aires vari\u00e9s. Ces accidents, qu\u2019ils d\u00e9coulent de tirs de combat, d\u2019essais atmosph\u00e9riques des bombes nucl\u00e9aires ou de tentatives d\u2019assurer une dissuasion nucl\u00e9aire, peuvent survenir \u00e0 tout moment, depuis la fabrication des armes jusqu\u2019\u00e0 leur mise en service.<\/p>\n<p>Cet ouvrage d\u00e9finit et classifie ces accidents et en d\u00e9taille les cons\u00e9quences. Il traite de la contamination de l\u2019environnement, de la faune, de la flore et quantifie l\u2019impact des rayonnements ionisants. Il examine \u00e9galement les effets n\u00e9fastes sur la sant\u00e9 physique et mentale des populations concern\u00e9es et \u00e9value les co\u00fbts occasionn\u00e9s par de tels \u00e9v\u00e9nements. Il pr\u00e9sente enfin les risques et retomb\u00e9es d\u2019une \u00e9ventuelle guerre nucl\u00e9aire locale ou globale.<\/p>\n","protected":false},"excerpt":{"rendered":"<p>D\u00e8s ses d\u00e9buts, l\u2019utilisation de l\u2019\u00e9nergie atomique \u00e0 des fins militaires a donn\u00e9 lieu \u00e0 des accidents nucl\u00e9aires vari\u00e9s. Ces accidents, qu\u2019ils d\u00e9coulent de tirs de combat, d\u2019essais atmosph\u00e9riques des bombes nucl\u00e9aires ou de tentatives d\u2019assurer une dissuasion nucl\u00e9aire, peuvent survenir \u00e0 tout moment, depuis la fabrication des armes jusqu\u2019\u00e0 leur mise en service. Cet [&hellip;]<\/p>\n","protected":false},"featured_media":17076,"template":"","meta":{"_acf_changed":false,"_links_to":"","_links_to_target":""},"product_brand":[],"product_cat":[3262],"product_tag":[],"class_list":{"0":"post-17065","1":"product","2":"type-product","3":"status-publish","4":"has-post-thumbnail","6":"product_cat-non-classe","8":"first","9":"instock","10":"shipping-taxable","11":"purchasable","12":"product-type-variable"},"acf":[],"yoast_head":"<!-- This site is optimized with the Yoast SEO plugin v27.2 - https:\/\/yoast.com\/product\/yoast-seo-wordpress\/ -->\n<title>Les accidents nucl\u00e9aires militaires - ISTE Group<\/title>\n<meta name=\"robots\" content=\"index, follow, max-snippet:-1, max-image-preview:large, max-video-preview:-1\" \/>\n<link rel=\"canonical\" href=\"https:\/\/www.istegroup.com\/fr\/produit\/les-accidents-nucleaires-militaires\/\" \/>\n<meta property=\"og:locale\" content=\"en_US\" \/>\n<meta property=\"og:type\" content=\"article\" \/>\n<meta property=\"og:title\" content=\"Les accidents nucl\u00e9aires militaires - ISTE Group\" \/>\n<meta property=\"og:description\" content=\"D\u00e8s ses d\u00e9buts, l\u2019utilisation de l\u2019\u00e9nergie atomique \u00e0 des fins militaires a donn\u00e9 lieu \u00e0 des accidents nucl\u00e9aires vari\u00e9s. Ces accidents, qu\u2019ils d\u00e9coulent de tirs de combat, d\u2019essais atmosph\u00e9riques des bombes nucl\u00e9aires ou de tentatives d\u2019assurer une dissuasion nucl\u00e9aire, peuvent survenir \u00e0 tout moment, depuis la fabrication des armes jusqu\u2019\u00e0 leur mise en service. Cet [&hellip;]\" \/>\n<meta property=\"og:url\" content=\"https:\/\/www.istegroup.com\/fr\/produit\/les-accidents-nucleaires-militaires\/\" \/>\n<meta property=\"og:site_name\" content=\"ISTE Group\" \/>\n<meta property=\"article:modified_time\" content=\"2024-01-03T13:42:54+00:00\" \/>\n<meta property=\"og:image\" content=\"https:\/\/www.istegroup.com\/wp-content\/uploads\/2019\/01\/Amiard_Front.jpg\" \/>\n\t<meta property=\"og:image:width\" content=\"605\" \/>\n\t<meta property=\"og:image:height\" content=\"909\" \/>\n\t<meta property=\"og:image:type\" content=\"image\/jpeg\" \/>\n<meta name=\"twitter:card\" content=\"summary_large_image\" \/>\n<meta name=\"twitter:label1\" content=\"Est. reading time\" \/>\n\t<meta name=\"twitter:data1\" content=\"1 minute\" \/>\n<script type=\"application\/ld+json\" class=\"yoast-schema-graph\">{\"@context\":\"https:\/\/schema.org\",\"@graph\":[{\"@type\":\"WebPage\",\"@id\":\"https:\/\/www.istegroup.com\/fr\/produit\/les-accidents-nucleaires-militaires\/\",\"url\":\"https:\/\/www.istegroup.com\/fr\/produit\/les-accidents-nucleaires-militaires\/\",\"name\":\"Les accidents nucl\u00e9aires militaires - ISTE Group\",\"isPartOf\":{\"@id\":\"https:\/\/www.istegroup.com\/#website\"},\"primaryImageOfPage\":{\"@id\":\"https:\/\/www.istegroup.com\/fr\/produit\/les-accidents-nucleaires-militaires\/#primaryimage\"},\"image\":{\"@id\":\"https:\/\/www.istegroup.com\/fr\/produit\/les-accidents-nucleaires-militaires\/#primaryimage\"},\"thumbnailUrl\":\"https:\/\/www.istegroup.com\/wp-content\/uploads\/2019\/01\/Amiard_Front.jpg\",\"datePublished\":\"2019-01-23T15:02:12+00:00\",\"dateModified\":\"2024-01-03T13:42:54+00:00\",\"breadcrumb\":{\"@id\":\"https:\/\/www.istegroup.com\/fr\/produit\/les-accidents-nucleaires-militaires\/#breadcrumb\"},\"inLanguage\":\"en-US\",\"potentialAction\":[{\"@type\":\"ReadAction\",\"target\":[\"https:\/\/www.istegroup.com\/fr\/produit\/les-accidents-nucleaires-militaires\/\"]}]},{\"@type\":\"ImageObject\",\"inLanguage\":\"en-US\",\"@id\":\"https:\/\/www.istegroup.com\/fr\/produit\/les-accidents-nucleaires-militaires\/#primaryimage\",\"url\":\"https:\/\/www.istegroup.com\/wp-content\/uploads\/2019\/01\/Amiard_Front.jpg\",\"contentUrl\":\"https:\/\/www.istegroup.com\/wp-content\/uploads\/2019\/01\/Amiard_Front.jpg\",\"width\":605,\"height\":909,\"caption\":\"Cons\u00e9quences environnementales, \u00e9cologiques, sanitaires et socio-\u00e9conomiques\"},{\"@type\":\"BreadcrumbList\",\"@id\":\"https:\/\/www.istegroup.com\/fr\/produit\/les-accidents-nucleaires-militaires\/#breadcrumb\",\"itemListElement\":[{\"@type\":\"ListItem\",\"position\":1,\"name\":\"Home\",\"item\":\"https:\/\/www.istegroup.com\/\"},{\"@type\":\"ListItem\",\"position\":2,\"name\":\"Shop\",\"item\":\"https:\/\/www.istegroup.com\/fr\/nouveautes\/\"},{\"@type\":\"ListItem\",\"position\":3,\"name\":\"Les accidents nucl\u00e9aires militaires\"}]},{\"@type\":\"WebSite\",\"@id\":\"https:\/\/www.istegroup.com\/#website\",\"url\":\"https:\/\/www.istegroup.com\/\",\"name\":\"ISTE Group\",\"description\":\"Publishing Knowledge\",\"potentialAction\":[{\"@type\":\"SearchAction\",\"target\":{\"@type\":\"EntryPoint\",\"urlTemplate\":\"https:\/\/www.istegroup.com\/?s={search_term_string}\"},\"query-input\":{\"@type\":\"PropertyValueSpecification\",\"valueRequired\":true,\"valueName\":\"search_term_string\"}}],\"inLanguage\":\"en-US\"}]}<\/script>\n<!-- \/ Yoast SEO plugin. -->","yoast_head_json":{"title":"Les accidents nucl\u00e9aires militaires - ISTE Group","robots":{"index":"index","follow":"follow","max-snippet":"max-snippet:-1","max-image-preview":"max-image-preview:large","max-video-preview":"max-video-preview:-1"},"canonical":"https:\/\/www.istegroup.com\/fr\/produit\/les-accidents-nucleaires-militaires\/","og_locale":"en_US","og_type":"article","og_title":"Les accidents nucl\u00e9aires militaires - ISTE Group","og_description":"D\u00e8s ses d\u00e9buts, l\u2019utilisation de l\u2019\u00e9nergie atomique \u00e0 des fins militaires a donn\u00e9 lieu \u00e0 des accidents nucl\u00e9aires vari\u00e9s. Ces accidents, qu\u2019ils d\u00e9coulent de tirs de combat, d\u2019essais atmosph\u00e9riques des bombes nucl\u00e9aires ou de tentatives d\u2019assurer une dissuasion nucl\u00e9aire, peuvent survenir \u00e0 tout moment, depuis la fabrication des armes jusqu\u2019\u00e0 leur mise en service. Cet [&hellip;]","og_url":"https:\/\/www.istegroup.com\/fr\/produit\/les-accidents-nucleaires-militaires\/","og_site_name":"ISTE Group","article_modified_time":"2024-01-03T13:42:54+00:00","og_image":[{"width":605,"height":909,"url":"https:\/\/www.istegroup.com\/wp-content\/uploads\/2019\/01\/Amiard_Front.jpg","type":"image\/jpeg"}],"twitter_card":"summary_large_image","twitter_misc":{"Est. reading time":"1 minute"},"schema":{"@context":"https:\/\/schema.org","@graph":[{"@type":"WebPage","@id":"https:\/\/www.istegroup.com\/fr\/produit\/les-accidents-nucleaires-militaires\/","url":"https:\/\/www.istegroup.com\/fr\/produit\/les-accidents-nucleaires-militaires\/","name":"Les accidents nucl\u00e9aires militaires - ISTE Group","isPartOf":{"@id":"https:\/\/www.istegroup.com\/#website"},"primaryImageOfPage":{"@id":"https:\/\/www.istegroup.com\/fr\/produit\/les-accidents-nucleaires-militaires\/#primaryimage"},"image":{"@id":"https:\/\/www.istegroup.com\/fr\/produit\/les-accidents-nucleaires-militaires\/#primaryimage"},"thumbnailUrl":"https:\/\/www.istegroup.com\/wp-content\/uploads\/2019\/01\/Amiard_Front.jpg","datePublished":"2019-01-23T15:02:12+00:00","dateModified":"2024-01-03T13:42:54+00:00","breadcrumb":{"@id":"https:\/\/www.istegroup.com\/fr\/produit\/les-accidents-nucleaires-militaires\/#breadcrumb"},"inLanguage":"en-US","potentialAction":[{"@type":"ReadAction","target":["https:\/\/www.istegroup.com\/fr\/produit\/les-accidents-nucleaires-militaires\/"]}]},{"@type":"ImageObject","inLanguage":"en-US","@id":"https:\/\/www.istegroup.com\/fr\/produit\/les-accidents-nucleaires-militaires\/#primaryimage","url":"https:\/\/www.istegroup.com\/wp-content\/uploads\/2019\/01\/Amiard_Front.jpg","contentUrl":"https:\/\/www.istegroup.com\/wp-content\/uploads\/2019\/01\/Amiard_Front.jpg","width":605,"height":909,"caption":"Cons\u00e9quences environnementales, \u00e9cologiques, sanitaires et socio-\u00e9conomiques"},{"@type":"BreadcrumbList","@id":"https:\/\/www.istegroup.com\/fr\/produit\/les-accidents-nucleaires-militaires\/#breadcrumb","itemListElement":[{"@type":"ListItem","position":1,"name":"Home","item":"https:\/\/www.istegroup.com\/"},{"@type":"ListItem","position":2,"name":"Shop","item":"https:\/\/www.istegroup.com\/fr\/nouveautes\/"},{"@type":"ListItem","position":3,"name":"Les accidents nucl\u00e9aires militaires"}]},{"@type":"WebSite","@id":"https:\/\/www.istegroup.com\/#website","url":"https:\/\/www.istegroup.com\/","name":"ISTE Group","description":"Publishing Knowledge","potentialAction":[{"@type":"SearchAction","target":{"@type":"EntryPoint","urlTemplate":"https:\/\/www.istegroup.com\/?s={search_term_string}"},"query-input":{"@type":"PropertyValueSpecification","valueRequired":true,"valueName":"search_term_string"}}],"inLanguage":"en-US"}]}},"_links":{"self":[{"href":"https:\/\/www.istegroup.com\/en\/wp-json\/wp\/v2\/product\/17065","targetHints":{"allow":["GET"]}}],"collection":[{"href":"https:\/\/www.istegroup.com\/en\/wp-json\/wp\/v2\/product"}],"about":[{"href":"https:\/\/www.istegroup.com\/en\/wp-json\/wp\/v2\/types\/product"}],"wp:featuredmedia":[{"embeddable":true,"href":"https:\/\/www.istegroup.com\/en\/wp-json\/wp\/v2\/media\/17076"}],"wp:attachment":[{"href":"https:\/\/www.istegroup.com\/en\/wp-json\/wp\/v2\/media?parent=17065"}],"wp:term":[{"taxonomy":"product_brand","embeddable":true,"href":"https:\/\/www.istegroup.com\/en\/wp-json\/wp\/v2\/product_brand?post=17065"},{"taxonomy":"product_cat","embeddable":true,"href":"https:\/\/www.istegroup.com\/en\/wp-json\/wp\/v2\/product_cat?post=17065"},{"taxonomy":"product_tag","embeddable":true,"href":"https:\/\/www.istegroup.com\/en\/wp-json\/wp\/v2\/product_tag?post=17065"}],"curies":[{"name":"wp","href":"https:\/\/api.w.org\/{rel}","templated":true}]}}